{"id":1789,"date":"2024-03-12T08:09:02","date_gmt":"2024-03-12T11:09:02","guid":{"rendered":"https:\/\/wp.ufpel.edu.br\/clmd\/?page_id=1789"},"modified":"2024-11-24T16:37:46","modified_gmt":"2024-11-24T19:37:46","slug":"editais-2024","status":"publish","type":"page","link":"https:\/\/wp.ufpel.edu.br\/clmd\/editais\/editais-2024\/","title":{"rendered":"Editais 2024"},"content":{"rendered":"<table style=\"border-collapse: collapse; width: 100%;\" border=\"1\">\n<tbody>\n<tr>\n<td style=\"width: 46.0606%; border-color: #f0f0f0; background-color: #f0f0f0; text-align: center;\"><a style=\"text-align: justify;\" href=\"https:\/\/wp.ufpel.edu.br\/clmd\/editais\/edital-01-2024-selecao-professor-formador\/\">Edital 01\/2024 \u2013 SELE\u00c7\u00c3O PROFESSOR FORMADOR<\/a><\/td>\n<td style=\"width: 7.03025%; border-color: #ffffff; background-color: #ffffff;\"><\/td>\n<td style=\"width: 46.9091%; border-color: #f0f0f0; background-color: #f0f0f0; text-align: center;\"><a style=\"text-align: justify;\" href=\"https:\/\/wp.ufpel.edu.br\/clmd\/editais\/edital-02-2024-coordenacao-de-tutoria\/\">Edital 02\/2024 \u2013 SELE\u00c7\u00c3O COORDENA\u00c7\u00c3O DE TUTORIA<\/a><\/td>\n<\/tr>\n<tr>\n<td style=\"width: 46.0606%; text-align: center; border-color: #ffffff; background-color: #ffffff;\"><\/td>\n<td style=\"width: 7.03025%; border-color: #ffffff; background-color: #ffffff;\"><\/td>\n<td style=\"width: 46.9091%; border-color: #ffffff; background-color: #ffffff;\"><\/td>\n<\/tr>\n<tr>\n<td style=\"width: 46.0606%; border-color: #f0f0f0; background-color: #f0f0f0; text-align: center;\"><a style=\"text-align: justify;\" href=\"https:\/\/wp.ufpel.edu.br\/clmd\/editais\/editais-2024\/edital-03-2024-selecao-tutores\/\">Edital 03\/2024 &#8211; SELE\u00c7\u00c3O TUTORIA PRESENCIAL E TUTORIA A DIST\u00c2NCIA<\/a><\/td>\n<td style=\"width: 7.03025%; border-color: #ffffff; background-color: #ffffff;\"><\/td>\n<td style=\"width: 46.9091%; border-color: #f0f0f0; background-color: #f0f0f0;\">\u00a0 \u00a0<a href=\"https:\/\/wp.ufpel.edu.br\/clmd\/editais\/pibid-2024\/\">Sele\u00e7\u00e3o para PIBID 2024<\/a><\/td>\n<\/tr>\n<\/tbody>\n<\/table>\n<p>&nbsp;<\/p>\n<p>&nbsp;<\/p>\n<p>&nbsp;<\/p>\n","protected":false},"excerpt":{"rendered":"<p>Edital 01\/2024 \u2013 SELE\u00c7\u00c3O PROFESSOR FORMADOR Edital 02\/2024 \u2013 SELE\u00c7\u00c3O COORDENA\u00c7\u00c3O DE TUTORIA Edital 03\/2024 &#8211; SELE\u00c7\u00c3O TUTORIA PRESENCIAL E TUTORIA A DIST\u00c2NCIA \u00a0 \u00a0Sele\u00e7\u00e3o para PIBID 2024 &nbsp; &nbsp; &nbsp;<\/p>\n","protected":false},"author":710,"featured_media":0,"parent":211,"menu_order":0,"comment_status":"closed","ping_status":"closed","template":"","meta":{"footnotes":""},"class_list":["post-1789","page","type-page","status-publish","hentry"],"_links":{"self":[{"href":"https:\/\/wp.ufpel.edu.br\/clmd\/wp-json\/wp\/v2\/pages\/1789","targetHints":{"allow":["GET"]}}],"collection":[{"href":"https:\/\/wp.ufpel.edu.br\/clmd\/wp-json\/wp\/v2\/pages"}],"about":[{"href":"https:\/\/wp.ufpel.edu.br\/clmd\/wp-json\/wp\/v2\/types\/page"}],"author":[{"embeddable":true,"href":"https:\/\/wp.ufpel.edu.br\/clmd\/wp-json\/wp\/v2\/users\/710"}],"replies":[{"embeddable":true,"href":"https:\/\/wp.ufpel.edu.br\/clmd\/wp-json\/wp\/v2\/comments?post=1789"}],"version-history":[{"count":5,"href":"https:\/\/wp.ufpel.edu.br\/clmd\/wp-json\/wp\/v2\/pages\/1789\/revisions"}],"predecessor-version":[{"id":2564,"href":"https:\/\/wp.ufpel.edu.br\/clmd\/wp-json\/wp\/v2\/pages\/1789\/revisions\/2564"}],"up":[{"embeddable":true,"href":"https:\/\/wp.ufpel.edu.br\/clmd\/wp-json\/wp\/v2\/pages\/211"}],"wp:attachment":[{"href":"https:\/\/wp.ufpel.edu.br\/clmd\/wp-json\/wp\/v2\/media?parent=1789"}],"curies":[{"name":"wp","href":"https:\/\/api.w.org\/{rel}","templated":true}]}}