{"id":176,"date":"2016-12-20T11:53:39","date_gmt":"2016-12-20T13:53:39","guid":{"rendered":"https:\/\/wp.ufpel.edu.br\/clmd\/?page_id=176"},"modified":"2024-06-17T21:43:28","modified_gmt":"2024-06-18T00:43:28","slug":"cped-ead-ufpel","status":"publish","type":"page","link":"https:\/\/wp.ufpel.edu.br\/clmd\/acesse\/cped-ead-ufpel\/","title":{"rendered":"NUPED &#8211; EaD UFPel"},"content":{"rendered":"<p>N\u00facleo de Pol\u00edticas em Educa\u00e7\u00e3o a Dist\u00e2ncia<\/p>\n<p><a href=\"https:\/\/wp.ufpel.edu.br\/nuped\/\">https:\/\/wp.ufpel.edu.br\/nuped\/<\/a><\/p>\n","protected":false},"excerpt":{"rendered":"<p>N\u00facleo de Pol\u00edticas em Educa\u00e7\u00e3o a Dist\u00e2ncia https:\/\/wp.ufpel.edu.br\/nuped\/<\/p>\n","protected":false},"author":710,"featured_media":0,"parent":114,"menu_order":5,"comment_status":"closed","ping_status":"closed","template":"","meta":{"footnotes":""},"class_list":["post-176","page","type-page","status-publish","hentry"],"_links":{"self":[{"href":"https:\/\/wp.ufpel.edu.br\/clmd\/wp-json\/wp\/v2\/pages\/176","targetHints":{"allow":["GET"]}}],"collection":[{"href":"https:\/\/wp.ufpel.edu.br\/clmd\/wp-json\/wp\/v2\/pages"}],"about":[{"href":"https:\/\/wp.ufpel.edu.br\/clmd\/wp-json\/wp\/v2\/types\/page"}],"author":[{"embeddable":true,"href":"https:\/\/wp.ufpel.edu.br\/clmd\/wp-json\/wp\/v2\/users\/710"}],"replies":[{"embeddable":true,"href":"https:\/\/wp.ufpel.edu.br\/clmd\/wp-json\/wp\/v2\/comments?post=176"}],"version-history":[{"count":6,"href":"https:\/\/wp.ufpel.edu.br\/clmd\/wp-json\/wp\/v2\/pages\/176\/revisions"}],"predecessor-version":[{"id":2128,"href":"https:\/\/wp.ufpel.edu.br\/clmd\/wp-json\/wp\/v2\/pages\/176\/revisions\/2128"}],"up":[{"embeddable":true,"href":"https:\/\/wp.ufpel.edu.br\/clmd\/wp-json\/wp\/v2\/pages\/114"}],"wp:attachment":[{"href":"https:\/\/wp.ufpel.edu.br\/clmd\/wp-json\/wp\/v2\/media?parent=176"}],"curies":[{"name":"wp","href":"https:\/\/api.w.org\/{rel}","templated":true}]}}