{"id":1731,"date":"2024-02-14T01:23:11","date_gmt":"2024-02-14T04:23:11","guid":{"rendered":"https:\/\/wp.ufpel.edu.br\/clmd\/?page_id=1731"},"modified":"2024-03-19T23:02:12","modified_gmt":"2024-03-20T02:02:12","slug":"oreintacoes-uab-9","status":"publish","type":"page","link":"https:\/\/wp.ufpel.edu.br\/clmd\/calendario-e-cronogramas\/orientacoes-turma-uab-9\/oreintacoes-uab-9\/","title":{"rendered":"Orienta\u00e7\u00f5es UAB 9"},"content":{"rendered":"<p><a href=\"https:\/\/wp.ufpel.edu.br\/clmd\/files\/2024\/02\/matriculas_uab.png\"><img class=\"size-full wp-image-1754 aligncenter\" src=\"https:\/\/wp.ufpel.edu.br\/clmd\/files\/2024\/02\/matriculas_uab.png\" alt=\"\" width=\"776\" height=\"299\" srcset=\"https:\/\/wp.ufpel.edu.br\/clmd\/files\/2024\/02\/matriculas_uab.png 776w, https:\/\/wp.ufpel.edu.br\/clmd\/files\/2024\/02\/matriculas_uab-400x154.png 400w, https:\/\/wp.ufpel.edu.br\/clmd\/files\/2024\/02\/matriculas_uab-768x296.png 768w\" sizes=\"(max-width: 776px) 100vw, 776px\" \/><\/a><\/p>\n<p>Ap\u00f3s ter realizado o ENVIO da documenta\u00e7\u00e3o, voc\u00ea j\u00e1 est\u00e1 matriculado como\u00a0 aluno da UFPEL e do CLMD.<\/p>\n<p>Leia com aten\u00e7\u00e3o as orienta\u00e7\u00f5es que preparamos para ajud\u00e1-lo a realizar o acesso no Cobalto e no e-Aula e as informa\u00e7\u00f5es iniciais sobre o nosso curso.<\/p>\n<p>&nbsp;<\/p>\n<table style=\"width: 100%; border-collapse: collapse; background-color: #f0f0f0;\" border=\"1\">\n<tbody>\n<tr>\n<td style=\"width: 100%; background-color: #f0f0f0;\"><strong>MATR\u00cdCULAS E SISTEMA COBALTO<\/strong><\/td>\n<\/tr>\n<tr>\n<td style=\"width: 100%; border-color: #ffffff; background-color: #ffffff;\">\n<ul>\n<li>Ao ingressar na UFPel, sua matr\u00edcula nas disciplinas \u00e9 autom\u00e1tica em todas as disciplinas do primeiro semestre.<\/li>\n<li>No <span style=\"color: #0000ff;\"><a style=\"color: #0000ff;\" href=\"https:\/\/cobalto.ufpel.edu.br\/\" target=\"_blank\" rel=\"noopener\">COBALTO<\/a><\/span>, que \u00e9 o sistema de gerenciamento do registro de suas atividades acad\u00eamicas, voc\u00ea pode conferir as disciplinas que est\u00e1 matriculado.<\/li>\n<\/ul>\n<p style=\"text-align: center;\"><a href=\"https:\/\/cobalto.ufpel.edu.br\/\" target=\"_blank\" rel=\"noopener\"><img class=\"alignnone size-full wp-image-1733\" src=\"https:\/\/wp.ufpel.edu.br\/clmd\/files\/2024\/02\/Captura-de-tela-2024-02-14-005402.png\" alt=\"\" width=\"404\" height=\"72\" srcset=\"https:\/\/wp.ufpel.edu.br\/clmd\/files\/2024\/02\/Captura-de-tela-2024-02-14-005402.png 404w, https:\/\/wp.ufpel.edu.br\/clmd\/files\/2024\/02\/Captura-de-tela-2024-02-14-005402-400x71.png 400w\" sizes=\"(max-width: 404px) 100vw, 404px\" \/><\/a><\/p>\n<ul>\n<li>No primeiro acesso, digite seu CPF na caixa &#8220;Esqueceu a su senha&#8221;, que fica logo abaixo do :&#8221;Acessar conta&#8221;<\/li>\n<\/ul>\n<p style=\"text-align: center;\"><img class=\"alignnone size-full wp-image-1734\" src=\"https:\/\/wp.ufpel.edu.br\/clmd\/files\/2024\/02\/Captura-de-tela-2024-02-14-005642.png\" alt=\"\" width=\"390\" height=\"567\" srcset=\"https:\/\/wp.ufpel.edu.br\/clmd\/files\/2024\/02\/Captura-de-tela-2024-02-14-005642.png 390w, https:\/\/wp.ufpel.edu.br\/clmd\/files\/2024\/02\/Captura-de-tela-2024-02-14-005642-275x400.png 275w\" sizes=\"(max-width: 390px) 100vw, 390px\" \/><\/p>\n<ul>\n<li>Ao clicar em enviar, voc\u00ea receber\u00e1 um link no seu e-mail para definir uma senha. Essa senha, ser\u00e1 a mesma que voc\u00ea utilizar\u00e1 para acessar o ambiente virtual de aprendizagem e-Aula, que ser\u00e1 o seu ambiente de estudo.<\/li>\n<li>Ap\u00f3s definir sua senha, fa\u00e7a login no COBALTO. No canto direito, voc\u00ea poder\u00e1 acessar as mensagens enviadas pela institui\u00e7\u00e3o ou professores, visualizar e editar seu perfil e acessar o atendimento aos servi\u00e7os da UFPel.<\/li>\n<\/ul>\n<p style=\"text-align: center;\"><a href=\"https:\/\/wp.ufpel.edu.br\/clmd\/files\/2024\/02\/canto_cobalto1.png\"><img class=\"alignnone size-full wp-image-1736\" src=\"https:\/\/wp.ufpel.edu.br\/clmd\/files\/2024\/02\/canto_cobalto1.png\" alt=\"\" width=\"430\" height=\"145\" srcset=\"https:\/\/wp.ufpel.edu.br\/clmd\/files\/2024\/02\/canto_cobalto1.png 430w, https:\/\/wp.ufpel.edu.br\/clmd\/files\/2024\/02\/canto_cobalto1-400x135.png 400w\" sizes=\"(max-width: 430px) 100vw, 430px\" \/><\/a><\/p>\n<ul>\n<li>No canto esquerdo, voc\u00ea acessa o Menu, onde cont\u00e9m sua \u00e1rea do Aluno, para <span style=\"color: #0000ff;\"><a style=\"color: #0000ff;\" href=\"https:\/\/wp.ufpel.edu.br\/clmd\/informacoes-academicas\/\" target=\"_blank\" rel=\"noopener\">CADASTRO<\/a><\/span> de solicita\u00e7\u00f5es e CONSULTAS a seus registros acad\u00eamicos.<\/li>\n<\/ul>\n<p style=\"text-align: center;\"><a href=\"https:\/\/wp.ufpel.edu.br\/clmd\/files\/2024\/02\/canto_cobalto2.png\"><img class=\"alignnone wp-image-1737 \" src=\"https:\/\/wp.ufpel.edu.br\/clmd\/files\/2024\/02\/canto_cobalto2-393x400.png\" alt=\"\" width=\"408\" height=\"415\" srcset=\"https:\/\/wp.ufpel.edu.br\/clmd\/files\/2024\/02\/canto_cobalto2-393x400.png 393w, https:\/\/wp.ufpel.edu.br\/clmd\/files\/2024\/02\/canto_cobalto2.png 580w\" sizes=\"(max-width: 408px) 100vw, 408px\" \/><\/a><\/p>\n<\/td>\n<\/tr>\n<\/tbody>\n<\/table>\n<ul>\n<li>Clique em CONSULTAS e em seguida em MATR\u00cdCULA, para verificar se est\u00e1 matriculado nas cinco <span style=\"color: #0000ff;\"><a style=\"color: #0000ff;\" href=\"https:\/\/wp.ufpel.edu.br\/clmd\/institucional\/caracterizacoes-das-disciplinas\/\">disciplinas<\/a><\/span> que cursar\u00e1 esse semestre: Matem\u00e1tica Elementar A (ME A), Matem\u00e1tica Elementar B (ME B), Fundamentos de Educa\u00e7\u00e3o a Dist\u00e2ncia (FEaD), Geometria Plana (GP), Laborat\u00b4\u00f3rio de Ensino de Matem\u00e1tica A (LEMA A). Havendo algum erro, entre em <span style=\"color: #0000ff;\"><a style=\"color: #0000ff;\" href=\"https:\/\/wp.ufpel.edu.br\/clmd\/curriculos\/\">contato<\/a><\/span> com a coordena\u00e7\u00e3o ou secretaria do curso.<\/li>\n<\/ul>\n<table style=\"border-collapse: collapse; width: 100%;\" border=\"1\">\n<tbody>\n<tr>\n<td style=\"width: 100%; background-color: #f0f0f0;\"><strong>AMBIENTE VIRTUAL DE APRENDIZAGEM: e-AULA<\/strong><\/td>\n<\/tr>\n<\/tbody>\n<\/table>\n<ul>\n<li>A organiza\u00e7\u00e3o de todo o material de estudo, as informa\u00e7\u00f5es sobre as disciplinas, as avalia\u00e7\u00f5es e os f\u00f3runs de discuss\u00f5es s\u00e3o realizados no <span style=\"color: #0000ff;\"><a style=\"color: #0000ff;\" href=\"https:\/\/e-aula.ufpel.edu.br\/\" target=\"_blank\" rel=\"noopener\">e-AULA<\/a><\/span>, o ambiente virtual de aprendizagem da UFPel. O acesso \u00e9 realizado com o seu CPF e com a senha cadastrada no COBALTO.<\/li>\n<\/ul>\n<p><img class=\"alignnone size-full wp-image-1740\" src=\"https:\/\/wp.ufpel.edu.br\/clmd\/files\/2024\/02\/Captura-de-tela-2024-02-14-013548.png\" alt=\"\" width=\"1281\" height=\"606\" srcset=\"https:\/\/wp.ufpel.edu.br\/clmd\/files\/2024\/02\/Captura-de-tela-2024-02-14-013548.png 1281w, https:\/\/wp.ufpel.edu.br\/clmd\/files\/2024\/02\/Captura-de-tela-2024-02-14-013548-400x189.png 400w, https:\/\/wp.ufpel.edu.br\/clmd\/files\/2024\/02\/Captura-de-tela-2024-02-14-013548-1024x484.png 1024w, https:\/\/wp.ufpel.edu.br\/clmd\/files\/2024\/02\/Captura-de-tela-2024-02-14-013548-768x363.png 768w\" sizes=\"(max-width: 1281px) 100vw, 1281px\" \/><\/p>\n<ul>\n<li>Na p\u00e1gina inicial do ambiente, voc\u00ea visualiza em MEUS CURSOS, a rela\u00e7\u00e3o de cada disciplina. Se n\u00e3o estiver vis\u00edvel a rela\u00e7\u00e3o, acesse a caixa abaixo do menu e selecione EM ANDAMENTO.<\/li>\n<\/ul>\n<p style=\"text-align: center;\"><a href=\"https:\/\/wp.ufpel.edu.br\/clmd\/files\/2024\/03\/Captura-de-tela-2024-02-14-013900.png\"><img class=\"alignnone size-full wp-image-1840\" src=\"https:\/\/wp.ufpel.edu.br\/clmd\/files\/2024\/03\/Captura-de-tela-2024-02-14-013900.png\" alt=\"\" width=\"1262\" height=\"590\" srcset=\"https:\/\/wp.ufpel.edu.br\/clmd\/files\/2024\/03\/Captura-de-tela-2024-02-14-013900.png 1262w, https:\/\/wp.ufpel.edu.br\/clmd\/files\/2024\/03\/Captura-de-tela-2024-02-14-013900-400x187.png 400w, https:\/\/wp.ufpel.edu.br\/clmd\/files\/2024\/03\/Captura-de-tela-2024-02-14-013900-1024x479.png 1024w, https:\/\/wp.ufpel.edu.br\/clmd\/files\/2024\/03\/Captura-de-tela-2024-02-14-013900-768x359.png 768w\" sizes=\"(max-width: 1262px) 100vw, 1262px\" \/><\/a><\/p>\n<ul>\n<li>Aparecer\u00e3o os cards de cada disciplina. Ao clicar sobre o nome da disciplina, voc\u00ea \u00e9 direcionado para o ambiente de estudo dessa disciplina.<\/li>\n<li style=\"text-align: justify;\">No lado esquerdo, h\u00e1 um menu de acesso aos t\u00f3picos disponibilizados pelo professor, que estar\u00e3o organizados por semanas. <strong>A cada semana, na segunda-feira<\/strong>, \u00e9 aberto um t\u00f3pico, a fim de facilitar sua organiza\u00e7\u00e3o e realizar o estudo de forma gradual e sistem\u00e1tica. Dessa forma, seu acesso ao ambiente deve ser semanal, n\u00e3o deixando acumular o estudo e a realiza\u00e7\u00e3o das atividades.<\/li>\n<li style=\"text-align: justify;\">Ao acessar o material da semana, programe o hor\u00e1rio e tempo que dedicar\u00e1 para realizar as atividades propostas e participar da Web, se houver.<\/li>\n<li style=\"text-align: justify;\">Surgindo d\u00favidas, encaminhe nos F\u00f3runs ou por mensagem, aos professores da turma (ter\u00e1 um professor respons\u00e1vel e tutores). O contato de cada um deles encontra-se na lista de participantes dentro da disciplina.<\/li>\n<li style=\"text-align: justify;\">A comunica\u00e7\u00e3o com os professores da turma \u00e9 fundamental para que conhe\u00e7am suas dificuldades e possam ajudar na aprendizagem e desenvolvimento das atividades. Assim, ao participar das Webs, utilize o microfone para conversar e tirar d\u00favidas, ou o chat para digitar suas perguntas.<\/li>\n<\/ul>\n<p><a href=\"https:\/\/wp.ufpel.edu.br\/clmd\/files\/2024\/02\/Captura-de-tela-2024-02-14-014846.png\"><img class=\"alignnone size-full wp-image-1743\" src=\"https:\/\/wp.ufpel.edu.br\/clmd\/files\/2024\/02\/Captura-de-tela-2024-02-14-014846.png\" alt=\"\" width=\"1200\" height=\"591\" srcset=\"https:\/\/wp.ufpel.edu.br\/clmd\/files\/2024\/02\/Captura-de-tela-2024-02-14-014846.png 1200w, https:\/\/wp.ufpel.edu.br\/clmd\/files\/2024\/02\/Captura-de-tela-2024-02-14-014846-400x197.png 400w, https:\/\/wp.ufpel.edu.br\/clmd\/files\/2024\/02\/Captura-de-tela-2024-02-14-014846-1024x504.png 1024w, https:\/\/wp.ufpel.edu.br\/clmd\/files\/2024\/02\/Captura-de-tela-2024-02-14-014846-768x378.png 768w\" sizes=\"(max-width: 1200px) 100vw, 1200px\" \/><\/a><\/p>\n<table style=\"border-collapse: collapse; width: 100%;\" border=\"1\">\n<tbody>\n<tr>\n<td style=\"width: 100%; background-color: #f0f0f0;\"><strong>ORGANIZA\u00c7\u00c3O DO SEMESTRE<\/strong><\/td>\n<\/tr>\n<\/tbody>\n<\/table>\n<p><img class=\"alignnone size-full wp-image-1707\" src=\"https:\/\/wp.ufpel.edu.br\/clmd\/files\/2024\/02\/datas_modulos.png\" alt=\"\" width=\"608\" height=\"307\" srcset=\"https:\/\/wp.ufpel.edu.br\/clmd\/files\/2024\/02\/datas_modulos.png 608w, https:\/\/wp.ufpel.edu.br\/clmd\/files\/2024\/02\/datas_modulos-400x202.png 400w\" sizes=\"(max-width: 608px) 100vw, 608px\" \/><\/p>\n<p>As disciplinas ofertadas est\u00e3o apresentadas no <span style=\"color: #0000ff;\"><a style=\"color: #0000ff;\" href=\"https:\/\/wp.ufpel.edu.br\/clmd\/files\/2024\/03\/CRONOGRAMA_UAB_9_2024_1-2.pdf\">Cronograma de Webs e Provas<\/a>\u00a0 do semestre.<\/span><\/p>\n<p><span style=\"color: #0000ff;\">Num d<\/span>ia da semana, os alunos participar\u00e3o da WebConfer\u00eancia no polo. Esse ser\u00e1 tamb\u00e9m o dia de encontro do Grupo de Estudos, ligados ao <span style=\"color: #0000ff;\"><a style=\"color: #0000ff;\" href=\"https:\/\/wp.ufpel.edu.br\/clmd\/files\/2024\/02\/GEPAM.pdf\" target=\"_blank\" rel=\"noopener\">Projeto GEPAM<\/a>.<\/span> Para isso, ser\u00e1 proposto:<\/p>\n<ul>\n<li style=\"text-align: justify;\">que os alunos se encontrem, preferencialmente na noite de ter\u00e7a-feira, para encontro presencial no polo. Nessa noite, das 19h \u00e0s 20:30, participar\u00e3o do encontro com o professor para tirar as d\u00favidas sobre o conte\u00fado proposto na semana.<\/li>\n<li style=\"text-align: justify;\">Das 20:30 \u00e0s 22:00, o encontro continua no Grupo de Estudo, onde ser\u00e3o discutidos exerc\u00b4\u00edcios, realizadas atividades, leituras e reflex\u00f5es, a partir do estudo orientado pelo professor ou l\u00edder do grupo. Essas horas ser\u00e3o contabilizadas para gerar um certificado de participa\u00e7\u00e3o, que contar\u00e1 para as horas em <a href=\"https:\/\/wp.ufpel.edu.br\/clmd\/informacoes-academicas\/estudos-integradores\/\">Estudos Integradores<\/a>.<\/li>\n<\/ul>\n<p><img class=\"wp-image-1728 size-medium aligncenter\" src=\"https:\/\/wp.ufpel.edu.br\/clmd\/files\/2024\/02\/GEPAM-400x400.png\" alt=\"\" width=\"400\" height=\"400\" srcset=\"https:\/\/wp.ufpel.edu.br\/clmd\/files\/2024\/02\/GEPAM-400x400.png 400w, https:\/\/wp.ufpel.edu.br\/clmd\/files\/2024\/02\/GEPAM-1024x1024.png 1024w, https:\/\/wp.ufpel.edu.br\/clmd\/files\/2024\/02\/GEPAM-200x200.png 200w, https:\/\/wp.ufpel.edu.br\/clmd\/files\/2024\/02\/GEPAM-768x768.png 768w, https:\/\/wp.ufpel.edu.br\/clmd\/files\/2024\/02\/GEPAM.png 1080w\" sizes=\"(max-width: 400px) 100vw, 400px\" \/><\/p>\n<table style=\"border-collapse: collapse; width: 100%;\" border=\"1\">\n<tbody>\n<tr>\n<td style=\"width: 100%; background-color: #f0f0f0;\"><strong>SALAS DE WEBCONFER\u00caNCIA PARA AULA S\u00cdNCRONA COM PROFESSOR<\/strong><\/td>\n<\/tr>\n<\/tbody>\n<\/table>\n<ul>\n<li style=\"text-align: justify;\">Semanalmente, voc\u00eas ter\u00e3o uma aula s\u00edncrona, de pelo menos uma disciplina que est\u00e3o cursando. Neste primeiro m\u00f3dulo, ser\u00e1 da\u00a0 disciplina de ME A. \u00c0s 19h, de ter\u00e7a-feira, a professora da disciplina abrir\u00e1 a sala e iniciar\u00e1 a aula. O link que deves acessar para participar da aula, ser\u00e1 disponibilizado no ambiente e-Aula e no grupo de WhatsApp, para o qual convidamos voc\u00ea a participar, pois neste grupo, al\u00e9m dos links das webs, s\u00e3o enviados recados importantes sobre o curso. Entre no grupo acessando o link:<\/li>\n<\/ul>\n<p style=\"text-align: center;\"><a href=\"https:\/\/chat.whatsapp.com\/H1t9w0h5hGiKSgbmSRe6Pa\"><span style=\"color: #0000ff;\">UAB 9: Link Web\/Recados\/CLMD<\/span><\/a><\/p>\n<ul>\n<li>Ao acessar o link da sala de WebConfer\u00eancia, geralmente \u00e9 solicitado que digite seu nome e clique em participar (ou entrar na sess\u00e3o).<\/li>\n<li style=\"text-align: justify;\">A seguir, ser\u00e1 perguntado se deseja usar o microfone ou ficar somente como ouvinte. Clique em microfone, pois assim poder\u00e1 conversar com o professor, em vez de apenas digitar sua pergunta no chat.<\/li>\n<\/ul>\n<p style=\"text-align: center;\"><a href=\"https:\/\/wp.ufpel.edu.br\/clmd\/files\/2024\/03\/Captura-de-tela-2024-03-18-004141.png\"><img class=\"alignnone size-full wp-image-1841\" src=\"https:\/\/wp.ufpel.edu.br\/clmd\/files\/2024\/03\/Captura-de-tela-2024-03-18-004141.png\" alt=\"\" width=\"645\" height=\"327\" srcset=\"https:\/\/wp.ufpel.edu.br\/clmd\/files\/2024\/03\/Captura-de-tela-2024-03-18-004141.png 645w, https:\/\/wp.ufpel.edu.br\/clmd\/files\/2024\/03\/Captura-de-tela-2024-03-18-004141-400x203.png 400w\" sizes=\"(max-width: 645px) 100vw, 645px\" \/><\/a><\/p>\n<ul>\n<li>Na barra inferior da janela, nos \u00edcones do microfone e c\u00e2mera, voc\u00ea pode alternar entre ligar e desligar. Mantenha seu \u00e1udio fechado e somente ative quando for realizar uma pergunta ou coment\u00e1rio. Ative a c\u00e2mera sempre que necess\u00e1rio ou solicitado pelo professor.<\/li>\n<li>Na barra lateral h\u00e1 o espa\u00e7o para chat.<\/li>\n<\/ul>\n<p><a href=\"https:\/\/wp.ufpel.edu.br\/clmd\/files\/2024\/03\/Captura-de-tela-2024-03-18-005305.png\"><img class=\"alignnone size-full wp-image-1842\" src=\"https:\/\/wp.ufpel.edu.br\/clmd\/files\/2024\/03\/Captura-de-tela-2024-03-18-005305.png\" alt=\"\" width=\"1358\" height=\"727\" srcset=\"https:\/\/wp.ufpel.edu.br\/clmd\/files\/2024\/03\/Captura-de-tela-2024-03-18-005305.png 1358w, https:\/\/wp.ufpel.edu.br\/clmd\/files\/2024\/03\/Captura-de-tela-2024-03-18-005305-400x214.png 400w, https:\/\/wp.ufpel.edu.br\/clmd\/files\/2024\/03\/Captura-de-tela-2024-03-18-005305-1024x548.png 1024w, https:\/\/wp.ufpel.edu.br\/clmd\/files\/2024\/03\/Captura-de-tela-2024-03-18-005305-768x411.png 768w\" sizes=\"(max-width: 1358px) 100vw, 1358px\" \/><\/a><\/p>\n<ul>\n<li>A aula ficar\u00e1 sempre gravada e disponibilizada no e-Aula, no ambiente da disciplina.<\/li>\n<li>Esse encontro s\u00edncrono \u00e9 muito importante para o andamento da disciplina e sua aprendizagem. Fa\u00e7a perguntas e apresente suas d\u00favidas de forma clara e direta, para que o tempo seja otimizado e todos consigam aproveitar da melhor forma esse momento.<\/li>\n<\/ul>\n","protected":false},"excerpt":{"rendered":"<p>Ap\u00f3s ter realizado o ENVIO da documenta\u00e7\u00e3o, voc\u00ea j\u00e1 est\u00e1 matriculado como\u00a0 aluno da UFPEL e do CLMD. Leia com aten\u00e7\u00e3o as orienta\u00e7\u00f5es que preparamos para ajud\u00e1-lo a realizar o acesso no Cobalto e no e-Aula e as informa\u00e7\u00f5es iniciais sobre o nosso curso. &nbsp; MATR\u00cdCULAS E SISTEMA COBALTO Ao ingressar na UFPel, sua matr\u00edcula [&hellip;]<\/p>\n","protected":false},"author":710,"featured_media":0,"parent":1670,"menu_order":0,"comment_status":"closed","ping_status":"closed","template":"","meta":{"footnotes":""},"class_list":["post-1731","page","type-page","status-publish","hentry"],"_links":{"self":[{"href":"https:\/\/wp.ufpel.edu.br\/clmd\/wp-json\/wp\/v2\/pages\/1731","targetHints":{"allow":["GET"]}}],"collection":[{"href":"https:\/\/wp.ufpel.edu.br\/clmd\/wp-json\/wp\/v2\/pages"}],"about":[{"href":"https:\/\/wp.ufpel.edu.br\/clmd\/wp-json\/wp\/v2\/types\/page"}],"author":[{"embeddable":true,"href":"https:\/\/wp.ufpel.edu.br\/clmd\/wp-json\/wp\/v2\/users\/710"}],"replies":[{"embeddable":true,"href":"https:\/\/wp.ufpel.edu.br\/clmd\/wp-json\/wp\/v2\/comments?post=1731"}],"version-history":[{"count":14,"href":"https:\/\/wp.ufpel.edu.br\/clmd\/wp-json\/wp\/v2\/pages\/1731\/revisions"}],"predecessor-version":[{"id":1849,"href":"https:\/\/wp.ufpel.edu.br\/clmd\/wp-json\/wp\/v2\/pages\/1731\/revisions\/1849"}],"up":[{"embeddable":true,"href":"https:\/\/wp.ufpel.edu.br\/clmd\/wp-json\/wp\/v2\/pages\/1670"}],"wp:attachment":[{"href":"https:\/\/wp.ufpel.edu.br\/clmd\/wp-json\/wp\/v2\/media?parent=1731"}],"curies":[{"name":"wp","href":"https:\/\/api.w.org\/{rel}","templated":true}]}}