{"id":1696,"date":"2024-02-13T21:06:40","date_gmt":"2024-02-14T00:06:40","guid":{"rendered":"https:\/\/wp.ufpel.edu.br\/clmd\/?page_id=1696"},"modified":"2024-02-13T23:58:03","modified_gmt":"2024-02-14T02:58:03","slug":"orientacoes-uab-7","status":"publish","type":"page","link":"https:\/\/wp.ufpel.edu.br\/clmd\/orientacoes-turma-uab-7\/orientacoes-uab-7\/","title":{"rendered":"Orienta\u00e7\u00f5es UAB 7"},"content":{"rendered":"<table style=\"width: 100%; border-collapse: collapse; border-color: #f0f0f0; background-color: #f0f0f0;\" border=\"1\">\n<tbody>\n<tr>\n<td style=\"width: 100%;\"><strong>MATR\u00cdCULAS<\/strong><\/td>\n<\/tr>\n<\/tbody>\n<\/table>\n<table class=\"alignleft\" style=\"height: 257px; width: 98.346%; border-collapse: collapse;\" border=\"1\">\n<tbody>\n<tr>\n<td style=\"width: 58.8624%; border-color: #ffffff; background-color: #ffffff;\"><strong style=\"text-align: justify;\">Per\u00edodo de matr\u00edculas on-line no<\/strong><span style=\"text-align: justify;\">\u00a0<\/span><span style=\"color: #0000ff;\"><a style=\"color: #0000ff;\" href=\"https:\/\/cobalto.ufpel.edu.br\/\" target=\"_blank\" rel=\"noopener\">COBALTO<\/a><\/span><span style=\"text-align: justify;\">:<\/span><\/td>\n<\/tr>\n<tr style=\"height: 253px;\">\n<td style=\"width: 58.8624%; border-color: #ffffff; background-color: #ffffff; height: 253px;\">\n<ul>\n<li style=\"text-align: justify;\">De 22\/2 a 27\/2 o sistema estar\u00e1 dispon\u00edvel para solicita\u00e7\u00e3o das disciplinas que deseja cursar em 2024\/1.<\/li>\n<li style=\"text-align: justify;\">Planeje sua solicita\u00e7\u00e3o, observando se h\u00e1 disciplinas de semestres anteriores que precisam ser cursadas e se j\u00e1 cumpriu os pr\u00e9-requisitos das disciplinas que est\u00e3o sendo <span style=\"color: #0000ff;\"><a style=\"color: #0000ff;\" href=\"https:\/\/wp.ufpel.edu.br\/clmd\/calendario-e-cronogramas\/\" target=\"_blank\" rel=\"noopener\">ofertadas<\/a><\/span>. Para isso, no <span style=\"color: #0000ff;\"><a style=\"color: #0000ff;\" href=\"https:\/\/wp.ufpel.edu.br\/clmd\/files\/2021\/04\/Grade-CLMD-UAB-7-FINAL-2021.pdf\" target=\"_blank\" rel=\"noopener\">fluxograma do curso<\/a><\/span>, marque todas as disciplinas que j\u00e1 obteve aprova\u00e7\u00e3o.<\/li>\n<li style=\"text-align: justify;\">Verifique tamb\u00e9m os <span style=\"color: #0000ff;\"><a style=\"color: #0000ff;\" href=\"https:\/\/wp.ufpel.edu.br\/clmd\/calendario-e-cronogramas\/\" target=\"_blank\" rel=\"noopener\">cronogramas de webs e provas<\/a><\/span>, para observar se n\u00e3o haver\u00e1 colis\u00e3o de hor\u00e1rios e datas de avalia\u00e7\u00f5es nas disciplinas que deseja cursar.<\/li>\n<li style=\"text-align: justify;\">Observe que na Quarta-feira est\u00e1 agendada a Web de C\u00e1lculo, sem especificar se \u00e9 C\u00e1lculo A, C\u00e1lculo B ou C\u00e1lculo D: elas acontecer\u00e3o no mesmo hor\u00e1rio, pois voc\u00ea poder\u00e1 se matricular em apenas uma delas.<\/li>\n<li style=\"text-align: justify;\">Se tiver alguma d\u00favida, entre em contato pelo <a href=\"https:\/\/chat.whatsapp.com\/FAfGmSvJC5BFcc0upCbWfg\" target=\"_blank\" rel=\"noopener\"><span style=\"color: #0000ff;\">grupo do WhatsApp<\/span><\/a> criado para orientar as matr\u00edculas.<\/li>\n<\/ul>\n<\/td>\n<\/tr>\n<tr>\n<td style=\"width: 58.8624%; border-color: #ffffff; background-color: #ffffff;\"><strong style=\"text-align: justify;\">Per\u00edodo de corre\u00e7\u00e3o de matr\u00edculas on-line no COBALTO:<\/strong><\/td>\n<\/tr>\n<tr>\n<td style=\"width: 58.8624%; border-color: #ffffff; background-color: #ffffff;\">\n<ul style=\"font-weight: 400; text-align: start;\">\n<li>29\/02\/204: Consulte o resultado do processamento das solicita\u00e7\u00f5es de matr\u00edculas;<\/li>\n<li>01 a 04\/03: Realize a corre\u00e7\u00e3o de matr\u00edcula,\u00a0 incluindo ou excluindo\u00a0 disciplinas, se for necess\u00e1rio.<\/li>\n<li>15\/03\/2024: As matr\u00edculas ser\u00e3o homologadas pelo Colegiado.<\/li>\n<\/ul>\n<\/td>\n<\/tr>\n<\/tbody>\n<\/table>\n<p>&nbsp;<\/p>\n<p>&nbsp;<\/p>\n<p>&nbsp;<\/p>\n<p>&nbsp;<\/p>\n<p>&nbsp;<\/p>\n<p>&nbsp;<\/p>\n<p>&nbsp;<\/p>\n<table style=\"border-collapse: collapse; width: 100%;\" border=\"1\">\n<tbody>\n<tr>\n<td style=\"width: 100%; background-color: #f0f0f0;\"><strong>ORGANIZA\u00c7\u00c3O DO SEMESTRE<\/strong><\/td>\n<\/tr>\n<\/tbody>\n<\/table>\n<p><img class=\"alignnone size-full wp-image-1707\" src=\"https:\/\/wp.ufpel.edu.br\/clmd\/files\/2024\/02\/datas_modulos.png\" alt=\"\" width=\"608\" height=\"307\" srcset=\"https:\/\/wp.ufpel.edu.br\/clmd\/files\/2024\/02\/datas_modulos.png 608w, https:\/\/wp.ufpel.edu.br\/clmd\/files\/2024\/02\/datas_modulos-400x202.png 400w\" sizes=\"(max-width: 608px) 100vw, 608px\" \/><\/p>\n<p>Al\u00e9m dos <span style=\"color: #0000ff;\"><a style=\"color: #0000ff;\" href=\"https:\/\/wp.ufpel.edu.br\/clmd\/calendario-e-cronogramas\/\" target=\"_blank\" rel=\"noopener\">hor\u00e1rios de Webs e Provas<\/a><\/span> desse semestre, voc\u00ea dever\u00e1 organizar seu tempo para elabora\u00e7\u00e3o das atividades de TCC I e de ECS C.\u00a0 \u00c9 fundamental que voc\u00ea cumpra os prazos e combina\u00e7\u00f5es estabelecidos pelos professores, para que as revis\u00f5es e apresenta\u00e7\u00f5es das atividades sejam realizadas dentro do planejamento previsto nas disciplinas.<\/p>\n<p>A aprova\u00e7\u00e3o nas disciplinas cursadas torna-se fundamental nesses \u00faltimos semestres, pois elas garantir\u00e3o que consigas integralizar o curso. Assim, conhe\u00e7a os tutores que estar\u00e3o auxiliando o desenvolvimento das atividades de cada disciplina e estabele\u00e7a contato frequente com eles, marcando hor\u00e1rios para estudo, pedindo informa\u00e7\u00f5es sobre as atividades e solicitando revis\u00e3o das tarefas para que sua aprendizagem seja otimizada e seus objetivos alcan\u00e7ados.<\/p>\n<table style=\"border-collapse: collapse; width: 100%;\" border=\"1\">\n<tbody>\n<tr>\n<td style=\"width: 100%; background-color: #f0f0f0;\"><strong>ESTUDOS INTEGRADORES<\/strong><\/td>\n<\/tr>\n<\/tbody>\n<\/table>\n<p>A partir desse semestre, voc\u00ea deve encaminhar ao Colegiado do Curso o Formul\u00e1rio dos Estudos Integradores.<\/p>\n<p>Voc\u00ea deve organizar um arquivo contendo a rela\u00e7\u00e3o das atividades desenvolvidas, com o respectivo comprovante. Veja as orienta\u00e7\u00f5es completas e fa\u00e7a download do modelo a ser preenchido, acessando:<\/p>\n<p style=\"text-align: center;\"><span style=\"color: #0000ff;\"><a style=\"color: #0000ff;\" href=\"https:\/\/wp.ufpel.edu.br\/clmd\/informacoes-academicas\/estudos-integradores\/\" target=\"_blank\" rel=\"noopener\">Manual dos Estudos Integradores<\/a><\/span><\/p>\n<p>Ap\u00f3s ter organizado o arquivo e conferido se j\u00e1 atingiu as 210 horas, envie pelo e-mail <strong>estudosintegradoresclmd@gmail.com<\/strong>.<\/p>\n<p>A documenta\u00e7\u00e3o ser\u00e1 analisada pela Comiss\u00e3o Examinadora, que dar\u00e1 o deferimento ou indeferimento.<\/p>\n<table style=\"border-collapse: collapse; width: 100%;\" border=\"1\">\n<tbody>\n<tr>\n<td style=\"width: 100%; background-color: #f0f0f0;\"><strong>INFORMA\u00c7\u00d5ES SOBRE A FORMATURA<\/strong><\/td>\n<\/tr>\n<\/tbody>\n<\/table>\n<p>Os prov\u00e1veis formandos devem informar no COBALTO se integralizar\u00e3o o curso no semestre que est\u00e3o cursando. Assim, as seguintes datas devem ser observadas:<\/p>\n<ul>\n<li>06\/5 a 19\/07: Per\u00edodo para cadastro como prov\u00e1vel formando em 2024\/1.<\/li>\n<li>14\/10 a 13\/12: Per\u00edodo para cadastro como prov\u00e1vel formando em 2024\/1.<\/li>\n<\/ul>\n<p>A programa\u00e7\u00e3o da celebra\u00e7\u00e3o desse momento \u00e9 muito importante. Converse com a coordena\u00e7\u00e3o do curso, seus colegas e familiares para que tudo seja organizado a tempo.<\/p>\n<p>Na UFPel, voc\u00ea tem a possibilidade de participar da <span style=\"color: #0000ff;\"><a style=\"color: #0000ff;\" href=\"https:\/\/wp.ufpel.edu.br\/formaturas\/\" target=\"_blank\" rel=\"noopener\">Formatura Institucional<\/a> <\/span>que oportuniza aos estudantes a cola\u00e7\u00e3o de grau com toda a celebra\u00e7\u00e3o que o momento merece, custeada pela pr\u00f3pria Universidade.<\/p>\n<p>Vamos come\u00e7ar a pensar esse momento?<\/p>\n<p class=\"entry-title\"><strong>COLAR GRAU \u00c9 UM DEVER, CELEBRAR \u00c9 UM DIREITO!<\/strong><\/p>\n<p><img class=\"alignnone size-full wp-image-1724\" src=\"https:\/\/wp.ufpel.edu.br\/clmd\/files\/2024\/02\/Captura-de-tela-2024-02-13-235056.png\" alt=\"\" width=\"1329\" height=\"434\" srcset=\"https:\/\/wp.ufpel.edu.br\/clmd\/files\/2024\/02\/Captura-de-tela-2024-02-13-235056.png 1329w, https:\/\/wp.ufpel.edu.br\/clmd\/files\/2024\/02\/Captura-de-tela-2024-02-13-235056-400x131.png 400w, https:\/\/wp.ufpel.edu.br\/clmd\/files\/2024\/02\/Captura-de-tela-2024-02-13-235056-1024x334.png 1024w, https:\/\/wp.ufpel.edu.br\/clmd\/files\/2024\/02\/Captura-de-tela-2024-02-13-235056-768x251.png 768w\" sizes=\"(max-width: 1329px) 100vw, 1329px\" \/><\/p>\n","protected":false},"excerpt":{"rendered":"<p>MATR\u00cdCULAS Per\u00edodo de matr\u00edculas on-line no\u00a0COBALTO: De 22\/2 a 27\/2 o sistema estar\u00e1 dispon\u00edvel para solicita\u00e7\u00e3o das disciplinas que deseja cursar em 2024\/1. Planeje sua solicita\u00e7\u00e3o, observando se h\u00e1 disciplinas de semestres anteriores que precisam ser cursadas e se j\u00e1 cumpriu os pr\u00e9-requisitos das disciplinas que est\u00e3o sendo ofertadas. Para isso, no fluxograma do curso, [&hellip;]<\/p>\n","protected":false},"author":710,"featured_media":0,"parent":1652,"menu_order":0,"comment_status":"closed","ping_status":"closed","template":"page-sem-sidebar.php","meta":{"footnotes":""},"class_list":["post-1696","page","type-page","status-publish","hentry"],"_links":{"self":[{"href":"https:\/\/wp.ufpel.edu.br\/clmd\/wp-json\/wp\/v2\/pages\/1696","targetHints":{"allow":["GET"]}}],"collection":[{"href":"https:\/\/wp.ufpel.edu.br\/clmd\/wp-json\/wp\/v2\/pages"}],"about":[{"href":"https:\/\/wp.ufpel.edu.br\/clmd\/wp-json\/wp\/v2\/types\/page"}],"author":[{"embeddable":true,"href":"https:\/\/wp.ufpel.edu.br\/clmd\/wp-json\/wp\/v2\/users\/710"}],"replies":[{"embeddable":true,"href":"https:\/\/wp.ufpel.edu.br\/clmd\/wp-json\/wp\/v2\/comments?post=1696"}],"version-history":[{"count":20,"href":"https:\/\/wp.ufpel.edu.br\/clmd\/wp-json\/wp\/v2\/pages\/1696\/revisions"}],"predecessor-version":[{"id":1726,"href":"https:\/\/wp.ufpel.edu.br\/clmd\/wp-json\/wp\/v2\/pages\/1696\/revisions\/1726"}],"up":[{"embeddable":true,"href":"https:\/\/wp.ufpel.edu.br\/clmd\/wp-json\/wp\/v2\/pages\/1652"}],"wp:attachment":[{"href":"https:\/\/wp.ufpel.edu.br\/clmd\/wp-json\/wp\/v2\/media?parent=1696"}],"curies":[{"name":"wp","href":"https:\/\/api.w.org\/{rel}","templated":true}]}}