{"id":1670,"date":"2024-02-13T17:05:56","date_gmt":"2024-02-13T20:05:56","guid":{"rendered":"https:\/\/wp.ufpel.edu.br\/clmd\/?page_id=1670"},"modified":"2024-06-17T21:15:52","modified_gmt":"2024-06-18T00:15:52","slug":"orientacoes-turma-uab-9","status":"publish","type":"page","link":"https:\/\/wp.ufpel.edu.br\/clmd\/calendario-e-cronogramas\/orientacoes-turma-uab-9\/","title":{"rendered":"Orienta\u00e7\u00f5es Turma UAB 9"},"content":{"rendered":"<p><img class=\"alignnone size-full wp-image-1686\" src=\"https:\/\/wp.ufpel.edu.br\/clmd\/files\/2024\/02\/barra_uab9.png\" alt=\"\" width=\"828\" height=\"339\" srcset=\"https:\/\/wp.ufpel.edu.br\/clmd\/files\/2024\/02\/barra_uab9.png 828w, https:\/\/wp.ufpel.edu.br\/clmd\/files\/2024\/02\/barra_uab9-400x164.png 400w, https:\/\/wp.ufpel.edu.br\/clmd\/files\/2024\/02\/barra_uab9-768x314.png 768w\" sizes=\"(max-width: 828px) 100vw, 828px\" \/><\/p>\n<p>Ol\u00e1, pessoal!<\/p>\n<p>Que alegria acolher cada um de voc\u00eas na UFPel e, em especial, no CLMD!<\/p>\n<p>Nossa <a href=\"https:\/\/wp.ufpel.edu.br\/clmd\/equipe-docente\/\" target=\"_blank\" rel=\"noopener\"><span style=\"color: #0000ff;\">equipe<\/span><\/a> deseja ser presen\u00e7a constante em cada momento da sua forma\u00e7\u00e3o, dando suporte, atendendo suas demandas e contribuindo para que sua forma\u00e7\u00e3o seja de qualidade.\u00a0 Acesse constatemente a p\u00e1gina do curso e mantenha sempre contato conosco.<\/p>\n<p>No menu abaixo, organizamos algumas informa\u00e7\u00f5es que ajudar\u00e3o a conhecer o curso e o desenvolvimento das atividades neste semestre.<\/p>\n<p>Que sua trajet\u00f3ria de forma\u00e7\u00e3o em Matem\u00e1tica seja motivo de crescimento pessoal e profissional!<\/p>\n<p>Fraterno abra\u00e7o<\/p>\n<p style=\"text-align: right;\">Coordena\u00e7\u00e3o CLMD<\/p>\n<p>&nbsp;<\/p>\n<table style=\"border-collapse: collapse; width: 100%;\" border=\"1\">\n<tbody>\n<tr>\n<td style=\"width: 33.3333%; border-color: #ffffff; background-color: #ffffff;\"><a href=\"https:\/\/wp.ufpel.edu.br\/clmd\/oreintacoes-uab-9\/\" target=\"_blank\" rel=\"noopener\"><img class=\"alignnone size-full wp-image-1654\" src=\"https:\/\/wp.ufpel.edu.br\/clmd\/files\/2024\/02\/orientacoes.png\" alt=\"\" width=\"216\" height=\"245\" \/><\/a><\/td>\n<td style=\"width: 33.3333%; background-color: #ffffff; border-color: #ffffff;\"><a href=\"https:\/\/wp.ufpel.edu.br\/clmd\/files\/2024\/06\/CRONOGRAMA_UAB_9_2024_1_v_5.pdf\"><img class=\"alignnone size-full wp-image-1655\" src=\"https:\/\/wp.ufpel.edu.br\/clmd\/files\/2024\/02\/atividades.png\" alt=\"\" width=\"199\" height=\"227\" \/><\/a><\/td>\n<td style=\"width: 33.3333%; border-color: #ffffff; background-color: #ffffff;\"><a href=\"https:\/\/wp.ufpel.edu.br\/clmd\/professores-uab-9\/\"><img class=\"alignnone size-full wp-image-1656\" src=\"https:\/\/wp.ufpel.edu.br\/clmd\/files\/2024\/02\/professores.png\" alt=\"\" width=\"244\" height=\"256\" \/><\/a><\/td>\n<\/tr>\n<tr>\n<td style=\"width: 33.3333%; border-color: #ffffff; background-color: #ffffff;\"><a href=\"https:\/\/wp.ufpel.edu.br\/clmd\/calendario-e-cronogramas\/orientacoes-turma-uab-9\/datas-importantes-uab-9\/\"><img class=\"alignnone size-full wp-image-1658\" src=\"https:\/\/wp.ufpel.edu.br\/clmd\/files\/2024\/02\/datas.png\" alt=\"\" width=\"255\" height=\"245\" \/><\/a><\/td>\n<td style=\"width: 33.3333%; border-color: #ffffff; background-color: #ffffff;\"><a href=\"https:\/\/wp.ufpel.edu.br\/clmd\/informacoes-academicas\/\"><img class=\"alignnone size-full wp-image-1659\" src=\"https:\/\/wp.ufpel.edu.br\/clmd\/files\/2024\/02\/docuemntos.png\" alt=\"\" width=\"240\" height=\"266\" \/><\/a><\/td>\n<td style=\"width: 33.3333%; border-color: #ffffff; background-color: #ffffff;\"><a href=\"https:\/\/wp.ufpel.edu.br\/clmd\/calendario-e-cronogramas\/duvidas-e-sugestoes\/\"><img class=\"alignnone size-full wp-image-1657\" src=\"https:\/\/wp.ufpel.edu.br\/clmd\/files\/2024\/02\/duvidas.png\" alt=\"\" width=\"224\" height=\"244\" \/><\/a><\/td>\n<\/tr>\n<\/tbody>\n<\/table>\n<p style=\"text-align: center;\">(As informa\u00e7\u00f5es em cada item ser\u00e3o frequentemente atualizadas.)<\/p>\n","protected":false},"excerpt":{"rendered":"<p>Ol\u00e1, pessoal! Que alegria acolher cada um de voc\u00eas na UFPel e, em especial, no CLMD! Nossa equipe deseja ser presen\u00e7a constante em cada momento da sua forma\u00e7\u00e3o, dando suporte, atendendo suas demandas e contribuindo para que sua forma\u00e7\u00e3o seja de qualidade.\u00a0 Acesse constatemente a p\u00e1gina do curso e mantenha sempre contato conosco. No menu [&hellip;]<\/p>\n","protected":false},"author":710,"featured_media":0,"parent":1149,"menu_order":0,"comment_status":"closed","ping_status":"closed","template":"","meta":{"footnotes":""},"class_list":["post-1670","page","type-page","status-publish","hentry"],"_links":{"self":[{"href":"https:\/\/wp.ufpel.edu.br\/clmd\/wp-json\/wp\/v2\/pages\/1670","targetHints":{"allow":["GET"]}}],"collection":[{"href":"https:\/\/wp.ufpel.edu.br\/clmd\/wp-json\/wp\/v2\/pages"}],"about":[{"href":"https:\/\/wp.ufpel.edu.br\/clmd\/wp-json\/wp\/v2\/types\/page"}],"author":[{"embeddable":true,"href":"https:\/\/wp.ufpel.edu.br\/clmd\/wp-json\/wp\/v2\/users\/710"}],"replies":[{"embeddable":true,"href":"https:\/\/wp.ufpel.edu.br\/clmd\/wp-json\/wp\/v2\/comments?post=1670"}],"version-history":[{"count":23,"href":"https:\/\/wp.ufpel.edu.br\/clmd\/wp-json\/wp\/v2\/pages\/1670\/revisions"}],"predecessor-version":[{"id":2118,"href":"https:\/\/wp.ufpel.edu.br\/clmd\/wp-json\/wp\/v2\/pages\/1670\/revisions\/2118"}],"up":[{"embeddable":true,"href":"https:\/\/wp.ufpel.edu.br\/clmd\/wp-json\/wp\/v2\/pages\/1149"}],"wp:attachment":[{"href":"https:\/\/wp.ufpel.edu.br\/clmd\/wp-json\/wp\/v2\/media?parent=1670"}],"curies":[{"name":"wp","href":"https:\/\/api.w.org\/{rel}","templated":true}]}}