{"id":1667,"date":"2024-02-13T17:02:39","date_gmt":"2024-02-13T20:02:39","guid":{"rendered":"https:\/\/wp.ufpel.edu.br\/clmd\/?page_id=1667"},"modified":"2024-06-24T23:56:26","modified_gmt":"2024-06-25T02:56:26","slug":"orientacoes-turma-uab-8","status":"publish","type":"page","link":"https:\/\/wp.ufpel.edu.br\/clmd\/calendario-e-cronogramas\/orientacoes-turma-uab-8\/","title":{"rendered":"Orienta\u00e7\u00f5es Turma UAB 8"},"content":{"rendered":"<p><img class=\"alignnone size-full wp-image-1684\" src=\"https:\/\/wp.ufpel.edu.br\/clmd\/files\/2024\/02\/barra_uab8.png\" alt=\"\" width=\"867\" height=\"375\" srcset=\"https:\/\/wp.ufpel.edu.br\/clmd\/files\/2024\/02\/barra_uab8.png 867w, https:\/\/wp.ufpel.edu.br\/clmd\/files\/2024\/02\/barra_uab8-400x173.png 400w, https:\/\/wp.ufpel.edu.br\/clmd\/files\/2024\/02\/barra_uab8-768x332.png 768w\" sizes=\"(max-width: 867px) 100vw, 867px\" \/><\/p>\n<p>Ol\u00e1, pessoal!<\/p>\n<p>Que bom iniciarmos mais este semestre!<\/p>\n<p>Organizamos, a seguir, informa\u00e7\u00f5es e orienta\u00e7\u00f5es que lhe auxiliar\u00e3o no desenvolvimento das atividades. Acesse com frequ\u00eancia e mantenha sempre contato conosco.<\/p>\n<p>Bom semestre! Fraterno abra\u00e7o!<\/p>\n<p style=\"text-align: right;\">Coordena\u00e7\u00e3o CLMD<\/p>\n<table style=\"border-collapse: collapse; width: 100%;\" border=\"1\">\n<tbody>\n<tr>\n<td style=\"width: 33.3333%; border-color: #ffffff; background-color: #ffffff;\"><a href=\"https:\/\/wp.ufpel.edu.br\/clmd\/calendario-e-cronogramas\/orientacoes-2024-1\/orientacoes-turma-uab-8\/orientacoes-uab-8\/\" target=\"_blank\" rel=\"noopener\"><img class=\"alignnone size-full wp-image-1654\" src=\"https:\/\/wp.ufpel.edu.br\/clmd\/files\/2024\/02\/orientacoes.png\" alt=\"\" width=\"216\" height=\"245\" \/><\/a><\/td>\n<td style=\"width: 33.3333%; border-color: #ffffff; background-color: #ffffff;\"><a href=\"https:\/\/wp.ufpel.edu.br\/clmd\/files\/2024\/06\/CRONOGRAMA_UAB_8_2024_1_v_4.pdf\"><img class=\"alignnone size-full wp-image-1655\" src=\"https:\/\/wp.ufpel.edu.br\/clmd\/files\/2024\/02\/atividades.png\" alt=\"\" width=\"199\" height=\"227\" \/><\/a><\/td>\n<td style=\"width: 33.3333%; border-color: #ffffff; background-color: #ffffff;\"><img class=\"alignnone size-full wp-image-1656\" src=\"https:\/\/wp.ufpel.edu.br\/clmd\/files\/2024\/02\/professores.png\" alt=\"\" width=\"244\" height=\"256\" \/><\/td>\n<\/tr>\n<tr>\n<td style=\"width: 33.3333%; border-color: #ffffff; background-color: #ffffff;\"><img class=\"alignnone size-full wp-image-1658\" src=\"https:\/\/wp.ufpel.edu.br\/clmd\/files\/2024\/02\/datas.png\" alt=\"\" width=\"255\" height=\"245\" \/><\/td>\n<td style=\"width: 33.3333%; border-color: #ffffff; background-color: #ffffff;\"><img class=\"alignnone size-full wp-image-1659\" src=\"https:\/\/wp.ufpel.edu.br\/clmd\/files\/2024\/02\/docuemntos.png\" alt=\"\" width=\"240\" height=\"266\" \/><\/td>\n<td style=\"width: 33.3333%; border-color: #ffffff; background-color: #ffffff;\"><img class=\"alignnone size-full wp-image-1657\" src=\"https:\/\/wp.ufpel.edu.br\/clmd\/files\/2024\/02\/duvidas.png\" alt=\"\" width=\"224\" height=\"244\" \/><\/td>\n<\/tr>\n<\/tbody>\n<\/table>\n<p>&nbsp;<\/p>\n","protected":false},"excerpt":{"rendered":"<p>Ol\u00e1, pessoal! Que bom iniciarmos mais este semestre! Organizamos, a seguir, informa\u00e7\u00f5es e orienta\u00e7\u00f5es que lhe auxiliar\u00e3o no desenvolvimento das atividades. Acesse com frequ\u00eancia e mantenha sempre contato conosco. Bom semestre! Fraterno abra\u00e7o! Coordena\u00e7\u00e3o CLMD &nbsp;<\/p>\n","protected":false},"author":710,"featured_media":0,"parent":1149,"menu_order":0,"comment_status":"closed","ping_status":"closed","template":"","meta":{"footnotes":""},"class_list":["post-1667","page","type-page","status-publish","hentry"],"_links":{"self":[{"href":"https:\/\/wp.ufpel.edu.br\/clmd\/wp-json\/wp\/v2\/pages\/1667","targetHints":{"allow":["GET"]}}],"collection":[{"href":"https:\/\/wp.ufpel.edu.br\/clmd\/wp-json\/wp\/v2\/pages"}],"about":[{"href":"https:\/\/wp.ufpel.edu.br\/clmd\/wp-json\/wp\/v2\/types\/page"}],"author":[{"embeddable":true,"href":"https:\/\/wp.ufpel.edu.br\/clmd\/wp-json\/wp\/v2\/users\/710"}],"replies":[{"embeddable":true,"href":"https:\/\/wp.ufpel.edu.br\/clmd\/wp-json\/wp\/v2\/comments?post=1667"}],"version-history":[{"count":9,"href":"https:\/\/wp.ufpel.edu.br\/clmd\/wp-json\/wp\/v2\/pages\/1667\/revisions"}],"predecessor-version":[{"id":2135,"href":"https:\/\/wp.ufpel.edu.br\/clmd\/wp-json\/wp\/v2\/pages\/1667\/revisions\/2135"}],"up":[{"embeddable":true,"href":"https:\/\/wp.ufpel.edu.br\/clmd\/wp-json\/wp\/v2\/pages\/1149"}],"wp:attachment":[{"href":"https:\/\/wp.ufpel.edu.br\/clmd\/wp-json\/wp\/v2\/media?parent=1667"}],"curies":[{"name":"wp","href":"https:\/\/api.w.org\/{rel}","templated":true}]}}