{"id":1652,"date":"2024-02-13T16:44:22","date_gmt":"2024-02-13T19:44:22","guid":{"rendered":"https:\/\/wp.ufpel.edu.br\/clmd\/?page_id=1652"},"modified":"2024-06-24T23:55:39","modified_gmt":"2024-06-25T02:55:39","slug":"orientacoes-turma-uab-7","status":"publish","type":"page","link":"https:\/\/wp.ufpel.edu.br\/clmd\/orientacoes-turma-uab-7\/","title":{"rendered":"Orienta\u00e7\u00f5es Turma UAB 7"},"content":{"rendered":"<p><img class=\"alignnone size-full wp-image-1681\" src=\"https:\/\/wp.ufpel.edu.br\/clmd\/files\/2024\/02\/barra_turma-1.png\" alt=\"\" width=\"1280\" height=\"484\" srcset=\"https:\/\/wp.ufpel.edu.br\/clmd\/files\/2024\/02\/barra_turma-1.png 1280w, https:\/\/wp.ufpel.edu.br\/clmd\/files\/2024\/02\/barra_turma-1-400x151.png 400w, https:\/\/wp.ufpel.edu.br\/clmd\/files\/2024\/02\/barra_turma-1-1024x387.png 1024w, https:\/\/wp.ufpel.edu.br\/clmd\/files\/2024\/02\/barra_turma-1-768x290.png 768w\" sizes=\"(max-width: 1280px) 100vw, 1280px\" \/><\/p>\n<p>Ol\u00e1, pessoal!<\/p>\n<p>Que alegria vivenciar com voc\u00eas esse per\u00edodo em que est\u00e3o se encaminhando para a conclus\u00e3o do curso.<\/p>\n<p>As\u00a0 informa\u00e7\u00f5es necess\u00e1rias para o desenvolvimento das atividades ser\u00e3o apresentadas nos t\u00f3picos a seguir. Acesse com frequ\u00eancia para manter-se atualizado, n\u00e3o perder prazos e orienta\u00e7\u00f5es.<\/p>\n<p>Bons estudos, bom est\u00e1gio e at\u00e9 a formatura!<\/p>\n<p>Com carinho<\/p>\n<p style=\"text-align: right;\">Coordena\u00e7\u00e3o CLMD<\/p>\n<table style=\"width: 100%; border-collapse: collapse; border-style: none; border-color: #ffffff; background-color: #ffffff;\">\n<tbody>\n<tr>\n<td style=\"width: 33.3333%; border-color: #ffffff; background-color: #ffffff;\"><a href=\"https:\/\/wp.ufpel.edu.br\/clmd\/calendario-e-cronogramas\/orientacoes-2024-1\/orientacoes-turma-uab-7\/orientacoes-uab-7\/\" target=\"_blank\" rel=\"noopener\"><img class=\"alignnone wp-image-1654 size-full\" src=\"https:\/\/wp.ufpel.edu.br\/clmd\/files\/2024\/02\/orientacoes.png\" alt=\"\" width=\"216\" height=\"245\" \/><\/a><\/td>\n<td style=\"width: 33.3333%; border-color: #ffffff; background-color: #ffffff;\"><a href=\"https:\/\/wp.ufpel.edu.br\/clmd\/files\/2024\/06\/CRONOGRAMA_UAB_7_2024_1_v_5.pdf\"><img class=\"alignnone size-full wp-image-1655\" src=\"https:\/\/wp.ufpel.edu.br\/clmd\/files\/2024\/02\/atividades.png\" alt=\"\" width=\"199\" height=\"227\" \/><\/a><\/td>\n<td style=\"width: 33.3333%; border-color: #ffffff; background-color: #ffffff;\"><img class=\"alignnone size-full wp-image-1656\" src=\"https:\/\/wp.ufpel.edu.br\/clmd\/files\/2024\/02\/professores.png\" alt=\"\" width=\"244\" height=\"256\" \/><\/td>\n<\/tr>\n<tr>\n<td style=\"width: 33.3333%; border-color: #ffffff; background-color: #ffffff;\"><img class=\"alignnone size-full wp-image-1658\" src=\"https:\/\/wp.ufpel.edu.br\/clmd\/files\/2024\/02\/datas.png\" alt=\"\" width=\"255\" height=\"245\" \/><\/td>\n<td style=\"width: 33.3333%; border-color: #ffffff; background-color: #ffffff;\"><a href=\"https:\/\/wp.ufpel.edu.br\/clmd\/informacoes-academicas\/\"><img class=\"alignnone size-full wp-image-1659\" src=\"https:\/\/wp.ufpel.edu.br\/clmd\/files\/2024\/02\/docuemntos.png\" alt=\"\" width=\"240\" height=\"266\" \/><\/a><\/td>\n<td style=\"width: 33.3333%; border-color: #ffffff; background-color: #ffffff;\"><a href=\"https:\/\/wp.ufpel.edu.br\/clmd\/curriculos\/\"><img class=\"alignnone size-full wp-image-1657\" src=\"https:\/\/wp.ufpel.edu.br\/clmd\/files\/2024\/02\/duvidas.png\" alt=\"\" width=\"224\" height=\"244\" \/><\/a><\/td>\n<\/tr>\n<\/tbody>\n<\/table>\n<p>&nbsp;<\/p>\n","protected":false},"excerpt":{"rendered":"<p>Ol\u00e1, pessoal! Que alegria vivenciar com voc\u00eas esse per\u00edodo em que est\u00e3o se encaminhando para a conclus\u00e3o do curso. As\u00a0 informa\u00e7\u00f5es necess\u00e1rias para o desenvolvimento das atividades ser\u00e3o apresentadas nos t\u00f3picos a seguir. Acesse com frequ\u00eancia para manter-se atualizado, n\u00e3o perder prazos e orienta\u00e7\u00f5es. Bons estudos, bom est\u00e1gio e at\u00e9 a formatura! Com carinho Coordena\u00e7\u00e3o [&hellip;]<\/p>\n","protected":false},"author":710,"featured_media":0,"parent":0,"menu_order":0,"comment_status":"closed","ping_status":"closed","template":"","meta":{"footnotes":""},"class_list":["post-1652","page","type-page","status-publish","hentry"],"_links":{"self":[{"href":"https:\/\/wp.ufpel.edu.br\/clmd\/wp-json\/wp\/v2\/pages\/1652","targetHints":{"allow":["GET"]}}],"collection":[{"href":"https:\/\/wp.ufpel.edu.br\/clmd\/wp-json\/wp\/v2\/pages"}],"about":[{"href":"https:\/\/wp.ufpel.edu.br\/clmd\/wp-json\/wp\/v2\/types\/page"}],"author":[{"embeddable":true,"href":"https:\/\/wp.ufpel.edu.br\/clmd\/wp-json\/wp\/v2\/users\/710"}],"replies":[{"embeddable":true,"href":"https:\/\/wp.ufpel.edu.br\/clmd\/wp-json\/wp\/v2\/comments?post=1652"}],"version-history":[{"count":18,"href":"https:\/\/wp.ufpel.edu.br\/clmd\/wp-json\/wp\/v2\/pages\/1652\/revisions"}],"predecessor-version":[{"id":2134,"href":"https:\/\/wp.ufpel.edu.br\/clmd\/wp-json\/wp\/v2\/pages\/1652\/revisions\/2134"}],"wp:attachment":[{"href":"https:\/\/wp.ufpel.edu.br\/clmd\/wp-json\/wp\/v2\/media?parent=1652"}],"curies":[{"name":"wp","href":"https:\/\/api.w.org\/{rel}","templated":true}]}}