{"id":159,"date":"2016-12-15T12:41:33","date_gmt":"2016-12-15T14:41:33","guid":{"rendered":"https:\/\/wp.ufpel.edu.br\/clmd\/?page_id=159"},"modified":"2021-04-01T21:29:35","modified_gmt":"2021-04-02T00:29:35","slug":"cra","status":"publish","type":"page","link":"https:\/\/wp.ufpel.edu.br\/clmd\/acesse\/cra\/","title":{"rendered":"CRA"},"content":{"rendered":"<p><span style=\"color: #000000\">Na p\u00e1gina da\u00a0<a style=\"color: #000000\" href=\"https:\/\/wp.ufpel.edu.br\/cra\/\" target=\"_blank\" rel=\"noopener noreferrer\">Coordena\u00e7\u00e3o de Registros Acad\u00eamicos<\/a>\u00a0voc\u00ea encontrar\u00e1 informa\u00e7\u00f5es sobre:<\/span><\/p>\n<ul>\n<li><span style=\"color: #000000\">Aproveitamento de Disciplinas<\/span><\/li>\n<li><span style=\"color: #000000\">Requerimento para troca de polo<\/span><\/li>\n<li><span style=\"color: #000000\">Reingresso<\/span><\/li>\n<li><span style=\"color: #000000\">Reop\u00e7\u00e3o<\/span><\/li>\n<li><span style=\"color: #000000\">Cancelamento de Matr\u00edcula UAB<\/span><\/li>\n<li><span style=\"color: #000000\">Transfer\u00eancia, entre outros&#8230;<\/span><\/li>\n<\/ul>\n","protected":false},"excerpt":{"rendered":"<p>Na p\u00e1gina da\u00a0Coordena\u00e7\u00e3o de Registros Acad\u00eamicos\u00a0voc\u00ea encontrar\u00e1 informa\u00e7\u00f5es sobre: Aproveitamento de Disciplinas Requerimento para troca de polo Reingresso Reop\u00e7\u00e3o Cancelamento de Matr\u00edcula UAB Transfer\u00eancia, entre outros&#8230;<\/p>\n","protected":false},"author":710,"featured_media":0,"parent":114,"menu_order":7,"comment_status":"closed","ping_status":"closed","template":"","meta":{"footnotes":""},"class_list":["post-159","page","type-page","status-publish","hentry"],"_links":{"self":[{"href":"https:\/\/wp.ufpel.edu.br\/clmd\/wp-json\/wp\/v2\/pages\/159","targetHints":{"allow":["GET"]}}],"collection":[{"href":"https:\/\/wp.ufpel.edu.br\/clmd\/wp-json\/wp\/v2\/pages"}],"about":[{"href":"https:\/\/wp.ufpel.edu.br\/clmd\/wp-json\/wp\/v2\/types\/page"}],"author":[{"embeddable":true,"href":"https:\/\/wp.ufpel.edu.br\/clmd\/wp-json\/wp\/v2\/users\/710"}],"replies":[{"embeddable":true,"href":"https:\/\/wp.ufpel.edu.br\/clmd\/wp-json\/wp\/v2\/comments?post=159"}],"version-history":[{"count":6,"href":"https:\/\/wp.ufpel.edu.br\/clmd\/wp-json\/wp\/v2\/pages\/159\/revisions"}],"predecessor-version":[{"id":717,"href":"https:\/\/wp.ufpel.edu.br\/clmd\/wp-json\/wp\/v2\/pages\/159\/revisions\/717"}],"up":[{"embeddable":true,"href":"https:\/\/wp.ufpel.edu.br\/clmd\/wp-json\/wp\/v2\/pages\/114"}],"wp:attachment":[{"href":"https:\/\/wp.ufpel.edu.br\/clmd\/wp-json\/wp\/v2\/media?parent=159"}],"curies":[{"name":"wp","href":"https:\/\/api.w.org\/{rel}","templated":true}]}}