{"id":1481,"date":"2024-01-02T14:26:31","date_gmt":"2024-01-02T17:26:31","guid":{"rendered":"https:\/\/wp.ufpel.edu.br\/clmd\/?page_id=1481"},"modified":"2024-02-11T18:47:33","modified_gmt":"2024-02-11T21:47:33","slug":"edital-02-2024-coordenacao-de-tutoria","status":"publish","type":"page","link":"https:\/\/wp.ufpel.edu.br\/clmd\/editais\/edital-02-2024-coordenacao-de-tutoria\/","title":{"rendered":"Edital 02\/2024 &#8211; COORDENA\u00c7\u00c3O DE TUTORIA"},"content":{"rendered":"<p><a href=\"https:\/\/wp.ufpel.edu.br\/clmd\/files\/2023\/09\/cabecalho_paginas_restrita-1.png\"><img class=\"aligncenter size-full wp-image-1281\" src=\"https:\/\/wp.ufpel.edu.br\/clmd\/files\/2023\/09\/cabecalho_paginas_restrita-1.png\" alt=\"\" width=\"1314\" height=\"181\" srcset=\"https:\/\/wp.ufpel.edu.br\/clmd\/files\/2023\/09\/cabecalho_paginas_restrita-1.png 1314w, https:\/\/wp.ufpel.edu.br\/clmd\/files\/2023\/09\/cabecalho_paginas_restrita-1-400x55.png 400w, https:\/\/wp.ufpel.edu.br\/clmd\/files\/2023\/09\/cabecalho_paginas_restrita-1-1024x141.png 1024w, https:\/\/wp.ufpel.edu.br\/clmd\/files\/2023\/09\/cabecalho_paginas_restrita-1-768x106.png 768w\" sizes=\"(max-width: 1314px) 100vw, 1314px\" \/><\/a><\/p>\n<p style=\"text-align: center;\"><span style=\"color: #0000ff; font-size: 14pt;\"><strong>Edital 02\/2024 &#8211; Sele\u00e7\u00e3o para Coordena\u00e7\u00e3o de Tutoria\u00a0 &#8211; CLMD\/IFM\/UAB\/UFPEL<\/strong><\/span><\/p>\n<p>A Coordena\u00e7\u00e3o do Curso de Licenciatura em Matem\u00e1tica a Dist\u00e2ncia (CLMD) divulga Edital de sele\u00e7\u00e3o para Coordena\u00e7\u00e3o de Tutoria.<\/p>\n<p>As inscri\u00e7\u00f5es on-line ser\u00e3o realizadas no per\u00edodo de 02\/01\/2024 a 01\/02\/2024, atrav\u00e9s do preenchimento do formul\u00e1rio eletr\u00f4nico dispon\u00edvel em:<\/p>\n<p style=\"text-align: center;\"><span style=\"color: #0000ff;\"><a style=\"color: #0000ff;\" href=\"https:\/\/forms.gle\/TajmHt2dWNZAux2M6\" target=\"_blank\" rel=\"noopener\">FORMUL\u00c1RIO DE INSCRI\u00c7\u00c3O ON-LINE<\/a><\/span><\/p>\n<p>&nbsp;<\/p>\n<table style=\"border-collapse: collapse; width: 100%;\" border=\"1\">\n<tbody>\n<tr style=\"height: 24px;\">\n<td style=\"width: 44.4848%; border-color: #f0f0f0; background-color: #f0f0f0; text-align: center; height: 24px;\"><span style=\"color: #0000ff;\"><a href=\"https:\/\/wp.ufpel.edu.br\/clmd\/files\/2024\/01\/SEI_UFPel-2491044-Edital_02_2024_RETIFICADO-1.pdf\">RETIFICA\u00c7\u00c3O EDITAL 02\/2024<\/a><br \/>\n<\/span><\/td>\n<td style=\"width: 15.5151%; border-color: #ffffff; background-color: #ffffff; height: 24px;\"><\/td>\n<td style=\"width: 40%; border-color: #f0f0f0; background-color: #f0f0f0; text-align: center; height: 24px;\"><a href=\"https:\/\/wp.ufpel.edu.br\/clmd\/files\/2024\/01\/COORD_TUTORIA_ficha_inscricao-1.pdf\" target=\"_blank\" rel=\"noopener\">ANEXO I &#8211; FICHA DE INSCRI\u00c7\u00c3O<\/a><\/td>\n<\/tr>\n<tr style=\"height: 24px;\">\n<td style=\"width: 44.4848%; border-color: #ffffff; background-color: #ffffff; height: 24px;\"><\/td>\n<td style=\"width: 15.5151%; border-color: #ffffff; background-color: #ffffff; height: 24px;\"><\/td>\n<td style=\"width: 40%; border-color: #ffffff; background-color: #ffffff; height: 24px;\"><span style=\"color: #0000ff;\">\u00a0<\/span><\/td>\n<\/tr>\n<tr style=\"height: 24px;\">\n<td style=\"width: 44.4848%; border-color: #f0f0f0; background-color: #f0f0f0; text-align: center; height: 24px;\"><a href=\"https:\/\/wp.ufpel.edu.br\/clmd\/files\/2024\/01\/FORMULARIO_AVALIACAO_CURRICULO.pdf\" target=\"_blank\" rel=\"noopener\"><span style=\"color: #0000ff;\">ANEXO II &#8211; AVALIA\u00c7\u00c3O DO CURR\u00cdCULO<\/span><\/a><\/td>\n<td style=\"width: 15.5151%; border-color: #ffffff; background-color: #ffffff; height: 24px;\"><\/td>\n<td style=\"width: 40%; border-color: #f0f0f0; background-color: #f0f0f0; text-align: center; height: 24px;\"><a href=\"https:\/\/wp.ufpel.edu.br\/clmd\/files\/2024\/01\/FORMULARIO_RECURSOS.pdf\" target=\"_blank\" rel=\"noopener\"><span style=\"color: #0000ff;\">ANEXO III &#8211; FORMUL\u00c1RIO PARA RECURSO<\/span><\/a><\/td>\n<\/tr>\n<tr style=\"height: 24px;\">\n<td style=\"width: 44.4848%; border-color: #ffffff; background-color: #ffffff; text-align: center; height: 24px;\"><span style=\"color: #0000ff;\">\u00a0<\/span><\/td>\n<td style=\"width: 15.5151%; border-color: #ffffff; background-color: #ffffff; height: 24px;\"><\/td>\n<td style=\"width: 40%; border-color: #ffffff; background-color: #ffffff; text-align: center; height: 24px;\"><span style=\"color: #0000ff;\">\u00a0<\/span><\/td>\n<\/tr>\n<tr style=\"height: 24px;\">\n<td style=\"width: 44.4848%; border-color: #f0f0f0; background-color: #f0f0f0; text-align: center; height: 24px;\"><a href=\"https:\/\/wp.ufpel.edu.br\/clmd\/files\/2024\/02\/SEI_UFPel-2509948-COORD_TUTORIA-Homologacao-de-Inscricoes.pdf\" target=\"_blank\" rel=\"noopener\">HOMOLOGA\u00c7\u00c3O DAS INSCRI\u00c7\u00d5ES<\/a><\/td>\n<td style=\"width: 15.5151%; border-color: #ffffff; background-color: #ffffff; height: 24px;\"><\/td>\n<td style=\"width: 40%; border-color: #f0f0f0; background-color: #f0f0f0; text-align: center; height: 24px;\"><a href=\"https:\/\/wp.ufpel.edu.br\/clmd\/files\/2024\/02\/RESULTADO_PARCIAL_EDITAL_02_2024.pdf\" target=\"_blank\" rel=\"noopener\">RESULTADO PARCIAL<\/a><\/td>\n<\/tr>\n<tr style=\"border-style: none; border-color: #ffffff; background-color: #ffffff;\">\n<td style=\"width: 44.4848%; border-style: none; border-color: #ffffff; background-color: #ffffff; text-align: center; height: 23px;\"><span style=\"color: #0000ff;\">\u00a0<\/span><\/td>\n<td style=\"width: 15.5151%; border-color: #ffffff; background-color: #ffffff; height: 23px;\"><\/td>\n<td style=\"width: 40%; border-color: #ffffff; background-color: #ffffff; text-align: center; height: 23px;\"><span style=\"color: #0000ff;\">\u00a0<\/span><\/td>\n<\/tr>\n<tr style=\"height: 23px;\">\n<td style=\"width: 44.4848%; border-color: #f0f0f0; background-color: #f0f0f0; text-align: center; height: 23px;\"><span style=\"color: #000000;\">\u00a0 \u00a0 \u00a0 \u00a0 \u00a0 \u00a0 \u00a0 \u00a0 \u00a0 \u00a0 \u00a0 \u00a0RESPOSTA AOS RECURSOS\u00a0 \u00a0 \u00a0 \u00a0 \u00a0 \u00a0 \u00a0 \u00a0 \u00a0 \u00a0 \u00a0(n\u00e3o foram apresentados recursos)<\/span><\/td>\n<td style=\"width: 15.5151%; border-color: #ffffff; background-color: #ffffff; height: 23px;\"><\/td>\n<td style=\"width: 40%; border-color: #f0f0f0; background-color: #f0f0f0; text-align: center; height: 23px;\"><a href=\"https:\/\/wp.ufpel.edu.br\/clmd\/files\/2024\/02\/RESULTADO_FINAL_EDITAL_02_2024_SEI_UFPel-2517111.pdf\" target=\"_blank\" rel=\"noopener\">RESULTADO FINAL<\/a><\/td>\n<\/tr>\n<\/tbody>\n<\/table>\n<p>&nbsp;<\/p>\n","protected":false},"excerpt":{"rendered":"<p>Edital 02\/2024 &#8211; Sele\u00e7\u00e3o para Coordena\u00e7\u00e3o de Tutoria\u00a0 &#8211; CLMD\/IFM\/UAB\/UFPEL A Coordena\u00e7\u00e3o do Curso de Licenciatura em Matem\u00e1tica a Dist\u00e2ncia (CLMD) divulga Edital de sele\u00e7\u00e3o para Coordena\u00e7\u00e3o de Tutoria. As inscri\u00e7\u00f5es on-line ser\u00e3o realizadas no per\u00edodo de 02\/01\/2024 a 01\/02\/2024, atrav\u00e9s do preenchimento do formul\u00e1rio eletr\u00f4nico dispon\u00edvel em: FORMUL\u00c1RIO DE INSCRI\u00c7\u00c3O ON-LINE &nbsp; RETIFICA\u00c7\u00c3O EDITAL [&hellip;]<\/p>\n","protected":false},"author":710,"featured_media":0,"parent":211,"menu_order":0,"comment_status":"closed","ping_status":"closed","template":"","meta":{"footnotes":""},"class_list":["post-1481","page","type-page","status-publish","hentry"],"_links":{"self":[{"href":"https:\/\/wp.ufpel.edu.br\/clmd\/wp-json\/wp\/v2\/pages\/1481","targetHints":{"allow":["GET"]}}],"collection":[{"href":"https:\/\/wp.ufpel.edu.br\/clmd\/wp-json\/wp\/v2\/pages"}],"about":[{"href":"https:\/\/wp.ufpel.edu.br\/clmd\/wp-json\/wp\/v2\/types\/page"}],"author":[{"embeddable":true,"href":"https:\/\/wp.ufpel.edu.br\/clmd\/wp-json\/wp\/v2\/users\/710"}],"replies":[{"embeddable":true,"href":"https:\/\/wp.ufpel.edu.br\/clmd\/wp-json\/wp\/v2\/comments?post=1481"}],"version-history":[{"count":12,"href":"https:\/\/wp.ufpel.edu.br\/clmd\/wp-json\/wp\/v2\/pages\/1481\/revisions"}],"predecessor-version":[{"id":1620,"href":"https:\/\/wp.ufpel.edu.br\/clmd\/wp-json\/wp\/v2\/pages\/1481\/revisions\/1620"}],"up":[{"embeddable":true,"href":"https:\/\/wp.ufpel.edu.br\/clmd\/wp-json\/wp\/v2\/pages\/211"}],"wp:attachment":[{"href":"https:\/\/wp.ufpel.edu.br\/clmd\/wp-json\/wp\/v2\/media?parent=1481"}],"curies":[{"name":"wp","href":"https:\/\/api.w.org\/{rel}","templated":true}]}}