{"id":1470,"date":"2024-01-02T14:01:22","date_gmt":"2024-01-02T17:01:22","guid":{"rendered":"https:\/\/wp.ufpel.edu.br\/clmd\/?page_id=1470"},"modified":"2024-03-12T08:13:47","modified_gmt":"2024-03-12T11:13:47","slug":"edital-01-2024-selecao-professor-formador","status":"publish","type":"page","link":"https:\/\/wp.ufpel.edu.br\/clmd\/editais\/editais-2024\/edital-01-2024-selecao-professor-formador\/","title":{"rendered":"Edital 01\/2024 &#8211; Sele\u00e7\u00e3o Professor Formador"},"content":{"rendered":"<p><a href=\"https:\/\/wp.ufpel.edu.br\/clmd\/files\/2023\/09\/cabecalho_paginas_restrita-1.png\"><img class=\"aligncenter size-full wp-image-1281\" src=\"https:\/\/wp.ufpel.edu.br\/clmd\/files\/2023\/09\/cabecalho_paginas_restrita-1.png\" alt=\"\" width=\"1314\" height=\"181\" srcset=\"https:\/\/wp.ufpel.edu.br\/clmd\/files\/2023\/09\/cabecalho_paginas_restrita-1.png 1314w, https:\/\/wp.ufpel.edu.br\/clmd\/files\/2023\/09\/cabecalho_paginas_restrita-1-400x55.png 400w, https:\/\/wp.ufpel.edu.br\/clmd\/files\/2023\/09\/cabecalho_paginas_restrita-1-1024x141.png 1024w, https:\/\/wp.ufpel.edu.br\/clmd\/files\/2023\/09\/cabecalho_paginas_restrita-1-768x106.png 768w\" sizes=\"(max-width: 1314px) 100vw, 1314px\" \/><\/a><\/p>\n<p style=\"text-align: center;\"><span style=\"color: #0000ff; font-size: 14pt;\"><strong>Edital 01\/2024 &#8211; Sele\u00e7\u00e3o para Professor Formador\u00a0 &#8211; CLMD\/IFM\/UAB\/UFPEL<\/strong><\/span><\/p>\n<p>A Coordena\u00e7\u00e3o do Curso de Licenciatura em Matem\u00e1tica a Dist\u00e2ncia (CLMD) divulga Edital de sele\u00e7\u00e3o para Professor Formador.<\/p>\n<p>As inscri\u00e7\u00f5es on-line ser\u00e3o realizadas no per\u00edodo de 02\/01\/2024 a 01\/02\/2024, atrav\u00e9s do preenchimento do formul\u00e1rio eletr\u00f4nico dispon\u00edvel em:<\/p>\n<p style=\"text-align: center;\"><a href=\"https:\/\/forms.gle\/TajmHt2dWNZAux2M6\" target=\"_blank\" rel=\"noopener\"><span style=\"color: #0000ff;\">FORMUL\u00c1RIO DE INSCRI\u00c7\u00c3O ON-LINE<\/span><\/a><\/p>\n<p>&nbsp;<\/p>\n<table style=\"border-collapse: collapse; width: 100%;\" border=\"1\">\n<tbody>\n<tr style=\"height: 24px;\">\n<td style=\"width: 44.4848%; border-color: #f0f0f0; background-color: #f0f0f0; text-align: center; height: 24px;\"><a href=\"https:\/\/wp.ufpel.edu.br\/clmd\/files\/2024\/01\/SEI_UFPel-2478966-Edital_01_2024_CLMD.pdf\" target=\"_blank\" rel=\"noopener\"><span style=\"color: #0000ff;\">EDITAL 01\/2024<\/span><\/a><\/td>\n<td style=\"width: 15.5151%; border-color: #ffffff; background-color: #ffffff; height: 24px;\"><\/td>\n<td style=\"width: 40%; border-color: #f0f0f0; background-color: #f0f0f0; text-align: center; height: 24px;\"><a href=\"https:\/\/wp.ufpel.edu.br\/clmd\/files\/2024\/01\/PROF_FORMADOR_ficha_inscricao-1.pdf\" target=\"_blank\" rel=\"noopener\">ANEXO I &#8211; FICHA DE INSCRI\u00c7\u00c3O<\/a><\/td>\n<\/tr>\n<tr style=\"height: 24px;\">\n<td style=\"width: 44.4848%; border-color: #ffffff; background-color: #ffffff; height: 24px;\"><\/td>\n<td style=\"width: 15.5151%; border-color: #ffffff; background-color: #ffffff; height: 24px;\"><\/td>\n<td style=\"width: 40%; border-color: #ffffff; background-color: #ffffff; height: 24px;\"><span style=\"color: #0000ff;\">\u00a0<\/span><\/td>\n<\/tr>\n<tr style=\"height: 24px;\">\n<td style=\"width: 44.4848%; border-color: #f0f0f0; background-color: #f0f0f0; text-align: center; height: 24px;\"><a href=\"https:\/\/wp.ufpel.edu.br\/clmd\/files\/2024\/01\/FORMULARIO_AVALIACAO_CURRICULO.pdf\" target=\"_blank\" rel=\"noopener\"><span style=\"color: #0000ff;\">ANEXO II &#8211; AVALIA\u00c7\u00c3O CURR\u00cdCULO<\/span><\/a><\/td>\n<td style=\"width: 15.5151%; border-color: #ffffff; background-color: #ffffff; height: 24px;\"><\/td>\n<td style=\"width: 40%; border-color: #f0f0f0; background-color: #f0f0f0; text-align: center; height: 24px;\"><a href=\"https:\/\/wp.ufpel.edu.br\/clmd\/files\/2024\/01\/FORMULARIO_RECURSOS.pdf\" target=\"_blank\" rel=\"noopener\"><span style=\"color: #0000ff;\">ANEXO III &#8211; FORMUL\u00c1RIO PARA RECURSO<\/span><\/a><\/td>\n<\/tr>\n<tr style=\"height: 24px;\">\n<td style=\"width: 44.4848%; border-color: #ffffff; background-color: #ffffff; text-align: center; height: 24px;\"><span style=\"color: #0000ff;\">\u00a0<\/span><\/td>\n<td style=\"width: 15.5151%; border-color: #ffffff; background-color: #ffffff; height: 24px;\"><\/td>\n<td style=\"width: 40%; border-color: #ffffff; background-color: #ffffff; text-align: center; height: 24px;\"><span style=\"color: #0000ff;\">\u00a0<\/span><\/td>\n<\/tr>\n<tr style=\"height: 24px;\">\n<td style=\"width: 44.4848%; border-color: #f0f0f0; background-color: #f0f0f0; text-align: center; height: 24px;\"><a href=\"https:\/\/wp.ufpel.edu.br\/clmd\/files\/2024\/02\/SEI_UFPel-2509845-PROF_FORMADOR-Homologacao-de-Inscricoes-1.pdf\">HOMOLOGA\u00c7\u00c3O DAS INSCRI\u00c7\u00d5ES<\/a><\/td>\n<td style=\"width: 15.5151%; border-color: #ffffff; background-color: #ffffff; height: 24px;\"><\/td>\n<td style=\"width: 40%; border-color: #f0f0f0; background-color: #f0f0f0; text-align: center; height: 24px;\"><a href=\"https:\/\/wp.ufpel.edu.br\/clmd\/files\/2024\/02\/ERRATA_RESULTADO_PARCIAL_EDITAL_01_2024.pdf\">RETIFICA\u00c7\u00c3O RESULTADO PARCIAL<\/a>*<\/td>\n<\/tr>\n<tr style=\"border-style: none; border-color: #ffffff; background-color: #ffffff;\">\n<td style=\"width: 44.4848%; border-style: none; border-color: #ffffff; background-color: #ffffff; text-align: center; height: 23px;\"><span style=\"color: #0000ff;\">\u00a0<\/span><\/td>\n<td style=\"width: 15.5151%; border-color: #ffffff; background-color: #ffffff; height: 23px;\"><\/td>\n<td style=\"width: 40%; border-color: #ffffff; background-color: #ffffff; text-align: center; height: 23px;\"><span style=\"color: #0000ff;\">\u00a0<\/span><\/td>\n<\/tr>\n<tr style=\"height: 23px;\">\n<td style=\"width: 44.4848%; border-color: #f0f0f0; background-color: #f0f0f0; text-align: center; height: 23px;\"><span style=\"color: #000000;\">\u00a0 \u00a0 \u00a0 \u00a0 \u00a0 \u00a0 \u00a0 \u00a0 \u00a0RESPOSTA AOS RECURSOS\u00a0 \u00a0 \u00a0 \u00a0 \u00a0 \u00a0 \u00a0 \u00a0 \u00a0 \u00a0 (n\u00e3o foram apresentados recursos)<\/span><\/td>\n<td style=\"width: 15.5151%; border-color: #ffffff; background-color: #ffffff; height: 23px;\"><\/td>\n<td style=\"width: 40%; border-color: #f0f0f0; background-color: #f0f0f0; text-align: center; height: 23px;\"><a href=\"https:\/\/wp.ufpel.edu.br\/clmd\/files\/2024\/02\/SEI_UFPel-2517112-ResultadoEdital012024.pdf\">RESULTADO FINAL<\/a><\/td>\n<\/tr>\n<\/tbody>\n<\/table>\n<p>*Na retifica\u00e7\u00e3o, foi inclu\u00edda, no quadro da \u00e1rea de Letras: Libras, divis\u00e3o entre Servidores UFPel e Docentes Externos.<\/p>\n","protected":false},"excerpt":{"rendered":"<p>Edital 01\/2024 &#8211; Sele\u00e7\u00e3o para Professor Formador\u00a0 &#8211; CLMD\/IFM\/UAB\/UFPEL A Coordena\u00e7\u00e3o do Curso de Licenciatura em Matem\u00e1tica a Dist\u00e2ncia (CLMD) divulga Edital de sele\u00e7\u00e3o para Professor Formador. As inscri\u00e7\u00f5es on-line ser\u00e3o realizadas no per\u00edodo de 02\/01\/2024 a 01\/02\/2024, atrav\u00e9s do preenchimento do formul\u00e1rio eletr\u00f4nico dispon\u00edvel em: FORMUL\u00c1RIO DE INSCRI\u00c7\u00c3O ON-LINE &nbsp; EDITAL 01\/2024 ANEXO I [&hellip;]<\/p>\n","protected":false},"author":710,"featured_media":0,"parent":1789,"menu_order":0,"comment_status":"closed","ping_status":"closed","template":"","meta":{"footnotes":""},"class_list":["post-1470","page","type-page","status-publish","hentry"],"_links":{"self":[{"href":"https:\/\/wp.ufpel.edu.br\/clmd\/wp-json\/wp\/v2\/pages\/1470","targetHints":{"allow":["GET"]}}],"collection":[{"href":"https:\/\/wp.ufpel.edu.br\/clmd\/wp-json\/wp\/v2\/pages"}],"about":[{"href":"https:\/\/wp.ufpel.edu.br\/clmd\/wp-json\/wp\/v2\/types\/page"}],"author":[{"embeddable":true,"href":"https:\/\/wp.ufpel.edu.br\/clmd\/wp-json\/wp\/v2\/users\/710"}],"replies":[{"embeddable":true,"href":"https:\/\/wp.ufpel.edu.br\/clmd\/wp-json\/wp\/v2\/comments?post=1470"}],"version-history":[{"count":19,"href":"https:\/\/wp.ufpel.edu.br\/clmd\/wp-json\/wp\/v2\/pages\/1470\/revisions"}],"predecessor-version":[{"id":1751,"href":"https:\/\/wp.ufpel.edu.br\/clmd\/wp-json\/wp\/v2\/pages\/1470\/revisions\/1751"}],"up":[{"embeddable":true,"href":"https:\/\/wp.ufpel.edu.br\/clmd\/wp-json\/wp\/v2\/pages\/1789"}],"wp:attachment":[{"href":"https:\/\/wp.ufpel.edu.br\/clmd\/wp-json\/wp\/v2\/media?parent=1470"}],"curies":[{"name":"wp","href":"https:\/\/api.w.org\/{rel}","templated":true}]}}