{"id":147,"date":"2016-12-15T12:37:37","date_gmt":"2016-12-15T14:37:37","guid":{"rendered":"https:\/\/wp.ufpel.edu.br\/clmd\/?page_id=147"},"modified":"2021-04-01T21:47:40","modified_gmt":"2021-04-02T00:47:40","slug":"doutorado","status":"publish","type":"page","link":"https:\/\/wp.ufpel.edu.br\/clmd\/acesse\/doutorado\/","title":{"rendered":"Doutorado"},"content":{"rendered":"<p><a href=\"https:\/\/wp.ufpel.edu.br\/ppgcem\/pt\/\" target=\"_blank\" rel=\"noopener noreferrer\">Programa de P\u00f3s-Gradua\u00e7\u00e3o em Ci\u00eancia e Engenharia de Materiais (PPGCEM)<\/a><\/p>\n<p><a href=\"https:\/\/wp.ufpel.edu.br\/computacao\/ppgc\/\" target=\"_blank\" rel=\"noopener noreferrer\">Programa de P\u00f3s-Gradua\u00e7\u00e3o em Computa\u00e7\u00e3o (PPGC)<\/a><\/p>\n<p><a href=\"https:\/\/wp.ufpel.edu.br\/ppge\/\" target=\"_blank\" rel=\"noopener noreferrer\">Programa de P\u00f3s-Gradua\u00e7\u00e3o em Educa\u00e7\u00e3o (PPGE)<\/a><\/p>\n","protected":false},"excerpt":{"rendered":"<p>Programa de P\u00f3s-Gradua\u00e7\u00e3o em Ci\u00eancia e Engenharia de Materiais (PPGCEM) Programa de P\u00f3s-Gradua\u00e7\u00e3o em Computa\u00e7\u00e3o (PPGC) Programa de P\u00f3s-Gradua\u00e7\u00e3o em Educa\u00e7\u00e3o (PPGE)<\/p>\n","protected":false},"author":710,"featured_media":0,"parent":114,"menu_order":9,"comment_status":"closed","ping_status":"closed","template":"","meta":{"footnotes":""},"class_list":["post-147","page","type-page","status-publish","hentry"],"_links":{"self":[{"href":"https:\/\/wp.ufpel.edu.br\/clmd\/wp-json\/wp\/v2\/pages\/147","targetHints":{"allow":["GET"]}}],"collection":[{"href":"https:\/\/wp.ufpel.edu.br\/clmd\/wp-json\/wp\/v2\/pages"}],"about":[{"href":"https:\/\/wp.ufpel.edu.br\/clmd\/wp-json\/wp\/v2\/types\/page"}],"author":[{"embeddable":true,"href":"https:\/\/wp.ufpel.edu.br\/clmd\/wp-json\/wp\/v2\/users\/710"}],"replies":[{"embeddable":true,"href":"https:\/\/wp.ufpel.edu.br\/clmd\/wp-json\/wp\/v2\/comments?post=147"}],"version-history":[{"count":3,"href":"https:\/\/wp.ufpel.edu.br\/clmd\/wp-json\/wp\/v2\/pages\/147\/revisions"}],"predecessor-version":[{"id":725,"href":"https:\/\/wp.ufpel.edu.br\/clmd\/wp-json\/wp\/v2\/pages\/147\/revisions\/725"}],"up":[{"embeddable":true,"href":"https:\/\/wp.ufpel.edu.br\/clmd\/wp-json\/wp\/v2\/pages\/114"}],"wp:attachment":[{"href":"https:\/\/wp.ufpel.edu.br\/clmd\/wp-json\/wp\/v2\/media?parent=147"}],"curies":[{"name":"wp","href":"https:\/\/api.w.org\/{rel}","templated":true}]}}