{"id":1466,"date":"2024-01-02T13:54:36","date_gmt":"2024-01-02T16:54:36","guid":{"rendered":"https:\/\/wp.ufpel.edu.br\/clmd\/?page_id=1466"},"modified":"2024-01-02T13:55:24","modified_gmt":"2024-01-02T16:55:24","slug":"edital-03-2023-selecao-professor-formador-e-coordenacao-tutoria","status":"publish","type":"page","link":"https:\/\/wp.ufpel.edu.br\/clmd\/editais\/editais-2023\/edital-03-2023-selecao-professor-formador-e-coordenacao-tutoria\/","title":{"rendered":"Edital 03\/2023 &#8211; Sele\u00e7\u00e3o Professor Formador e Coordena\u00e7\u00e3o Tutoria"},"content":{"rendered":"<p><a href=\"https:\/\/wp.ufpel.edu.br\/clmd\/files\/2023\/09\/cabecalho_paginas_restrita-1.png\"><img class=\"aligncenter size-full wp-image-1281\" src=\"https:\/\/wp.ufpel.edu.br\/clmd\/files\/2023\/09\/cabecalho_paginas_restrita-1.png\" alt=\"\" width=\"1314\" height=\"181\" srcset=\"https:\/\/wp.ufpel.edu.br\/clmd\/files\/2023\/09\/cabecalho_paginas_restrita-1.png 1314w, https:\/\/wp.ufpel.edu.br\/clmd\/files\/2023\/09\/cabecalho_paginas_restrita-1-400x55.png 400w, https:\/\/wp.ufpel.edu.br\/clmd\/files\/2023\/09\/cabecalho_paginas_restrita-1-1024x141.png 1024w, https:\/\/wp.ufpel.edu.br\/clmd\/files\/2023\/09\/cabecalho_paginas_restrita-1-768x106.png 768w\" sizes=\"(max-width: 1314px) 100vw, 1314px\" \/><\/a><\/p>\n<p style=\"text-align: center;\"><span style=\"color: #0000ff;\"><strong>Edital 03\/2023 &#8211; Sele\u00e7\u00e3o para Professor Formador e Coordena\u00e7\u00e3o de Tutoria &#8211; CLMD\/IFM\/UAB\/UFPEL<\/strong><\/span><\/p>\n<p>A Coordena\u00e7\u00e3o Institucional da Universidade Aberta do Brasil na Universidade Federal de Pelotas (UAB\/UFPel) e o N\u00facleo de Pol\u00edticas de Educa\u00e7\u00e3o a Dist\u00e2ncia (NUPED), da Pr\u00f3-Reitoria de Ensino (PRE) da UFPel, tornam p\u00fablica a abertura das inscri\u00e7\u00f5es e as normas que reger\u00e3o o processo seletivo para preenchimento de vaga e de cadastro de reserva de bolsistas que poder\u00e3o atuar na fun\u00e7\u00e3o de <strong>PROFESSOR FORMADOR<\/strong> ou de<strong> COORDENA\u00c7\u00c3O DE TUTORIA <\/strong>junto ao Curso de Licenciatura em Matem\u00e1tica a Dist\u00e2ncia (CLMD) no \u00e2mbito da Universidade Aberta do Brasil (UAB\/UFPel),<\/p>\n<table style=\"border-collapse: collapse; width: 100%;\" border=\"1\">\n<tbody>\n<tr style=\"height: 24px;\">\n<td style=\"width: 44.4848%; border-color: #f0f0f0; background-color: #f0f0f0; text-align: center; height: 24px;\"><a href=\"https:\/\/wp.ufpel.edu.br\/clmd\/files\/2023\/10\/SEI_UFPel-2392733-Edital_03_2023.pdf\"><span style=\"color: #0000ff;\">EDITAL 03\/2023<\/span><\/a><\/td>\n<td style=\"width: 15.5151%; border-color: #ffffff; background-color: #ffffff; height: 24px;\"><\/td>\n<td style=\"width: 40%; border-color: #f0f0f0; background-color: #f0f0f0; text-align: center; height: 24px;\"><span style=\"color: #0000ff;\"><a style=\"color: #0000ff;\" href=\"https:\/\/wp.ufpel.edu.br\/clmd\/files\/2023\/10\/2023_PROF_FORMADOR_COORD_TUTORIA_FICHA_INSCRICAO.pdf\" target=\"_blank\" rel=\"noopener\">FICHA DE INSCRI\u00c7\u00c3O<\/a><\/span><\/td>\n<\/tr>\n<tr style=\"height: 24px;\">\n<td style=\"width: 44.4848%; border-color: #ffffff; background-color: #ffffff; height: 24px;\"><\/td>\n<td style=\"width: 15.5151%; border-color: #ffffff; background-color: #ffffff; height: 24px;\"><\/td>\n<td style=\"width: 40%; border-color: #ffffff; background-color: #ffffff; height: 24px;\"><span style=\"color: #0000ff;\">\u00a0<\/span><\/td>\n<\/tr>\n<tr style=\"height: 24px;\">\n<td style=\"width: 44.4848%; border-color: #f0f0f0; background-color: #f0f0f0; text-align: center; height: 24px;\"><span style=\"color: #0000ff;\"><a style=\"color: #0000ff;\" href=\"https:\/\/wp.ufpel.edu.br\/clmd\/files\/2023\/10\/2023_PROF_FORMADOR_COORD_TUTORIA_AVALIACAO_CURRICULO-1.pdf\" target=\"_blank\" rel=\"noopener\">AVALIA\u00c7\u00c3O DO CURR\u00cdCULO<\/a><\/span><\/td>\n<td style=\"width: 15.5151%; border-color: #ffffff; background-color: #ffffff; height: 24px;\"><\/td>\n<td style=\"width: 40%; border-color: #f0f0f0; background-color: #f0f0f0; text-align: center; height: 24px;\"><span style=\"color: #0000ff;\"><a style=\"color: #0000ff;\" href=\"https:\/\/wp.ufpel.edu.br\/clmd\/files\/2023\/10\/2023_PROF_FORMADOR_COORD_TUTORIA_RECURSO.pdf\" target=\"_blank\" rel=\"noopener\">FORMUL\u00c1RIO PARA RECURSO<\/a><\/span><\/td>\n<\/tr>\n<tr style=\"height: 24px;\">\n<td style=\"width: 44.4848%; border-color: #ffffff; background-color: #ffffff; text-align: center; height: 24px;\"><span style=\"color: #0000ff;\">\u00a0<\/span><\/td>\n<td style=\"width: 15.5151%; border-color: #ffffff; background-color: #ffffff; height: 24px;\"><\/td>\n<td style=\"width: 40%; border-color: #ffffff; background-color: #ffffff; text-align: center; height: 24px;\"><span style=\"color: #0000ff;\">\u00a0<\/span><\/td>\n<\/tr>\n<tr style=\"height: 24px;\">\n<td style=\"width: 44.4848%; border-color: #f0f0f0; background-color: #f0f0f0; text-align: center; height: 24px;\"><span style=\"color: #0000ff;\"><a style=\"color: #0000ff;\" href=\"https:\/\/wp.ufpel.edu.br\/clmd\/files\/2023\/11\/SEI_UFPel-2436381-Homologacao-de-Inscricoes.pdf\" target=\"_blank\" rel=\"noopener\">HOMOLOGA\u00c7\u00c3O DAS INSCRI\u00c7\u00d5ES<\/a><\/span><\/td>\n<td style=\"width: 15.5151%; border-color: #ffffff; background-color: #ffffff; height: 24px;\"><\/td>\n<td style=\"width: 40%; border-color: #f0f0f0; background-color: #f0f0f0; text-align: center; height: 24px;\"><span style=\"color: #0000ff;\"><a style=\"color: #0000ff;\" href=\"https:\/\/wp.ufpel.edu.br\/clmd\/files\/2023\/12\/RESULTADO_PARCIAL_EDITAL_03_2023_assinado.pdf\" target=\"_blank\" rel=\"noopener\">RESULTADO PARCIAL<\/a>\u00a0<\/span><\/td>\n<\/tr>\n<tr style=\"border-style: none; border-color: #ffffff; background-color: #ffffff;\">\n<td style=\"width: 44.4848%; border-style: none; border-color: #ffffff; background-color: #ffffff; text-align: center; height: 23px;\"><span style=\"color: #0000ff;\">\u00a0<\/span><\/td>\n<td style=\"width: 15.5151%; border-color: #ffffff; background-color: #ffffff; height: 23px;\"><\/td>\n<td style=\"width: 40%; border-color: #ffffff; background-color: #ffffff; text-align: center; height: 23px;\"><span style=\"color: #0000ff;\">\u00a0<\/span><\/td>\n<\/tr>\n<tr style=\"height: 23px;\">\n<td style=\"width: 44.4848%; border-color: #f0f0f0; background-color: #f0f0f0; text-align: center; height: 23px;\"><span style=\"color: #0000ff;\"><a style=\"color: #0000ff;\" href=\"https:\/\/wp.ufpel.edu.br\/clmd\/files\/2023\/12\/SEI_UFPel-2459023-Resposta_recursos_Edital_clmd_03_2023.pdf\">RESPOSTA AOS RECURSOS<\/a><\/span><\/td>\n<td style=\"width: 15.5151%; border-color: #ffffff; background-color: #ffffff; height: 23px;\"><\/td>\n<td style=\"width: 40%; border-color: #f0f0f0; background-color: #f0f0f0; text-align: center; height: 23px;\"><a href=\"https:\/\/wp.ufpel.edu.br\/clmd\/files\/2023\/12\/RESULTADO_FINAL_Edital_03_2023_CLMD.pdf\" target=\"_blank\" rel=\"noopener\"><span style=\"color: #0000ff;\">RESULTADO FINAL<\/span><\/a><\/td>\n<\/tr>\n<\/tbody>\n<\/table>\n<p>&nbsp;<\/p>\n<p style=\"text-align: center;\"><a href=\"https:\/\/wp.ufpel.edu.br\/clmd\/files\/2023\/12\/cancelamento-selecao.png\"><img class=\"aligncenter wp-image-1461\" src=\"https:\/\/wp.ufpel.edu.br\/clmd\/files\/2023\/12\/cancelamento-selecao.png\" alt=\"\" width=\"693\" height=\"810\" srcset=\"https:\/\/wp.ufpel.edu.br\/clmd\/files\/2023\/12\/cancelamento-selecao.png 493w, https:\/\/wp.ufpel.edu.br\/clmd\/files\/2023\/12\/cancelamento-selecao-342x400.png 342w\" sizes=\"(max-width: 693px) 100vw, 693px\" \/><\/a><\/p>\n<p><a href=\"https:\/\/wp.ufpel.edu.br\/clmd\/files\/2024\/01\/SEI_UFPel-2480639-Despacho_CG.pdf\">SEI_UFPel &#8211; 2480639 &#8211; Despacho_CG<\/a><\/p>\n<p><a href=\"https:\/\/wp.ufpel.edu.br\/clmd\/files\/2024\/01\/SEI_UFPel-2480639-Despacho_COCEPE.pdf\">SEI_UFPel &#8211; 2480639 &#8211; Encaminhamento_COCEPE<\/a><\/p>\n<p>&nbsp;<\/p>\n","protected":false},"excerpt":{"rendered":"<p>Edital 03\/2023 &#8211; Sele\u00e7\u00e3o para Professor Formador e Coordena\u00e7\u00e3o de Tutoria &#8211; CLMD\/IFM\/UAB\/UFPEL A Coordena\u00e7\u00e3o Institucional da Universidade Aberta do Brasil na Universidade Federal de Pelotas (UAB\/UFPel) e o N\u00facleo de Pol\u00edticas de Educa\u00e7\u00e3o a Dist\u00e2ncia (NUPED), da Pr\u00f3-Reitoria de Ensino (PRE) da UFPel, tornam p\u00fablica a abertura das inscri\u00e7\u00f5es e as normas que reger\u00e3o [&hellip;]<\/p>\n","protected":false},"author":710,"featured_media":0,"parent":1140,"menu_order":0,"comment_status":"closed","ping_status":"closed","template":"","meta":{"footnotes":""},"class_list":["post-1466","page","type-page","status-publish","hentry"],"_links":{"self":[{"href":"https:\/\/wp.ufpel.edu.br\/clmd\/wp-json\/wp\/v2\/pages\/1466","targetHints":{"allow":["GET"]}}],"collection":[{"href":"https:\/\/wp.ufpel.edu.br\/clmd\/wp-json\/wp\/v2\/pages"}],"about":[{"href":"https:\/\/wp.ufpel.edu.br\/clmd\/wp-json\/wp\/v2\/types\/page"}],"author":[{"embeddable":true,"href":"https:\/\/wp.ufpel.edu.br\/clmd\/wp-json\/wp\/v2\/users\/710"}],"replies":[{"embeddable":true,"href":"https:\/\/wp.ufpel.edu.br\/clmd\/wp-json\/wp\/v2\/comments?post=1466"}],"version-history":[{"count":2,"href":"https:\/\/wp.ufpel.edu.br\/clmd\/wp-json\/wp\/v2\/pages\/1466\/revisions"}],"predecessor-version":[{"id":1469,"href":"https:\/\/wp.ufpel.edu.br\/clmd\/wp-json\/wp\/v2\/pages\/1466\/revisions\/1469"}],"up":[{"embeddable":true,"href":"https:\/\/wp.ufpel.edu.br\/clmd\/wp-json\/wp\/v2\/pages\/1140"}],"wp:attachment":[{"href":"https:\/\/wp.ufpel.edu.br\/clmd\/wp-json\/wp\/v2\/media?parent=1466"}],"curies":[{"name":"wp","href":"https:\/\/api.w.org\/{rel}","templated":true}]}}