{"id":1378,"date":"2023-10-03T14:36:21","date_gmt":"2023-10-03T17:36:21","guid":{"rendered":"https:\/\/wp.ufpel.edu.br\/clmd\/?page_id=1378"},"modified":"2023-10-03T14:36:34","modified_gmt":"2023-10-03T17:36:34","slug":"aproveitamento-de-estudos","status":"publish","type":"page","link":"https:\/\/wp.ufpel.edu.br\/clmd\/espaco-equipe-clmd\/aproveitamento-de-estudos\/","title":{"rendered":"Aproveitamento de estudos"},"content":{"rendered":"<p><a href=\"https:\/\/wp.ufpel.edu.br\/clmd\/files\/2023\/09\/cabecalho_paginas_restrita-1.png\"><img class=\"aligncenter size-full wp-image-1281\" src=\"https:\/\/wp.ufpel.edu.br\/clmd\/files\/2023\/09\/cabecalho_paginas_restrita-1.png\" alt=\"\" width=\"1314\" height=\"181\" srcset=\"https:\/\/wp.ufpel.edu.br\/clmd\/files\/2023\/09\/cabecalho_paginas_restrita-1.png 1314w, https:\/\/wp.ufpel.edu.br\/clmd\/files\/2023\/09\/cabecalho_paginas_restrita-1-400x55.png 400w, https:\/\/wp.ufpel.edu.br\/clmd\/files\/2023\/09\/cabecalho_paginas_restrita-1-1024x141.png 1024w, https:\/\/wp.ufpel.edu.br\/clmd\/files\/2023\/09\/cabecalho_paginas_restrita-1-768x106.png 768w\" sizes=\"(max-width: 1314px) 100vw, 1314px\" \/><\/a><\/p>\n<p style=\"text-align: center;\"><span style=\"color: #0000ff;\"><strong>APROVEITAMENTO DE ESTUDOS<\/strong><\/span><\/p>\n<p style=\"padding-left: 40px;\">Professor(a)<\/p>\n<p style=\"padding-left: 40px;\">Quando chegar ao seu e-mail, mensagem do COBALTO, informando que h\u00e1 solicita\u00e7\u00f5es de Aproveitamento de Estudo para an\u00e1lise, acesse o sistema seguindo os passos descritos a seguir.<\/p>\n<p><strong>1\u00ba) No COBALTO, Menu Professor: acessar <span style=\"color: #0000ff;\">Processos<\/span> e <\/strong><span style=\"color: #0000ff;\"><strong>Aproveitamentos de estudos \u2013 parecer<\/strong><\/span><strong>.<\/strong><\/p>\n<p><a href=\"https:\/\/wp.ufpel.edu.br\/clmd\/files\/2023\/10\/COBALTO1.png\"><img class=\"aligncenter size-full wp-image-1380\" src=\"https:\/\/wp.ufpel.edu.br\/clmd\/files\/2023\/10\/COBALTO1.png\" alt=\"\" width=\"583\" height=\"217\" srcset=\"https:\/\/wp.ufpel.edu.br\/clmd\/files\/2023\/10\/COBALTO1.png 583w, https:\/\/wp.ufpel.edu.br\/clmd\/files\/2023\/10\/COBALTO1-400x149.png 400w\" sizes=\"(max-width: 583px) 100vw, 583px\" \/><\/a><\/p>\n<p><strong>2\u00ba) Rela\u00e7\u00e3o das solicita\u00e7\u00f5es de Aproveitamento de Estudos<\/strong><\/p>\n<p style=\"padding-left: 40px;\">Na janela que se abre, haver\u00e1 a rela\u00e7\u00e3o dos alunos que solicitaram o aproveitamento nas disciplinas\/componentes curriculares que est\u00e3o sob sua responsabilidade. Clique no nome do aluno para realizar a an\u00e1lise.<\/p>\n<p><a href=\"https:\/\/wp.ufpel.edu.br\/clmd\/files\/2023\/10\/COBALTO2.png\"><img class=\"aligncenter size-full wp-image-1381\" src=\"https:\/\/wp.ufpel.edu.br\/clmd\/files\/2023\/10\/COBALTO2.png\" alt=\"\" width=\"661\" height=\"243\" srcset=\"https:\/\/wp.ufpel.edu.br\/clmd\/files\/2023\/10\/COBALTO2.png 661w, https:\/\/wp.ufpel.edu.br\/clmd\/files\/2023\/10\/COBALTO2-400x147.png 400w\" sizes=\"(max-width: 661px) 100vw, 661px\" \/><\/a><\/p>\n<p><strong>3\u00ba) An\u00e1lise da documenta\u00e7\u00e3o anexada pelo aluno<\/strong><\/p>\n<p style=\"padding-left: 40px;\">No campo Aproveitamento, clique em <span style=\"color: #0000ff;\"><strong>Visualizar documento<\/strong>,<\/span> ao lado da(s) Disciplina(s) para acessar a Caracteriza\u00e7\u00e3o da disciplina cursada pelo aluno. Da mesma forma, em Hist\u00f3rico.<\/p>\n<p><a href=\"https:\/\/wp.ufpel.edu.br\/clmd\/files\/2023\/10\/COBALTO3.png\"><img class=\"aligncenter size-full wp-image-1382\" src=\"https:\/\/wp.ufpel.edu.br\/clmd\/files\/2023\/10\/COBALTO3.png\" alt=\"\" width=\"661\" height=\"282\" srcset=\"https:\/\/wp.ufpel.edu.br\/clmd\/files\/2023\/10\/COBALTO3.png 661w, https:\/\/wp.ufpel.edu.br\/clmd\/files\/2023\/10\/COBALTO3-400x171.png 400w\" sizes=\"(max-width: 661px) 100vw, 661px\" \/><\/a><\/p>\n<p><strong>4\u00ba) Registro da an\u00e1lise e envio ao Colegiado<\/strong><\/p>\n<p style=\"padding-left: 40px;\"><strong>\u00a0<\/strong>Ap\u00f3s an\u00e1lise da documenta\u00e7\u00e3o, no campo Parecer do Professor, registre sua an\u00e1lise, selecionando no Status: <span style=\"color: #0000ff;\"><strong>Deferido <\/strong><\/span>ou <span style=\"color: #0000ff;\"><strong>Indeferido<\/strong>.<\/span> O campo Observa\u00e7\u00f5es deve ser obrigatoriamente preenchido no caso de indeferimento da solicita\u00e7\u00e3o. Clique em <span style=\"color: #0000ff;\"><strong>SALVAR<\/strong><\/span>.<\/p>\n<p><a href=\"https:\/\/wp.ufpel.edu.br\/clmd\/files\/2023\/10\/COBALTO4.png\"><img class=\"aligncenter size-full wp-image-1383\" src=\"https:\/\/wp.ufpel.edu.br\/clmd\/files\/2023\/10\/COBALTO4.png\" alt=\"\" width=\"660\" height=\"316\" srcset=\"https:\/\/wp.ufpel.edu.br\/clmd\/files\/2023\/10\/COBALTO4.png 660w, https:\/\/wp.ufpel.edu.br\/clmd\/files\/2023\/10\/COBALTO4-400x192.png 400w\" sizes=\"(max-width: 660px) 100vw, 660px\" \/><\/a><\/p>\n","protected":false},"excerpt":{"rendered":"<p>APROVEITAMENTO DE ESTUDOS Professor(a) Quando chegar ao seu e-mail, mensagem do COBALTO, informando que h\u00e1 solicita\u00e7\u00f5es de Aproveitamento de Estudo para an\u00e1lise, acesse o sistema seguindo os passos descritos a seguir. 1\u00ba) No COBALTO, Menu Professor: acessar Processos e Aproveitamentos de estudos \u2013 parecer. 2\u00ba) Rela\u00e7\u00e3o das solicita\u00e7\u00f5es de Aproveitamento de Estudos Na janela que [&hellip;]<\/p>\n","protected":false},"author":710,"featured_media":0,"parent":1268,"menu_order":0,"comment_status":"closed","ping_status":"closed","template":"","meta":{"footnotes":""},"class_list":["post-1378","page","type-page","status-publish","hentry"],"_links":{"self":[{"href":"https:\/\/wp.ufpel.edu.br\/clmd\/wp-json\/wp\/v2\/pages\/1378","targetHints":{"allow":["GET"]}}],"collection":[{"href":"https:\/\/wp.ufpel.edu.br\/clmd\/wp-json\/wp\/v2\/pages"}],"about":[{"href":"https:\/\/wp.ufpel.edu.br\/clmd\/wp-json\/wp\/v2\/types\/page"}],"author":[{"embeddable":true,"href":"https:\/\/wp.ufpel.edu.br\/clmd\/wp-json\/wp\/v2\/users\/710"}],"replies":[{"embeddable":true,"href":"https:\/\/wp.ufpel.edu.br\/clmd\/wp-json\/wp\/v2\/comments?post=1378"}],"version-history":[{"count":1,"href":"https:\/\/wp.ufpel.edu.br\/clmd\/wp-json\/wp\/v2\/pages\/1378\/revisions"}],"predecessor-version":[{"id":1384,"href":"https:\/\/wp.ufpel.edu.br\/clmd\/wp-json\/wp\/v2\/pages\/1378\/revisions\/1384"}],"up":[{"embeddable":true,"href":"https:\/\/wp.ufpel.edu.br\/clmd\/wp-json\/wp\/v2\/pages\/1268"}],"wp:attachment":[{"href":"https:\/\/wp.ufpel.edu.br\/clmd\/wp-json\/wp\/v2\/media?parent=1378"}],"curies":[{"name":"wp","href":"https:\/\/api.w.org\/{rel}","templated":true}]}}