{"id":1371,"date":"2023-10-02T01:15:10","date_gmt":"2023-10-02T04:15:10","guid":{"rendered":"https:\/\/wp.ufpel.edu.br\/clmd\/?page_id=1371"},"modified":"2026-01-26T12:03:03","modified_gmt":"2026-01-26T15:03:03","slug":"viagens-aos-polos","status":"publish","type":"page","link":"https:\/\/wp.ufpel.edu.br\/clmd\/espaco-equipe-clmd\/viagens-aos-polos\/","title":{"rendered":"Viagens aos polos"},"content":{"rendered":"<p><a href=\"https:\/\/wp.ufpel.edu.br\/clmd\/files\/2023\/09\/cabecalho_paginas_restrita.png\"><img class=\"aligncenter size-full wp-image-1280\" src=\"https:\/\/wp.ufpel.edu.br\/clmd\/files\/2023\/09\/cabecalho_paginas_restrita.png\" alt=\"\" width=\"852\" height=\"110\" srcset=\"https:\/\/wp.ufpel.edu.br\/clmd\/files\/2023\/09\/cabecalho_paginas_restrita.png 852w, https:\/\/wp.ufpel.edu.br\/clmd\/files\/2023\/09\/cabecalho_paginas_restrita-400x52.png 400w, https:\/\/wp.ufpel.edu.br\/clmd\/files\/2023\/09\/cabecalho_paginas_restrita-768x99.png 768w\" sizes=\"(max-width: 852px) 100vw, 852px\" \/><\/a><\/p>\n<p style=\"text-align: center;\"><span style=\"color: #0000ff;\">SOBRE AS ATIVIDADES PRESENCIAIS NOS POLOS<\/span><\/p>\n<p style=\"text-align: justify;\">\u00a0 \u00a0 \u00a0 As atividades presenciais devem constar no plano de ensino da disciplina e serem informadas na tabela disponibilizada a seguir, com as datas, hor\u00e1rio e os polos onde desejam realizar atividades presenciais.<\/p>\n<p style=\"text-align: center;\"><a href=\"https:\/\/docs.google.com\/spreadsheets\/d\/1hhc56KDXNwYQFb4ZdPydW1tnC7zCBPaA\/edit?usp=sharing&amp;ouid=100523341279542914521&amp;rtpof=true&amp;sd=true\" target=\"_blank\" rel=\"noopener\"><span style=\"color: #0000ff;\">TABELA DE AGENDAMENTO DE VIAGENS<\/span><\/a><\/p>\n<ul>\n<li style=\"text-align: justify;\">Os professores formadores e tutores devem confirmar com os estudantes e coordenadores de polos os dias e hor\u00e1rios das atividades presenciais.<\/li>\n<li style=\"text-align: justify;\">Informar a Coordena\u00e7\u00e3o com anteced\u00eancia de pelo menos 20 dias da data da viagem.<\/li>\n<li style=\"text-align: justify;\">Solicitar aos coordenadores de polo que enviem um of\u00edcio (<span style=\"color: #0000ff;\"><a style=\"color: #0000ff;\" href=\"https:\/\/docs.google.com\/spreadsheets\/d\/17ODP9OZ6bv6-5ofKt4WSU5_mTymsmbAcLebHV5I3J6c\/edit?gid=0#gid=0\">acessar e-mail dos polos<\/a><\/span>) confirmando o agendamento da realiza\u00e7\u00e3o da atividade, com nome do professor e data da realiza\u00e7\u00e3o da atividade.<\/li>\n<li style=\"text-align: justify;\"><strong>Professores e tutores servidores da UFPel:<\/strong> abrir processo SEI: Administra\u00e7\u00e3o Geral: Pedidos, Oferecimentos e Informa\u00e7\u00f5es Diversas. Incluir e assinar formul\u00e1rio SGA &#8211; Solicita\u00e7\u00e3o de Afastamento a Servi\u00e7o.\u00a0 e\u00a0 anexar o of\u00edcio do(a) coordenador(a) do polo. Colocar o formul\u00e1rio em bloco de assinatura para CG_Matem\u00e1tica EaD. Ap\u00f3s assinatura do)a) coordenador(a) do CLMD, enviar processo para NUPED. Ap\u00f3s a viagem, incluir o atestado de realiza\u00e7\u00e3o da atividade. O mesmo processo poder\u00e1 ser utilizado para incluir novas viagens durante o ano.<\/li>\n<li style=\"text-align: justify;\"><strong>Professores e tutores n\u00e3o servidores da UFPel: <\/strong>preencher o <span style=\"color: #0000ff;\"><a style=\"color: #0000ff;\" href=\"https:\/\/wp.ufpel.edu.br\/clmd\/files\/2024\/04\/MODELO-SOLICITACAO-AFASTAMENTO.docx\">FORMUL\u00c1RIO<\/a><\/span> (nos campos destacados em amarelo), elaborar uma <span style=\"color: #0000ff;\"><a style=\"color: #0000ff;\" href=\"https:\/\/wp.ufpel.edu.br\/clmd\/files\/2024\/04\/MODELO_NOTA_TECNICA.docx\">NOTA T\u00c9CNICA<\/a> <\/span>e enviar para <span style=\"color: #0000ff;\">coordenacao.clmd@gmail.com, <span style=\"color: #000000;\">juntamente com c\u00f3pia do documento de identifica\u00e7\u00e3o e Curr\u00edculo Lattes. A nota t\u00e9cnica, CI e Curr\u00edculo, enviar somente na primeira viagem do ano. Enviar para a coordena\u00e7\u00e3o do curso com o of\u00edcio recebido do polo.<\/span><\/span><\/li>\n<li style=\"text-align: justify;\">Informar aos discentes que a confirma\u00e7\u00e3o da atividade presencial se dar\u00e1 ap\u00f3s autoriza\u00e7\u00e3o do Setor de Transporte da universidade.<\/li>\n<li style=\"text-align: justify;\">Se necess\u00e1rio a pernoite, temos <span style=\"color: #0000ff;\"><a style=\"color: #0000ff;\" href=\"https:\/\/wp.ufpel.edu.br\/clmd\/sugestoes-de-locais-para-hospedagem\/\">SUGEST\u00d5ES DE HOT\u00c9IS\/POUSADAS<\/a><\/span> onde a equipe da UAB e dos cursos EaD costumam se hospedar. Orienta-se entrar em contato antecipadamente para realizar a reserva. Os endere\u00e7os dos polos podem ser consultados no:\u00a0<span style=\"color: #0000ff;\"><a style=\"color: #0000ff;\" href=\"https:\/\/wp.ufpel.edu.br\/clmd\/institucional\/polos\/\" target=\"_blank\" rel=\"noopener\">MAPA DOS POLOS COM OFERTA CLMD.<\/a><\/span><\/li>\n<li style=\"text-align: justify;\">Ao realizar a atividade, solicitar \u00e0 coordena\u00e7\u00e3o do polo um Atestado de presen\u00e7a, com nome do professor e data da atividade, para presta\u00e7\u00e3o de contas da viagem. Se foi utilizado transporte rodovi\u00e1rio, ou pago tarifa de balsa,\u00a0 os comprovantes devem ser enviados para ressarcimento do valor.<\/li>\n<\/ul>\n","protected":false},"excerpt":{"rendered":"<p>SOBRE AS ATIVIDADES PRESENCIAIS NOS POLOS \u00a0 \u00a0 \u00a0 As atividades presenciais devem constar no plano de ensino da disciplina e serem informadas na tabela disponibilizada a seguir, com as datas, hor\u00e1rio e os polos onde desejam realizar atividades presenciais. TABELA DE AGENDAMENTO DE VIAGENS Os professores formadores e tutores devem confirmar com os estudantes [&hellip;]<\/p>\n","protected":false},"author":710,"featured_media":0,"parent":1268,"menu_order":0,"comment_status":"closed","ping_status":"closed","template":"","meta":{"footnotes":""},"class_list":["post-1371","page","type-page","status-publish","hentry"],"_links":{"self":[{"href":"https:\/\/wp.ufpel.edu.br\/clmd\/wp-json\/wp\/v2\/pages\/1371","targetHints":{"allow":["GET"]}}],"collection":[{"href":"https:\/\/wp.ufpel.edu.br\/clmd\/wp-json\/wp\/v2\/pages"}],"about":[{"href":"https:\/\/wp.ufpel.edu.br\/clmd\/wp-json\/wp\/v2\/types\/page"}],"author":[{"embeddable":true,"href":"https:\/\/wp.ufpel.edu.br\/clmd\/wp-json\/wp\/v2\/users\/710"}],"replies":[{"embeddable":true,"href":"https:\/\/wp.ufpel.edu.br\/clmd\/wp-json\/wp\/v2\/comments?post=1371"}],"version-history":[{"count":3,"href":"https:\/\/wp.ufpel.edu.br\/clmd\/wp-json\/wp\/v2\/pages\/1371\/revisions"}],"predecessor-version":[{"id":3573,"href":"https:\/\/wp.ufpel.edu.br\/clmd\/wp-json\/wp\/v2\/pages\/1371\/revisions\/3573"}],"up":[{"embeddable":true,"href":"https:\/\/wp.ufpel.edu.br\/clmd\/wp-json\/wp\/v2\/pages\/1268"}],"wp:attachment":[{"href":"https:\/\/wp.ufpel.edu.br\/clmd\/wp-json\/wp\/v2\/media?parent=1371"}],"curies":[{"name":"wp","href":"https:\/\/api.w.org\/{rel}","templated":true}]}}