{"id":1318,"date":"2023-09-14T13:06:02","date_gmt":"2023-09-14T16:06:02","guid":{"rendered":"https:\/\/wp.ufpel.edu.br\/clmd\/?page_id=1318"},"modified":"2025-10-29T16:53:54","modified_gmt":"2025-10-29T19:53:54","slug":"modelo-de-arquivos-para-downloads","status":"publish","type":"page","link":"https:\/\/wp.ufpel.edu.br\/clmd\/espaco-equipe-clmd\/modelo-de-arquivos-para-downloads\/","title":{"rendered":"Modelos de arquivos para downloads"},"content":{"rendered":"<p><a href=\"https:\/\/wp.ufpel.edu.br\/clmd\/files\/2025\/10\/cabecalho_paginas.png\"><img class=\"aligncenter size-full wp-image-3470\" src=\"https:\/\/wp.ufpel.edu.br\/clmd\/files\/2025\/10\/cabecalho_paginas.png\" alt=\"\" width=\"1314\" height=\"185\" \/><\/a><\/p>\n<p><strong>QUANTO A PROVAS E AVALIA\u00c7\u00d5ES NAS DISCIPLINAS &#8211; O Colegiado entende que deve existir um padr\u00e3o:<\/strong><\/p>\n<ul>\n<li>Cabe\u00e7alho de provas e atas padr\u00e3o disponibilizado nos arquivos a seguir;<\/li>\n<li>Na prova, procurar n\u00e3o deixar espa\u00e7os entre as quest\u00f5es;<\/li>\n<li>Utilizar o m\u00ednimo poss\u00edvel de p\u00e1ginas, pois as provas s\u00e3o impressas no polo;<\/li>\n<li>Atas de freq\u00fc\u00eancia individuais para cada polo, para ser feita a impress\u00e3o adequada \u00e0 quantidade de alunos<\/li>\n<\/ul>\n<p><strong>Modelos de arquivos para download<\/strong><\/p>\n<p><a href=\"https:\/\/wp.ufpel.edu.br\/clmd\/files\/2023\/09\/2023_1-Cabecalho-Atas-de-Presenca.docx\" target=\"_blank\" rel=\"noopener\">Cabe\u00e7alho Atas de Presen\u00e7a<\/a><\/p>\n<p><a href=\"https:\/\/wp.ufpel.edu.br\/clmd\/files\/2023\/09\/2023_1-Cabecalho-PROVAS.docx\" target=\"_blank\" rel=\"noopener\">Cabe\u00e7alho PROVAS<\/a><\/p>\n<p><a href=\"https:\/\/wp.ufpel.edu.br\/clmd\/files\/2023\/09\/2023_1-INSTRUCOES-DE-PROVA.docx\" target=\"_blank\" rel=\"noopener\">INSTRU\u00c7\u00d5ES DE PROVA<\/a><\/p>\n<p>&nbsp;<\/p>\n","protected":false},"excerpt":{"rendered":"<p>QUANTO A PROVAS E AVALIA\u00c7\u00d5ES NAS DISCIPLINAS &#8211; O Colegiado entende que deve existir um padr\u00e3o: Cabe\u00e7alho de provas e atas padr\u00e3o disponibilizado nos arquivos a seguir; Na prova, procurar n\u00e3o deixar espa\u00e7os entre as quest\u00f5es; Utilizar o m\u00ednimo poss\u00edvel de p\u00e1ginas, pois as provas s\u00e3o impressas no polo; Atas de freq\u00fc\u00eancia individuais para cada [&hellip;]<\/p>\n","protected":false},"author":710,"featured_media":0,"parent":1268,"menu_order":0,"comment_status":"closed","ping_status":"closed","template":"","meta":{"footnotes":""},"class_list":["post-1318","page","type-page","status-publish","hentry"],"_links":{"self":[{"href":"https:\/\/wp.ufpel.edu.br\/clmd\/wp-json\/wp\/v2\/pages\/1318","targetHints":{"allow":["GET"]}}],"collection":[{"href":"https:\/\/wp.ufpel.edu.br\/clmd\/wp-json\/wp\/v2\/pages"}],"about":[{"href":"https:\/\/wp.ufpel.edu.br\/clmd\/wp-json\/wp\/v2\/types\/page"}],"author":[{"embeddable":true,"href":"https:\/\/wp.ufpel.edu.br\/clmd\/wp-json\/wp\/v2\/users\/710"}],"replies":[{"embeddable":true,"href":"https:\/\/wp.ufpel.edu.br\/clmd\/wp-json\/wp\/v2\/comments?post=1318"}],"version-history":[{"count":3,"href":"https:\/\/wp.ufpel.edu.br\/clmd\/wp-json\/wp\/v2\/pages\/1318\/revisions"}],"predecessor-version":[{"id":3472,"href":"https:\/\/wp.ufpel.edu.br\/clmd\/wp-json\/wp\/v2\/pages\/1318\/revisions\/3472"}],"up":[{"embeddable":true,"href":"https:\/\/wp.ufpel.edu.br\/clmd\/wp-json\/wp\/v2\/pages\/1268"}],"wp:attachment":[{"href":"https:\/\/wp.ufpel.edu.br\/clmd\/wp-json\/wp\/v2\/media?parent=1318"}],"curies":[{"name":"wp","href":"https:\/\/api.w.org\/{rel}","templated":true}]}}