{"id":1310,"date":"2023-09-14T12:27:11","date_gmt":"2023-09-14T15:27:11","guid":{"rendered":"https:\/\/wp.ufpel.edu.br\/clmd\/?page_id=1310"},"modified":"2025-11-10T14:28:12","modified_gmt":"2025-11-10T17:28:12","slug":"orientacoes-sobre-envio-das-provas-do-clmd","status":"publish","type":"page","link":"https:\/\/wp.ufpel.edu.br\/clmd\/espaco-equipe-clmd\/orientacoes-sobre-envio-das-provas-do-clmd\/","title":{"rendered":"Orienta\u00e7\u00f5es sobre envio das provas do CLMD"},"content":{"rendered":"<p>&nbsp;<\/p>\n<p><a href=\"https:\/\/wp.ufpel.edu.br\/clmd\/files\/2025\/10\/cabecalho_paginas.png\"><img class=\"aligncenter size-full wp-image-3470\" src=\"https:\/\/wp.ufpel.edu.br\/clmd\/files\/2025\/10\/cabecalho_paginas.png\" alt=\"\" width=\"1314\" height=\"185\" \/><\/a><\/p>\n<p style=\"text-align: justify;\">As Provas Presenciais Obrigat\u00f3rias (P1 e P2), Optativas e Exames das disciplinas do semestre do CLMS acontecer\u00e3o, conforme o agendamento no\u00a0 <span style=\"color: #0000ff;\"><a style=\"color: #0000ff;\" href=\"https:\/\/wp.ufpel.edu.br\/clmd\/calendario-e-cronogramas\/\" target=\"_blank\" rel=\"noopener\">Cronograma de Web Confer\u00eancia e Provas<\/a><\/span>, apresentados no in\u00edcio do semestre.<\/p>\n<p><strong>ORIENTA\u00c7\u00d5ES PARA O ENVIO DAS PROVAS PELOS PROFESSORES FORMADORES:<\/strong><\/p>\n<ul>\n<li style=\"text-align: justify;\"><strong>\u00a0<\/strong><span style=\"color: var(--cor-texto); font-family: var(--fonte-corpo);\">Cada professor(a)\u00a0 usar\u00e1 os <\/span><strong style=\"color: var(--cor-texto); font-family: var(--fonte-corpo);\">Cabe\u00e7alhos de Prova <\/strong>e<strong style=\"color: var(--cor-texto); font-family: var(--fonte-corpo);\"> Atas de Presen\u00e7a<\/strong><span style=\"color: var(--cor-texto); font-family: var(--fonte-corpo);\">, conforme os <span style=\"color: #0000ff;\"><a style=\"color: #0000ff;\" href=\"https:\/\/wp.ufpel.edu.br\/clmd\/espaco-equipe-clmd\/modelo-de-arquivos-para-downloads\/\" target=\"_blank\" rel=\"noopener\">modelos disponibilizados<\/a><\/span>;<\/span><\/li>\n<li style=\"text-align: justify;\">As provas dever\u00e3o ser elaboradas para serem desenvolvidas no per\u00edodo m\u00e1ximo de 3h;<\/li>\n<li style=\"text-align: justify;\">Cada professor(a) da disciplina ser\u00e1 o respons\u00e1vel pelo envio da <strong>Prova <\/strong>e<strong> Atas de Presen\u00e7a <\/strong>\u00e0s Coordena\u00e7\u00f5es dos Polos, Tutor a Dist\u00e2ncia e Presencial, com c\u00f3pia para a Coordena\u00e7\u00e3o CLMS, conforme os <span style=\"color: #0000ff;\"><a style=\"color: #0000ff;\" href=\"https:\/\/docs.google.com\/spreadsheets\/d\/17ODP9OZ6bv6-5ofKt4WSU5_mTymsmbAcLebHV5I3J6c\/edit?usp=sharing\" target=\"_blank\" rel=\"noopener\">endere\u00e7os eletr\u00f4nicos<\/a><\/span> informados (e dispon\u00edveis nesse link).<strong style=\"text-align: justify; color: var(--cor-texto); font-family: var(--fonte-corpo);\">\u00a0<\/strong><\/li>\n<li style=\"text-align: justify;\">O envio, para as provas a serem realizadas de segunda a sexta-feira, deve ser realizado at\u00e9 <strong>\u00a0\u00e0s 18h do dia anterior ao dia da prova,<\/strong> a fim de que sejam providenciadas as c\u00f3pias necess\u00e1rias, de acordo com as atas de presen\u00e7a que d\u00e3o conta da quantidade de alunos matriculados na disciplina em cada polo, devendo ter a orienta\u00e7\u00e3o de lacrar o envelope, o qual ser\u00e1 aberto na presen\u00e7a da turma que realizar\u00e1 a prova.<\/li>\n<li style=\"text-align: justify;\">No caso de provas a serem realizadas no <strong>S\u00c1BADO<\/strong>, dia letivo na UFPel, tanto pela manh\u00e3 como pela tarde, o <strong>envio dever\u00e1 ser feito na sexta feira, at\u00e9 \u00e0s 12 horas.\u00a0<\/strong><\/li>\n<li style=\"text-align: justify;\">O professor envia um \u00daNICO e-mail, a todos os polos e tutores, contendo os seguintes arquivos:\u00a0 instru\u00e7\u00f5es sobre a prova, a prova em PDF e Ata de Presen\u00e7a em PDF (um arquivo de cada polo);<\/li>\n<li style=\"text-align: justify;\">Na mensagem enviada, devem solicitar aos coordenadores dos polos que acusem o recebimento, a fim de que se certifiquem de que as mesmas chegaram a seu destino, RESPONDENDO SOMENTE AO PROFESSOR, evitando ru\u00eddos de comunica\u00e7\u00e3o nas caixas de mensagens dos polos.<\/li>\n<\/ul>\n<p>&nbsp;<\/p>\n<p><strong>\u00a0ORIENTA\u00c7\u00d5ES SOBRE A IDENTIFICA\u00c7\u00c3O\u00a0 DAS MENSAGENS E ARQUIVOS A SEREM ENVIADOS:<\/strong><\/p>\n<ul>\n<li>O t\u00edtulo da mensagem de <strong>ENVIO <\/strong>da prova deve identificar o nome da disciplina e data da avalia\u00e7\u00e3o, e devem seguir o padr\u00e3o:<\/li>\n<\/ul>\n<p style=\"padding-left: 40px;\">Envio Prova1_disciplina_data_CLMS<\/p>\n<p style=\"padding-left: 40px;\">Envio Prova2_disciplina_data_CLMS<\/p>\n<p style=\"padding-left: 40px;\">Envio Optativa_disciplina_data_CLMS<\/p>\n<p style=\"padding-left: 40px;\">Envio Exame_disciplina_data_CLMS<\/p>\n<p style=\"padding-left: 40px;\">Exemplo: <strong>Envio Prova1_ME B_13-05-2022_CLMS<\/strong><\/p>\n<ul>\n<li>Da mesma forma os nomes dos arquivos das provas e atas de presen\u00e7a devem seguir um padr\u00e3o para serem nomeados:<\/li>\n<\/ul>\n<p style=\"padding-left: 40px;\">CLMS_Prova1_disciplina_data<\/p>\n<p style=\"padding-left: 40px;\">disciplina_AtaPresenca_nome do Polo<\/p>\n<p style=\"padding-left: 40px;\">Exemplo: \u00a0\u00a0CLMS_Prova1_LEMA A_14-04-2022\u00a0 \u00a0 \u00a0 \u00a0 \u00a0 \u00a0 \u00a0 \u00a0 \u00a0 \u00a0 \u00a0 \u00a0 \u00a0 \u00a0 \u00a0 \u00a0 \u00a0 \u00a0 \u00a0 \u00a0 \u00a0 \u00a0 \u00a0 \u00a0 \u00a0 \u00a0 \u00a0 \u00a0 \u00a0 \u00a0 \u00a0 \u00a0 \u00a0 \u00a0 \u00a0 \u00a0 \u00a0 \u00a0 \u00a0 \u00a0 \u00a0 \u00a0 \u00a0 \u00a0 \u00a0 \u00a0 \u00a0 \u00a0 \u00a0 \u00a0 \u00a0 \u00a0 \u00a0 \u00a0 \u00a0 \u00a0 \u00a0 \u00a0 \u00a0 \u00a0 \u00a0 \u00a0 \u00a0 \u00a0\u00a0LEMA A_Ata Presenca_Panambi<\/p>\n<p>.<\/p>\n<p><strong>ORIENTA\u00c7\u00d5ES PARA O ENVIO DAS PROVAS DIGITALIZADAS PELOS TUTORES PRESENCIAIS:<\/strong><\/p>\n<ul>\n<li style=\"text-align: justify;\">O envio das provas digitalizadas para a corre\u00e7\u00e3o deve ser endere\u00e7ada ao <strong>e-mail do professor da disciplina<\/strong> e o t\u00edtulo da mensagem de <strong>ENVIO <\/strong>deve identificar o nome da disciplina e data da avalia\u00e7\u00e3o, seguindo o padr\u00e3o:<\/li>\n<\/ul>\n<p style=\"text-align: justify; padding-left: 40px;\">Prova (1 ou 2 ou Optativa ou Exame) digitalizada &#8211; nome da disciplina &#8211; data da prova &#8211; Polo<\/p>\n<p style=\"padding-left: 40px;\"><strong>\u00a0<\/strong><strong>Exemplo:<\/strong> Prova 2 MEB digitalizada -15-04-2022 &#8211; Itaqui<\/p>\n<ul>\n<li>As PROVA 1, PROVA 2, PROVA OPTATIVA e EXAME, dever\u00e3o ser <strong>digitalizadas com cuidado<\/strong>, pelos tutores presenciais (ou pelo secret\u00e1rio ou assistente a doc\u00eancia do polo, onde n\u00e3o h\u00e1 tutor presencial):<\/li>\n<\/ul>\n<p style=\"text-align: center;\"><a href=\"https:\/\/wp.ufpel.edu.br\/clmd\/files\/2023\/09\/WhatsApp-Image-2023-07-21-at-17.45.10.jpeg\"><img class=\"aligncenter size-full wp-image-1334\" src=\"https:\/\/wp.ufpel.edu.br\/clmd\/files\/2023\/09\/WhatsApp-Image-2023-07-21-at-17.45.10.jpeg\" alt=\"\" width=\"588\" height=\"234\" srcset=\"https:\/\/wp.ufpel.edu.br\/clmd\/files\/2023\/09\/WhatsApp-Image-2023-07-21-at-17.45.10.jpeg 588w, https:\/\/wp.ufpel.edu.br\/clmd\/files\/2023\/09\/WhatsApp-Image-2023-07-21-at-17.45.10-400x159.jpeg 400w\" sizes=\"(max-width: 588px) 100vw, 588px\" \/><\/a><\/p>\n<p>&nbsp;<\/p>\n<p><strong>ORIENTA\u00c7\u00d5ES SOBRE AS CORRE\u00c7\u00d5ES DAS PROVAS DIGITALIZADAS<\/strong><\/p>\n<ul>\n<li>Ap\u00f3s o recebimento das provas digitalizadas, o professor da disciplina as distribui entre seus tutores para a corre\u00e7\u00e3o;<\/li>\n<li>Sempre que poss\u00edvel, seja combinado o dia e hor\u00e1rio de encontro do professor respons\u00e1vel da disciplina e os professores tutores, na sala 302 da sede do Curso, para realizarem juntos as corre\u00e7\u00f5es, objetivando\u00a0 a uniformidade na aplica\u00e7\u00e3o dos crit\u00e9rios adotados;<\/li>\n<li>As corre\u00e7\u00f5es das provas digitalizadas dever\u00e3o constar no arquivo PDF, sendo salvas e arquivadas pelo professor respons\u00e1vel da disciplina at\u00e9 o final do semestre;<\/li>\n<li>O arquivo com as corre\u00e7\u00f5es ser\u00e1 enviado a cada aluno, em resposta ao e-mail que ele deve enviar ao professor ou tutor a dist\u00e2ncia da disciplina, solicitando o envio.<\/li>\n<li>Ap\u00f3s a divulga\u00e7\u00e3o das notas, professor e tutores, empenhem-se em realizar atividades de recupera\u00e7\u00e3o do conte\u00fado em que o aluno n\u00e3o apresentou satisfat\u00f3ria aprendizagem, ajudando-o a perceber e superar os erros apresentados nas avalia\u00e7\u00f5es.<\/li>\n<\/ul>\n","protected":false},"excerpt":{"rendered":"<p>&nbsp; As Provas Presenciais Obrigat\u00f3rias (P1 e P2), Optativas e Exames das disciplinas do semestre do CLMS acontecer\u00e3o, conforme o agendamento no\u00a0 Cronograma de Web Confer\u00eancia e Provas, apresentados no in\u00edcio do semestre. ORIENTA\u00c7\u00d5ES PARA O ENVIO DAS PROVAS PELOS PROFESSORES FORMADORES: \u00a0Cada professor(a)\u00a0 usar\u00e1 os Cabe\u00e7alhos de Prova e Atas de Presen\u00e7a, conforme os [&hellip;]<\/p>\n","protected":false},"author":710,"featured_media":0,"parent":1268,"menu_order":0,"comment_status":"closed","ping_status":"closed","template":"","meta":{"footnotes":""},"class_list":["post-1310","page","type-page","status-publish","hentry"],"_links":{"self":[{"href":"https:\/\/wp.ufpel.edu.br\/clmd\/wp-json\/wp\/v2\/pages\/1310","targetHints":{"allow":["GET"]}}],"collection":[{"href":"https:\/\/wp.ufpel.edu.br\/clmd\/wp-json\/wp\/v2\/pages"}],"about":[{"href":"https:\/\/wp.ufpel.edu.br\/clmd\/wp-json\/wp\/v2\/types\/page"}],"author":[{"embeddable":true,"href":"https:\/\/wp.ufpel.edu.br\/clmd\/wp-json\/wp\/v2\/users\/710"}],"replies":[{"embeddable":true,"href":"https:\/\/wp.ufpel.edu.br\/clmd\/wp-json\/wp\/v2\/comments?post=1310"}],"version-history":[{"count":3,"href":"https:\/\/wp.ufpel.edu.br\/clmd\/wp-json\/wp\/v2\/pages\/1310\/revisions"}],"predecessor-version":[{"id":3481,"href":"https:\/\/wp.ufpel.edu.br\/clmd\/wp-json\/wp\/v2\/pages\/1310\/revisions\/3481"}],"up":[{"embeddable":true,"href":"https:\/\/wp.ufpel.edu.br\/clmd\/wp-json\/wp\/v2\/pages\/1268"}],"wp:attachment":[{"href":"https:\/\/wp.ufpel.edu.br\/clmd\/wp-json\/wp\/v2\/media?parent=1310"}],"curies":[{"name":"wp","href":"https:\/\/api.w.org\/{rel}","templated":true}]}}