{"id":1304,"date":"2023-09-14T11:38:40","date_gmt":"2023-09-14T14:38:40","guid":{"rendered":"https:\/\/wp.ufpel.edu.br\/clmd\/?page_id=1304"},"modified":"2023-09-14T11:38:40","modified_gmt":"2023-09-14T14:38:40","slug":"atribuicoes-do-coordenador-de-curso","status":"publish","type":"page","link":"https:\/\/wp.ufpel.edu.br\/clmd\/espaco-equipe-clmd\/atribuicoes-do-coordenador-de-curso\/","title":{"rendered":"Atribui\u00e7\u00f5es do Coordenador de Curso"},"content":{"rendered":"<p><a href=\"https:\/\/wp.ufpel.edu.br\/clmd\/files\/2023\/09\/cabecalho_paginas_restrita-1.png\"><img class=\"aligncenter size-full wp-image-1281\" src=\"https:\/\/wp.ufpel.edu.br\/clmd\/files\/2023\/09\/cabecalho_paginas_restrita-1.png\" alt=\"\" width=\"1314\" height=\"181\" srcset=\"https:\/\/wp.ufpel.edu.br\/clmd\/files\/2023\/09\/cabecalho_paginas_restrita-1.png 1314w, https:\/\/wp.ufpel.edu.br\/clmd\/files\/2023\/09\/cabecalho_paginas_restrita-1-400x55.png 400w, https:\/\/wp.ufpel.edu.br\/clmd\/files\/2023\/09\/cabecalho_paginas_restrita-1-1024x141.png 1024w, https:\/\/wp.ufpel.edu.br\/clmd\/files\/2023\/09\/cabecalho_paginas_restrita-1-768x106.png 768w\" sizes=\"(max-width: 1314px) 100vw, 1314px\" \/><\/a><\/p>\n<p>Conforme o formul\u00e1rio de Cadastramento\/ Termo de Compromisso de bolsistas da<br \/>\nUniversidade Aberta do Brasil (UAB):<\/p>\n<ul>\n<li>Coordenar, acompanhar e avaliar as atividades acad\u00eamicas do curso;<\/li>\n<li>Participar das atividades de capacita\u00e7\u00e3o e de atualiza\u00e7\u00e3o desenvolvidas na Institui\u00e7\u00e3o de<br \/>\nEnsino;<\/li>\n<li>Participar dos grupos de trabalho para o desenvolvimento de metodologia, elabora\u00e7\u00e3o de<br \/>\nmateriais did\u00e1ticos para a modalidade a dist\u00e2ncia e sistema de avalia\u00e7\u00e3o do aluno;<\/li>\n<li>Realizar o planejamento e o desenvolvimento das atividades de sele\u00e7\u00e3o e capacita\u00e7\u00e3o dos<br \/>\nprofissionais envolvidos no curso;<\/li>\n<li>Elaborar, em conjunto com o corpo docente do curso, o sistema de avalia\u00e7\u00e3o do aluno;<\/li>\n<li>Participar dos f\u00f3runs virtuais e presenciais da \u00e1rea de atua\u00e7\u00e3o;<\/li>\n<li>Realizar o planejamento e o desenvolvimento dos processos seletivos de alunos, em<br \/>\nconjunto com o coordenador UAB;<\/li>\n<li>Acompanhar o registro acad\u00eamico dos alunos matriculados no curso;<\/li>\n<li>Verificar \u201cin loco\u201d o bom andamento dos cursos;<\/li>\n<li>Acompanhar e supervisionar as atividades: dos tutores, dos professores, do coordenador<br \/>\nde tutoria e dos coordenadores de p\u00f3lo;<\/li>\n<li>Informar para o coordenador UAB a rela\u00e7\u00e3o mensal de bolsistas aptos e inaptos para<br \/>\nrecebimento;<\/li>\n<li>Auxiliar o coordenador UAB na elabora\u00e7\u00e3o da planilha financeira do curso.<\/li>\n<\/ul>\n<p>&nbsp;<\/p>\n","protected":false},"excerpt":{"rendered":"<p>Conforme o formul\u00e1rio de Cadastramento\/ Termo de Compromisso de bolsistas da Universidade Aberta do Brasil (UAB): Coordenar, acompanhar e avaliar as atividades acad\u00eamicas do curso; Participar das atividades de capacita\u00e7\u00e3o e de atualiza\u00e7\u00e3o desenvolvidas na Institui\u00e7\u00e3o de Ensino; Participar dos grupos de trabalho para o desenvolvimento de metodologia, elabora\u00e7\u00e3o de materiais did\u00e1ticos para a modalidade [&hellip;]<\/p>\n","protected":false},"author":710,"featured_media":0,"parent":1268,"menu_order":0,"comment_status":"closed","ping_status":"closed","template":"","meta":{"footnotes":""},"class_list":["post-1304","page","type-page","status-publish","hentry"],"_links":{"self":[{"href":"https:\/\/wp.ufpel.edu.br\/clmd\/wp-json\/wp\/v2\/pages\/1304","targetHints":{"allow":["GET"]}}],"collection":[{"href":"https:\/\/wp.ufpel.edu.br\/clmd\/wp-json\/wp\/v2\/pages"}],"about":[{"href":"https:\/\/wp.ufpel.edu.br\/clmd\/wp-json\/wp\/v2\/types\/page"}],"author":[{"embeddable":true,"href":"https:\/\/wp.ufpel.edu.br\/clmd\/wp-json\/wp\/v2\/users\/710"}],"replies":[{"embeddable":true,"href":"https:\/\/wp.ufpel.edu.br\/clmd\/wp-json\/wp\/v2\/comments?post=1304"}],"version-history":[{"count":1,"href":"https:\/\/wp.ufpel.edu.br\/clmd\/wp-json\/wp\/v2\/pages\/1304\/revisions"}],"predecessor-version":[{"id":1306,"href":"https:\/\/wp.ufpel.edu.br\/clmd\/wp-json\/wp\/v2\/pages\/1304\/revisions\/1306"}],"up":[{"embeddable":true,"href":"https:\/\/wp.ufpel.edu.br\/clmd\/wp-json\/wp\/v2\/pages\/1268"}],"wp:attachment":[{"href":"https:\/\/wp.ufpel.edu.br\/clmd\/wp-json\/wp\/v2\/media?parent=1304"}],"curies":[{"name":"wp","href":"https:\/\/api.w.org\/{rel}","templated":true}]}}