{"id":1286,"date":"2023-09-14T10:53:40","date_gmt":"2023-09-14T13:53:40","guid":{"rendered":"https:\/\/wp.ufpel.edu.br\/clmd\/?page_id=1286"},"modified":"2023-09-14T11:08:18","modified_gmt":"2023-09-14T14:08:18","slug":"atribuicoes-do-coordenador-de-tutoria","status":"publish","type":"page","link":"https:\/\/wp.ufpel.edu.br\/clmd\/espaco-equipe-clmd\/atribuicoes-do-coordenador-de-tutoria\/","title":{"rendered":"Atribui\u00e7\u00f5es do Coordenador de Tutoria"},"content":{"rendered":"<p><a href=\"https:\/\/wp.ufpel.edu.br\/clmd\/files\/2023\/09\/cabecalho_paginas_restrita-1.png\"><img class=\"aligncenter size-full wp-image-1281\" src=\"https:\/\/wp.ufpel.edu.br\/clmd\/files\/2023\/09\/cabecalho_paginas_restrita-1.png\" alt=\"\" width=\"1314\" height=\"181\" srcset=\"https:\/\/wp.ufpel.edu.br\/clmd\/files\/2023\/09\/cabecalho_paginas_restrita-1.png 1314w, https:\/\/wp.ufpel.edu.br\/clmd\/files\/2023\/09\/cabecalho_paginas_restrita-1-400x55.png 400w, https:\/\/wp.ufpel.edu.br\/clmd\/files\/2023\/09\/cabecalho_paginas_restrita-1-1024x141.png 1024w, https:\/\/wp.ufpel.edu.br\/clmd\/files\/2023\/09\/cabecalho_paginas_restrita-1-768x106.png 768w\" sizes=\"(max-width: 1314px) 100vw, 1314px\" \/><\/a><\/p>\n<p>Cabe \u00e0 Coordena\u00e7\u00e3o de Tutoria a responsabilidade pela supervis\u00e3o do trabalho dos tutores a dist\u00e2ncia e presenciais, garantir que os princ\u00edpios pedag\u00f3gicos do Projeto do Curso estejam presentes nas orienta\u00e7\u00f5es dadas aos alunos e na forma de trabalho dos tutores, sejam eles tutores da sede ou os tutores nos polos. \u00c9 o respons\u00e1vel pela articula\u00e7\u00e3o entre os diferentes tutores para que haja uma orienta\u00e7\u00e3o comum em todos os polos.<\/p>\n<p>Al\u00e9m disso, \u00e9 \u00e0 Coordena\u00e7\u00e3o de Tutoria que os tutores se reportam sempre que necessitam de alguma informa\u00e7\u00e3o ou material para desempenhar suas fun\u00e7\u00f5es.<\/p>\n<p>O Coordenador de Tutoria \u00e9 um professor com experi\u00eancia pedag\u00f3gica, preferencialmente com capacita\u00e7\u00e3o espec\u00edfica em EaD e com experi\u00eancia em coordena\u00e7\u00e3o de projetos de ensino, pesquisa e\/ou extens\u00e3o. O Coordenador de Tutoria manter\u00e1 um controle das quest\u00f5es levantadas freq\u00fcentemente pelos alunos, assim como identificar\u00e1 as dificuldades encontradas em seu processo de aprendizagem. Essas informa\u00e7\u00f5es servir\u00e3o de base para discuss\u00e3o em encontros peri\u00f3dicos com os tutores bem como ser\u00e3o o conte\u00fado a ser inclu\u00eddo em tutoriais disponibilizados no ambiente de aprendizagem.<\/p>\n<p>O Coordenador de Tutoria deve solicitar e organizar a documenta\u00e7\u00e3o dos tutores para a efetiva\u00e7\u00e3o do cadastro dos mesmos junto ao SGB \u2013 Sistema de Gest\u00e3o de Bolsas. Ap\u00f3s, disponibilizar o envio a Coordena\u00e7\u00e3o do Curso que solicitar\u00e1 o cadastro dos mesmos junto a Coordena\u00e7\u00e3o UAB local.<\/p>\n<p><strong>O Coordenador de Tutoria recebe a bolsa respectiva da CAPES\/UAB para exercer tal fun\u00e7\u00e3o. Suas atribui\u00e7\u00f5es, definidas pela CAPES\/UAB s\u00e3o:<\/strong><\/p>\n<ul>\n<li>Participar das atividades de capacita\u00e7\u00e3o e atualiza\u00e7\u00e3o;<\/li>\n<li>Acompanhar o planejamento e o desenvolvimento processos seletivos de tutores, em conjunto com a coordena\u00e7\u00e3o de curso;<\/li>\n<li>Acompanhar as atividades acad\u00eamicas do curso;<\/li>\n<li>Verificar \u201c<em>in loco<\/em>\u201d o bom andamento dos cursos;<\/li>\n<li>Informar para o coordenador do curso qual a rela\u00e7\u00e3o mensal de tutores aptos e inaptos para recebimento de bolsas;<\/li>\n<li>Acompanhar o planejamento e desenvolvimento das atividades de sele\u00e7\u00e3o e capacita\u00e7\u00e3o dos tutores envolvidos no programa;<\/li>\n<li>Acompanhar e supervisionar as atividades dos tutores;<\/li>\n<li>Encaminhar \u00e0 coordena\u00e7\u00e3o do curso relat\u00f3rio semestral de desempenho da tutoria.<\/li>\n<\/ul>\n<p><strong>Atribui\u00e7\u00f5es adicionais do Coordenador de Tutoria conforme entendimento do Colegiado do CLMD:<\/strong><\/p>\n<ul>\n<li>Colaborar com o trabalho da Coordena\u00e7\u00e3o do Curso quando<\/li>\n<li>Acompanhar o desempenho dos alunos no Cobalto, elaborando relat\u00f3rios de quantidades de alunos matriculados, reprovados e em abandono, quando solicitado.<\/li>\n<\/ul>\n","protected":false},"excerpt":{"rendered":"<p>Cabe \u00e0 Coordena\u00e7\u00e3o de Tutoria a responsabilidade pela supervis\u00e3o do trabalho dos tutores a dist\u00e2ncia e presenciais, garantir que os princ\u00edpios pedag\u00f3gicos do Projeto do Curso estejam presentes nas orienta\u00e7\u00f5es dadas aos alunos e na forma de trabalho dos tutores, sejam eles tutores da sede ou os tutores nos polos. \u00c9 o respons\u00e1vel pela articula\u00e7\u00e3o [&hellip;]<\/p>\n","protected":false},"author":710,"featured_media":0,"parent":1268,"menu_order":0,"comment_status":"closed","ping_status":"closed","template":"","meta":{"footnotes":""},"class_list":["post-1286","page","type-page","status-publish","hentry"],"_links":{"self":[{"href":"https:\/\/wp.ufpel.edu.br\/clmd\/wp-json\/wp\/v2\/pages\/1286","targetHints":{"allow":["GET"]}}],"collection":[{"href":"https:\/\/wp.ufpel.edu.br\/clmd\/wp-json\/wp\/v2\/pages"}],"about":[{"href":"https:\/\/wp.ufpel.edu.br\/clmd\/wp-json\/wp\/v2\/types\/page"}],"author":[{"embeddable":true,"href":"https:\/\/wp.ufpel.edu.br\/clmd\/wp-json\/wp\/v2\/users\/710"}],"replies":[{"embeddable":true,"href":"https:\/\/wp.ufpel.edu.br\/clmd\/wp-json\/wp\/v2\/comments?post=1286"}],"version-history":[{"count":3,"href":"https:\/\/wp.ufpel.edu.br\/clmd\/wp-json\/wp\/v2\/pages\/1286\/revisions"}],"predecessor-version":[{"id":1294,"href":"https:\/\/wp.ufpel.edu.br\/clmd\/wp-json\/wp\/v2\/pages\/1286\/revisions\/1294"}],"up":[{"embeddable":true,"href":"https:\/\/wp.ufpel.edu.br\/clmd\/wp-json\/wp\/v2\/pages\/1268"}],"wp:attachment":[{"href":"https:\/\/wp.ufpel.edu.br\/clmd\/wp-json\/wp\/v2\/media?parent=1286"}],"curies":[{"name":"wp","href":"https:\/\/api.w.org\/{rel}","templated":true}]}}