{"id":1278,"date":"2023-09-14T10:37:03","date_gmt":"2023-09-14T13:37:03","guid":{"rendered":"https:\/\/wp.ufpel.edu.br\/clmd\/?page_id=1278"},"modified":"2023-09-14T11:04:05","modified_gmt":"2023-09-14T14:04:05","slug":"atribuicoes-dos-professores-formadores","status":"publish","type":"page","link":"https:\/\/wp.ufpel.edu.br\/clmd\/espaco-equipe-clmd\/atribuicoes-dos-professores-formadores\/","title":{"rendered":"Atribui\u00e7\u00f5es do Professor Formador (PF)"},"content":{"rendered":"<p>&nbsp;<\/p>\n<p><a href=\"https:\/\/wp.ufpel.edu.br\/clmd\/files\/2023\/09\/cabecalho_paginas_restrita-1.png\"><img class=\"aligncenter size-full wp-image-1281\" src=\"https:\/\/wp.ufpel.edu.br\/clmd\/files\/2023\/09\/cabecalho_paginas_restrita-1.png\" alt=\"\" width=\"1314\" height=\"181\" srcset=\"https:\/\/wp.ufpel.edu.br\/clmd\/files\/2023\/09\/cabecalho_paginas_restrita-1.png 1314w, https:\/\/wp.ufpel.edu.br\/clmd\/files\/2023\/09\/cabecalho_paginas_restrita-1-400x55.png 400w, https:\/\/wp.ufpel.edu.br\/clmd\/files\/2023\/09\/cabecalho_paginas_restrita-1-1024x141.png 1024w, https:\/\/wp.ufpel.edu.br\/clmd\/files\/2023\/09\/cabecalho_paginas_restrita-1-768x106.png 768w\" sizes=\"(max-width: 1314px) 100vw, 1314px\" \/><\/a><\/p>\n<p><strong>\u00a0<\/strong>O Professor Respons\u00e1vel pela componente curricular, que ter\u00e1 bolsa de Professor Formador (PF) da CAPES\/UAB, estar\u00e1 vinculado ao curso durante o per\u00edodo da bolsa, quando do planejamento e execu\u00e7\u00e3o da componente curricular, ou seja, num semestre, com cota de at\u00e9 seis bolsas, ou conforme edital de sele\u00e7\u00e3o, cabendo a responsabilidade pela produ\u00e7\u00e3o, adapta\u00e7\u00e3o ou complementa\u00e7\u00e3o do conte\u00fado disponibilizado de forma impressa e\/ou on-line dos materiais did\u00e1ticos da componente curricular pela qual ser\u00e1 respons\u00e1vel na fase de execu\u00e7\u00e3o.<\/p>\n<p>Dever\u00e1, at\u00e9 o in\u00edcio do semestre letivo, elaborar e postar o planejamento acad\u00eamico com as orienta\u00e7\u00f5es espec\u00edficas da componente curricular. Acompanhar o andamento das atividades propostas na Plataforma Moodle \u2013 E-aula, orientando os alunos, via f\u00f3rum, chats, encontros presenciais, dentre outros.<\/p>\n<p>No per\u00edodo em que estiver ministrando as componentes curriculares, os professores formadores dever\u00e3o dedicar 20 h\/aula semanais, em plant\u00f5es previamente determinados para orientar os tutores a dist\u00e2ncia e os presenciais, saneando-lhes d\u00favidas e discutindo quest\u00f5es atrav\u00e9s do ambiente virtual de aprendizagem, e e-mails. Ainda, orientar os estudos e sanar d\u00favidas dos acad\u00eamicos, atrav\u00e9s do ambiente virtual de aprendizagem. Agendar reuni\u00f5es peri\u00f3dicas com os tutores que auxiliam em sua disciplina.<\/p>\n<p>\u00c9 ele, juntamente com os professores tutores e a equipe t\u00e9cnica multidisciplinar do curso, que define os recursos necess\u00e1rios para o desenvolvimento do trabalho planejado conforme o Plano de Ensino. As componentes curriculares poder\u00e3o contar com um livro did\u00e1tico escrito especificamente para o curso, podendo o professor formador, recorrer a bibliografia indicada na caracteriza\u00e7\u00e3o da componente curricular, preparando assim, os conte\u00fados de suas aulas.<\/p>\n<p>Cabe ao professor formador a elabora\u00e7\u00e3o ou adapta\u00e7\u00e3o desses materiais, bem como a aplica\u00e7\u00e3o desses conte\u00fados para a realidade dos alunos, atrav\u00e9s de propostas de trabalho a serem desenvolvidas por toda equipe docente. Desta forma, o professor formador atua com uma equipe multidisciplinar na fase de prepara\u00e7\u00e3o da componente curricular. Na fase da execu\u00e7\u00e3o, trabalha com professores tutores, orientando- os para que a componente curricular possa ser oferecida igualmente a todos os polos. Os professores formadores se reunir\u00e3o periodicamente durante o processo de elabora\u00e7\u00e3o dos materiais did\u00e1ticos e execu\u00e7\u00e3o das componentes curriculares.<\/p>\n<p><strong>Ao Professor Formador (PF) da CAPES\/UAB, s\u00e3o definidas as seguintes atribui\u00e7\u00f5es conforme a ficha de cadastramento \/ termo de compromisso do bolsista da CAPES\/UAB:<\/strong><\/p>\n<ul>\n<li><span style=\"color: var(--cor-texto); font-family: var(--fonte-corpo);\">Desenvolver as atividades docentes na capacita\u00e7\u00e3o de coordenadores, professores e tutores mediante o uso dos recursos e metodologia previstos no plano de capacita\u00e7\u00e3o<\/span><\/li>\n<li>Participar das atividades de doc\u00eancia das componentes curriculares do curso;<\/li>\n<li>Participar de grupo de trabalho para o desenvolvimento de metodologia na modalidade a dist\u00e2ncia;<\/li>\n<li>Participar e\/ou atuar nas atividades de capacita\u00e7\u00e3o desenvolvidas na Institui\u00e7\u00e3o de Ensino;<\/li>\n<li>Coordenar as atividades acad\u00eamicas dos tutores atuantes em componentes curriculares ou conte\u00fados sob sua coordena\u00e7\u00e3o;<\/li>\n<li>Desenvolver o sistema de avalia\u00e7\u00e3o de alunos, mediante o uso dos recursos e metodologia previstos no plano de curso;<\/li>\n<li>Apresentar ao coordenador de curso, ao final da componente curricular ofertada, relat\u00f3rio do desempenho dos estudantes e do desenvolvimento da componente curricular;<\/li>\n<li>Desenvolver, em colabora\u00e7\u00e3o com o coordenador de curso, a metodologia de avalia\u00e7\u00e3o do aluno;<\/li>\n<li>Desenvolver pesquisa de acompanhamento das atividades de ensino desenvolvidas nos cursos na modalidade a dist\u00e2ncia;<\/li>\n<li>Elaborar relat\u00f3rios semestrais sobre as atividades de ensino no \u00e2mbito de suas atribui\u00e7\u00f5es, para encaminhamento \u00e0 DED\/CAPES\/ MEC, ou quando solicitado.<\/li>\n<\/ul>\n<p><strong>Atribui\u00e7\u00f5es adicionais do Professor Respons\u00e1vel pela Oferta da componente curricular\/ Professor Formador, conforme entendimento do Colegiado do CLMD:<\/strong><\/p>\n<ul>\n<li>Elaborar o Plano de Ensino da componente curricular, a ser inclu\u00eddo no Cobalto, no in\u00edcio do semestre e disponibilizar ao aluno, onde dever\u00e3o constar os instrumentos de avalia\u00e7\u00e3o, as atividades previstas, bem como todas as informa\u00e7\u00f5es necess\u00e1rias sobre o desenvolvimento da componente curricular, conforme a previs\u00e3o para o semestre;<\/li>\n<li>Digitar as notas no sistema COBALTO da UFPel.<\/li>\n<li>Gravar\u00a0 v\u00eddeoaulas te\u00f3ricas com os conte\u00fados a serem trabalhados durante o semestre;<\/li>\n<li>Realizar as web confer\u00eancias previstas para o semestre referentes a sua componente curricular;<\/li>\n<li>Realizar reuni\u00f5es semanais (ou quinzenais) com os tutores sob a sua responsabilidade.<\/li>\n<li>Elaborar e entregar os conte\u00fados dos m\u00f3dulos desenvolvidos ao longo do curso no prazo determinado;<\/li>\n<li>Adequar conte\u00fado, materiais did\u00e1ticos, m\u00eddias e bibliografia utilizados para o desenvolvimento do curso a linguagem da modalidade a dist\u00e2ncia;<\/li>\n<li>Realizar a revis\u00e3o de linguagem do material did\u00e1tico desenvolvido para a modalidade a dist\u00e2ncia;<\/li>\n<li>Adequar e disponibilizar, para o coordenador de curso, o material did\u00e1tico nas diversas m\u00eddias;<\/li>\n<li>Participar e\/ou atuar nas atividades de capacita\u00e7\u00e3o desenvolvidas na Institui\u00e7\u00e3o de Ensino;<\/li>\n<li>Participar de grupo de trabalho para a produ\u00e7\u00e3o de materiais did\u00e1ticos para a modalidade a dist\u00e2ncia;<\/li>\n<li>Viajar aos polos a fim de ministrar aulas presenciais, aplicar provas (quando necess\u00e1rio), avaliar bancas dos trabalhos de conclus\u00e3o do curso (TCC).<\/li>\n<\/ul>\n","protected":false},"excerpt":{"rendered":"<p>&nbsp; \u00a0O Professor Respons\u00e1vel pela componente curricular, que ter\u00e1 bolsa de Professor Formador (PF) da CAPES\/UAB, estar\u00e1 vinculado ao curso durante o per\u00edodo da bolsa, quando do planejamento e execu\u00e7\u00e3o da componente curricular, ou seja, num semestre, com cota de at\u00e9 seis bolsas, ou conforme edital de sele\u00e7\u00e3o, cabendo a responsabilidade pela produ\u00e7\u00e3o, adapta\u00e7\u00e3o ou [&hellip;]<\/p>\n","protected":false},"author":710,"featured_media":0,"parent":1268,"menu_order":0,"comment_status":"closed","ping_status":"closed","template":"","meta":{"footnotes":""},"class_list":["post-1278","page","type-page","status-publish","hentry"],"_links":{"self":[{"href":"https:\/\/wp.ufpel.edu.br\/clmd\/wp-json\/wp\/v2\/pages\/1278","targetHints":{"allow":["GET"]}}],"collection":[{"href":"https:\/\/wp.ufpel.edu.br\/clmd\/wp-json\/wp\/v2\/pages"}],"about":[{"href":"https:\/\/wp.ufpel.edu.br\/clmd\/wp-json\/wp\/v2\/types\/page"}],"author":[{"embeddable":true,"href":"https:\/\/wp.ufpel.edu.br\/clmd\/wp-json\/wp\/v2\/users\/710"}],"replies":[{"embeddable":true,"href":"https:\/\/wp.ufpel.edu.br\/clmd\/wp-json\/wp\/v2\/comments?post=1278"}],"version-history":[{"count":6,"href":"https:\/\/wp.ufpel.edu.br\/clmd\/wp-json\/wp\/v2\/pages\/1278\/revisions"}],"predecessor-version":[{"id":1292,"href":"https:\/\/wp.ufpel.edu.br\/clmd\/wp-json\/wp\/v2\/pages\/1278\/revisions\/1292"}],"up":[{"embeddable":true,"href":"https:\/\/wp.ufpel.edu.br\/clmd\/wp-json\/wp\/v2\/pages\/1268"}],"wp:attachment":[{"href":"https:\/\/wp.ufpel.edu.br\/clmd\/wp-json\/wp\/v2\/media?parent=1278"}],"curies":[{"name":"wp","href":"https:\/\/api.w.org\/{rel}","templated":true}]}}