{"id":127,"date":"2016-12-15T12:32:59","date_gmt":"2016-12-15T14:32:59","guid":{"rendered":"https:\/\/wp.ufpel.edu.br\/clmd\/?page_id=127"},"modified":"2021-04-01T21:43:51","modified_gmt":"2021-04-02T00:43:51","slug":"mestrados","status":"publish","type":"page","link":"https:\/\/wp.ufpel.edu.br\/clmd\/acesse\/mestrados\/","title":{"rendered":"Mestrados"},"content":{"rendered":"<p><a href=\"https:\/\/wp.ufpel.edu.br\/ppgcem\/pt\/\" target=\"_blank\" rel=\"noopener noreferrer\">Programa de P\u00f3s-Gradua\u00e7\u00e3o em Ci\u00eancia e Engenharia de Materiais (PPGCEM)<\/a><\/p>\n<p><a href=\"https:\/\/wp.ufpel.edu.br\/computacao\/ppgc\/\" target=\"_blank\" rel=\"noopener noreferrer\">Programa de P\u00f3s-Gradua\u00e7\u00e3o em Computa\u00e7\u00e3o (PPGC)<\/a><\/p>\n<p><a href=\"https:\/\/wp.ufpel.edu.br\/ppge\/\" target=\"_blank\" rel=\"noopener noreferrer\">Programa de P\u00f3s-Gradua\u00e7\u00e3o em Educa\u00e7\u00e3o (PPGE)<\/a><\/p>\n<p><a href=\"https:\/\/wp.ufpel.edu.br\/ppgemat\/\" target=\"_blank\" rel=\"noopener noreferrer\">Programa de P\u00f3s-Gradua\u00e7\u00e3o em Educa\u00e7\u00e3o Matem\u00e1tica (PPGEMAT)<\/a><\/p>\n<p><a href=\"https:\/\/wp.ufpel.edu.br\/ppgecm\/\" target=\"_blank\" rel=\"noopener noreferrer\">Programa de P\u00f3s-Gradua\u00e7\u00e3o em Ensino de Ci\u00eancias e Matem\u00e1tica (PPGECM)<\/a><\/p>\n<p><a href=\"https:\/\/wp.ufpel.edu.br\/ppgmmat\/\" target=\"_blank\" rel=\"noopener noreferrer\">Programa de P\u00f3s-Gradua\u00e7\u00e3o em Modelagem Matem\u00e1tica (PPGMM)<\/a><\/p>\n","protected":false},"excerpt":{"rendered":"<p>Programa de P\u00f3s-Gradua\u00e7\u00e3o em Ci\u00eancia e Engenharia de Materiais (PPGCEM) Programa de P\u00f3s-Gradua\u00e7\u00e3o em Computa\u00e7\u00e3o (PPGC) Programa de P\u00f3s-Gradua\u00e7\u00e3o em Educa\u00e7\u00e3o (PPGE) Programa de P\u00f3s-Gradua\u00e7\u00e3o em Educa\u00e7\u00e3o Matem\u00e1tica (PPGEMAT) Programa de P\u00f3s-Gradua\u00e7\u00e3o em Ensino de Ci\u00eancias e Matem\u00e1tica (PPGECM) Programa de P\u00f3s-Gradua\u00e7\u00e3o em Modelagem Matem\u00e1tica (PPGMM)<\/p>\n","protected":false},"author":710,"featured_media":0,"parent":114,"menu_order":8,"comment_status":"closed","ping_status":"closed","template":"","meta":{"footnotes":""},"class_list":["post-127","page","type-page","status-publish","hentry"],"_links":{"self":[{"href":"https:\/\/wp.ufpel.edu.br\/clmd\/wp-json\/wp\/v2\/pages\/127","targetHints":{"allow":["GET"]}}],"collection":[{"href":"https:\/\/wp.ufpel.edu.br\/clmd\/wp-json\/wp\/v2\/pages"}],"about":[{"href":"https:\/\/wp.ufpel.edu.br\/clmd\/wp-json\/wp\/v2\/types\/page"}],"author":[{"embeddable":true,"href":"https:\/\/wp.ufpel.edu.br\/clmd\/wp-json\/wp\/v2\/users\/710"}],"replies":[{"embeddable":true,"href":"https:\/\/wp.ufpel.edu.br\/clmd\/wp-json\/wp\/v2\/comments?post=127"}],"version-history":[{"count":4,"href":"https:\/\/wp.ufpel.edu.br\/clmd\/wp-json\/wp\/v2\/pages\/127\/revisions"}],"predecessor-version":[{"id":723,"href":"https:\/\/wp.ufpel.edu.br\/clmd\/wp-json\/wp\/v2\/pages\/127\/revisions\/723"}],"up":[{"embeddable":true,"href":"https:\/\/wp.ufpel.edu.br\/clmd\/wp-json\/wp\/v2\/pages\/114"}],"wp:attachment":[{"href":"https:\/\/wp.ufpel.edu.br\/clmd\/wp-json\/wp\/v2\/media?parent=127"}],"curies":[{"name":"wp","href":"https:\/\/api.w.org\/{rel}","templated":true}]}}