{"id":1160,"date":"2023-08-19T01:21:29","date_gmt":"2023-08-19T04:21:29","guid":{"rendered":"https:\/\/wp.ufpel.edu.br\/clmd\/?page_id=1160"},"modified":"2026-03-12T13:08:33","modified_gmt":"2026-03-12T16:08:33","slug":"informacoes-academicas","status":"publish","type":"page","link":"https:\/\/wp.ufpel.edu.br\/clmd\/informacoes-academicas\/","title":{"rendered":"Informa\u00e7\u00f5es acad\u00eamicas"},"content":{"rendered":"<p>Conhe\u00e7a quais solicita\u00e7\u00f5es devem ser encaminhadas ao Colegiado do Curso e quais podem ser solicitadas diretamente pelo COBALTO, assim como os formul\u00e1rios e procedimentos necess\u00e1rios para encaminhar cada solicita\u00e7\u00e3o, clicando nos servi\u00e7os relacionados a seguir. Lembre-se: algumas dessas solicita\u00e7\u00f5es ocorrem em per\u00edodos especificados no <a href=\"https:\/\/wp.ufpel.edu.br\/clmd\/calendario-e-cronogramas\/\" target=\"_blank\" rel=\"noopener\">Calend\u00e1rio Acad\u00eamico<\/a>.<\/p>\n<table style=\"border-collapse: collapse; width: 100%;\" border=\"1\">\n<tbody>\n<tr style=\"height: 24px;\">\n<td style=\"width: 36.1212%; border-style: none; border-color: #ffffff; background-color: #f5f5f5; height: 24px; vertical-align: top;\"><span style=\"color: #0000ff;\"><strong>Solicita\u00e7\u00f5es ao Colegiado<\/strong><\/span><\/td>\n<td style=\"width: 7.21212%; border-color: #ffffff; height: 104px;\" rowspan=\"2\"><\/td>\n<td style=\"width: 33.3333%; border-style: none; border-color: #ffffff; background-color: #f5f5f5; height: 24px;\"><strong><span style=\"color: #0000ff;\">Solicita\u00e7\u00f5es pelo COBALTO<\/span><\/strong><\/td>\n<\/tr>\n<tr style=\"height: 80px;\">\n<td style=\"width: 36.1212%; border-style: none; border-color: #f5f5f5; background-color: #f5f5f5; height: 80px; text-align: left; vertical-align: top;\">\n<ul>\n<li><a href=\"https:\/\/wp.ufpel.edu.br\/cra\/informacoes-academicas\/equivalencia-entre-componentes-curriculares\/\" target=\"_blank\" rel=\"noopener\">Equival\u00eancia entre componentes curriculares<\/a><\/li>\n<li><a href=\"https:\/\/wp.ufpel.edu.br\/cra\/informacoes-academicas\/aproveitamento-por-extraordinario-conhecimento-prova-de-proficiencia\/\" target=\"_blank\" rel=\"noopener\">Prova de profici\u00eancia<\/a><\/li>\n<li><a href=\"https:\/\/wp.ufpel.edu.br\/cra\/informacoes-academicas\/troca-de-polo-ead\/\" target=\"_blank\" rel=\"noopener\">Troca de polo<\/a><\/li>\n<li><a href=\"https:\/\/wp.ufpel.edu.br\/cra\/informacoes-academicas\/quebra-de-pre-requisito\/\">Quebra de pr\u00e9-requisito<\/a><\/li>\n<li><a href=\"https:\/\/wp.ufpel.edu.br\/cra\/informacoes-academicas\/revisao-de-desempenho\/\" target=\"_blank\" rel=\"noopener\">Revis\u00e3o de desempenho<\/a><\/li>\n<\/ul>\n<p>&nbsp;<\/p>\n<p>Enviar para: <strong>clmd@ufpel.edu.br<\/strong><\/td>\n<td style=\"width: 33.3333%; border-style: none; border-color: #f5f5f5; background-color: #f5f5f5; height: 80px;\">\n<ul>\n<li><a href=\"https:\/\/wp.ufpel.edu.br\/clmd\/files\/2025\/05\/INGRESSANTES_ACESSO_COBALTO_E_AULA.pdf\">Acesso ao Cobalto e e-Aula<\/a><\/li>\n<li><a href=\"https:\/\/wp.ufpel.edu.br\/clmd\/informacoes-academicas\/rematricula\/\" target=\"_blank\" rel=\"noopener\">Rematr\u00edcula<\/a><\/li>\n<li><a href=\"https:\/\/wp.ufpel.edu.br\/cra\/informacoes-academicas\/correcao-de-matricula\/\" target=\"_blank\" rel=\"noopener\">Corre\u00e7\u00e3o de matr\u00edcula<\/a><\/li>\n<li><a href=\"https:\/\/wp.ufpel.edu.br\/cra\/informacoes-academicas\/atestado-de-matricula\/\" target=\"_blank\" rel=\"noopener\">Atestado de matr\u00edcula<\/a><\/li>\n<li><a href=\"https:\/\/wp.ufpel.edu.br\/cra\/informacoes-academicas\/avaliacao-segunda-chamada\/\" target=\"_blank\" rel=\"noopener\">Segunda chamada de avalia\u00e7\u00e3o<\/a><\/li>\n<li><a href=\"https:\/\/wp.ufpel.edu.br\/cra\/informacoes-academicas\/aproveitamento-de-disciplina\/\" target=\"_blank\" rel=\"noopener\">Aproveitamento de disciplina<\/a><\/li>\n<li><a href=\"https:\/\/wp.ufpel.edu.br\/cra\/informacoes-academicas\/exercicios-domiciliares\/\" target=\"_blank\" rel=\"noopener\">Exerc\u00edcios domiciliares<\/a><\/li>\n<li><a href=\"https:\/\/wp.ufpel.edu.br\/cra\/informacoes-academicas\/cancelamento-de-matricula\/\" target=\"_blank\" rel=\"noopener\">Cancelamento de matr\u00edcula<\/a><\/li>\n<li><a href=\"https:\/\/wp.ufpel.edu.br\/cra\/informacoes-academicas\/historico-para-alunos-formados\/\" target=\"_blank\" rel=\"noopener\">Hist\u00f3rico escolar<\/a><\/li>\n<li><a href=\"https:\/\/wp.ufpel.edu.br\/cra\/informacoes-academicas\/\" target=\"_blank\" rel=\"noopener\">Diploma e formatura<\/a><\/li>\n<li><a href=\"https:\/\/wp.ufpel.edu.br\/clmd\/informacoes-academicas\/estudos-integradores\/\">Estudos Integradores<\/a><\/li>\n<\/ul>\n<\/td>\n<\/tr>\n<\/tbody>\n<\/table>\n<p>Outros servi\u00e7os dirigidos a setores espec\u00edficos da UFPEL:<\/p>\n<table style=\"width: 100%; border-collapse: collapse; border-style: none; border-color: #ffffff; background-color: #f5f5f5;\" border=\"1\">\n<tbody>\n<tr>\n<td style=\"width: 100%; border-style: none; border-color: #ffffff;\">\n<ul>\n<li><a href=\"https:\/\/wp.ufpel.edu.br\/sisbi\/files\/2024\/10\/SENHA-DE-ACESSO.pdf\" target=\"_blank\" rel=\"noopener\">Cadastro de senha para acesso a Biblioteca<\/a> (<span style=\"color: #ff0000;\"><strong>O passo 4 mudou<\/strong><\/span>: digite agora apenas sua matr\u00edcula)<\/li>\n<li><a href=\"https:\/\/wp.ufpel.edu.br\/cra\/informacoes-academicas\/nome-social\/\" target=\"_blank\" rel=\"noopener\">Nome social<\/a><\/li>\n<li><a href=\"https:\/\/wp.ufpel.edu.br\/cra\/contato\/\" target=\"_blank\" rel=\"noopener\">Regularizar d\u00e9bitos com o CRA<\/a><\/li>\n<\/ul>\n<\/td>\n<\/tr>\n<\/tbody>\n<\/table>\n<p>Guias e manuais:<\/p>\n<table style=\"border-collapse: collapse; width: 100%;\" border=\"1\">\n<tbody>\n<tr>\n<td style=\"width: 100%; border-style: none; border-color: #f0f0f0; background-color: #f0f0f0;\">\n<ul>\n<li><a href=\"https:\/\/wp.ufpel.edu.br\/clmd\/files\/2023\/11\/Manual_TRABALHOS_ACADEMICOS.pdf\">MANUAL DE NORMAS UFPEL PARA TRABALHOS ACADEMICOS<\/a><\/li>\n<\/ul>\n<\/td>\n<\/tr>\n<\/tbody>\n<\/table>\n<p>&nbsp;<\/p>\n","protected":false},"excerpt":{"rendered":"<p>Conhe\u00e7a quais solicita\u00e7\u00f5es devem ser encaminhadas ao Colegiado do Curso e quais podem ser solicitadas diretamente pelo COBALTO, assim como os formul\u00e1rios e procedimentos necess\u00e1rios para encaminhar cada solicita\u00e7\u00e3o, clicando nos servi\u00e7os relacionados a seguir. Lembre-se: algumas dessas solicita\u00e7\u00f5es ocorrem em per\u00edodos especificados no Calend\u00e1rio Acad\u00eamico. Solicita\u00e7\u00f5es ao Colegiado Solicita\u00e7\u00f5es pelo COBALTO Equival\u00eancia entre componentes [&hellip;]<\/p>\n","protected":false},"author":710,"featured_media":0,"parent":0,"menu_order":9,"comment_status":"closed","ping_status":"closed","template":"","meta":{"footnotes":""},"class_list":["post-1160","page","type-page","status-publish","hentry"],"_links":{"self":[{"href":"https:\/\/wp.ufpel.edu.br\/clmd\/wp-json\/wp\/v2\/pages\/1160","targetHints":{"allow":["GET"]}}],"collection":[{"href":"https:\/\/wp.ufpel.edu.br\/clmd\/wp-json\/wp\/v2\/pages"}],"about":[{"href":"https:\/\/wp.ufpel.edu.br\/clmd\/wp-json\/wp\/v2\/types\/page"}],"author":[{"embeddable":true,"href":"https:\/\/wp.ufpel.edu.br\/clmd\/wp-json\/wp\/v2\/users\/710"}],"replies":[{"embeddable":true,"href":"https:\/\/wp.ufpel.edu.br\/clmd\/wp-json\/wp\/v2\/comments?post=1160"}],"version-history":[{"count":4,"href":"https:\/\/wp.ufpel.edu.br\/clmd\/wp-json\/wp\/v2\/pages\/1160\/revisions"}],"predecessor-version":[{"id":3672,"href":"https:\/\/wp.ufpel.edu.br\/clmd\/wp-json\/wp\/v2\/pages\/1160\/revisions\/3672"}],"wp:attachment":[{"href":"https:\/\/wp.ufpel.edu.br\/clmd\/wp-json\/wp\/v2\/media?parent=1160"}],"curies":[{"name":"wp","href":"https:\/\/api.w.org\/{rel}","templated":true}]}}