{"id":1149,"date":"2023-08-19T00:29:07","date_gmt":"2023-08-19T03:29:07","guid":{"rendered":"https:\/\/wp.ufpel.edu.br\/clmd\/?page_id=1149"},"modified":"2026-03-12T13:19:41","modified_gmt":"2026-03-12T16:19:41","slug":"calendario-e-cronogramas","status":"publish","type":"page","link":"https:\/\/wp.ufpel.edu.br\/clmd\/calendario-e-cronogramas\/","title":{"rendered":"Orienta\u00e7\u00f5es e cronogramas"},"content":{"rendered":"<p><a href=\"https:\/\/wp.ufpel.edu.br\/clmd\/files\/2025\/08\/2025_2.png\"><img class=\"aligncenter wp-image-3282\" src=\"https:\/\/wp.ufpel.edu.br\/clmd\/files\/2025\/08\/2025_2-400x133.png\" alt=\"\" width=\"730\" height=\"243\" srcset=\"https:\/\/wp.ufpel.edu.br\/clmd\/files\/2025\/08\/2025_2-400x133.png 400w, https:\/\/wp.ufpel.edu.br\/clmd\/files\/2025\/08\/2025_2-1024x342.png 1024w, https:\/\/wp.ufpel.edu.br\/clmd\/files\/2025\/08\/2025_2-768x256.png 768w, https:\/\/wp.ufpel.edu.br\/clmd\/files\/2025\/08\/2025_2-1536x512.png 1536w, https:\/\/wp.ufpel.edu.br\/clmd\/files\/2025\/08\/2025_2.png 1772w\" sizes=\"(max-width: 730px) 100vw, 730px\" \/><\/a><\/p>\n<p>Estimados discentes<\/p>\n<p>Que alegria estarmos iniciando mais um semestre!<\/p>\n<p>Consulte o calend\u00e1rio acad\u00eamico .Acad\u00eamico Ead UFPel para acompanhar data de\u00a0<span style=\"color: var(--cor-texto); font-family: var(--fonte-corpo);\">matr\u00edculas, <\/span><span style=\"color: var(--cor-texto); font-family: var(--fonte-corpo);\">in\u00edcio e fim de semestre, per\u00edodo de exames e demais prazos definidos para os cursos de ensino a dist\u00e2ncia (EaD):<\/span><\/p>\n<table class=\"alignleft\" style=\"height: 54px; width: 47.1514%; border-collapse: collapse; border-style: outset; border-color: #ffffff; background-color: #f5f5f5;\" border=\"1\">\n<tbody>\n<tr style=\"height: 24px;\">\n<td style=\"width: 100%; border-style: none; border-color: #ffffff; height: 24px; text-align: center; vertical-align: middle;\"><a href=\"https:\/\/wp.ufpel.edu.br\/cra\/calendarios-academicos\/calendario-academico-2026-cursos-ead\/\" target=\"_blank\" rel=\"noopener\"><span style=\"color: #0000ff;\"><strong>CALEND\u00c1RIO ACAD\u00caMICO EaD UFPel 2026<\/strong><\/span><\/a><\/td>\n<\/tr>\n<\/tbody>\n<\/table>\n<p>&nbsp;<\/p>\n<p>&nbsp;<\/p>\n<p>No curso, estaremos com tr\u00eas turmas em andamento:<\/p>\n<ul>\n<li>UAB 10, do terceiro semestre;<\/li>\n<li>UAB 9, do quinto semestre;<\/li>\n<li>UAB 8, turma de formandos.<\/li>\n<\/ul>\n<p>Toda nossa <span style=\"color: #0000ff;\"><a style=\"color: #0000ff;\" href=\"https:\/\/wp.ufpel.edu.br\/clmd\/equipe-docente\/\" target=\"_blank\" rel=\"noopener\">equipe<\/a><\/span> est\u00e1 \u00e0 disposi\u00e7\u00e3o para auxiliar no desenvolvimento das atividades e contribuir para sua forma\u00e7\u00e3o, que ser\u00e1 qualificada atrav\u00e9s do contato frequente com os professores, tutores presenciais, tutores a dist\u00e2ncia e participa\u00e7\u00e3o ativa nas atividades,<\/p>\n<p>Fraterno abra\u00e7o e um \u00f3timo semestre a todos!<\/p>\n<p style=\"text-align: right;\">\u00a0 \u00a0 \u00a0Equipe de professores, tutores e coordena\u00e7\u00e3o do CLMD.<\/p>\n<p>&nbsp;<\/p>\n<table style=\"border-collapse: collapse; width: 100%;\" border=\"1\">\n<tbody>\n<tr style=\"height: 23px;\">\n<td style=\"background-color: #e3e1e1; border-color: #e3e1e1; text-align: center; height: 23px;\" colspan=\"5\"><strong>Cronogramas de Webs e Provas de 2026\/1<\/strong><\/td>\n<\/tr>\n<tr>\n<td style=\"width: 100%; background-color: #ffffff; border-color: #ffffff; text-align: center;\" colspan=\"5\"><\/td>\n<\/tr>\n<tr style=\"height: 55px;\">\n<td style=\"width: 34.1844%; height: 55px; border-color: #e3e1e1; background-color: #e3e1e1; text-align: center;\"><span style=\"color: #0000ff;\"><a style=\"color: #0000ff;\" href=\"https:\/\/wp.ufpel.edu.br\/clmd\/files\/2026\/03\/CRONOGRAMA_UAB8_2026_1_V6.pdf\" target=\"_blank\" rel=\"noopener\">UAB 8<\/a><\/span><\/td>\n<td style=\"width: 1.844%; height: 55px; border-color: #f0f0f0; text-align: center;\"><\/td>\n<td style=\"width: 33.4752%; height: 55px; border-color: #e3e1e1; background-color: #e3e1e1; text-align: center;\"><span style=\"color: #0000ff;\"><a style=\"color: #0000ff;\" href=\"https:\/\/wp.ufpel.edu.br\/clmd\/files\/2026\/01\/CRONOGRAMA-UAB-9-2026_1.pdf\" target=\"_blank\" rel=\"noopener\">UAB 9<\/a><\/span><\/td>\n<td style=\"width: 1.56025%; height: 55px; border-color: #f0f0f0; text-align: center;\"><\/td>\n<td style=\"width: 28.9361%; height: 55px; border-color: #e3e1e1; background-color: #e3e1e1; text-align: center;\"><span style=\"color: #0000ff;\"><a style=\"color: #0000ff;\" href=\"https:\/\/wp.ufpel.edu.br\/clmd\/files\/2026\/03\/CRONOGRAMA-UAB-10-2026_1_v3.pdf\" target=\"_blank\" rel=\"noopener\">UAB 10<\/a><\/span><\/td>\n<\/tr>\n<\/tbody>\n<\/table>\n<p>&nbsp;<\/p>\n<table style=\"height: 30px; width: 52.606%; border-collapse: collapse; border-style: none; border-color: #ffffff; background-color: #f5f5f5;\" border=\"1\">\n<tbody>\n<tr>\n<td style=\"width: 100%; border-color: #ffffff; border-style: none; text-align: left;\"><span style=\"font-size: 14pt;\">Cronogramas de semestres anteriores:<\/span><\/td>\n<\/tr>\n<\/tbody>\n<\/table>\n<p style=\"text-align: center;\"><a href=\"https:\/\/wp.ufpel.edu.br\/clmd\/calendario-e-cronogramas\/informacoes-academicas\/\" target=\"_blank\" rel=\"noopener\">Acesse aqui<\/a><\/p>\n<p>&nbsp;<\/p>\n","protected":false},"excerpt":{"rendered":"<p>Estimados discentes Que alegria estarmos iniciando mais um semestre! Consulte o calend\u00e1rio acad\u00eamico .Acad\u00eamico Ead UFPel para acompanhar data de\u00a0matr\u00edculas, in\u00edcio e fim de semestre, per\u00edodo de exames e demais prazos definidos para os cursos de ensino a dist\u00e2ncia (EaD): CALEND\u00c1RIO ACAD\u00caMICO EaD UFPel 2026 &nbsp; &nbsp; No curso, estaremos com tr\u00eas turmas em andamento: [&hellip;]<\/p>\n","protected":false},"author":710,"featured_media":0,"parent":0,"menu_order":0,"comment_status":"closed","ping_status":"closed","template":"","meta":{"footnotes":""},"class_list":["post-1149","page","type-page","status-publish","hentry"],"_links":{"self":[{"href":"https:\/\/wp.ufpel.edu.br\/clmd\/wp-json\/wp\/v2\/pages\/1149","targetHints":{"allow":["GET"]}}],"collection":[{"href":"https:\/\/wp.ufpel.edu.br\/clmd\/wp-json\/wp\/v2\/pages"}],"about":[{"href":"https:\/\/wp.ufpel.edu.br\/clmd\/wp-json\/wp\/v2\/types\/page"}],"author":[{"embeddable":true,"href":"https:\/\/wp.ufpel.edu.br\/clmd\/wp-json\/wp\/v2\/users\/710"}],"replies":[{"embeddable":true,"href":"https:\/\/wp.ufpel.edu.br\/clmd\/wp-json\/wp\/v2\/comments?post=1149"}],"version-history":[{"count":3,"href":"https:\/\/wp.ufpel.edu.br\/clmd\/wp-json\/wp\/v2\/pages\/1149\/revisions"}],"predecessor-version":[{"id":3677,"href":"https:\/\/wp.ufpel.edu.br\/clmd\/wp-json\/wp\/v2\/pages\/1149\/revisions\/3677"}],"wp:attachment":[{"href":"https:\/\/wp.ufpel.edu.br\/clmd\/wp-json\/wp\/v2\/media?parent=1149"}],"curies":[{"name":"wp","href":"https:\/\/api.w.org\/{rel}","templated":true}]}}