{"id":1140,"date":"2023-08-18T21:34:22","date_gmt":"2023-08-19T00:34:22","guid":{"rendered":"https:\/\/wp.ufpel.edu.br\/clmd\/?page_id=1140"},"modified":"2024-03-12T08:11:03","modified_gmt":"2024-03-12T11:11:03","slug":"editais-2023","status":"publish","type":"page","link":"https:\/\/wp.ufpel.edu.br\/clmd\/editais\/editais-2023\/","title":{"rendered":"Editais 2023"},"content":{"rendered":"<p><span style=\"background-color: #999999; color: #000000;\"><strong>Edital 03\/2023 &#8211; PROFESSOR FORMADOR E COORDENA\u00c7\u00c3O DE TUTORIA<\/strong><\/span><\/p>\n<p><a href=\"https:\/\/wp.ufpel.edu.br\/clmd\/editais-2023\/edital-03-2023-selecao-professor-formador-e-coordenacao-tutoria\/\" target=\"_blank\" rel=\"noopener\">Processo cancelado em 02\/01\/2024<\/a><\/p>\n<p>&nbsp;<\/p>\n<p><span style=\"background-color: #999999; color: #000000;\"><strong>Edital 02\/2023 &#8211; TUTORIA PRESENCIAL<\/strong><\/span><\/p>\n<p><a href=\"https:\/\/wp.ufpel.edu.br\/clmd\/files\/2023\/07\/Edital-CLMD-02.2023-Tutoria-Presencial.pdf\">Edital-CLMD-02.2023-Tutoria-Presencial<\/a><\/p>\n<p><a href=\"https:\/\/wp.ufpel.edu.br\/clmd\/files\/2023\/08\/Edital-CURSO-CLMD-No-02.2023_TP_Homologacao-das-inscricoes_18-08-2.pdf\">HOMOLOGA\u00c7\u00c3O DAS INSCRI\u00c7\u00d5ES<\/a><\/p>\n<p><a href=\"https:\/\/wp.ufpel.edu.br\/clmd\/files\/2023\/08\/Resultado_Parcial_CLMD_02_2023.pdf\">RESULTADO PARCIAL<\/a><\/p>\n<p><a href=\"https:\/\/wp.ufpel.edu.br\/clmd\/files\/2023\/09\/Resultado_FINAL_CLMD_02_2023.pdf\" target=\"_blank\" rel=\"noopener\">RESULTADO FINAL<\/a><\/p>\n<p>&nbsp;<\/p>\n<p><span style=\"background-color: #999999; color: #000000;\"><strong>Edital 01\/2023 &#8211; COORDENA\u00c7\u00c3O DE CURSO<\/strong><\/span><\/p>\n<p><a href=\"https:\/\/wp.ufpel.edu.br\/clmd\/files\/2022\/12\/SEI_UFPel-1981360-Edital-Coord-CLMD-2023-1.pdf\">Edital 01\/2023 &#8211; Coord CLMD 2023<\/a><\/p>\n<p><a href=\"https:\/\/wp.ufpel.edu.br\/clmd\/files\/2023\/02\/Edital-CLMD-No-01.2023_Homologacao-das-inscricoes_Coord-CLMD.pdf\">Homologacao-das-inscricoes_Coord CLMD<\/a><\/p>\n<p><a href=\"https:\/\/wp.ufpel.edu.br\/clmd\/files\/2023\/02\/Edital-CLMD-No-01.2023_Resultado-Parcial-Analise-Curricular_Coord-CLMD.pdf\">Resultado Parcial &#8211; An\u00e1lise Curricular_Coord CLMD<\/a><\/p>\n<p><a href=\"https:\/\/wp.ufpel.edu.br\/clmd\/files\/2023\/02\/Edital-CLMD-No-01.2023_Resultado-FINAL-Analise-Curricular_Coord-CLMD.pdf\">Edital CLMD-No-01.2023_Resultado FINAL &#8211; An\u00e1lise Curricular_Coord CLMD<\/a><\/p>\n<p>&nbsp;<\/p>\n","protected":false},"excerpt":{"rendered":"<p>Edital 03\/2023 &#8211; PROFESSOR FORMADOR E COORDENA\u00c7\u00c3O DE TUTORIA Processo cancelado em 02\/01\/2024 &nbsp; Edital 02\/2023 &#8211; TUTORIA PRESENCIAL Edital-CLMD-02.2023-Tutoria-Presencial HOMOLOGA\u00c7\u00c3O DAS INSCRI\u00c7\u00d5ES RESULTADO PARCIAL RESULTADO FINAL &nbsp; Edital 01\/2023 &#8211; COORDENA\u00c7\u00c3O DE CURSO Edital 01\/2023 &#8211; Coord CLMD 2023 Homologacao-das-inscricoes_Coord CLMD Resultado Parcial &#8211; An\u00e1lise Curricular_Coord CLMD Edital CLMD-No-01.2023_Resultado FINAL &#8211; An\u00e1lise Curricular_Coord CLMD [&hellip;]<\/p>\n","protected":false},"author":710,"featured_media":0,"parent":211,"menu_order":1,"comment_status":"closed","ping_status":"closed","template":"","meta":{"footnotes":""},"class_list":["post-1140","page","type-page","status-publish","hentry"],"_links":{"self":[{"href":"https:\/\/wp.ufpel.edu.br\/clmd\/wp-json\/wp\/v2\/pages\/1140","targetHints":{"allow":["GET"]}}],"collection":[{"href":"https:\/\/wp.ufpel.edu.br\/clmd\/wp-json\/wp\/v2\/pages"}],"about":[{"href":"https:\/\/wp.ufpel.edu.br\/clmd\/wp-json\/wp\/v2\/types\/page"}],"author":[{"embeddable":true,"href":"https:\/\/wp.ufpel.edu.br\/clmd\/wp-json\/wp\/v2\/users\/710"}],"replies":[{"embeddable":true,"href":"https:\/\/wp.ufpel.edu.br\/clmd\/wp-json\/wp\/v2\/comments?post=1140"}],"version-history":[{"count":5,"href":"https:\/\/wp.ufpel.edu.br\/clmd\/wp-json\/wp\/v2\/pages\/1140\/revisions"}],"predecessor-version":[{"id":1477,"href":"https:\/\/wp.ufpel.edu.br\/clmd\/wp-json\/wp\/v2\/pages\/1140\/revisions\/1477"}],"up":[{"embeddable":true,"href":"https:\/\/wp.ufpel.edu.br\/clmd\/wp-json\/wp\/v2\/pages\/211"}],"wp:attachment":[{"href":"https:\/\/wp.ufpel.edu.br\/clmd\/wp-json\/wp\/v2\/media?parent=1140"}],"curies":[{"name":"wp","href":"https:\/\/api.w.org\/{rel}","templated":true}]}}