{"id":680,"date":"2024-08-08T01:24:56","date_gmt":"2024-08-08T04:24:56","guid":{"rendered":"https:\/\/wp.ufpel.edu.br\/cliohd\/?page_id=680"},"modified":"2024-08-08T01:27:01","modified_gmt":"2024-08-08T04:27:01","slug":"objetos-digitais-de-aprendizagem-websites-enquanto-oda","status":"publish","type":"page","link":"https:\/\/wp.ufpel.edu.br\/cliohd\/artigos-clio-hd\/objetos-digitais-de-aprendizagem-websites-enquanto-oda\/","title":{"rendered":"Objetos Digitais de Aprendizagem: websites enquanto ODA"},"content":{"rendered":"<p>&nbsp;<\/p>\n<h6 style=\"text-align: center;\"><span style=\"font-size: 10pt;\">Thalis Figueiredo Sart\u00f3rio<\/span><\/h6>\n<h6 style=\"text-align: center;\"><span style=\"font-size: 10pt;\">(Mestrando em Hist\u00f3ria\/UFPEL)<\/span><\/h6>\n<p>&nbsp;<\/p>\n<div id=\"attachment_688\" style=\"width: 234px\" class=\"wp-caption alignleft\"><a href=\"http:\/\/[[File:Oxygen480-apps-preferences-desktop-screensaver.svg|Oxygen480-apps-preferences-desktop-screensaver]]\"><img data-recalc-dims=\"1\" loading=\"lazy\" decoding=\"async\" aria-describedby=\"caption-attachment-688\" class=\"wp-image-688\" src=\"https:\/\/i0.wp.com\/wp.ufpel.edu.br\/cliohd\/files\/2024\/08\/Oxygen480-apps-preferences-desktop-screensaver.svg_.png?resize=234%2C234&#038;ssl=1\" alt=\"\" width=\"234\" height=\"234\" srcset=\"https:\/\/i0.wp.com\/wp.ufpel.edu.br\/cliohd\/files\/2024\/08\/Oxygen480-apps-preferences-desktop-screensaver.svg_.png?resize=200%2C200&amp;ssl=1 200w, https:\/\/i0.wp.com\/wp.ufpel.edu.br\/cliohd\/files\/2024\/08\/Oxygen480-apps-preferences-desktop-screensaver.svg_.png?resize=400%2C400&amp;ssl=1 400w, https:\/\/i0.wp.com\/wp.ufpel.edu.br\/cliohd\/files\/2024\/08\/Oxygen480-apps-preferences-desktop-screensaver.svg_.png?w=640&amp;ssl=1 640w\" sizes=\"auto, (max-width: 234px) 100vw, 234px\" \/><\/a><p id=\"caption-attachment-688\" class=\"wp-caption-text\">The Oxygen Team, KDE.<\/p><\/div>\n<p style=\"text-align: justify;\">Os encontros da Hist\u00f3ria com o Digital e a Internet permeiam uma hist\u00f3ria do historiador com a m\u00e1quina e nessa hist\u00f3ria, momentos distintos se perpassam, como o de preserva\u00e7\u00e3o de fontes hist\u00f3ricas, por meio da digitaliza\u00e7\u00e3o ou coleta de dados no espa\u00e7o virtual (GRINBERG; ALMEIDA, 2012); o uso da m\u00e1quina nas longas s\u00e9ries de dados da Hist\u00f3ria Econ\u00f4mica; e ao uso da programa\u00e7\u00e3o nas pesquisas hist\u00f3ricas, como por exemplo o <em>web scraping<\/em>, a raspagem de dados feita por meio da linguagem de programa\u00e7\u00e3o Python (BRASIL, 2023), e o uso de ferramentas digitais na pesquisa hist\u00f3rica (BRASIL; NASCIMENTO, 2020). Mas al\u00e9m do campo da pesquisa, a Hist\u00f3ria Digital tem seus encontros no Ensino de Hist\u00f3ria, como forma de divulga\u00e7\u00e3o hist\u00f3rica ou de constru\u00e7\u00e3o de conte\u00fados hist\u00f3ricos destinados \u00e0 educa\u00e7\u00e3o b\u00e1sica, alimentando diversos portais, que podem e devem serem utilizados em sala de aula e questionados (DE OLIVEIRA, 2014).<\/p>\n<p style=\"text-align: justify;\">Os historiadores, professores de Hist\u00f3ria, tem encontrado nos websites, um recurso que possibilita expandir os conte\u00fados da sala de aula, como tamb\u00e9m criar abordagens que fa\u00e7am a divulga\u00e7\u00e3o de seus estudos e possibilitem um di\u00e1logo maior, seguindo os preceitos de R\u00fcsen (2001) para conceber a matriz hist\u00f3rica. Nesse cen\u00e1rio, os websites t\u00eam se tornado possibilidades, provindas de mestrados profissionais, por vezes, mas tamb\u00e9m de outros pesquisadores. Dentro desse panorama, os recursos podem serem pensados como Objetos Digitais de Aprendizagem e comp\u00f5e parte das coletas presentes no Portal Clio HD, como forma de reunir produ\u00e7\u00f5es e oportunizar um cat\u00e1logo para o usu\u00e1rio que desejar fazer seu uso em sala de aula, ou consumir divulga\u00e7\u00e3o hist\u00f3rica dos pesquisadores.<\/p>\n<p style=\"text-align: justify;\">Cabe ent\u00e3o, falar acerca do site Portal Clio HD \u2013 Acervo de Fontes e Objetos Digitais para o Ensino e Pesquisa em Hist\u00f3ria \u2013 que \u00e9 um projeto em Hist\u00f3ria Digital na UFPEL, centrado na coleta de fontes digitais. O site tamb\u00e9m abarca, na se\u00e7\u00e3o \u201cHist\u00f3ria Digital\u201d, os \u201cObjetos Digitais\u201d, entre eles Museus Digitais e outros websites voltados a Hist\u00f3ria\/Ensino de Hist\u00f3ria (PORTAL CLIOHD, c2022).<\/p>\n<p style=\"text-align: justify;\"><strong>O que seria ODA?<\/strong><\/p>\n<p style=\"text-align: justify;\">J\u00e1 que apresentamos o Portal Clio, passamos para a conversa sobre ODA, os Objetos Digitais de Aprendizagem, que segundo Mercado, Silva e Gracindo<\/p>\n<p style=\"text-align: justify;\">A principal ideia dos objetos de aprendizagem \u00e9 quebrar o conte\u00fado educacional em pequenos peda\u00e7os que possam ser reutilizados em diferentes ambientes de aprendizagem, em um esp\u00edrito de orienta\u00e7\u00e3o orientada a objetos, qualquer entidade, digital ou n\u00e3o, que possa ser usada, reutilizada ou referenciada durante o uso de tecnologias que suportem ensino. (MERCADO; SILVA; GRACINDO, 2008. p.112).<\/p>\n<p style=\"text-align: justify;\">Interessante a origem da ideia de Objeto, que segundo os autores viria do paradigma de programa\u00e7\u00e3o orientado a objetos, o que relaciona o conceito com o Digital, o virtual. Em linhas gerais, um paradigma de programa\u00e7\u00e3o \u00e9 uma forma na qual se escrever um c\u00f3digo e um objeto dentro desse paradigma \u00e9 \u201ccomo algo gen\u00e9rico, que pode representar qualquer coisa tang\u00edvel\u201d (ALURA, 2023). Dessa forma, temos que o termo objeto representa algo que \u00e9 model\u00e1vel e que se adapta a diversos contextos, o que \u00e9 importante aqui, j\u00e1 que o objeto em quest\u00e3o s\u00e3o website<\/p>\n<p style=\"text-align: justify;\">Seguindo, em \u201cObjetos Digitais de Aprendizagem: uma conversa inicial\u201d, os autores dentro do campo do ensino de l\u00edngua inglesa, realizam uma interessante conceitua\u00e7\u00e3o do que seriam ODA, remetendo ao per\u00edodo pand\u00eamico e como a necessidade de contato com o estudante modificou os paradigmas do que \u00e9 o virtual, o digital para com a escola e educa\u00e7\u00e3o. (SOUSA et al, 2023). Passa pela quest\u00e3o de ser utilizado dentro como fora da sala de aula, ser de naturezas distintas, anima\u00e7\u00f5es, websites, simuladores, videoaulas etc. N\u00e3o h\u00e1 um padr\u00e3o espec\u00edfico para determinar o que seria ODA, mas os autores trazem pontos oportunos a reflex\u00e3o acerca do como pensar os objetos. Sendo eles<\/p>\n<p style=\"text-align: justify;\">(a) reusabilidade \u2013 ser reutiliz\u00e1vel diversas vezes em diversas situa\u00e7\u00f5es e ambientes de aprendizagem, (b) adaptabilidade \u2013 ser adapt\u00e1vel a diversas situa\u00e7\u00f5es de ensino e aprendizagem, (c) granularidade \u2013 apresentar conte\u00fado at\u00f4mico, para facilitar a usabilidade, (d) acessibilidade \u2013 ser facilmente acess\u00edvel via internet para ser usado em diversos locais ou, ainda, ser potencialmente acess\u00edvel a usu\u00e1rios com necessidades especiais, (e) durabilidade: \u00a0apresentar possibilidade de continuar a ser usado independentemente de mudan\u00e7a de \u00a0tecnologia, e (f) interoperabilidade: apresentar possibilidade de operar por meio de \u00a0variedade de <em>hardwares<\/em>, sistemas operacionais e <em>browsers<\/em>. (SOUSA et al, 2023, p. 15)<\/p>\n<p style=\"text-align: justify;\">Em s\u00edntese, todos os itens contrap\u00f5em objetos de aprendizagem n\u00e3o digitais, como o livro, e quaisquer outros. O ponto \u00e9 pensar que um <em>website<\/em>, por exemplo \u00e9 sempre recebido uma c\u00f3pia do c\u00f3digo-fonte que est\u00e1 hospedado, guardado em um servidor, que \u00e9 um tipo de computador e essa c\u00f3pia \u00e9 lida pelo navegador. Ent\u00e3o ele pode ser usado novamente, enquanto o <em>link<\/em> de acesso permanecer ativo. Em rela\u00e7\u00e3o a adaptabilidade, um site pode ser programado de modo que as fontes tenham tamanho relativo ao tamanho da fonte do aparelho eletr\u00f4nico. E assim, se o usu\u00e1rio tiver um tamanho de fonte de tamanho 36, todas fontes do site v\u00e3o se alterar para se adaptarem ao usu\u00e1rio e suas necessidades. Isso n\u00e3o quer dizer que todos os objetos ser\u00e3o acess\u00edveis, mas que oferecem mais facilidade que objetos n\u00e3o digitais.<\/p>\n<p style=\"text-align: justify;\">J\u00e1 o aspecto da granularidade, em rela\u00e7\u00e3o ao <em>website, <\/em>pode ser pensado quanto aos blocos de textos, as separa\u00e7\u00f5es e se\u00e7\u00f5es que podem serem feitas para instigar a leitura, com textos mais curtos. Faz parte do design de experi\u00eancia do usu\u00e1rio ou UX, pensar a usabilidade do produto que sirva para o usu\u00e1rio.<\/p>\n<p style=\"text-align: justify;\">Passando para o pr\u00f3ximo ponto, t\u00eam-se que a ODA apresenta durabilidade e pode ser um ponto interessante a se pensar, tomando por exemplo a m\u00fasica. Se antes de tecnologias que capturassem o som e o armazenasse existissem, s\u00f3 havia a possibilidade de cantar ou ouvir algu\u00e9m cantar. Depois, com o r\u00e1dio, com a fita, <em>cd<\/em>, <em>dvd<\/em>, <em>pen drive<\/em> e outros suportes de difus\u00e3o e armazenamento, havia-se possibilidade de ouvir a m\u00fasica, mas os suportes mudavam. Com o digital, a m\u00fasica pode ser acessada por plataformas distintas de <em>streaming, <\/em>e assim, apresenta durabilidade. Juntamente com a quest\u00e3o anterior, a interoperabilidade, \u00e9 essa caracter\u00edstica de um <em>website<\/em>, <em>software <\/em>etc., \u00a0\u201cabrir\/rodar\/executar\u201d em sistemas operacionais distintos, como Linux, Windows ou Mac, ou distintos navegadores ou <em>browsers<\/em>, como Chrome, Edge, Opera ou Safari, entre v\u00e1rios, enquanto recursos n\u00e3o digitais ficam \u201cpresos\u201d ao seus formatos e suportes de uso.<\/p>\n<p style=\"text-align: justify;\"><strong>ODA enquanto recurso digital estrat\u00e9gico<\/strong><\/p>\n<p style=\"text-align: justify;\">Em s\u00edntese, pode-se pensar que \u201cqualquer recurso digital que possa ser (re)usado para apoiar a aprendizagem \u00e9 considerado um ODA, temos uma ideia padr\u00e3o de que diferentes plataformas digitais podem ser usadas com prop\u00f3sito educacional, contando que haja uma estrat\u00e9gia com tal intuito.\u201d (SOUSA et al, 2023, p. 15). Plataformas digitais pensadas com estrat\u00e9gia de ensino, volta-se ao ponto central, precisa-se de planejamento did\u00e1tico para o uso da ferramenta, para atender determinados objetivos no ensino de Hist\u00f3ria, como outros objetos de aprendizagem que n\u00e3o s\u00e3o digitais, como um livro.<\/p>\n<p style=\"text-align: justify;\">A partir dessa conceitualiza\u00e7\u00e3o, identificamos os <em>websites <\/em>presentes no Portal Clio HD, como Objetos Digitais de Aprendizagem e especificamente os desenvolvidos pelo autor, o <em>Andan\u00e7as pela Hist\u00f3ria do Brasil <\/em>e <em>Jornadas pelo M\u00e9xico Colonial, <\/em>como tamb\u00e9m, <em>Estudo Errado?. C<\/em>oncebidos nos pressupostos de ODA e n\u00e3o apenas constru\u00eddos, mas em constru\u00e7\u00e3o vindos das necessidades, sejam de acessibilidade, navegabilidade, intera\u00e7\u00e3o com o usu\u00e1rio etc., que os <em>websites<\/em> exijam ao uso.<\/p>\n<p style=\"text-align: justify;\">Apresentando os <em>websites, <\/em>temos <em>Andan\u00e7as pela Hist\u00f3ria do Brasil, que <\/em>\u00e9 fruto do Trabalho de Conclus\u00e3o de Curso em Hist\u00f3ria Licenciatura e aborda a hist\u00f3ria do Brasil, nos per\u00edodos de Col\u00f4nia, Imp\u00e9rio e Rep\u00fablica, resultante das pesquisas e aulas ministradas no Curso Pr\u00e9-Universit\u00e1rio Popular Quinta Supera\u00e7\u00e3o, localizado em Rio Grande\/RS. Em <em>Jornadas pelo M\u00e9xico Colonial<\/em>, t\u00eam-se o resultado de uma atividade proposta na disciplina de Hist\u00f3ria da Am\u00e9rica Colonial e aborda o per\u00edodo anterior a invas\u00e3o, o per\u00edodo colonial e a resist\u00eancia na contemporaneidade. Por \u00faltimo, tem-se <em>Estudo Errado?<\/em>, atividade realizada na disciplina de Est\u00e1gio Supervisionado em Hist\u00f3ria I, a partir de uma provoca\u00e7\u00e3o da professora de pensar uma atividade, material, tendo ponto de partida a m\u00fasica <em>Estudo Errado<\/em> de Gabriel Pensador.<\/p>\n<p style=\"text-align: justify;\">S\u00e3o produtos de pesquisa pr\u00f3pria ou compartilhada, com a colabora\u00e7\u00e3o de outros pesquisadores, que conversam com R\u00fcsen (2001), de pensar um retorno da pesquisa hist\u00f3rica a sociedade, sua divulga\u00e7\u00e3o e ensino, seus pressupostos enquanto ODA, enquanto algo que se remodela com as necessidades ou tamb\u00e9m com recria\u00e7\u00f5es em cima do material j\u00e1 feito com mais facilidade que os objetos n\u00e3o digitais. Cabe finalizar, ponderando a pertin\u00eancia e possiblidades de ODA no ensino de Hist\u00f3ria, dentro desse campo da Hist\u00f3ria Digital, que confronta o passado com artefatos tecnol\u00f3gicos e que devem terem espa\u00e7o nas salas de aula de Hist\u00f3ria.<\/p>\n<p style=\"text-align: justify;\"><strong>Refer\u00eancias:<\/strong><\/p>\n<p style=\"text-align: justify;\">BRASIL, Eric; NASCIMENTO, Leonardo Fernandes. Hist\u00f3ria digital: reflex\u00f5es a partir da Hemeroteca Digital Brasileira e do uso de CAQDAS na reelabora\u00e7\u00e3o da pesquisa hist\u00f3rica. Estudos Hist\u00f3ricos (Rio de Janeiro), v. 33, p. 196-219, 2020.<\/p>\n<p style=\"text-align: justify;\">BRASIL, Eric. pyHDB-ferramenta heur\u00edstica para a Hemeroteca Digital Brasileira: utilizando t\u00e9cnicas de web scraping para a pesquisa em hist\u00f3ria. Hist\u00f3ria da Historiografia, v. 15, p. 186-217, 2023.<\/p>\n<p style=\"text-align: justify;\">DE OLIVEIRA, Nucia Alexandra Silva. Hist\u00f3ria e internet: conex\u00f5es poss\u00edveis. Revista tempo e argumento, v. 6, n. 12, p. 23-53, 2014.<\/p>\n<p style=\"text-align: justify;\">GRINBERG, Keila; ALMEIDA, Anita. Detetives do passado no mundo do futuro: divulga\u00e7\u00e3o cient\u00edfica, ensino de Hist\u00f3ria e internet. Revista Hist\u00f3ria Hoje, v. 1, n. 1, p. 315-326, 2012.<\/p>\n<p style=\"text-align: justify;\">HENRIQUE, Jo\u00e3o. POO: o que \u00e9 programa\u00e7\u00e3o orientada a objetos?. Alura, 2023. Dispon\u00edvel em: https:\/\/www.alura.com.br\/artigos\/poo-programacao-orientada-a-objetos. Acesso em: 10 de mar. de 2024.<\/p>\n<p style=\"text-align: justify;\">MERCADO, Lu\u00eds Paulo Leopoldo; DA SILVA, Alex Melo; GRACINDO, Helo\u00edsa Barbosa Rocha. Utiliza\u00e7\u00e3o did\u00e1tica de objetos digitais de aprendizagem na educa\u00e7\u00e3o on-line. Eccos\u2013Revista Cient\u00edfica, v. 10, n. 1, p. 105-124, 2008.<\/p>\n<p style=\"text-align: justify;\">R\u00dcSEN, J\u00f6rn. Pragm\u00e1tica \u2013 a constitui\u00e7\u00e3o do pensamento hist\u00f3rico na vida pr\u00e1tica. In: Raz\u00e3o hist\u00f3rica \u2013 teoria da hist\u00f3ria: os fundamentos da ci\u00eancia hist\u00f3rica. Bras\u00edlia, Editora da UNB, 2001, p.53-67.<\/p>\n<p style=\"text-align: justify;\">PORTAL CLIO HD. PORTAL CLIO HD: Acervo de Fontes e Objetos Digitais para o Ensino e Pesquisa em Hist\u00f3ria, c2022. SOBRE. Dispon\u00edvel em: <a href=\"https:\/\/wp.ufpel.edu.br\/cliohd\/sobre-cliohd\/\">https:\/\/wp.ufpel.edu.br\/cliohd\/sobre-cliohd\/<\/a>. \u00a0Acesso em: 10 de mar. de 2024.<\/p>\n<p style=\"text-align: center;\">_____<\/p>\n<p style=\"text-align: center;\"><em>Artigo publicado em 08 de agosto de 2024<\/em><\/p>\n<p>Como citar este artigo: SART\u00d3RIO, Thalis Figueiredo.\u00a0 Objetos Digitais de Aprendizagem: websites enquanto ODA In: <strong>Artigos Portal Clio HD<\/strong>, 2024. Dispon\u00edvel em: (inserir o link da p\u00e1gina).<\/p>\n<p>&nbsp;<\/p>\n<p>Sobre o autor:<\/p>\n<p style=\"text-align: justify;\"><img data-recalc-dims=\"1\" loading=\"lazy\" decoding=\"async\" class=\" wp-image-686 alignleft\" src=\"https:\/\/i0.wp.com\/wp.ufpel.edu.br\/cliohd\/files\/2024\/08\/Conheca-nosso-acervo-de-fontes-digitais-20.png?resize=246%2C246&#038;ssl=1\" alt=\"\" width=\"246\" height=\"246\" srcset=\"https:\/\/i0.wp.com\/wp.ufpel.edu.br\/cliohd\/files\/2024\/08\/Conheca-nosso-acervo-de-fontes-digitais-20.png?resize=200%2C200&amp;ssl=1 200w, https:\/\/i0.wp.com\/wp.ufpel.edu.br\/cliohd\/files\/2024\/08\/Conheca-nosso-acervo-de-fontes-digitais-20.png?resize=400%2C400&amp;ssl=1 400w, https:\/\/i0.wp.com\/wp.ufpel.edu.br\/cliohd\/files\/2024\/08\/Conheca-nosso-acervo-de-fontes-digitais-20.png?resize=1024%2C1024&amp;ssl=1 1024w, https:\/\/i0.wp.com\/wp.ufpel.edu.br\/cliohd\/files\/2024\/08\/Conheca-nosso-acervo-de-fontes-digitais-20.png?resize=768%2C768&amp;ssl=1 768w, https:\/\/i0.wp.com\/wp.ufpel.edu.br\/cliohd\/files\/2024\/08\/Conheca-nosso-acervo-de-fontes-digitais-20.png?resize=750%2C750&amp;ssl=1 750w, https:\/\/i0.wp.com\/wp.ufpel.edu.br\/cliohd\/files\/2024\/08\/Conheca-nosso-acervo-de-fontes-digitais-20.png?w=1080&amp;ssl=1 1080w\" sizes=\"auto, (max-width: 246px) 100vw, 246px\" \/>Mestrando do Programa de P\u00f3s-Gradua\u00e7\u00e3o em Hist\u00f3ria da Universidade Federal de Pelotas &#8211; UFPEL , na linha de pesquisa Imagens: Entre iconografia, cultura visual e intermidialidade. Graduado em Hist\u00f3ria Licenciatura pela Universidade Federal do Rio Grande &#8211; FURG. T\u00e9cnico em Inform\u00e1tica para Internet pelo Instituto Federal de Educa\u00e7\u00e3o, Ci\u00eancia e Tecnologia do Rio Grande do Sul &#8211; IFRS. Integrou o PIBID entre 2020 e 2022, como bolsista. Atualmente \u00e9 educador de Hist\u00f3ria e coordenador do curso Pr\u00e9 Universit\u00e1rio Popular Quinta Supera\u00e7\u00e3o, vinculado ao Programa de Auxilio ao Ingresso nos Ensinos T\u00e9cnicos e Superior (PAIETS\/FURG).\u00a0 Colaborador do &#8220;Portal Clio HD &#8211; Acervo de Fontes e Objetos Digitais para o Ensino e a Pesquisa em Hist\u00f3ria&#8221;, na UFPEL. Lattes:<a href=\"http:\/\/lattes.cnpq.br\/3946314982248768\"> http:\/\/lattes.cnpq.br\/3946314982248768<\/a><\/p>\n<p style=\"text-align: justify;\">\n","protected":false},"excerpt":{"rendered":"<p>&nbsp; Thalis Figueiredo Sart\u00f3rio (Mestrando em Hist\u00f3ria\/UFPEL) &nbsp; Os encontros da Hist\u00f3ria com o Digital e a Internet permeiam uma hist\u00f3ria do historiador com a m\u00e1quina e nessa hist\u00f3ria, momentos distintos se perpassam, como o de preserva\u00e7\u00e3o de fontes hist\u00f3ricas, por meio da digitaliza\u00e7\u00e3o ou coleta de dados no espa\u00e7o virtual (GRINBERG; ALMEIDA, 2012); o &hellip; <\/p>\n<p><a class=\"more-link btn\" href=\"https:\/\/wp.ufpel.edu.br\/cliohd\/artigos-clio-hd\/objetos-digitais-de-aprendizagem-websites-enquanto-oda\/\">Continue lendo<\/a><\/p>\n","protected":false},"author":1274,"featured_media":0,"parent":566,"menu_order":0,"comment_status":"closed","ping_status":"closed","template":"","meta":{"advanced_seo_description":"","jetpack_seo_html_title":"","jetpack_seo_noindex":false,"jetpack_post_was_ever_published":false,"footnotes":""},"class_list":["post-680","page","type-page","status-publish","hentry","nodate","item-wrap"],"jetpack-related-posts":[{"id":155,"url":"https:\/\/wp.ufpel.edu.br\/cliohd\/historia-digital-e-ensino-de-historia\/indicacao-de-livros\/","url_meta":{"origin":680,"position":0},"title":"Indica\u00e7\u00e3o de livros","author":"cliohd","date":"21\/01\/2023","format":false,"excerpt":"Confira algumas sugest\u00f5es de livros sobre Hist\u00f3ria Digital, Humanidades Digitais e Ensino de Hist\u00f3ria.\u00a0 Esta se\u00e7\u00e3o est\u00e1 em constante atualiza\u00e7\u00e3o. Livros de acesso aberto: \u00a0 O livro apresenta uma reflex\u00e3o ampla sobre as Humanidades Digitais e o uso das Tecnologias Digitais de Informa\u00e7\u00e3o e Comunica\u00e7\u00e3o (TDICs) na pesquisa e no\u2026","rel":"","context":"Post similar","block_context":{"text":"Post similar","link":""},"img":{"alt_text":"","src":"https:\/\/i0.wp.com\/wp.ufpel.edu.br\/cliohd\/files\/2025\/11\/ENSAIOS-SOBRE-USOS-E-APROPRIACOES-DA-CULTURA-DIGITAL-NA-PESQUISA-E-ENSINO-DE-HISTORIA-VOLUME-2-paginas-283x400.jpg?resize=350%2C200&ssl=1","width":350,"height":200},"classes":[]},{"id":615,"url":"https:\/\/wp.ufpel.edu.br\/cliohd\/artigos-clio-hd\/fontes-digitais-e-a-organizacao-de-uma-pesquisa-em-historia\/","url_meta":{"origin":680,"position":1},"title":"Fontes digitais e a organiza\u00e7\u00e3o de uma pesquisa em Hist\u00f3ria","author":"cliohd","date":"13\/03\/2024","format":false,"excerpt":"Prof. Dr. Jo\u00e3o J\u00falio Gomes dos Santos J\u00fanior* (Universidade do Estado de Santa Catarina\/UDESC) \u00a0 Trabalhar com fontes digitais j\u00e1 n\u00e3o \u00e9 mais uma novidade para os historiadores na atualidade. O pr\u00f3prio desenvolvimento da inform\u00e1tica levou a profiss\u00e3o a se adequar ao r\u00e1pido desenvolvimento de equipamentos e recursos digitais. Essas\u2026","rel":"","context":"Post similar","block_context":{"text":"Post similar","link":""},"img":{"alt_text":"","src":"https:\/\/i0.wp.com\/wp.ufpel.edu.br\/cliohd\/files\/2024\/03\/800px-Exampleofdigitalhoarding_cluttereddesktop001-400x300.jpg?resize=350%2C200&ssl=1","width":350,"height":200},"classes":[]},{"id":726,"url":"https:\/\/wp.ufpel.edu.br\/cliohd\/artigos-clio-hd\/redes-sociais-e-suas-possibilidades-de-utilizacao-para-a-pesquisa-historiografica\/","url_meta":{"origin":680,"position":2},"title":"Redes sociais e suas possibilidades de utiliza\u00e7\u00e3o para a pesquisa historiogr\u00e1fica","author":"cliohd","date":"11\/11\/2024","format":false,"excerpt":"Gabriela Fonseca Ferreira Graduanda em Hist\u00f3ria (UFPEL) As redes sociais s\u00e3o fruto da \u201cWeb 2.0\u201d, termo criado no in\u00edcio dos anos 2000, para designar a segunda gera\u00e7\u00e3o da World Wide Web que marcou uma nova fase da Internet (Almeida, 2011). A grande novidade trazida por esta nova fase foi a\u2026","rel":"","context":"Post similar","block_context":{"text":"Post similar","link":""},"img":{"alt_text":"","src":"","width":0,"height":0},"classes":[]},{"id":17,"url":"https:\/\/wp.ufpel.edu.br\/cliohd\/sobre-cliohd\/","url_meta":{"origin":680,"position":3},"title":"Sobre o Portal CLIO HD","author":"cliohd","date":"07\/01\/2023","format":false,"excerpt":"O que \u00e9 o Portal Clio HD? O projeto nasceu durante o ano de 2022, a partir de discuss\u00f5es gestadas no \u00e2mbito do grupo de pesquisa\u00a0 \"HEDUCA: Hist\u00f3ria e Educa\u00e7\u00e3o - textos, escritas e leituras\" (CNPQ) e do \"Laborat\u00f3rio de Ensino de Hist\u00f3ria (LEH), situados no departamento de Hist\u00f3ria da\u2026","rel":"","context":"Post similar","block_context":{"text":"Post similar","link":""},"img":{"alt_text":"","src":"","width":0,"height":0},"classes":[]},{"id":300,"url":"https:\/\/wp.ufpel.edu.br\/cliohd\/links\/","url_meta":{"origin":680,"position":4},"title":"Links","author":"cliohd","date":"25\/04\/2023","format":false,"excerpt":"Consulte aqui links para acesso \u00e0 outros portais: Brasil Doc. | Arquivo Digital (ufmg.br) \"O site Brasil Doc. \u00e9 um arquivo digital constru\u00eddo pela Universidade Federal de Minas Gerais (UFMG) com o objetivo de tornar dispon\u00edvel, em transpar\u00eancia ativa, fontes hist\u00f3ricas de natureza diversa abrigadas na institui\u00e7\u00e3o... Informar ao p\u00fablico\u2026","rel":"","context":"Post similar","block_context":{"text":"Post similar","link":""},"img":{"alt_text":"","src":"https:\/\/i0.wp.com\/wp.ufpel.edu.br\/cliohd\/files\/2023\/11\/Captura-de-tela-2023-11-27-143452.png?resize=350%2C200&ssl=1","width":350,"height":200},"classes":[]},{"id":571,"url":"https:\/\/wp.ufpel.edu.br\/cliohd\/artigos-clio-hd\/artigo-1-ivanir-alves\/","url_meta":{"origin":680,"position":5},"title":"Museus virtuais: o que s\u00e3o? Onde acessar? Por que us\u00e1-los no ensino de Hist\u00f3ria?","author":"cliohd","date":"25\/02\/2024","format":false,"excerpt":"Alvanir Ivaneide Alves da Silva (Doutoranda em Hist\u00f3ria\/UFRPE) \u00a0 Ao longo da minha pesquisa de Mestrado no PGH-UFRPE, cuja tem estado vinculada ao campo do Ensino de Hist\u00f3ria, tenho debru\u00e7ado minhas analises acerca dos Museus Virtuais e seus poss\u00edveis usos para o Ensino de Hist\u00f3ria, assim sendo, antes de pensarmos\u2026","rel":"","context":"Post similar","block_context":{"text":"Post similar","link":""},"img":{"alt_text":"","src":"https:\/\/i0.wp.com\/wp.ufpel.edu.br\/cliohd\/files\/2024\/02\/Virtual_Exhibition_The_House_of_Fame_Convened_by_Linder_Produced_by_V21_Artspace-1-400x289.jpg?resize=350%2C200&ssl=1","width":350,"height":200},"classes":[]}],"jetpack_sharing_enabled":true,"_links":{"self":[{"href":"https:\/\/wp.ufpel.edu.br\/cliohd\/wp-json\/wp\/v2\/pages\/680","targetHints":{"allow":["GET"]}}],"collection":[{"href":"https:\/\/wp.ufpel.edu.br\/cliohd\/wp-json\/wp\/v2\/pages"}],"about":[{"href":"https:\/\/wp.ufpel.edu.br\/cliohd\/wp-json\/wp\/v2\/types\/page"}],"author":[{"embeddable":true,"href":"https:\/\/wp.ufpel.edu.br\/cliohd\/wp-json\/wp\/v2\/users\/1274"}],"replies":[{"embeddable":true,"href":"https:\/\/wp.ufpel.edu.br\/cliohd\/wp-json\/wp\/v2\/comments?post=680"}],"version-history":[{"count":4,"href":"https:\/\/wp.ufpel.edu.br\/cliohd\/wp-json\/wp\/v2\/pages\/680\/revisions"}],"predecessor-version":[{"id":693,"href":"https:\/\/wp.ufpel.edu.br\/cliohd\/wp-json\/wp\/v2\/pages\/680\/revisions\/693"}],"up":[{"embeddable":true,"href":"https:\/\/wp.ufpel.edu.br\/cliohd\/wp-json\/wp\/v2\/pages\/566"}],"wp:attachment":[{"href":"https:\/\/wp.ufpel.edu.br\/cliohd\/wp-json\/wp\/v2\/media?parent=680"}],"curies":[{"name":"wp","href":"https:\/\/api.w.org\/{rel}","templated":true}]}}