{"id":67,"date":"2023-01-08T00:48:35","date_gmt":"2023-01-08T03:48:35","guid":{"rendered":"https:\/\/wp.ufpel.edu.br\/cliohd\/?page_id=67"},"modified":"2023-11-22T15:09:58","modified_gmt":"2023-11-22T18:09:58","slug":"instituicoes-e-laboratorios-parceiros","status":"publish","type":"page","link":"https:\/\/wp.ufpel.edu.br\/cliohd\/instituicoes-e-laboratorios-parceiros\/","title":{"rendered":"Institui\u00e7\u00f5es e Laborat\u00f3rios parceiros"},"content":{"rendered":"<p>Laborat\u00f3rios e institui\u00e7\u00f5es parceiras do Portal Clio HD:<\/p>\n<p><img data-recalc-dims=\"1\" loading=\"lazy\" decoding=\"async\" class=\"wp-image-524 alignleft\" src=\"https:\/\/i0.wp.com\/wp.ufpel.edu.br\/cliohd\/files\/2023\/11\/LOGO-HEDUCA.png?resize=220%2C111&#038;ssl=1\" alt=\"\" width=\"220\" height=\"111\" srcset=\"https:\/\/i0.wp.com\/wp.ufpel.edu.br\/cliohd\/files\/2023\/11\/LOGO-HEDUCA.png?resize=400%2C202&amp;ssl=1 400w, https:\/\/i0.wp.com\/wp.ufpel.edu.br\/cliohd\/files\/2023\/11\/LOGO-HEDUCA.png?resize=1024%2C516&amp;ssl=1 1024w, https:\/\/i0.wp.com\/wp.ufpel.edu.br\/cliohd\/files\/2023\/11\/LOGO-HEDUCA.png?resize=768%2C387&amp;ssl=1 768w, https:\/\/i0.wp.com\/wp.ufpel.edu.br\/cliohd\/files\/2023\/11\/LOGO-HEDUCA.png?resize=750%2C378&amp;ssl=1 750w, https:\/\/i0.wp.com\/wp.ufpel.edu.br\/cliohd\/files\/2023\/11\/LOGO-HEDUCA.png?w=1536&amp;ssl=1 1536w\" sizes=\"auto, (max-width: 220px) 100vw, 220px\" \/><\/p>\n<p><span style=\"font-size: 10pt;\">Grupo de Pesquisa HEDUCA: Hist\u00f3ria e Educa\u00e7\u00e3o &#8211; Textos, Escritas e Leituras (CNPq\/UFPEL)<\/span><\/p>\n<p><span style=\"font-size: 10pt;\">Coordenador\/a: Prof. Dr.\u00aa Lisiane Sias Manke<\/span><\/p>\n<p><a href=\"https:\/\/wp.ufpel.edu.br\/leh\/heduca\/\"><span style=\"font-size: 10pt;\">Clique aqui para acessar a p\u00e1gina oficial.<\/span><\/a><\/p>\n<p>________________________________________________<\/p>\n<p><img data-recalc-dims=\"1\" loading=\"lazy\" decoding=\"async\" class=\"wp-image-57 alignleft\" src=\"https:\/\/i0.wp.com\/wp.ufpel.edu.br\/cliohd\/files\/2023\/01\/LEH.png?resize=214%2C214&#038;ssl=1\" alt=\"\" width=\"214\" height=\"214\" srcset=\"https:\/\/i0.wp.com\/wp.ufpel.edu.br\/cliohd\/files\/2023\/01\/LEH.png?resize=400%2C400&amp;ssl=1 400w, https:\/\/i0.wp.com\/wp.ufpel.edu.br\/cliohd\/files\/2023\/01\/LEH.png?resize=1024%2C1024&amp;ssl=1 1024w, https:\/\/i0.wp.com\/wp.ufpel.edu.br\/cliohd\/files\/2023\/01\/LEH.png?resize=200%2C200&amp;ssl=1 200w, https:\/\/i0.wp.com\/wp.ufpel.edu.br\/cliohd\/files\/2023\/01\/LEH.png?resize=768%2C768&amp;ssl=1 768w, https:\/\/i0.wp.com\/wp.ufpel.edu.br\/cliohd\/files\/2023\/01\/LEH.png?resize=600%2C600&amp;ssl=1 600w, https:\/\/i0.wp.com\/wp.ufpel.edu.br\/cliohd\/files\/2023\/01\/LEH.png?resize=945%2C945&amp;ssl=1 945w, https:\/\/i0.wp.com\/wp.ufpel.edu.br\/cliohd\/files\/2023\/01\/LEH.png?w=1080&amp;ssl=1 1080w\" sizes=\"auto, (max-width: 214px) 100vw, 214px\" \/><\/p>\n<p>&nbsp;<\/p>\n<p><span style=\"font-size: 10pt;\">Laborat\u00f3rio de Ensino de Hist\u00f3ria- LEH \/ UFPEL<\/span><\/p>\n<p><span style=\"font-size: 10pt;\">Coordenador\/a: Prof. Dr.\u00aa Lisiane Sias Manke \/ Prof. Dr. Wilian Junior Bonete<\/span><\/p>\n<p><a href=\"https:\/\/wp.ufpel.edu.br\/leh\/inicio\/\"><span style=\"font-size: 10pt;\">Clique aqui para acessar a p\u00e1gina oficial.<\/span><\/a><\/p>\n<p>&nbsp;<\/p>\n<p>&nbsp;<\/p>\n<p>_______________________________________________<span style=\"font-size: 10pt;\">\u00a0 \u00a0 \u00a0<\/span><\/p>\n<p>&nbsp;<\/p>\n<p>&nbsp;<\/p>\n<p><span style=\"font-size: 10pt;\"> <img data-recalc-dims=\"1\" loading=\"lazy\" decoding=\"async\" class=\" wp-image-525 alignleft\" src=\"https:\/\/i0.wp.com\/wp.ufpel.edu.br\/cliohd\/files\/2023\/11\/WhatsApp-Image-2023-11-22-at-14.55.53-1.jpeg?resize=217%2C161&#038;ssl=1\" alt=\"\" width=\"217\" height=\"161\" srcset=\"https:\/\/i0.wp.com\/wp.ufpel.edu.br\/cliohd\/files\/2023\/11\/WhatsApp-Image-2023-11-22-at-14.55.53-1.jpeg?resize=400%2C296&amp;ssl=1 400w, https:\/\/i0.wp.com\/wp.ufpel.edu.br\/cliohd\/files\/2023\/11\/WhatsApp-Image-2023-11-22-at-14.55.53-1.jpeg?resize=1024%2C757&amp;ssl=1 1024w, https:\/\/i0.wp.com\/wp.ufpel.edu.br\/cliohd\/files\/2023\/11\/WhatsApp-Image-2023-11-22-at-14.55.53-1.jpeg?resize=768%2C568&amp;ssl=1 768w, https:\/\/i0.wp.com\/wp.ufpel.edu.br\/cliohd\/files\/2023\/11\/WhatsApp-Image-2023-11-22-at-14.55.53-1.jpeg?resize=750%2C554&amp;ssl=1 750w, https:\/\/i0.wp.com\/wp.ufpel.edu.br\/cliohd\/files\/2023\/11\/WhatsApp-Image-2023-11-22-at-14.55.53-1.jpeg?w=1181&amp;ssl=1 1181w\" sizes=\"auto, (max-width: 217px) 100vw, 217px\" \/>Programa de P\u00f3s-Gradua\u00e7\u00e3o em Hist\u00f3ria &#8211; PPGH<\/span><\/p>\n<p><span style=\"font-size: 10pt;\">Coordenador: Prof. Dr. Aristeu Elisandro Machado Lopes<\/span><\/p>\n<p><a href=\"https:\/\/wp.ufpel.edu.br\/leh\/inicio\/\"><span style=\"font-size: 10pt;\">Clique aqui para acessar a p\u00e1gina oficial.<\/span><\/a><\/p>\n<p>&nbsp;<\/p>\n<p>&nbsp;<\/p>\n<p>______________________________________________<\/p>\n<p>&nbsp;<\/p>\n<p><img data-recalc-dims=\"1\" loading=\"lazy\" decoding=\"async\" class=\"wp-image-58 alignleft\" src=\"https:\/\/i0.wp.com\/wp.ufpel.edu.br\/cliohd\/files\/2023\/01\/LAEH.png?resize=197%2C199&#038;ssl=1\" alt=\"\" width=\"197\" height=\"199\" srcset=\"https:\/\/i0.wp.com\/wp.ufpel.edu.br\/cliohd\/files\/2023\/01\/LAEH.png?resize=395%2C400&amp;ssl=1 395w, https:\/\/i0.wp.com\/wp.ufpel.edu.br\/cliohd\/files\/2023\/01\/LAEH.png?w=548&amp;ssl=1 548w\" sizes=\"auto, (max-width: 197px) 100vw, 197px\" \/><\/p>\n<p>&nbsp;<\/p>\n<p><span style=\"font-size: 10pt;\">Laborat\u00f3rio de Aprendizagem e Ensino de Hist\u00f3ria &#8211; LAEH \/ UFPE<\/span><\/p>\n<p><span style=\"font-size: 10pt;\">Coordenador: Prof. Dr.\u00ba Arnaldo Martin Szlachta Junior (UFPE)<\/span><\/p>\n<p>&nbsp;<\/p>\n<p>&nbsp;<\/p>\n<p>&nbsp;<\/p>\n<p>_____________________________________________<\/p>\n<p><img data-recalc-dims=\"1\" loading=\"lazy\" decoding=\"async\" class=\"wp-image-59 alignleft\" src=\"https:\/\/i0.wp.com\/wp.ufpel.edu.br\/cliohd\/files\/2023\/01\/laborales.png?resize=216%2C115&#038;ssl=1\" alt=\"\" width=\"216\" height=\"115\" srcset=\"https:\/\/i0.wp.com\/wp.ufpel.edu.br\/cliohd\/files\/2023\/01\/laborales.png?resize=400%2C213&amp;ssl=1 400w, https:\/\/i0.wp.com\/wp.ufpel.edu.br\/cliohd\/files\/2023\/01\/laborales.png?resize=600%2C319&amp;ssl=1 600w, https:\/\/i0.wp.com\/wp.ufpel.edu.br\/cliohd\/files\/2023\/01\/laborales.png?w=626&amp;ssl=1 626w\" sizes=\"auto, (max-width: 216px) 100vw, 216px\" \/><\/p>\n<p>&nbsp;<\/p>\n<p><span style=\"font-size: 10pt;\">Laborat\u00f3rio Pesquisas e Fazeres nos Vales<\/span><\/p>\n<p><span style=\"font-size: 10pt;\">Coordenadora: Prof. Dr.\u00aa Rosiane Bechler<\/span><\/p>\n<p>&nbsp;<\/p>\n<p>&nbsp;<\/p>\n<p>_____________________________________________________________________________________________________________________________<\/p>\n<p><img data-recalc-dims=\"1\" loading=\"lazy\" decoding=\"async\" class=\"wp-image-60 alignnone\" src=\"https:\/\/i0.wp.com\/wp.ufpel.edu.br\/cliohd\/files\/2023\/01\/Marca-Colorida-UFPEL_10042014-337x150-1.png?resize=184%2C82&#038;ssl=1\" alt=\"\" width=\"184\" height=\"82\" \/> <img data-recalc-dims=\"1\" loading=\"lazy\" decoding=\"async\" class=\"alignnone wp-image-221\" src=\"https:\/\/i0.wp.com\/wp.ufpel.edu.br\/cliohd\/files\/2023\/02\/UFPE.png?resize=202%2C128&#038;ssl=1\" alt=\"\" width=\"202\" height=\"128\" srcset=\"https:\/\/i0.wp.com\/wp.ufpel.edu.br\/cliohd\/files\/2023\/02\/UFPE.png?resize=400%2C254&amp;ssl=1 400w, https:\/\/i0.wp.com\/wp.ufpel.edu.br\/cliohd\/files\/2023\/02\/UFPE.png?w=500&amp;ssl=1 500w\" sizes=\"auto, (max-width: 202px) 100vw, 202px\" \/><img data-recalc-dims=\"1\" loading=\"lazy\" decoding=\"async\" class=\"alignnone wp-image-222\" src=\"https:\/\/i0.wp.com\/wp.ufpel.edu.br\/cliohd\/files\/2023\/02\/UFVJM.png?resize=78%2C92&#038;ssl=1\" alt=\"\" width=\"78\" height=\"92\" srcset=\"https:\/\/i0.wp.com\/wp.ufpel.edu.br\/cliohd\/files\/2023\/02\/UFVJM.png?resize=340%2C400&amp;ssl=1 340w, https:\/\/i0.wp.com\/wp.ufpel.edu.br\/cliohd\/files\/2023\/02\/UFVJM.png?resize=768%2C903&amp;ssl=1 768w, https:\/\/i0.wp.com\/wp.ufpel.edu.br\/cliohd\/files\/2023\/02\/UFVJM.png?resize=750%2C882&amp;ssl=1 750w, https:\/\/i0.wp.com\/wp.ufpel.edu.br\/cliohd\/files\/2023\/02\/UFVJM.png?w=831&amp;ssl=1 831w\" sizes=\"auto, (max-width: 78px) 100vw, 78px\" \/><\/p>\n","protected":false},"excerpt":{"rendered":"<p>Laborat\u00f3rios e institui\u00e7\u00f5es parceiras do Portal Clio HD: Grupo de Pesquisa HEDUCA: Hist\u00f3ria e Educa\u00e7\u00e3o &#8211; Textos, Escritas e Leituras (CNPq\/UFPEL) Coordenador\/a: Prof. Dr.\u00aa Lisiane Sias Manke Clique aqui para acessar a p\u00e1gina oficial. ________________________________________________ &nbsp; Laborat\u00f3rio de Ensino de Hist\u00f3ria- LEH \/ UFPEL Coordenador\/a: Prof. Dr.\u00aa Lisiane Sias Manke \/ Prof. Dr. Wilian Junior &hellip; <\/p>\n<p><a class=\"more-link btn\" href=\"https:\/\/wp.ufpel.edu.br\/cliohd\/instituicoes-e-laboratorios-parceiros\/\">Continue lendo<\/a><\/p>\n","protected":false},"author":1274,"featured_media":0,"parent":0,"menu_order":6,"comment_status":"closed","ping_status":"closed","template":"","meta":{"advanced_seo_description":"","jetpack_seo_html_title":"","jetpack_seo_noindex":false,"jetpack_post_was_ever_published":false,"footnotes":""},"class_list":["post-67","page","type-page","status-publish","hentry","nodate","item-wrap"],"jetpack-related-posts":[{"id":510,"url":"https:\/\/wp.ufpel.edu.br\/cliohd\/publicacoes-da-equipe\/","url_meta":{"origin":67,"position":0},"title":"Publica\u00e7\u00f5es da equipe","author":"cliohd","date":"22\/11\/2023","format":false,"excerpt":"Artigos e entrevistas BONETE, Wilian Junior; DALSASSO, Thayna L. Uhde. \u201cG\u00eanero\u201d e \u201cIdeologia de G\u00eanero\u201d na internet: uma an\u00e1lise inicial a partir de publica\u00e7\u00f5es na imprensa online brasileira (2019 -2022). 29 de Abril, v. 5, n.8, p. 92-114, jun.2025 (Clique aqui para acessar) BONETE, Wilian Junior; BAGESTEIRO, Maria Portilho. Portal\u2026","rel":"","context":"Post similar","block_context":{"text":"Post similar","link":""},"img":{"alt_text":"","src":"","width":0,"height":0},"classes":[]},{"id":17,"url":"https:\/\/wp.ufpel.edu.br\/cliohd\/sobre-cliohd\/","url_meta":{"origin":67,"position":1},"title":"Sobre o Portal CLIO HD","author":"cliohd","date":"07\/01\/2023","format":false,"excerpt":"O que \u00e9 o Portal Clio HD? O projeto nasceu durante o ano de 2022, a partir de discuss\u00f5es gestadas no \u00e2mbito do grupo de pesquisa\u00a0 \"HEDUCA: Hist\u00f3ria e Educa\u00e7\u00e3o - textos, escritas e leituras\" (CNPQ) e do \"Laborat\u00f3rio de Ensino de Hist\u00f3ria (LEH), situados no departamento de Hist\u00f3ria da\u2026","rel":"","context":"Post similar","block_context":{"text":"Post similar","link":""},"img":{"alt_text":"","src":"","width":0,"height":0},"classes":[]},{"id":635,"url":"https:\/\/wp.ufpel.edu.br\/cliohd\/artigos-clio-hd\/narrativas-revisionistas-e-negacionismos-historicos-no-governo-de-jair-bolsonaro-possibilidades-de-pesquisa-com-interfaces-da-historia-digital\/","url_meta":{"origin":67,"position":2},"title":"Narrativas revisionistas e negacionismos hist\u00f3ricos no governo de Jair Bolsonaro: possibilidades de pesquisa com interfaces da Hist\u00f3ria Digital","author":"cliohd","date":"09\/05\/2024","format":false,"excerpt":"Maria Portilho Bagesteiro (Mestranda em Hist\u00f3ria\/PPGH\/UFPel) \u00a0 O debate em torno do negacionismo e revisionismo hist\u00f3rico ganhou uma relev\u00e2ncia ineg\u00e1vel durante o per\u00edodo do governo de Jair Bolsonaro (2019-2022), extrapolando os limites de recortes hist\u00f3ricos utilizados em seu discurso. Al\u00e9m do frequente discurso enaltecedor do passado ditatorial do pa\u00eds e\u2026","rel":"","context":"Post similar","block_context":{"text":"Post similar","link":""},"img":{"alt_text":"","src":"https:\/\/i0.wp.com\/wp.ufpel.edu.br\/cliohd\/files\/2024\/05\/Palacio_do_Planalto_destruicao_Atos_golpistas_8_de_janeiro_52755321774-400x267.jpg?resize=350%2C200&ssl=1","width":350,"height":200},"classes":[]},{"id":158,"url":"https:\/\/wp.ufpel.edu.br\/cliohd\/historia-digital-e-ensino-de-historia\/indicacao-de-artigos\/","url_meta":{"origin":67,"position":3},"title":"Indica\u00e7\u00e3o de artigos\/dossi\u00eas","author":"cliohd","date":"21\/01\/2023","format":false,"excerpt":"Esta se\u00e7\u00e3o cont\u00e9m artigos e dossi\u00eas publicados em peri\u00f3dicos ou anais de eventos, relacionados ao campo da Hist\u00f3ria Digital, tecnologias digitais e o Ensino de Hist\u00f3ria. Artigos: VALLE VASCO PEREIRA, A. R. A .Autenticidade Do Inaut\u00eantico: Arquivos Digitais No Estudo Do Tempo Presente. Converg\u00eancias: estudos em Humanidades Digitais,\u00a0[S. l.], v.\u2026","rel":"","context":"Post similar","block_context":{"text":"Post similar","link":""},"img":{"alt_text":"","src":"https:\/\/i0.wp.com\/wp.ufpel.edu.br\/cliohd\/files\/2023\/09\/c93286e2837dfd1c91ef15292bd2b0ab-400x51.jpg?resize=350%2C200&ssl=1","width":350,"height":200,"srcset":"https:\/\/i0.wp.com\/wp.ufpel.edu.br\/cliohd\/files\/2023\/09\/c93286e2837dfd1c91ef15292bd2b0ab-400x51.jpg?resize=350%2C200&ssl=1 1x, https:\/\/i0.wp.com\/wp.ufpel.edu.br\/cliohd\/files\/2023\/09\/c93286e2837dfd1c91ef15292bd2b0ab-400x51.jpg?resize=525%2C300&ssl=1 1.5x, https:\/\/i0.wp.com\/wp.ufpel.edu.br\/cliohd\/files\/2023\/09\/c93286e2837dfd1c91ef15292bd2b0ab-400x51.jpg?resize=700%2C400&ssl=1 2x"},"classes":[]},{"id":20,"url":"https:\/\/wp.ufpel.edu.br\/cliohd\/pesquisadores\/","url_meta":{"origin":67,"position":4},"title":"Quem somos","author":"cliohd","date":"07\/01\/2023","format":false,"excerpt":"Clique sobre a imagem para acessar o curr\u00edculo lattes dos\/as pesquisadores\/as integrantes do Portal Clio HD: \u00a0 \u00a0 \u00a0 \u00a0 \u00a0\u00a0\u00a0 \u00a0\u00a0 \u00a0 \u00a0 \u00a0 \u00a0 \u00a0 Ex-integrantes: Dora de S\u00e1 Gallindo (UFPB). Vit\u00f3ria Gon\u00e7alves Nascimento (UFES). Cyro Rosa Silva (UFPEL). Bruno Bengoch\u00eaa (PPGH\/UFPEL). Gl\u00eania Alves (FURG). \u00a0","rel":"","context":"Post similar","block_context":{"text":"Post similar","link":""},"img":{"alt_text":"","src":"https:\/\/i0.wp.com\/wp.ufpel.edu.br\/cliohd\/files\/2024\/06\/Conheca-nosso-acervo-de-fontes-digitais-13-2-200x200.png?resize=350%2C200&ssl=1","width":350,"height":200},"classes":[]},{"id":147,"url":"https:\/\/wp.ufpel.edu.br\/cliohd\/acervo-tematico-fontes-digitais\/diversidade\/","url_meta":{"origin":67,"position":5},"title":"Diversidade","author":"cliohd","date":"21\/01\/2023","format":false,"excerpt":"Clique no card para acessar as fontes catalogadas \u00a0 Os anos de governo de Jair Messias Bolsonaro podem ser caracterizados como um retrocesso ao que diz respeito aos direitos, e principalmente ao aumento dos ataques proferidos a a comunidade LGBTQIA +. Al\u00e9m disso, surgiram in\u00fameras fake news e publica\u00e7\u00f5es com\u2026","rel":"","context":"Post similar","block_context":{"text":"Post similar","link":""},"img":{"alt_text":"","src":"https:\/\/i0.wp.com\/wp.ufpel.edu.br\/cliohd\/files\/2023\/10\/Captura-de-tela-2023-10-17-171907-400x268.png?resize=350%2C200&ssl=1","width":350,"height":200},"classes":[]}],"jetpack_sharing_enabled":true,"_links":{"self":[{"href":"https:\/\/wp.ufpel.edu.br\/cliohd\/wp-json\/wp\/v2\/pages\/67","targetHints":{"allow":["GET"]}}],"collection":[{"href":"https:\/\/wp.ufpel.edu.br\/cliohd\/wp-json\/wp\/v2\/pages"}],"about":[{"href":"https:\/\/wp.ufpel.edu.br\/cliohd\/wp-json\/wp\/v2\/types\/page"}],"author":[{"embeddable":true,"href":"https:\/\/wp.ufpel.edu.br\/cliohd\/wp-json\/wp\/v2\/users\/1274"}],"replies":[{"embeddable":true,"href":"https:\/\/wp.ufpel.edu.br\/cliohd\/wp-json\/wp\/v2\/comments?post=67"}],"version-history":[{"count":7,"href":"https:\/\/wp.ufpel.edu.br\/cliohd\/wp-json\/wp\/v2\/pages\/67\/revisions"}],"predecessor-version":[{"id":526,"href":"https:\/\/wp.ufpel.edu.br\/cliohd\/wp-json\/wp\/v2\/pages\/67\/revisions\/526"}],"wp:attachment":[{"href":"https:\/\/wp.ufpel.edu.br\/cliohd\/wp-json\/wp\/v2\/media?parent=67"}],"curies":[{"name":"wp","href":"https:\/\/api.w.org\/{rel}","templated":true}]}}