{"id":61,"date":"2023-01-08T00:39:13","date_gmt":"2023-01-08T03:39:13","guid":{"rendered":"https:\/\/wp.ufpel.edu.br\/cliohd\/?page_id=61"},"modified":"2023-04-25T10:51:10","modified_gmt":"2023-04-25T13:51:10","slug":"contato","status":"publish","type":"page","link":"https:\/\/wp.ufpel.edu.br\/cliohd\/contato\/","title":{"rendered":"Contato"},"content":{"rendered":"<p><span style=\"font-family: arial, helvetica, sans-serif;\">Para maiores informa\u00e7\u00f5es e solicita\u00e7\u00e3o de participa\u00e7\u00e3o no projeto, entre em contato pelo e-mail: acervodigital.lehufpel@gmail.com ou wilian.bonete@ufpel.edu.br<\/span><\/p>\n<p>&nbsp;<\/p>\n<p>&nbsp;<\/p>\n","protected":false},"excerpt":{"rendered":"<p>Para maiores informa\u00e7\u00f5es e solicita\u00e7\u00e3o de participa\u00e7\u00e3o no projeto, entre em contato pelo e-mail: acervodigital.lehufpel@gmail.com ou wilian.bonete@ufpel.edu.br &nbsp; &nbsp;<\/p>\n","protected":false},"author":1274,"featured_media":0,"parent":0,"menu_order":7,"comment_status":"closed","ping_status":"closed","template":"","meta":{"advanced_seo_description":"","jetpack_seo_html_title":"","jetpack_seo_noindex":false,"jetpack_post_was_ever_published":false,"footnotes":""},"class_list":["post-61","page","type-page","status-publish","hentry","nodate","item-wrap"],"jetpack-related-posts":[{"id":17,"url":"https:\/\/wp.ufpel.edu.br\/cliohd\/sobre-cliohd\/","url_meta":{"origin":61,"position":0},"title":"Sobre o Portal CLIO HD","author":"cliohd","date":"07\/01\/2023","format":false,"excerpt":"O que \u00e9 o Portal Clio HD? O projeto nasceu durante o ano de 2022, a partir de discuss\u00f5es gestadas no \u00e2mbito do grupo de pesquisa\u00a0 \"HEDUCA: Hist\u00f3ria e Educa\u00e7\u00e3o - textos, escritas e leituras\" (CNPQ) e do \"Laborat\u00f3rio de Ensino de Hist\u00f3ria (LEH), situados no departamento de Hist\u00f3ria da\u2026","rel":"","context":"Post similar","block_context":{"text":"Post similar","link":""},"img":{"alt_text":"","src":"","width":0,"height":0},"classes":[]},{"id":571,"url":"https:\/\/wp.ufpel.edu.br\/cliohd\/artigos-clio-hd\/artigo-1-ivanir-alves\/","url_meta":{"origin":61,"position":1},"title":"Museus virtuais: o que s\u00e3o? Onde acessar? Por que us\u00e1-los no ensino de Hist\u00f3ria?","author":"cliohd","date":"25\/02\/2024","format":false,"excerpt":"Alvanir Ivaneide Alves da Silva (Doutoranda em Hist\u00f3ria\/UFRPE) \u00a0 Ao longo da minha pesquisa de Mestrado no PGH-UFRPE, cuja tem estado vinculada ao campo do Ensino de Hist\u00f3ria, tenho debru\u00e7ado minhas analises acerca dos Museus Virtuais e seus poss\u00edveis usos para o Ensino de Hist\u00f3ria, assim sendo, antes de pensarmos\u2026","rel":"","context":"Post similar","block_context":{"text":"Post similar","link":""},"img":{"alt_text":"","src":"https:\/\/i0.wp.com\/wp.ufpel.edu.br\/cliohd\/files\/2024\/02\/Virtual_Exhibition_The_House_of_Fame_Convened_by_Linder_Produced_by_V21_Artspace-1-400x289.jpg?resize=350%2C200&ssl=1","width":350,"height":200},"classes":[]},{"id":726,"url":"https:\/\/wp.ufpel.edu.br\/cliohd\/artigos-clio-hd\/redes-sociais-e-suas-possibilidades-de-utilizacao-para-a-pesquisa-historiografica\/","url_meta":{"origin":61,"position":2},"title":"Redes sociais e suas possibilidades de utiliza\u00e7\u00e3o para a pesquisa historiogr\u00e1fica","author":"cliohd","date":"11\/11\/2024","format":false,"excerpt":"Gabriela Fonseca Ferreira Graduanda em Hist\u00f3ria (UFPEL) As redes sociais s\u00e3o fruto da \u201cWeb 2.0\u201d, termo criado no in\u00edcio dos anos 2000, para designar a segunda gera\u00e7\u00e3o da World Wide Web que marcou uma nova fase da Internet (Almeida, 2011). A grande novidade trazida por esta nova fase foi a\u2026","rel":"","context":"Post similar","block_context":{"text":"Post similar","link":""},"img":{"alt_text":"","src":"","width":0,"height":0},"classes":[]},{"id":680,"url":"https:\/\/wp.ufpel.edu.br\/cliohd\/artigos-clio-hd\/objetos-digitais-de-aprendizagem-websites-enquanto-oda\/","url_meta":{"origin":61,"position":3},"title":"Objetos Digitais de Aprendizagem: websites enquanto ODA","author":"cliohd","date":"08\/08\/2024","format":false,"excerpt":"\u00a0 Thalis Figueiredo Sart\u00f3rio (Mestrando em Hist\u00f3ria\/UFPEL) \u00a0 Os encontros da Hist\u00f3ria com o Digital e a Internet permeiam uma hist\u00f3ria do historiador com a m\u00e1quina e nessa hist\u00f3ria, momentos distintos se perpassam, como o de preserva\u00e7\u00e3o de fontes hist\u00f3ricas, por meio da digitaliza\u00e7\u00e3o ou coleta de dados no espa\u00e7o\u2026","rel":"","context":"Post similar","block_context":{"text":"Post similar","link":""},"img":{"alt_text":"","src":"https:\/\/i0.wp.com\/wp.ufpel.edu.br\/cliohd\/files\/2024\/08\/Oxygen480-apps-preferences-desktop-screensaver.svg_-200x200.png?resize=350%2C200&ssl=1","width":350,"height":200},"classes":[]}],"jetpack_sharing_enabled":true,"_links":{"self":[{"href":"https:\/\/wp.ufpel.edu.br\/cliohd\/wp-json\/wp\/v2\/pages\/61","targetHints":{"allow":["GET"]}}],"collection":[{"href":"https:\/\/wp.ufpel.edu.br\/cliohd\/wp-json\/wp\/v2\/pages"}],"about":[{"href":"https:\/\/wp.ufpel.edu.br\/cliohd\/wp-json\/wp\/v2\/types\/page"}],"author":[{"embeddable":true,"href":"https:\/\/wp.ufpel.edu.br\/cliohd\/wp-json\/wp\/v2\/users\/1274"}],"replies":[{"embeddable":true,"href":"https:\/\/wp.ufpel.edu.br\/cliohd\/wp-json\/wp\/v2\/comments?post=61"}],"version-history":[{"count":4,"href":"https:\/\/wp.ufpel.edu.br\/cliohd\/wp-json\/wp\/v2\/pages\/61\/revisions"}],"predecessor-version":[{"id":208,"href":"https:\/\/wp.ufpel.edu.br\/cliohd\/wp-json\/wp\/v2\/pages\/61\/revisions\/208"}],"wp:attachment":[{"href":"https:\/\/wp.ufpel.edu.br\/cliohd\/wp-json\/wp\/v2\/media?parent=61"}],"curies":[{"name":"wp","href":"https:\/\/api.w.org\/{rel}","templated":true}]}}