{"id":566,"date":"2024-02-25T20:59:00","date_gmt":"2024-02-25T23:59:00","guid":{"rendered":"https:\/\/wp.ufpel.edu.br\/cliohd\/?page_id=566"},"modified":"2025-02-20T16:15:44","modified_gmt":"2025-02-20T19:15:44","slug":"artigos-clio-hd","status":"publish","type":"page","link":"https:\/\/wp.ufpel.edu.br\/cliohd\/artigos-clio-hd\/","title":{"rendered":"Artigos Clio HD"},"content":{"rendered":"<p style=\"text-align: justify;\">Nesta se\u00e7\u00e3o, voc\u00ea encontra artigos, textos e resenhas originais publicados pelos colaboradores do Portal Clio HD ou por convidados(as). S\u00e3o materiais escritos em linguagem objetiva, did\u00e1tica, por\u00e9m com rigor acad\u00eamico. Os temas est\u00e3o relacionados \u00e0 Hist\u00f3ria Digital, \u00e0s humanidades digitais, \u00e0s tecnologias digitais e \u00e0s suas rela\u00e7\u00f5es com o ensino de Hist\u00f3ria. Cada autor(a) \u00e9 respons\u00e1vel pelos conceitos, opini\u00f5es e ideias contidas nos textos.<\/p>\n<p style=\"text-align: center;\"><strong><span style=\"font-size: 14pt;\">Artigos<\/span><\/strong><\/p>\n<p><a href=\"https:\/\/wp.ufpel.edu.br\/cliohd\/artigos-clio-hd\/artigo-1-ivanir-alves\/\" target=\"_blank\" rel=\"noopener\"><img data-recalc-dims=\"1\" loading=\"lazy\" decoding=\"async\" class=\"wp-image-601 alignleft\" src=\"https:\/\/i0.wp.com\/wp.ufpel.edu.br\/cliohd\/files\/2024\/02\/Conheca-nosso-acervo-de-fontes-digitais-5.png?resize=201%2C201&#038;ssl=1\" alt=\"\" width=\"201\" height=\"201\" srcset=\"https:\/\/i0.wp.com\/wp.ufpel.edu.br\/cliohd\/files\/2024\/02\/Conheca-nosso-acervo-de-fontes-digitais-5.png?resize=400%2C400&amp;ssl=1 400w, https:\/\/i0.wp.com\/wp.ufpel.edu.br\/cliohd\/files\/2024\/02\/Conheca-nosso-acervo-de-fontes-digitais-5.png?resize=1024%2C1024&amp;ssl=1 1024w, https:\/\/i0.wp.com\/wp.ufpel.edu.br\/cliohd\/files\/2024\/02\/Conheca-nosso-acervo-de-fontes-digitais-5.png?resize=200%2C200&amp;ssl=1 200w, https:\/\/i0.wp.com\/wp.ufpel.edu.br\/cliohd\/files\/2024\/02\/Conheca-nosso-acervo-de-fontes-digitais-5.png?resize=768%2C768&amp;ssl=1 768w, https:\/\/i0.wp.com\/wp.ufpel.edu.br\/cliohd\/files\/2024\/02\/Conheca-nosso-acervo-de-fontes-digitais-5.png?resize=750%2C750&amp;ssl=1 750w, https:\/\/i0.wp.com\/wp.ufpel.edu.br\/cliohd\/files\/2024\/02\/Conheca-nosso-acervo-de-fontes-digitais-5.png?w=1080&amp;ssl=1 1080w\" sizes=\"auto, (max-width: 201px) 100vw, 201px\" \/>\u00a0 \u00a0 \u00a0\u00a0<\/a><a style=\"color: #9538c5; outline: 0px;\" href=\"https:\/\/wp.ufpel.edu.br\/cliohd\/artigos-clio-hd\/fontes-digitais-e-a-organizacao-de-uma-pesquisa-em-historia\/\" target=\"_blank\" rel=\"noopener\"><img data-recalc-dims=\"1\" loading=\"lazy\" decoding=\"async\" class=\"wp-image-625 alignleft\" src=\"https:\/\/i0.wp.com\/wp.ufpel.edu.br\/cliohd\/files\/2024\/03\/Conheca-nosso-acervo-de-fontes-digitais-8.png?resize=202%2C202&#038;ssl=1\" alt=\"\" width=\"202\" height=\"202\" srcset=\"https:\/\/i0.wp.com\/wp.ufpel.edu.br\/cliohd\/files\/2024\/03\/Conheca-nosso-acervo-de-fontes-digitais-8.png?resize=400%2C400&amp;ssl=1 400w, https:\/\/i0.wp.com\/wp.ufpel.edu.br\/cliohd\/files\/2024\/03\/Conheca-nosso-acervo-de-fontes-digitais-8.png?resize=1024%2C1024&amp;ssl=1 1024w, https:\/\/i0.wp.com\/wp.ufpel.edu.br\/cliohd\/files\/2024\/03\/Conheca-nosso-acervo-de-fontes-digitais-8.png?resize=200%2C200&amp;ssl=1 200w, https:\/\/i0.wp.com\/wp.ufpel.edu.br\/cliohd\/files\/2024\/03\/Conheca-nosso-acervo-de-fontes-digitais-8.png?resize=768%2C768&amp;ssl=1 768w, https:\/\/i0.wp.com\/wp.ufpel.edu.br\/cliohd\/files\/2024\/03\/Conheca-nosso-acervo-de-fontes-digitais-8.png?resize=750%2C750&amp;ssl=1 750w, https:\/\/i0.wp.com\/wp.ufpel.edu.br\/cliohd\/files\/2024\/03\/Conheca-nosso-acervo-de-fontes-digitais-8.png?w=1080&amp;ssl=1 1080w\" sizes=\"auto, (max-width: 202px) 100vw, 202px\" \/><img data-recalc-dims=\"1\" loading=\"lazy\" decoding=\"async\" class=\"wp-image-643 alignleft\" src=\"https:\/\/i0.wp.com\/wp.ufpel.edu.br\/cliohd\/files\/2024\/05\/Conheca-nosso-acervo-de-fontes-digitais-12.png?resize=205%2C205&#038;ssl=1\" alt=\"\" width=\"205\" height=\"205\" srcset=\"https:\/\/i0.wp.com\/wp.ufpel.edu.br\/cliohd\/files\/2024\/05\/Conheca-nosso-acervo-de-fontes-digitais-12.png?resize=400%2C400&amp;ssl=1 400w, https:\/\/i0.wp.com\/wp.ufpel.edu.br\/cliohd\/files\/2024\/05\/Conheca-nosso-acervo-de-fontes-digitais-12.png?resize=1024%2C1024&amp;ssl=1 1024w, https:\/\/i0.wp.com\/wp.ufpel.edu.br\/cliohd\/files\/2024\/05\/Conheca-nosso-acervo-de-fontes-digitais-12.png?resize=200%2C200&amp;ssl=1 200w, https:\/\/i0.wp.com\/wp.ufpel.edu.br\/cliohd\/files\/2024\/05\/Conheca-nosso-acervo-de-fontes-digitais-12.png?resize=768%2C768&amp;ssl=1 768w, https:\/\/i0.wp.com\/wp.ufpel.edu.br\/cliohd\/files\/2024\/05\/Conheca-nosso-acervo-de-fontes-digitais-12.png?resize=750%2C750&amp;ssl=1 750w, https:\/\/i0.wp.com\/wp.ufpel.edu.br\/cliohd\/files\/2024\/05\/Conheca-nosso-acervo-de-fontes-digitais-12.png?w=1485&amp;ssl=1 1485w\" sizes=\"auto, (max-width: 205px) 100vw, 205px\" \/><\/a><\/p>\n<p><a href=\"https:\/\/wp.ufpel.edu.br\/cliohd\/artigos-clio-hd\/objetos-digitais-de-aprendizagem-websites-enquanto-oda\/\"><img data-recalc-dims=\"1\" loading=\"lazy\" decoding=\"async\" class=\"alignnone wp-image-697 size-thumbnail\" src=\"https:\/\/i0.wp.com\/wp.ufpel.edu.br\/cliohd\/files\/2024\/08\/Conheca-nosso-acervo-de-fontes-digitais-22-1.png?resize=200%2C200&#038;ssl=1\" alt=\"\" width=\"200\" height=\"200\" srcset=\"https:\/\/i0.wp.com\/wp.ufpel.edu.br\/cliohd\/files\/2024\/08\/Conheca-nosso-acervo-de-fontes-digitais-22-1.png?resize=200%2C200&amp;ssl=1 200w, https:\/\/i0.wp.com\/wp.ufpel.edu.br\/cliohd\/files\/2024\/08\/Conheca-nosso-acervo-de-fontes-digitais-22-1.png?resize=400%2C400&amp;ssl=1 400w, https:\/\/i0.wp.com\/wp.ufpel.edu.br\/cliohd\/files\/2024\/08\/Conheca-nosso-acervo-de-fontes-digitais-22-1.png?resize=1024%2C1024&amp;ssl=1 1024w, https:\/\/i0.wp.com\/wp.ufpel.edu.br\/cliohd\/files\/2024\/08\/Conheca-nosso-acervo-de-fontes-digitais-22-1.png?resize=768%2C768&amp;ssl=1 768w, https:\/\/i0.wp.com\/wp.ufpel.edu.br\/cliohd\/files\/2024\/08\/Conheca-nosso-acervo-de-fontes-digitais-22-1.png?resize=1536%2C1536&amp;ssl=1 1536w, https:\/\/i0.wp.com\/wp.ufpel.edu.br\/cliohd\/files\/2024\/08\/Conheca-nosso-acervo-de-fontes-digitais-22-1.png?resize=750%2C750&amp;ssl=1 750w, https:\/\/i0.wp.com\/wp.ufpel.edu.br\/cliohd\/files\/2024\/08\/Conheca-nosso-acervo-de-fontes-digitais-22-1.png?w=1890&amp;ssl=1 1890w\" sizes=\"auto, (max-width: 200px) 100vw, 200px\" \/> \u00a0 \u00a0 \u00a0<\/a><a href=\"https:\/\/wp.ufpel.edu.br\/cliohd\/artigos-clio-hd\/redes-sociais-e-suas-possibilidades-de-utilizacao-para-a-pesquisa-historiografica\/\"><img data-recalc-dims=\"1\" loading=\"lazy\" decoding=\"async\" class=\"alignnone wp-image-720\" src=\"https:\/\/i0.wp.com\/wp.ufpel.edu.br\/cliohd\/files\/2024\/11\/Conheca-nosso-acervo-de-fontes-digitais-1.png?resize=200%2C200&#038;ssl=1\" alt=\"\" width=\"200\" height=\"200\" srcset=\"https:\/\/i0.wp.com\/wp.ufpel.edu.br\/cliohd\/files\/2024\/11\/Conheca-nosso-acervo-de-fontes-digitais-1.png?resize=400%2C400&amp;ssl=1 400w, https:\/\/i0.wp.com\/wp.ufpel.edu.br\/cliohd\/files\/2024\/11\/Conheca-nosso-acervo-de-fontes-digitais-1.png?resize=1024%2C1024&amp;ssl=1 1024w, https:\/\/i0.wp.com\/wp.ufpel.edu.br\/cliohd\/files\/2024\/11\/Conheca-nosso-acervo-de-fontes-digitais-1.png?resize=200%2C200&amp;ssl=1 200w, https:\/\/i0.wp.com\/wp.ufpel.edu.br\/cliohd\/files\/2024\/11\/Conheca-nosso-acervo-de-fontes-digitais-1.png?resize=768%2C768&amp;ssl=1 768w, https:\/\/i0.wp.com\/wp.ufpel.edu.br\/cliohd\/files\/2024\/11\/Conheca-nosso-acervo-de-fontes-digitais-1.png?resize=750%2C750&amp;ssl=1 750w, https:\/\/i0.wp.com\/wp.ufpel.edu.br\/cliohd\/files\/2024\/11\/Conheca-nosso-acervo-de-fontes-digitais-1.png?w=1080&amp;ssl=1 1080w\" sizes=\"auto, (max-width: 200px) 100vw, 200px\" \/>\u00a0 <\/a>\u00a0 \u00a0\u00a0 <a href=\"https:\/\/wp.ufpel.edu.br\/cliohd\/artigos-clio-hd\/a-construcao-do-pensamento-historico-na-cultura-digital\/\"><img data-recalc-dims=\"1\" loading=\"lazy\" decoding=\"async\" class=\"wp-image-751 alignnone\" src=\"https:\/\/i0.wp.com\/wp.ufpel.edu.br\/cliohd\/files\/2025\/02\/31.png?resize=201%2C201&#038;ssl=1\" alt=\"\" width=\"201\" height=\"201\" srcset=\"https:\/\/i0.wp.com\/wp.ufpel.edu.br\/cliohd\/files\/2025\/02\/31.png?resize=400%2C400&amp;ssl=1 400w, https:\/\/i0.wp.com\/wp.ufpel.edu.br\/cliohd\/files\/2025\/02\/31.png?resize=1024%2C1024&amp;ssl=1 1024w, https:\/\/i0.wp.com\/wp.ufpel.edu.br\/cliohd\/files\/2025\/02\/31.png?resize=200%2C200&amp;ssl=1 200w, https:\/\/i0.wp.com\/wp.ufpel.edu.br\/cliohd\/files\/2025\/02\/31.png?resize=768%2C768&amp;ssl=1 768w, https:\/\/i0.wp.com\/wp.ufpel.edu.br\/cliohd\/files\/2025\/02\/31.png?resize=750%2C750&amp;ssl=1 750w, https:\/\/i0.wp.com\/wp.ufpel.edu.br\/cliohd\/files\/2025\/02\/31.png?w=1080&amp;ssl=1 1080w\" sizes=\"auto, (max-width: 201px) 100vw, 201px\" \/><\/a><\/p>\n","protected":false},"excerpt":{"rendered":"<p>Nesta se\u00e7\u00e3o, voc\u00ea encontra artigos, textos e resenhas originais publicados pelos colaboradores do Portal Clio HD ou por convidados(as). S\u00e3o materiais escritos em linguagem objetiva, did\u00e1tica, por\u00e9m com rigor acad\u00eamico. Os temas est\u00e3o relacionados \u00e0 Hist\u00f3ria Digital, \u00e0s humanidades digitais, \u00e0s tecnologias digitais e \u00e0s suas rela\u00e7\u00f5es com o ensino de Hist\u00f3ria. Cada autor(a) \u00e9 &hellip; <\/p>\n<p><a class=\"more-link btn\" href=\"https:\/\/wp.ufpel.edu.br\/cliohd\/artigos-clio-hd\/\">Continue lendo<\/a><\/p>\n","protected":false},"author":1274,"featured_media":0,"parent":0,"menu_order":0,"comment_status":"closed","ping_status":"closed","template":"","meta":{"advanced_seo_description":"","jetpack_seo_html_title":"","jetpack_seo_noindex":false,"jetpack_post_was_ever_published":false,"footnotes":""},"class_list":["post-566","page","type-page","status-publish","hentry","nodate","item-wrap"],"jetpack-related-posts":[{"id":17,"url":"https:\/\/wp.ufpel.edu.br\/cliohd\/sobre-cliohd\/","url_meta":{"origin":566,"position":0},"title":"Sobre o Portal CLIO HD","author":"cliohd","date":"07\/01\/2023","format":false,"excerpt":"O que \u00e9 o Portal Clio HD? O projeto nasceu durante o ano de 2022, a partir de discuss\u00f5es gestadas no \u00e2mbito do grupo de pesquisa\u00a0 \"HEDUCA: Hist\u00f3ria e Educa\u00e7\u00e3o - textos, escritas e leituras\" (CNPQ) e do \"Laborat\u00f3rio de Ensino de Hist\u00f3ria (LEH), situados no departamento de Hist\u00f3ria da\u2026","rel":"","context":"Post similar","block_context":{"text":"Post similar","link":""},"img":{"alt_text":"","src":"","width":0,"height":0},"classes":[]},{"id":680,"url":"https:\/\/wp.ufpel.edu.br\/cliohd\/artigos-clio-hd\/objetos-digitais-de-aprendizagem-websites-enquanto-oda\/","url_meta":{"origin":566,"position":1},"title":"Objetos Digitais de Aprendizagem: websites enquanto ODA","author":"cliohd","date":"08\/08\/2024","format":false,"excerpt":"\u00a0 Thalis Figueiredo Sart\u00f3rio (Mestrando em Hist\u00f3ria\/UFPEL) \u00a0 Os encontros da Hist\u00f3ria com o Digital e a Internet permeiam uma hist\u00f3ria do historiador com a m\u00e1quina e nessa hist\u00f3ria, momentos distintos se perpassam, como o de preserva\u00e7\u00e3o de fontes hist\u00f3ricas, por meio da digitaliza\u00e7\u00e3o ou coleta de dados no espa\u00e7o\u2026","rel":"","context":"Post similar","block_context":{"text":"Post similar","link":""},"img":{"alt_text":"","src":"https:\/\/i0.wp.com\/wp.ufpel.edu.br\/cliohd\/files\/2024\/08\/Oxygen480-apps-preferences-desktop-screensaver.svg_-200x200.png?resize=350%2C200&ssl=1","width":350,"height":200},"classes":[]},{"id":571,"url":"https:\/\/wp.ufpel.edu.br\/cliohd\/artigos-clio-hd\/artigo-1-ivanir-alves\/","url_meta":{"origin":566,"position":2},"title":"Museus virtuais: o que s\u00e3o? Onde acessar? Por que us\u00e1-los no ensino de Hist\u00f3ria?","author":"cliohd","date":"25\/02\/2024","format":false,"excerpt":"Alvanir Ivaneide Alves da Silva (Doutoranda em Hist\u00f3ria\/UFRPE) \u00a0 Ao longo da minha pesquisa de Mestrado no PGH-UFRPE, cuja tem estado vinculada ao campo do Ensino de Hist\u00f3ria, tenho debru\u00e7ado minhas analises acerca dos Museus Virtuais e seus poss\u00edveis usos para o Ensino de Hist\u00f3ria, assim sendo, antes de pensarmos\u2026","rel":"","context":"Post similar","block_context":{"text":"Post similar","link":""},"img":{"alt_text":"","src":"https:\/\/i0.wp.com\/wp.ufpel.edu.br\/cliohd\/files\/2024\/02\/Virtual_Exhibition_The_House_of_Fame_Convened_by_Linder_Produced_by_V21_Artspace-1-400x289.jpg?resize=350%2C200&ssl=1","width":350,"height":200},"classes":[]},{"id":510,"url":"https:\/\/wp.ufpel.edu.br\/cliohd\/publicacoes-da-equipe\/","url_meta":{"origin":566,"position":3},"title":"Publica\u00e7\u00f5es da equipe","author":"cliohd","date":"22\/11\/2023","format":false,"excerpt":"Artigos e entrevistas BONETE, Wilian Junior; DALSASSO, Thayna L. Uhde. \u201cG\u00eanero\u201d e \u201cIdeologia de G\u00eanero\u201d na internet: uma an\u00e1lise inicial a partir de publica\u00e7\u00f5es na imprensa online brasileira (2019 -2022). 29 de Abril, v. 5, n.8, p. 92-114, jun.2025 (Clique aqui para acessar) BONETE, Wilian Junior; BAGESTEIRO, Maria Portilho. Portal\u2026","rel":"","context":"Post similar","block_context":{"text":"Post similar","link":""},"img":{"alt_text":"","src":"","width":0,"height":0},"classes":[]},{"id":35,"url":"https:\/\/wp.ufpel.edu.br\/cliohd\/projetos\/","url_meta":{"origin":566,"position":4},"title":"Projetos","author":"cliohd","date":"08\/01\/2023","format":false,"excerpt":"Confira abaixo os projetos de pesquisa em andamento da equipe do Portal Clio HD: Wilian Bonete Desenvolve diferentes a\u00e7\u00f5es de ensino e pesquisa que envolvem o Portal Clio HD: coleta e tratamento da fontes digitais, reuni\u00f5es peri\u00f3dicas para debates e estudos sobre referenciais te\u00f3ricos e metodol\u00f3gicos. Thayn\u00e1 Luiza Uhde Dalsasso\u2026","rel":"","context":"Post similar","block_context":{"text":"Post similar","link":""},"img":{"alt_text":"","src":"","width":0,"height":0},"classes":[]},{"id":396,"url":"https:\/\/wp.ufpel.edu.br\/cliohd\/acervo-tematico-fontes-digitais\/conflitos-contemporaneos\/israel-e-palestina\/","url_meta":{"origin":566,"position":5},"title":"Israel-Palestina-Hamas","author":"cliohd","date":"10\/10\/2023","format":false,"excerpt":"Clique no card para acessar as fontes catalogadas: \u00a0 ISRAEL - PALESTINA - HAMAS O grupo Hamas iniciou, na madrugada do dia 07 de outubro de 2023,\u00a0 uma s\u00e9rie de ofensivas e bombardeios justificadas como resposta ao aumento da viol\u00eancia contra o povo palestino, \u00e0 proposta de anexa\u00e7\u00e3o de partes\u2026","rel":"","context":"Post similar","block_context":{"text":"Post similar","link":""},"img":{"alt_text":"","src":"https:\/\/i0.wp.com\/wp.ufpel.edu.br\/cliohd\/files\/2023\/10\/GAZA-400x230.png?resize=350%2C200&ssl=1","width":350,"height":200},"classes":[]}],"jetpack_sharing_enabled":true,"_links":{"self":[{"href":"https:\/\/wp.ufpel.edu.br\/cliohd\/wp-json\/wp\/v2\/pages\/566","targetHints":{"allow":["GET"]}}],"collection":[{"href":"https:\/\/wp.ufpel.edu.br\/cliohd\/wp-json\/wp\/v2\/pages"}],"about":[{"href":"https:\/\/wp.ufpel.edu.br\/cliohd\/wp-json\/wp\/v2\/types\/page"}],"author":[{"embeddable":true,"href":"https:\/\/wp.ufpel.edu.br\/cliohd\/wp-json\/wp\/v2\/users\/1274"}],"replies":[{"embeddable":true,"href":"https:\/\/wp.ufpel.edu.br\/cliohd\/wp-json\/wp\/v2\/comments?post=566"}],"version-history":[{"count":23,"href":"https:\/\/wp.ufpel.edu.br\/cliohd\/wp-json\/wp\/v2\/pages\/566\/revisions"}],"predecessor-version":[{"id":752,"href":"https:\/\/wp.ufpel.edu.br\/cliohd\/wp-json\/wp\/v2\/pages\/566\/revisions\/752"}],"wp:attachment":[{"href":"https:\/\/wp.ufpel.edu.br\/cliohd\/wp-json\/wp\/v2\/media?parent=566"}],"curies":[{"name":"wp","href":"https:\/\/api.w.org\/{rel}","templated":true}]}}