{"id":510,"date":"2023-11-22T13:42:54","date_gmt":"2023-11-22T16:42:54","guid":{"rendered":"https:\/\/wp.ufpel.edu.br\/cliohd\/?page_id=510"},"modified":"2025-06-04T15:50:42","modified_gmt":"2025-06-04T18:50:42","slug":"publicacoes-da-equipe","status":"publish","type":"page","link":"https:\/\/wp.ufpel.edu.br\/cliohd\/publicacoes-da-equipe\/","title":{"rendered":"Publica\u00e7\u00f5es da equipe"},"content":{"rendered":"<p><strong>Artigos e entrevistas<\/strong><\/p>\n<p>BONETE, <span class=\"OYPEnA font-feature-liga-off font-feature-clig-off font-feature-calt-off text-decoration-none text-strikethrough-none\">Wilian Junior; DALSASSO, Thayna L. Uhde. <\/span>\u201cG\u00eanero\u201d e \u201cIdeologia de G\u00eanero\u201d na internet: uma an\u00e1lise inicial a partir de publica\u00e7\u00f5es na imprensa online brasileira (2019 -2022). 29 de Abril, v. 5, n.8, p. 92-114, jun.2025 <a href=\"https:\/\/periodicos.uem.br\/ojs\/index.php\/revhist29abril\/article\/view\/74491\/751375159799\">(Clique aqui para acessar)<\/a><\/p>\n<p><span class=\"OYPEnA font-feature-liga-off font-feature-clig-off font-feature-calt-off text-decoration-none text-strikethrough-none\">BONETE, Wilian Junior; BAGESTEIRO, Maria Portilho. Portal Clio HD: experi\u00eancias na constru\u00e7\u00e3o de um banco de dados para a preserva\u00e7\u00e3o digital do passado.<\/span><span class=\"OYPEnA font-feature-liga-off font-feature-clig-off font-feature-calt-off text-decoration-none text-strikethrough-none\">\u00a0Eletr\u00f4nica Hist\u00f3ria em Reflex\u00e3o,<\/span><span class=\"OYPEnA font-feature-liga-off font-feature-clig-off font-feature-calt-off text-decoration-none text-strikethrough-none\"> [S. l.], v. 19, n. 37, p. 127\u2013151, 2024. <a href=\"https:\/\/ojs.ufgd.edu.br\/historiaemreflexao\/article\/view\/17535.\">\u00a0(Clique aqui para acessar)<\/a><\/span><\/p>\n<p>BONETE, Wilian Junior. Portal Clio HD: uma proposta de preserva\u00e7\u00e3o digital do passado e as possibilidades para a pesquisa e o ensino de Hist\u00f3ria. In: Anais do IV EPETH &#8211; Encontro de Pesquisa em Teoria da Hist\u00f3ria e Hist\u00f3ria da Historiografia, 2023. <a href=\"https:\/\/www.even3.com.br\/anais\/epeth2023\/667239-portal-clio-hd--uma-proposta-de-preservacao-digital-do-passado-e-as-possibilidades-para-a-pesquisa-e-o-ensino-de-\/\">(Clique aqui para acessar)<\/a><\/p>\n<p style=\"text-align: justify;\">BONETE, Wilian Junior; MANKE, Lisiane Sias. Sobre os sentidos e os efeitos do passado no presente: a presen\u00e7a da tem\u00e1tica nazista em uma conversa no epis\u00f3dio 545 do programa Flow Podcast. <em>Revista\u00a0 AEDOS<\/em>,\u00a0<i>[S. l.]<\/i>, v. 15, n. 34, 2023. (<a href=\"https:\/\/seer.ufrgs.br\/index.php\/aedos\/article\/view\/128270\">Clique aqui para acessar.)<\/a><\/p>\n<p>BONETE, Wilian Junior; SZLACHTA JUNIOR, Arnaldo Martin; RODRIGUES JUNIOR, Osvaldo. Um invent\u00e1rio de bits e bytes: porque o ensino de Hist\u00f3ria n\u00e3o \u00e9 um museu de grandes novidades (Apresenta\u00e7\u00e3o de dossi\u00ea). <em>Revista Hist\u00f3ria Hoje<\/em>, v. 11, p. 5-12, 2022. (<a href=\"https:\/\/rhhj.anpuh.org\/RHHJ\/article\/view\/1003\">Clique aqui para acessar.)<\/a><\/p>\n<p style=\"text-align: justify;\">BONETE, Wilian Junior; SZLACHTA JUNIOR, Arnaldo Martin ; RODRIGUES JUNIOR, Osvaldo. Entrevista com Sara Dias-Trindade \u2013 Ensino de Hist\u00f3ria e Humanidades Digitais: perspectiva e possibilidades potencializadoras para a aprendizagem hist\u00f3rica. REVISTA HIST\u00d3RIA HOJE, v. 11, p. 302-313, 2022. (<a href=\"https:\/\/rhhj.anpuh.org\/RHHJ\/article\/view\/961\">Clique aqui para acessar.)<\/a><\/p>\n<p>MANKE, Lisiane; VILLARINHO, Rayanne Matias; BAGESTEIRO, Maria Portilho. Ensino din\u00e2mico de hist\u00f3ria: sentidos hist\u00f3ricos compartilhados em uma comunidade virtual de professores\/as de hist\u00f3ria. <em>Ponta de Lan\u00e7a: Revista Eletr\u00f4nica de Hist\u00f3ria, Mem\u00f3ria &amp; Cultura<\/em>, v. 17, n. 32, p. 33-51, 2023. (<a href=\"https:\/\/periodicos.ufs.br\/pontadelanca\/article\/view\/19332\">Clique aqui para acessar<\/a>).<\/p>\n<p>____________________________________________________________________________________________________________________________<\/p>\n<p>Resumos<strong> em anais de evento<\/strong><\/p>\n<p style=\"text-align: justify;\">DALSASSO, Thayn\u00e1 Luiza Uhde. Portal Clio HD: G\u00eanero, &#8220;Ideologia de G\u00eanero&#8221; e Educa\u00e7\u00e3o atrav\u00e9s de publica\u00e7\u00f5es na imprensa online. In: Anais do II Semin\u00e1rio de Educa\u00e7\u00e3o, Diversidade e Direitos Humanos, FURG, Rio Grande, RS, 2023. (<a href=\"https:\/\/revistas.ceeinter.com.br\/anaisdoseminarioeducacaodiversid\/article\/view\/1205\">Clique aqui para acessar<\/a>)<\/p>\n<p style=\"text-align: justify;\">BAGESTEIRO, Maria Portilho. Narrativas revisonistas e o negacionismo hist\u00f3rico no discurso de Bolsonaro: uma an\u00e1lise com o aporte da Hist\u00f3ria Digital. In: BONETE, Wilian Junior (org.) <em>Caderno de Resumos da II Mostra de Ensino de Hist\u00f3ria e Pr\u00e1ticas Docente<\/em>s. UFPEL, 2023, p. 64. (<a href=\"https:\/\/drive.google.com\/file\/d\/1E6aAiOipX7kT2eeUGge5TjCywbElpX22\/view\">Clique aqui para acessar.)<\/a><\/p>\n<p style=\"text-align: justify;\">BETEMPS, Arthur Garcia. Historiador, Podcaster, Youtuber e Professor: pesquisa e divulga\u00e7\u00e3o cient\u00edfica atrav\u00e9s das m\u00eddias sociais e plataformas digitais. In: \u00a0BONETE, Wilian Junior (org.) <em>Caderno de Resumos da II Mostra de Ensino de Hist\u00f3ria e Pr\u00e1ticas Docente<\/em>s. UFPEL, 2023, p. 60. (<a href=\"https:\/\/drive.google.com\/file\/d\/1E6aAiOipX7kT2eeUGge5TjCywbElpX22\/view\">Clique aqui para acessar.)<\/a><\/p>\n<p style=\"text-align: justify;\">BONETE, Wilian Junior; BAGESTEIRO, Maria Portilho. Portal Clio HD: a experi\u00eancia da constru\u00e7\u00e3o de um acervo de fontes e objetos digitais. In: <em>Anais da XXVI Jornada de Ensino de Hist\u00f3ria. Pelotas<\/em>, UFPEL, 2023.\u00a0 (<a href=\"https:\/\/wp.ufpel.edu.br\/xxvijornadadeensinodehistoria\/homologacao-das-salas-dos-gds-presencial-e-remoto\/\">Clique aqui para acessar.)<\/a><\/p>\n<p style=\"text-align: justify;\">NASCIMENTO, Vit\u00f3ria Gon\u00e7alves do.\u00a0 Relato de experi\u00eancia de atua\u00e7\u00e3o no Portal Clio HD. In: BONETE, Wilian Junior (org.) <em>Caderno de Resumos da II Mostra de Ensino de Hist\u00f3ria e Pr\u00e1ticas Docentes.<\/em> UFPEL, 2023, p.34.\u00a0 (<a href=\"https:\/\/drive.google.com\/file\/d\/1E6aAiOipX7kT2eeUGge5TjCywbElpX22\/view\">Clique aqui para acessar.)<\/a><\/p>\n<p style=\"text-align: justify;\">SILVA, Cyro Leonardo da Rosa. Portal Clio HD: fontes e possibilidades de pesquisa. In: BONETE, Wilian Junior (org.) <em>Caderno de Resumos da II Mostra de Ensino de Hist\u00f3ria e Pr\u00e1ticas Docente<\/em>s. UFPEL, 2023, p. 65.\u00a0<a href=\"https:\/\/drive.google.com\/file\/d\/1E6aAiOipX7kT2eeUGge5TjCywbElpX22\/view\"> (Clique aqui para acessar.)<\/a><\/p>\n<p>_____________________________________________________________________________________________________________________________<\/p>\n<p><strong>Disserta\u00e7\u00f5es de Mestrado<\/strong><\/p>\n<p style=\"text-align: justify;\">SILVA, Alvanir Ivaneide Alves da. Museus virtuais e o ensino de hist\u00f3ria : o caso do Museu Pa\u00e7o do Frevo. 2024. 156 f. Disserta\u00e7\u00e3o (Programa de P\u00f3s-Gradua\u00e7\u00e3o em Hist\u00f3ria) &#8211; Universidade Federal Rural de Pernambuco, Recife. (<a href=\"http:\/\/www.tede2.ufrpe.br:8080\/tede\/handle\/tede2\/9698\">Clique aqui para acessar<\/a>)<\/p>\n<p>_____________________________________________________________________________________________________________________________<\/p>\n<p><strong>Trabalhos de Conclus\u00e3o de Curso<\/strong><\/p>\n<p style=\"text-align: justify;\">BAGESTEIRO, Maria Portilho. <em>Narrativas revisionistas e negacionismos hist\u00f3ricos no governo de Jair Bolsonaro (2019-2022): uma an\u00e1lise a partir das m\u00eddias digitais<\/em>. 2023. 66 fs. Trabalho de Conclus\u00e3o de curso apresentado ao Curso (Licenciatura em Hist\u00f3ria) \u2013 Instituto de Ci\u00eancias Humanas, Universidade Federal de Pelotas, 2023. (Orientador: Prof. Wilian Bonete). (<a href=\"https:\/\/wp.ufpel.edu.br\/leh\/files\/2023\/11\/TCC-MARIA-PORTILHO-BAGESTEIRO-2.pdf\">Clique aqui para acessar.)<\/a><\/p>\n<p style=\"text-align: justify;\">\n","protected":false},"excerpt":{"rendered":"<p>Artigos e entrevistas BONETE, Wilian Junior; DALSASSO, Thayna L. Uhde. \u201cG\u00eanero\u201d e \u201cIdeologia de G\u00eanero\u201d na internet: uma an\u00e1lise inicial a partir de publica\u00e7\u00f5es na imprensa online brasileira (2019 -2022). 29 de Abril, v. 5, n.8, p. 92-114, jun.2025 (Clique aqui para acessar) BONETE, Wilian Junior; BAGESTEIRO, Maria Portilho. Portal Clio HD: experi\u00eancias na constru\u00e7\u00e3o &hellip; <\/p>\n<p><a class=\"more-link btn\" href=\"https:\/\/wp.ufpel.edu.br\/cliohd\/publicacoes-da-equipe\/\">Continue lendo<\/a><\/p>\n","protected":false},"author":1274,"featured_media":0,"parent":0,"menu_order":7,"comment_status":"closed","ping_status":"closed","template":"","meta":{"advanced_seo_description":"","jetpack_seo_html_title":"","jetpack_seo_noindex":false,"jetpack_post_was_ever_published":false,"footnotes":""},"class_list":["post-510","page","type-page","status-publish","hentry","nodate","item-wrap"],"jetpack-related-posts":[{"id":67,"url":"https:\/\/wp.ufpel.edu.br\/cliohd\/instituicoes-e-laboratorios-parceiros\/","url_meta":{"origin":510,"position":0},"title":"Institui\u00e7\u00f5es e Laborat\u00f3rios parceiros","author":"cliohd","date":"08\/01\/2023","format":false,"excerpt":"Laborat\u00f3rios e institui\u00e7\u00f5es parceiras do Portal Clio HD: Grupo de Pesquisa HEDUCA: Hist\u00f3ria e Educa\u00e7\u00e3o - Textos, Escritas e Leituras (CNPq\/UFPEL) Coordenador\/a: Prof. Dr.\u00aa Lisiane Sias Manke Clique aqui para acessar a p\u00e1gina oficial. ________________________________________________ \u00a0 Laborat\u00f3rio de Ensino de Hist\u00f3ria- LEH \/ UFPEL Coordenador\/a: Prof. Dr.\u00aa Lisiane Sias Manke\u2026","rel":"","context":"Post similar","block_context":{"text":"Post similar","link":""},"img":{"alt_text":"","src":"https:\/\/i0.wp.com\/wp.ufpel.edu.br\/cliohd\/files\/2023\/11\/LOGO-HEDUCA-400x202.png?resize=350%2C200&ssl=1","width":350,"height":200},"classes":[]},{"id":396,"url":"https:\/\/wp.ufpel.edu.br\/cliohd\/acervo-tematico-fontes-digitais\/conflitos-contemporaneos\/israel-e-palestina\/","url_meta":{"origin":510,"position":1},"title":"Israel-Palestina-Hamas","author":"cliohd","date":"10\/10\/2023","format":false,"excerpt":"Clique no card para acessar as fontes catalogadas: \u00a0 ISRAEL - PALESTINA - HAMAS O grupo Hamas iniciou, na madrugada do dia 07 de outubro de 2023,\u00a0 uma s\u00e9rie de ofensivas e bombardeios justificadas como resposta ao aumento da viol\u00eancia contra o povo palestino, \u00e0 proposta de anexa\u00e7\u00e3o de partes\u2026","rel":"","context":"Post similar","block_context":{"text":"Post similar","link":""},"img":{"alt_text":"","src":"https:\/\/i0.wp.com\/wp.ufpel.edu.br\/cliohd\/files\/2023\/10\/GAZA-400x230.png?resize=350%2C200&ssl=1","width":350,"height":200},"classes":[]},{"id":35,"url":"https:\/\/wp.ufpel.edu.br\/cliohd\/projetos\/","url_meta":{"origin":510,"position":2},"title":"Projetos","author":"cliohd","date":"08\/01\/2023","format":false,"excerpt":"Confira abaixo os projetos de pesquisa em andamento da equipe do Portal Clio HD: Wilian Bonete Desenvolve diferentes a\u00e7\u00f5es de ensino e pesquisa que envolvem o Portal Clio HD: coleta e tratamento da fontes digitais, reuni\u00f5es peri\u00f3dicas para debates e estudos sobre referenciais te\u00f3ricos e metodol\u00f3gicos. Thayn\u00e1 Luiza Uhde Dalsasso\u2026","rel":"","context":"Post similar","block_context":{"text":"Post similar","link":""},"img":{"alt_text":"","src":"","width":0,"height":0},"classes":[]},{"id":29,"url":"https:\/\/wp.ufpel.edu.br\/cliohd\/acervo-tematico-fontes-digitais\/negacionismos-e-ciencia\/","url_meta":{"origin":510,"position":3},"title":"Negacionismos hist\u00f3ricos e cient\u00edficos","author":"cliohd","date":"08\/01\/2023","format":false,"excerpt":"Acesse a planilha com as fontes catalogadas sobre este tema: clique aqui Voc\u00ea com certeza j\u00e1 deve ter ouvido pelo menos uma das seguintes express\u00f5es: \u201cEu tive a melhor vacina: o v\u00edrus\u201d; \u201cNingu\u00e9m pode obrigar ningu\u00e9m a tomar vacina\u201d; \"Se voc\u00ea virar um jacar\u00e9...\".Elas fizeram parte do discurso negacionista que\u2026","rel":"","context":"Post similar","block_context":{"text":"Post similar","link":""},"img":{"alt_text":"","src":"https:\/\/i0.wp.com\/wp.ufpel.edu.br\/cliohd\/files\/2023\/10\/News-400x400.png?resize=350%2C200&ssl=1","width":350,"height":200},"classes":[]},{"id":26,"url":"https:\/\/wp.ufpel.edu.br\/cliohd\/acervo-tematico-fontes-digitais\/direitos-humanos\/","url_meta":{"origin":510,"position":4},"title":"Direitos Humanos","author":"cliohd","date":"08\/01\/2023","format":false,"excerpt":"Clique no card para acessar as fontes catalogadas: A crise que \"explodiu\" em Fevereiro de 2022 incutiu consequ\u00eancias em grande parte dos pa\u00edses do mundo (inclusive no Brasil), no entanto, um tema recorrente ao conflito \u00e9 os Direitos Humanos, que sofre drasticamente abusos e viola\u00e7\u00f5es desde seu inicio. Diante disso,\u2026","rel":"","context":"Post similar","block_context":{"text":"Post similar","link":""},"img":{"alt_text":"","src":"https:\/\/i0.wp.com\/wp.ufpel.edu.br\/cliohd\/files\/2023\/07\/CARDYanomamis.png?resize=350%2C200&ssl=1","width":350,"height":200},"classes":[]},{"id":17,"url":"https:\/\/wp.ufpel.edu.br\/cliohd\/sobre-cliohd\/","url_meta":{"origin":510,"position":5},"title":"Sobre o Portal CLIO HD","author":"cliohd","date":"07\/01\/2023","format":false,"excerpt":"O que \u00e9 o Portal Clio HD? O projeto nasceu durante o ano de 2022, a partir de discuss\u00f5es gestadas no \u00e2mbito do grupo de pesquisa\u00a0 \"HEDUCA: Hist\u00f3ria e Educa\u00e7\u00e3o - textos, escritas e leituras\" (CNPQ) e do \"Laborat\u00f3rio de Ensino de Hist\u00f3ria (LEH), situados no departamento de Hist\u00f3ria da\u2026","rel":"","context":"Post similar","block_context":{"text":"Post similar","link":""},"img":{"alt_text":"","src":"","width":0,"height":0},"classes":[]}],"jetpack_sharing_enabled":true,"_links":{"self":[{"href":"https:\/\/wp.ufpel.edu.br\/cliohd\/wp-json\/wp\/v2\/pages\/510","targetHints":{"allow":["GET"]}}],"collection":[{"href":"https:\/\/wp.ufpel.edu.br\/cliohd\/wp-json\/wp\/v2\/pages"}],"about":[{"href":"https:\/\/wp.ufpel.edu.br\/cliohd\/wp-json\/wp\/v2\/types\/page"}],"author":[{"embeddable":true,"href":"https:\/\/wp.ufpel.edu.br\/cliohd\/wp-json\/wp\/v2\/users\/1274"}],"replies":[{"embeddable":true,"href":"https:\/\/wp.ufpel.edu.br\/cliohd\/wp-json\/wp\/v2\/comments?post=510"}],"version-history":[{"count":10,"href":"https:\/\/wp.ufpel.edu.br\/cliohd\/wp-json\/wp\/v2\/pages\/510\/revisions"}],"predecessor-version":[{"id":764,"href":"https:\/\/wp.ufpel.edu.br\/cliohd\/wp-json\/wp\/v2\/pages\/510\/revisions\/764"}],"wp:attachment":[{"href":"https:\/\/wp.ufpel.edu.br\/cliohd\/wp-json\/wp\/v2\/media?parent=510"}],"curies":[{"name":"wp","href":"https:\/\/api.w.org\/{rel}","templated":true}]}}