{"id":35,"date":"2023-01-08T00:05:31","date_gmt":"2023-01-08T03:05:31","guid":{"rendered":"https:\/\/wp.ufpel.edu.br\/cliohd\/?page_id=35"},"modified":"2023-11-27T15:07:34","modified_gmt":"2023-11-27T18:07:34","slug":"projetos","status":"publish","type":"page","link":"https:\/\/wp.ufpel.edu.br\/cliohd\/projetos\/","title":{"rendered":"Projetos"},"content":{"rendered":"<p><span style=\"font-family: arial, helvetica, sans-serif;\">Confira abaixo os projetos de pesquisa em andamento da equipe do Portal Clio HD:<\/span><\/p>\n<ul>\n<li><span style=\"font-family: arial, helvetica, sans-serif;\"><strong>Wilian Bonete<\/strong><\/span><\/li>\n<\/ul>\n<p style=\"text-align: justify;\"><span style=\"font-family: arial, helvetica, sans-serif;\">Desenvolve diferentes a\u00e7\u00f5es de ensino e pesquisa que envolvem o Portal Clio HD: coleta e tratamento da fontes digitais, reuni\u00f5es peri\u00f3dicas para debates e estudos sobre referenciais te\u00f3ricos e metodol\u00f3gicos.<\/span><\/p>\n<ul style=\"text-align: justify;\">\n<li><span style=\"font-family: arial, helvetica, sans-serif;\"><strong>Thayn\u00e1 Luiza Uhde Dalsasso<\/strong><\/span><\/li>\n<\/ul>\n<p style=\"text-align: justify;\"><span style=\"font-family: arial, helvetica, sans-serif;\">Bolsista de Inicia\u00e7\u00e3o Cient\u00edfica (CNPQ &#8211; 2023\/2024). Atua na coletas de fontes e objetos digitais para o portal e desenvolve o seguinte projeto de pesquisa &#8220;Quest\u00f5es de g\u00eanero nas m\u00eddias digitais e os desdobramentos no ensino de Hist\u00f3ria&#8221;<\/span><\/p>\n<p><span style=\"font-family: arial, helvetica, sans-serif;\">Atua principalmente na coleta de fontes no eixo: <em>Diversidade.<\/em><\/span><\/p>\n<ul style=\"text-align: justify;\">\n<li><span style=\"font-family: arial, helvetica, sans-serif;\"><strong>Maria Portilho Bagesteiro<\/strong><\/span><\/li>\n<\/ul>\n<p style=\"text-align: justify;\"><span style=\"font-family: arial, helvetica, sans-serif;\">Bolsista de Inicia\u00e7\u00e3o Cient\u00edfica (CNPQ &#8211; 2022\/2023). Trabalhou na coletas de fontes e objetos digitais para o portal e desenvolveu a pesquisa que resultou no seguinte trabalho de conclus\u00e3o de curso: &#8220;Narrativas revisionistas e negacionismos hist\u00f3ricos no governo de Jair Bolsonaro (2019-2022): uma an\u00e1lise a partir das m\u00eddias digitais&#8221;.<\/span><\/p>\n<p><span style=\"font-family: arial, helvetica, sans-serif;\">Atua na coleta de fontes no eixo: <em>negacionismos hist\u00f3ricos e cient\u00edficos.<\/em><\/span><\/p>\n<ul style=\"text-align: justify;\">\n<li><span style=\"font-family: arial, helvetica, sans-serif;\"><strong>Arthur Garcia Betemps<\/strong><\/span><\/li>\n<\/ul>\n<p style=\"text-align: justify;\"><span style=\"font-family: arial, helvetica, sans-serif;\">Colaborador do Portal Clio HD, atua na coleta de fontes sobre os conflitos contempor\u00e2neos, mais especificamente no sub-eixo: R\u00fassia e Ucr\u00e2nia. Desenvolve uma pesquisa que visa compreender,\u00a0 atrav\u00e9s do conflito b\u00e9lico, a expans\u00e3o e consolida\u00e7\u00e3o da extrema-direita e do neonazismo nos espa\u00e7os p\u00f3s-sovi\u00e9ticos.<\/span><\/p>\n<p><span style=\"font-family: arial, helvetica, sans-serif;\">Atua principalmente na coleta de fontes no eixo: <em>conflitos contempor\u00e2neos<\/em><\/span><\/p>\n<ul style=\"text-align: justify;\">\n<li><span style=\"font-family: arial, helvetica, sans-serif;\"><strong>Vit\u00f3ria Gon\u00e7alves do Nascimento (UEFS)<\/strong><\/span><\/li>\n<\/ul>\n<p style=\"text-align: justify;\"><span style=\"font-family: arial, helvetica, sans-serif;\">Colaboradora do Portal Clio HD, atua na coleta de fontes especificamente no eixo: educa\u00e7\u00e3o. Desenvolve uma pesquisa que visa compreender os ecos do bolsonarismo em diferentes secretarias de educa\u00e7\u00e3o, como Paran\u00e1, S\u00e3o Paulo, dentre outras, atrav\u00e9s de publica\u00e7\u00f5es na imprensa online.<\/span><\/p>\n<p><span style=\"font-family: arial, helvetica, sans-serif;\">Atua principalmente na coleta de fontes no eixo: <em>educa\u00e7\u00e3o.<\/em><\/span><\/p>\n<p>&nbsp;<\/p>\n<p>&nbsp;<\/p>\n","protected":false},"excerpt":{"rendered":"<p>Confira abaixo os projetos de pesquisa em andamento da equipe do Portal Clio HD: Wilian Bonete Desenvolve diferentes a\u00e7\u00f5es de ensino e pesquisa que envolvem o Portal Clio HD: coleta e tratamento da fontes digitais, reuni\u00f5es peri\u00f3dicas para debates e estudos sobre referenciais te\u00f3ricos e metodol\u00f3gicos. Thayn\u00e1 Luiza Uhde Dalsasso Bolsista de Inicia\u00e7\u00e3o Cient\u00edfica (CNPQ &hellip; <\/p>\n<p><a class=\"more-link btn\" href=\"https:\/\/wp.ufpel.edu.br\/cliohd\/projetos\/\">Continue lendo<\/a><\/p>\n","protected":false},"author":1274,"featured_media":0,"parent":0,"menu_order":4,"comment_status":"closed","ping_status":"closed","template":"","meta":{"advanced_seo_description":"","jetpack_seo_html_title":"","jetpack_seo_noindex":false,"jetpack_post_was_ever_published":false,"footnotes":""},"class_list":["post-35","page","type-page","status-publish","hentry","nodate","item-wrap"],"jetpack-related-posts":[{"id":17,"url":"https:\/\/wp.ufpel.edu.br\/cliohd\/sobre-cliohd\/","url_meta":{"origin":35,"position":0},"title":"Sobre o Portal CLIO HD","author":"cliohd","date":"07\/01\/2023","format":false,"excerpt":"O que \u00e9 o Portal Clio HD? O projeto nasceu durante o ano de 2022, a partir de discuss\u00f5es gestadas no \u00e2mbito do grupo de pesquisa\u00a0 \"HEDUCA: Hist\u00f3ria e Educa\u00e7\u00e3o - textos, escritas e leituras\" (CNPQ) e do \"Laborat\u00f3rio de Ensino de Hist\u00f3ria (LEH), situados no departamento de Hist\u00f3ria da\u2026","rel":"","context":"Post similar","block_context":{"text":"Post similar","link":""},"img":{"alt_text":"","src":"","width":0,"height":0},"classes":[]},{"id":680,"url":"https:\/\/wp.ufpel.edu.br\/cliohd\/artigos-clio-hd\/objetos-digitais-de-aprendizagem-websites-enquanto-oda\/","url_meta":{"origin":35,"position":1},"title":"Objetos Digitais de Aprendizagem: websites enquanto ODA","author":"cliohd","date":"08\/08\/2024","format":false,"excerpt":"\u00a0 Thalis Figueiredo Sart\u00f3rio (Mestrando em Hist\u00f3ria\/UFPEL) \u00a0 Os encontros da Hist\u00f3ria com o Digital e a Internet permeiam uma hist\u00f3ria do historiador com a m\u00e1quina e nessa hist\u00f3ria, momentos distintos se perpassam, como o de preserva\u00e7\u00e3o de fontes hist\u00f3ricas, por meio da digitaliza\u00e7\u00e3o ou coleta de dados no espa\u00e7o\u2026","rel":"","context":"Post similar","block_context":{"text":"Post similar","link":""},"img":{"alt_text":"","src":"https:\/\/i0.wp.com\/wp.ufpel.edu.br\/cliohd\/files\/2024\/08\/Oxygen480-apps-preferences-desktop-screensaver.svg_-200x200.png?resize=350%2C200&ssl=1","width":350,"height":200},"classes":[]},{"id":510,"url":"https:\/\/wp.ufpel.edu.br\/cliohd\/publicacoes-da-equipe\/","url_meta":{"origin":35,"position":2},"title":"Publica\u00e7\u00f5es da equipe","author":"cliohd","date":"22\/11\/2023","format":false,"excerpt":"Artigos e entrevistas BONETE, Wilian Junior; DALSASSO, Thayna L. Uhde. \u201cG\u00eanero\u201d e \u201cIdeologia de G\u00eanero\u201d na internet: uma an\u00e1lise inicial a partir de publica\u00e7\u00f5es na imprensa online brasileira (2019 -2022). 29 de Abril, v. 5, n.8, p. 92-114, jun.2025 (Clique aqui para acessar) BONETE, Wilian Junior; BAGESTEIRO, Maria Portilho. Portal\u2026","rel":"","context":"Post similar","block_context":{"text":"Post similar","link":""},"img":{"alt_text":"","src":"","width":0,"height":0},"classes":[]},{"id":566,"url":"https:\/\/wp.ufpel.edu.br\/cliohd\/artigos-clio-hd\/","url_meta":{"origin":35,"position":3},"title":"Artigos Clio HD","author":"cliohd","date":"25\/02\/2024","format":false,"excerpt":"Nesta se\u00e7\u00e3o, voc\u00ea encontra artigos, textos e resenhas originais publicados pelos colaboradores do Portal Clio HD ou por convidados(as). S\u00e3o materiais escritos em linguagem objetiva, did\u00e1tica, por\u00e9m com rigor acad\u00eamico. Os temas est\u00e3o relacionados \u00e0 Hist\u00f3ria Digital, \u00e0s humanidades digitais, \u00e0s tecnologias digitais e \u00e0s suas rela\u00e7\u00f5es com o ensino\u2026","rel":"","context":"Post similar","block_context":{"text":"Post similar","link":""},"img":{"alt_text":"","src":"https:\/\/i0.wp.com\/wp.ufpel.edu.br\/cliohd\/files\/2024\/02\/Conheca-nosso-acervo-de-fontes-digitais-5-400x400.png?resize=350%2C200&ssl=1","width":350,"height":200},"classes":[]},{"id":571,"url":"https:\/\/wp.ufpel.edu.br\/cliohd\/artigos-clio-hd\/artigo-1-ivanir-alves\/","url_meta":{"origin":35,"position":4},"title":"Museus virtuais: o que s\u00e3o? Onde acessar? Por que us\u00e1-los no ensino de Hist\u00f3ria?","author":"cliohd","date":"25\/02\/2024","format":false,"excerpt":"Alvanir Ivaneide Alves da Silva (Doutoranda em Hist\u00f3ria\/UFRPE) \u00a0 Ao longo da minha pesquisa de Mestrado no PGH-UFRPE, cuja tem estado vinculada ao campo do Ensino de Hist\u00f3ria, tenho debru\u00e7ado minhas analises acerca dos Museus Virtuais e seus poss\u00edveis usos para o Ensino de Hist\u00f3ria, assim sendo, antes de pensarmos\u2026","rel":"","context":"Post similar","block_context":{"text":"Post similar","link":""},"img":{"alt_text":"","src":"https:\/\/i0.wp.com\/wp.ufpel.edu.br\/cliohd\/files\/2024\/02\/Virtual_Exhibition_The_House_of_Fame_Convened_by_Linder_Produced_by_V21_Artspace-1-400x289.jpg?resize=350%2C200&ssl=1","width":350,"height":200},"classes":[]},{"id":396,"url":"https:\/\/wp.ufpel.edu.br\/cliohd\/acervo-tematico-fontes-digitais\/conflitos-contemporaneos\/israel-e-palestina\/","url_meta":{"origin":35,"position":5},"title":"Israel-Palestina-Hamas","author":"cliohd","date":"10\/10\/2023","format":false,"excerpt":"Clique no card para acessar as fontes catalogadas: \u00a0 ISRAEL - PALESTINA - HAMAS O grupo Hamas iniciou, na madrugada do dia 07 de outubro de 2023,\u00a0 uma s\u00e9rie de ofensivas e bombardeios justificadas como resposta ao aumento da viol\u00eancia contra o povo palestino, \u00e0 proposta de anexa\u00e7\u00e3o de partes\u2026","rel":"","context":"Post similar","block_context":{"text":"Post similar","link":""},"img":{"alt_text":"","src":"https:\/\/i0.wp.com\/wp.ufpel.edu.br\/cliohd\/files\/2023\/10\/GAZA-400x230.png?resize=350%2C200&ssl=1","width":350,"height":200},"classes":[]}],"jetpack_sharing_enabled":true,"_links":{"self":[{"href":"https:\/\/wp.ufpel.edu.br\/cliohd\/wp-json\/wp\/v2\/pages\/35","targetHints":{"allow":["GET"]}}],"collection":[{"href":"https:\/\/wp.ufpel.edu.br\/cliohd\/wp-json\/wp\/v2\/pages"}],"about":[{"href":"https:\/\/wp.ufpel.edu.br\/cliohd\/wp-json\/wp\/v2\/types\/page"}],"author":[{"embeddable":true,"href":"https:\/\/wp.ufpel.edu.br\/cliohd\/wp-json\/wp\/v2\/users\/1274"}],"replies":[{"embeddable":true,"href":"https:\/\/wp.ufpel.edu.br\/cliohd\/wp-json\/wp\/v2\/comments?post=35"}],"version-history":[{"count":9,"href":"https:\/\/wp.ufpel.edu.br\/cliohd\/wp-json\/wp\/v2\/pages\/35\/revisions"}],"predecessor-version":[{"id":548,"href":"https:\/\/wp.ufpel.edu.br\/cliohd\/wp-json\/wp\/v2\/pages\/35\/revisions\/548"}],"wp:attachment":[{"href":"https:\/\/wp.ufpel.edu.br\/cliohd\/wp-json\/wp\/v2\/media?parent=35"}],"curies":[{"name":"wp","href":"https:\/\/api.w.org\/{rel}","templated":true}]}}