{"id":242,"date":"2023-02-27T17:38:33","date_gmt":"2023-02-27T20:38:33","guid":{"rendered":"https:\/\/wp.ufpel.edu.br\/cliohd\/?page_id=242"},"modified":"2023-10-21T00:35:03","modified_gmt":"2023-10-21T03:35:03","slug":"dh-e-guerra-na-ucrania","status":"publish","type":"page","link":"https:\/\/wp.ufpel.edu.br\/cliohd\/acervo-tematico-fontes-digitais\/conflitos-contemporaneos\/dh-e-guerra-na-ucrania\/","title":{"rendered":"Guerra Russo-Ucraniana"},"content":{"rendered":"<p><strong>Acesse a planilha com as fontes, sobre este assunto, coletadas at\u00e9 o momento:<a href=\"https:\/\/docs.google.com\/spreadsheets\/d\/1r_e17Ve2RIdRkEsAkKBXMAOOnqpKaNyGLCtqu91rr6g\/edit#gid=0\">\u00a0clique aqui<\/a>.\u00a0<\/strong><\/p>\n<p>&nbsp;<\/p>\n<p style=\"text-align: justify;\">A crise que \u201cexplodiu<a href=\"https:\/\/docs.google.com\/spreadsheets\/d\/1r_e17Ve2RIdRkEsAkKBXMAOOnqpKaNyGLCtqu91rr6g\/edit#gid=0\"><img data-recalc-dims=\"1\" loading=\"lazy\" decoding=\"async\" class=\"wp-image-451 alignleft\" src=\"https:\/\/i0.wp.com\/wp.ufpel.edu.br\/cliohd\/files\/2023\/10\/Capturar.png?resize=370%2C231&#038;ssl=1\" alt=\"\" width=\"370\" height=\"231\" srcset=\"https:\/\/i0.wp.com\/wp.ufpel.edu.br\/cliohd\/files\/2023\/10\/Capturar.png?resize=400%2C250&amp;ssl=1 400w, https:\/\/i0.wp.com\/wp.ufpel.edu.br\/cliohd\/files\/2023\/10\/Capturar.png?w=538&amp;ssl=1 538w\" sizes=\"auto, (max-width: 370px) 100vw, 370px\" \/><\/a>\u201d em Fevereiro de 2022 incutiu consequ\u00eancias em grande parte dos pa\u00edses do mundo (inclusive no Brasil), no entanto, um tema recorrente ao conflito \u00e9 os Direitos Humanos, que sofre drasticamente abusos e viola\u00e7\u00f5es desde seu inicio.<\/p>\n<p style=\"text-align: justify;\">A partir disso, compreendemos a demanda de organizar tais repercuss\u00f5es e discuss\u00f5es perpetuadas por l\u00edderes pol\u00edticos e organiza\u00e7\u00f5es mundiais acerca de tais infra\u00e7\u00f5es humanit\u00e1rias.<\/p>\n<p>&nbsp;<\/p>\n<p><em>Respons\u00e1vel pela coleta de fontes: Arthur Garcia Betemps.<\/em><\/p>\n","protected":false},"excerpt":{"rendered":"<p>Acesse a planilha com as fontes, sobre este assunto, coletadas at\u00e9 o momento:\u00a0clique aqui.\u00a0 &nbsp; A crise que \u201cexplodiu\u201d em Fevereiro de 2022 incutiu consequ\u00eancias em grande parte dos pa\u00edses do mundo (inclusive no Brasil), no entanto, um tema recorrente ao conflito \u00e9 os Direitos Humanos, que sofre drasticamente abusos e viola\u00e7\u00f5es desde seu inicio. &hellip; <\/p>\n<p><a class=\"more-link btn\" href=\"https:\/\/wp.ufpel.edu.br\/cliohd\/acervo-tematico-fontes-digitais\/conflitos-contemporaneos\/dh-e-guerra-na-ucrania\/\">Continue lendo<\/a><\/p>\n","protected":false},"author":1274,"featured_media":0,"parent":391,"menu_order":0,"comment_status":"closed","ping_status":"closed","template":"","meta":{"advanced_seo_description":"","jetpack_seo_html_title":"","jetpack_seo_noindex":false,"jetpack_post_was_ever_published":false,"footnotes":""},"class_list":["post-242","page","type-page","status-publish","hentry","nodate","item-wrap"],"jetpack-related-posts":[{"id":758,"url":"https:\/\/wp.ufpel.edu.br\/cliohd\/acervo-tematico-fontes-digitais\/discursos-politicos-internacionais\/","url_meta":{"origin":242,"position":0},"title":"Discursos pol\u00edticos internacionais, nacionais e Big Techs","author":"cliohd","date":"17\/03\/2025","format":false,"excerpt":"\u00a0 Discursos Pol\u00edticos Internacionais e Big Techs\u00a0 Clique no card para acessar as fontes catalogadas \u00a0\u00a0A coleta de reportagens digitais para compreender as din\u00e2micas pol\u00edticas globais, especialmente ap\u00f3s elei\u00e7\u00f5es nos EUA. Discursos pol\u00edticos influenciam rela\u00e7\u00f5es internacionais, alian\u00e7as e estrat\u00e9gias diplom\u00e1ticas. Preservar esses registros permite analisar padr\u00f5es e impactos na pol\u00edtica\u2026","rel":"","context":"Post similar","block_context":{"text":"Post similar","link":""},"img":{"alt_text":"","src":"https:\/\/i0.wp.com\/wp.ufpel.edu.br\/cliohd\/files\/2025\/03\/Captura-de-tela-2025-03-17-205704-400x285.png?resize=350%2C200&ssl=1","width":350,"height":200},"classes":[]},{"id":35,"url":"https:\/\/wp.ufpel.edu.br\/cliohd\/projetos\/","url_meta":{"origin":242,"position":1},"title":"Projetos","author":"cliohd","date":"08\/01\/2023","format":false,"excerpt":"Confira abaixo os projetos de pesquisa em andamento da equipe do Portal Clio HD: Wilian Bonete Desenvolve diferentes a\u00e7\u00f5es de ensino e pesquisa que envolvem o Portal Clio HD: coleta e tratamento da fontes digitais, reuni\u00f5es peri\u00f3dicas para debates e estudos sobre referenciais te\u00f3ricos e metodol\u00f3gicos. Thayn\u00e1 Luiza Uhde Dalsasso\u2026","rel":"","context":"Post similar","block_context":{"text":"Post similar","link":""},"img":{"alt_text":"","src":"","width":0,"height":0},"classes":[]},{"id":615,"url":"https:\/\/wp.ufpel.edu.br\/cliohd\/artigos-clio-hd\/fontes-digitais-e-a-organizacao-de-uma-pesquisa-em-historia\/","url_meta":{"origin":242,"position":2},"title":"Fontes digitais e a organiza\u00e7\u00e3o de uma pesquisa em Hist\u00f3ria","author":"cliohd","date":"13\/03\/2024","format":false,"excerpt":"Prof. Dr. Jo\u00e3o J\u00falio Gomes dos Santos J\u00fanior* (Universidade do Estado de Santa Catarina\/UDESC) \u00a0 Trabalhar com fontes digitais j\u00e1 n\u00e3o \u00e9 mais uma novidade para os historiadores na atualidade. O pr\u00f3prio desenvolvimento da inform\u00e1tica levou a profiss\u00e3o a se adequar ao r\u00e1pido desenvolvimento de equipamentos e recursos digitais. Essas\u2026","rel":"","context":"Post similar","block_context":{"text":"Post similar","link":""},"img":{"alt_text":"","src":"https:\/\/i0.wp.com\/wp.ufpel.edu.br\/cliohd\/files\/2024\/03\/800px-Exampleofdigitalhoarding_cluttereddesktop001-400x300.jpg?resize=350%2C200&ssl=1","width":350,"height":200},"classes":[]},{"id":396,"url":"https:\/\/wp.ufpel.edu.br\/cliohd\/acervo-tematico-fontes-digitais\/conflitos-contemporaneos\/israel-e-palestina\/","url_meta":{"origin":242,"position":3},"title":"Israel-Palestina-Hamas","author":"cliohd","date":"10\/10\/2023","format":false,"excerpt":"Clique no card para acessar as fontes catalogadas: \u00a0 ISRAEL - PALESTINA - HAMAS O grupo Hamas iniciou, na madrugada do dia 07 de outubro de 2023,\u00a0 uma s\u00e9rie de ofensivas e bombardeios justificadas como resposta ao aumento da viol\u00eancia contra o povo palestino, \u00e0 proposta de anexa\u00e7\u00e3o de partes\u2026","rel":"","context":"Post similar","block_context":{"text":"Post similar","link":""},"img":{"alt_text":"","src":"https:\/\/i0.wp.com\/wp.ufpel.edu.br\/cliohd\/files\/2023\/10\/GAZA-400x230.png?resize=350%2C200&ssl=1","width":350,"height":200},"classes":[]},{"id":26,"url":"https:\/\/wp.ufpel.edu.br\/cliohd\/acervo-tematico-fontes-digitais\/direitos-humanos\/","url_meta":{"origin":242,"position":4},"title":"Direitos Humanos","author":"cliohd","date":"08\/01\/2023","format":false,"excerpt":"Clique no card para acessar as fontes catalogadas: A crise que \"explodiu\" em Fevereiro de 2022 incutiu consequ\u00eancias em grande parte dos pa\u00edses do mundo (inclusive no Brasil), no entanto, um tema recorrente ao conflito \u00e9 os Direitos Humanos, que sofre drasticamente abusos e viola\u00e7\u00f5es desde seu inicio. Diante disso,\u2026","rel":"","context":"Post similar","block_context":{"text":"Post similar","link":""},"img":{"alt_text":"","src":"https:\/\/i0.wp.com\/wp.ufpel.edu.br\/cliohd\/files\/2023\/07\/CARDYanomamis.png?resize=350%2C200&ssl=1","width":350,"height":200},"classes":[]},{"id":300,"url":"https:\/\/wp.ufpel.edu.br\/cliohd\/links\/","url_meta":{"origin":242,"position":5},"title":"Links","author":"cliohd","date":"25\/04\/2023","format":false,"excerpt":"Consulte aqui links para acesso \u00e0 outros portais: Brasil Doc. | Arquivo Digital (ufmg.br) \"O site Brasil Doc. \u00e9 um arquivo digital constru\u00eddo pela Universidade Federal de Minas Gerais (UFMG) com o objetivo de tornar dispon\u00edvel, em transpar\u00eancia ativa, fontes hist\u00f3ricas de natureza diversa abrigadas na institui\u00e7\u00e3o... Informar ao p\u00fablico\u2026","rel":"","context":"Post similar","block_context":{"text":"Post similar","link":""},"img":{"alt_text":"","src":"https:\/\/i0.wp.com\/wp.ufpel.edu.br\/cliohd\/files\/2023\/11\/Captura-de-tela-2023-11-27-143452.png?resize=350%2C200&ssl=1","width":350,"height":200},"classes":[]}],"jetpack_sharing_enabled":true,"_links":{"self":[{"href":"https:\/\/wp.ufpel.edu.br\/cliohd\/wp-json\/wp\/v2\/pages\/242","targetHints":{"allow":["GET"]}}],"collection":[{"href":"https:\/\/wp.ufpel.edu.br\/cliohd\/wp-json\/wp\/v2\/pages"}],"about":[{"href":"https:\/\/wp.ufpel.edu.br\/cliohd\/wp-json\/wp\/v2\/types\/page"}],"author":[{"embeddable":true,"href":"https:\/\/wp.ufpel.edu.br\/cliohd\/wp-json\/wp\/v2\/users\/1274"}],"replies":[{"embeddable":true,"href":"https:\/\/wp.ufpel.edu.br\/cliohd\/wp-json\/wp\/v2\/comments?post=242"}],"version-history":[{"count":9,"href":"https:\/\/wp.ufpel.edu.br\/cliohd\/wp-json\/wp\/v2\/pages\/242\/revisions"}],"predecessor-version":[{"id":456,"href":"https:\/\/wp.ufpel.edu.br\/cliohd\/wp-json\/wp\/v2\/pages\/242\/revisions\/456"}],"up":[{"embeddable":true,"href":"https:\/\/wp.ufpel.edu.br\/cliohd\/wp-json\/wp\/v2\/pages\/391"}],"wp:attachment":[{"href":"https:\/\/wp.ufpel.edu.br\/cliohd\/wp-json\/wp\/v2\/media?parent=242"}],"curies":[{"name":"wp","href":"https:\/\/api.w.org\/{rel}","templated":true}]}}