{"id":23,"date":"2023-01-08T00:02:33","date_gmt":"2023-01-08T03:02:33","guid":{"rendered":"https:\/\/wp.ufpel.edu.br\/cliohd\/?page_id=23"},"modified":"2024-02-25T22:33:06","modified_gmt":"2024-02-26T01:33:06","slug":"acervo-tematico-fontes-digitais","status":"publish","type":"page","link":"https:\/\/wp.ufpel.edu.br\/cliohd\/acervo-tematico-fontes-digitais\/","title":{"rendered":"Acervo Tem\u00e1tico \/ Fontes Digitais"},"content":{"rendered":"<p>Nesta se\u00e7\u00e3o voc\u00ea encontrar\u00e1 todos os materiais coletados e catalogados sobre as tem\u00e1ticas:<\/p>\n<ul>\n<li>Conflitos Contempor\u00e2neos;<\/li>\n<li>Direitos Humanos;<\/li>\n<li>Diversidade;<\/li>\n<li>Educa\u00e7\u00e3o;<\/li>\n<li>Negacionismos hist\u00f3ricos e cient\u00edficos.<\/li>\n<\/ul>\n<p>&nbsp;<\/p>\n<p>Navegue a vontade.<\/p>\n","protected":false},"excerpt":{"rendered":"<p>Nesta se\u00e7\u00e3o voc\u00ea encontrar\u00e1 todos os materiais coletados e catalogados sobre as tem\u00e1ticas: Conflitos Contempor\u00e2neos; Direitos Humanos; Diversidade; Educa\u00e7\u00e3o; Negacionismos hist\u00f3ricos e cient\u00edficos. &nbsp; Navegue a vontade.<\/p>\n","protected":false},"author":1274,"featured_media":0,"parent":0,"menu_order":4,"comment_status":"closed","ping_status":"closed","template":"","meta":{"advanced_seo_description":"","jetpack_seo_html_title":"","jetpack_seo_noindex":false,"jetpack_post_was_ever_published":false,"footnotes":""},"class_list":["post-23","page","type-page","status-publish","hentry","nodate","item-wrap"],"jetpack-related-posts":[{"id":147,"url":"https:\/\/wp.ufpel.edu.br\/cliohd\/acervo-tematico-fontes-digitais\/diversidade\/","url_meta":{"origin":23,"position":0},"title":"Diversidade","author":"cliohd","date":"21\/01\/2023","format":false,"excerpt":"Clique no card para acessar as fontes catalogadas \u00a0 Os anos de governo de Jair Messias Bolsonaro podem ser caracterizados como um retrocesso ao que diz respeito aos direitos, e principalmente ao aumento dos ataques proferidos a a comunidade LGBTQIA +. Al\u00e9m disso, surgiram in\u00fameras fake news e publica\u00e7\u00f5es com\u2026","rel":"","context":"Post similar","block_context":{"text":"Post similar","link":""},"img":{"alt_text":"","src":"https:\/\/i0.wp.com\/wp.ufpel.edu.br\/cliohd\/files\/2023\/10\/Captura-de-tela-2023-10-17-171907-400x268.png?resize=350%2C200&ssl=1","width":350,"height":200},"classes":[]},{"id":391,"url":"https:\/\/wp.ufpel.edu.br\/cliohd\/acervo-tematico-fontes-digitais\/conflitos-contemporaneos\/","url_meta":{"origin":23,"position":1},"title":"Conflitos contempor\u00e2neos","author":"cliohd","date":"10\/10\/2023","format":false,"excerpt":"","rel":"","context":"Post similar","block_context":{"text":"Post similar","link":""},"img":{"alt_text":"","src":"","width":0,"height":0},"classes":[]},{"id":26,"url":"https:\/\/wp.ufpel.edu.br\/cliohd\/acervo-tematico-fontes-digitais\/direitos-humanos\/","url_meta":{"origin":23,"position":2},"title":"Direitos Humanos","author":"cliohd","date":"08\/01\/2023","format":false,"excerpt":"Clique no card para acessar as fontes catalogadas: A crise que \"explodiu\" em Fevereiro de 2022 incutiu consequ\u00eancias em grande parte dos pa\u00edses do mundo (inclusive no Brasil), no entanto, um tema recorrente ao conflito \u00e9 os Direitos Humanos, que sofre drasticamente abusos e viola\u00e7\u00f5es desde seu inicio. Diante disso,\u2026","rel":"","context":"Post similar","block_context":{"text":"Post similar","link":""},"img":{"alt_text":"","src":"https:\/\/i0.wp.com\/wp.ufpel.edu.br\/cliohd\/files\/2023\/07\/CARDYanomamis.png?resize=350%2C200&ssl=1","width":350,"height":200},"classes":[]},{"id":242,"url":"https:\/\/wp.ufpel.edu.br\/cliohd\/acervo-tematico-fontes-digitais\/conflitos-contemporaneos\/dh-e-guerra-na-ucrania\/","url_meta":{"origin":23,"position":3},"title":"Guerra Russo-Ucraniana","author":"cliohd","date":"27\/02\/2023","format":false,"excerpt":"Acesse a planilha com as fontes, sobre este assunto, coletadas at\u00e9 o momento:\u00a0clique aqui.\u00a0 \u00a0 A crise que \u201cexplodiu\u201d em Fevereiro de 2022 incutiu consequ\u00eancias em grande parte dos pa\u00edses do mundo (inclusive no Brasil), no entanto, um tema recorrente ao conflito \u00e9 os Direitos Humanos, que sofre drasticamente abusos\u2026","rel":"","context":"Post similar","block_context":{"text":"Post similar","link":""},"img":{"alt_text":"","src":"https:\/\/i0.wp.com\/wp.ufpel.edu.br\/cliohd\/files\/2023\/10\/Capturar-400x250.png?resize=350%2C200&ssl=1","width":350,"height":200},"classes":[]},{"id":396,"url":"https:\/\/wp.ufpel.edu.br\/cliohd\/acervo-tematico-fontes-digitais\/conflitos-contemporaneos\/israel-e-palestina\/","url_meta":{"origin":23,"position":4},"title":"Israel-Palestina-Hamas","author":"cliohd","date":"10\/10\/2023","format":false,"excerpt":"Clique no card para acessar as fontes catalogadas: \u00a0 ISRAEL - PALESTINA - HAMAS O grupo Hamas iniciou, na madrugada do dia 07 de outubro de 2023,\u00a0 uma s\u00e9rie de ofensivas e bombardeios justificadas como resposta ao aumento da viol\u00eancia contra o povo palestino, \u00e0 proposta de anexa\u00e7\u00e3o de partes\u2026","rel":"","context":"Post similar","block_context":{"text":"Post similar","link":""},"img":{"alt_text":"","src":"https:\/\/i0.wp.com\/wp.ufpel.edu.br\/cliohd\/files\/2023\/10\/GAZA-400x230.png?resize=350%2C200&ssl=1","width":350,"height":200},"classes":[]},{"id":29,"url":"https:\/\/wp.ufpel.edu.br\/cliohd\/acervo-tematico-fontes-digitais\/negacionismos-e-ciencia\/","url_meta":{"origin":23,"position":5},"title":"Negacionismos hist\u00f3ricos e cient\u00edficos","author":"cliohd","date":"08\/01\/2023","format":false,"excerpt":"Acesse a planilha com as fontes catalogadas sobre este tema: clique aqui Voc\u00ea com certeza j\u00e1 deve ter ouvido pelo menos uma das seguintes express\u00f5es: \u201cEu tive a melhor vacina: o v\u00edrus\u201d; \u201cNingu\u00e9m pode obrigar ningu\u00e9m a tomar vacina\u201d; \"Se voc\u00ea virar um jacar\u00e9...\".Elas fizeram parte do discurso negacionista que\u2026","rel":"","context":"Post similar","block_context":{"text":"Post similar","link":""},"img":{"alt_text":"","src":"https:\/\/i0.wp.com\/wp.ufpel.edu.br\/cliohd\/files\/2023\/10\/News-400x400.png?resize=350%2C200&ssl=1","width":350,"height":200},"classes":[]}],"jetpack_sharing_enabled":true,"_links":{"self":[{"href":"https:\/\/wp.ufpel.edu.br\/cliohd\/wp-json\/wp\/v2\/pages\/23","targetHints":{"allow":["GET"]}}],"collection":[{"href":"https:\/\/wp.ufpel.edu.br\/cliohd\/wp-json\/wp\/v2\/pages"}],"about":[{"href":"https:\/\/wp.ufpel.edu.br\/cliohd\/wp-json\/wp\/v2\/types\/page"}],"author":[{"embeddable":true,"href":"https:\/\/wp.ufpel.edu.br\/cliohd\/wp-json\/wp\/v2\/users\/1274"}],"replies":[{"embeddable":true,"href":"https:\/\/wp.ufpel.edu.br\/cliohd\/wp-json\/wp\/v2\/comments?post=23"}],"version-history":[{"count":13,"href":"https:\/\/wp.ufpel.edu.br\/cliohd\/wp-json\/wp\/v2\/pages\/23\/revisions"}],"predecessor-version":[{"id":606,"href":"https:\/\/wp.ufpel.edu.br\/cliohd\/wp-json\/wp\/v2\/pages\/23\/revisions\/606"}],"wp:attachment":[{"href":"https:\/\/wp.ufpel.edu.br\/cliohd\/wp-json\/wp\/v2\/media?parent=23"}],"curies":[{"name":"wp","href":"https:\/\/api.w.org\/{rel}","templated":true}]}}