{"id":20,"date":"2023-01-07T23:58:22","date_gmt":"2023-01-08T02:58:22","guid":{"rendered":"https:\/\/wp.ufpel.edu.br\/cliohd\/?page_id=20"},"modified":"2024-06-23T21:41:48","modified_gmt":"2024-06-24T00:41:48","slug":"pesquisadores","status":"publish","type":"page","link":"https:\/\/wp.ufpel.edu.br\/cliohd\/pesquisadores\/","title":{"rendered":"Quem somos"},"content":{"rendered":"<p><span style=\"font-family: arial, helvetica, sans-serif;\">Clique sobre a imagem para acessar o curr\u00edculo lattes dos\/as pesquisadores\/as integrantes do Portal Clio HD:<\/span><\/p>\n<p><a href=\"http:\/\/lattes.cnpq.br\/7339543110127451\"><img data-recalc-dims=\"1\" loading=\"lazy\" decoding=\"async\" class=\"alignnone size-thumbnail wp-image-668\" src=\"https:\/\/i0.wp.com\/wp.ufpel.edu.br\/cliohd\/files\/2024\/06\/Conheca-nosso-acervo-de-fontes-digitais-13-2.png?resize=200%2C200&#038;ssl=1\" alt=\"\" width=\"200\" height=\"200\" srcset=\"https:\/\/i0.wp.com\/wp.ufpel.edu.br\/cliohd\/files\/2024\/06\/Conheca-nosso-acervo-de-fontes-digitais-13-2.png?resize=200%2C200&amp;ssl=1 200w, https:\/\/i0.wp.com\/wp.ufpel.edu.br\/cliohd\/files\/2024\/06\/Conheca-nosso-acervo-de-fontes-digitais-13-2.png?resize=400%2C400&amp;ssl=1 400w, https:\/\/i0.wp.com\/wp.ufpel.edu.br\/cliohd\/files\/2024\/06\/Conheca-nosso-acervo-de-fontes-digitais-13-2.png?resize=1024%2C1024&amp;ssl=1 1024w, https:\/\/i0.wp.com\/wp.ufpel.edu.br\/cliohd\/files\/2024\/06\/Conheca-nosso-acervo-de-fontes-digitais-13-2.png?resize=768%2C768&amp;ssl=1 768w, https:\/\/i0.wp.com\/wp.ufpel.edu.br\/cliohd\/files\/2024\/06\/Conheca-nosso-acervo-de-fontes-digitais-13-2.png?resize=750%2C750&amp;ssl=1 750w, https:\/\/i0.wp.com\/wp.ufpel.edu.br\/cliohd\/files\/2024\/06\/Conheca-nosso-acervo-de-fontes-digitais-13-2.png?w=1080&amp;ssl=1 1080w\" sizes=\"auto, (max-width: 200px) 100vw, 200px\" \/><\/a>\u00a0 \u00a0 <a href=\"http:\/\/lattes.cnpq.br\/6912448656987357\"><img data-recalc-dims=\"1\" loading=\"lazy\" decoding=\"async\" class=\"alignnone size-thumbnail wp-image-669\" src=\"https:\/\/i0.wp.com\/wp.ufpel.edu.br\/cliohd\/files\/2024\/06\/Conheca-nosso-acervo-de-fontes-digitais-18.png?resize=200%2C200&#038;ssl=1\" alt=\"\" width=\"200\" height=\"200\" srcset=\"https:\/\/i0.wp.com\/wp.ufpel.edu.br\/cliohd\/files\/2024\/06\/Conheca-nosso-acervo-de-fontes-digitais-18.png?resize=200%2C200&amp;ssl=1 200w, https:\/\/i0.wp.com\/wp.ufpel.edu.br\/cliohd\/files\/2024\/06\/Conheca-nosso-acervo-de-fontes-digitais-18.png?resize=400%2C400&amp;ssl=1 400w, https:\/\/i0.wp.com\/wp.ufpel.edu.br\/cliohd\/files\/2024\/06\/Conheca-nosso-acervo-de-fontes-digitais-18.png?resize=1024%2C1024&amp;ssl=1 1024w, https:\/\/i0.wp.com\/wp.ufpel.edu.br\/cliohd\/files\/2024\/06\/Conheca-nosso-acervo-de-fontes-digitais-18.png?resize=768%2C768&amp;ssl=1 768w, https:\/\/i0.wp.com\/wp.ufpel.edu.br\/cliohd\/files\/2024\/06\/Conheca-nosso-acervo-de-fontes-digitais-18.png?resize=750%2C750&amp;ssl=1 750w, https:\/\/i0.wp.com\/wp.ufpel.edu.br\/cliohd\/files\/2024\/06\/Conheca-nosso-acervo-de-fontes-digitais-18.png?w=1080&amp;ssl=1 1080w\" sizes=\"auto, (max-width: 200px) 100vw, 200px\" \/><\/a>\u00a0 <a href=\"http:\/\/lattes.cnpq.br\/6826993127523625\"><img data-recalc-dims=\"1\" loading=\"lazy\" decoding=\"async\" class=\"alignnone size-thumbnail wp-image-670\" src=\"https:\/\/i0.wp.com\/wp.ufpel.edu.br\/cliohd\/files\/2024\/06\/Conheca-nosso-acervo-de-fontes-digitais-19.png?resize=200%2C200&#038;ssl=1\" alt=\"\" width=\"200\" height=\"200\" srcset=\"https:\/\/i0.wp.com\/wp.ufpel.edu.br\/cliohd\/files\/2024\/06\/Conheca-nosso-acervo-de-fontes-digitais-19.png?resize=200%2C200&amp;ssl=1 200w, https:\/\/i0.wp.com\/wp.ufpel.edu.br\/cliohd\/files\/2024\/06\/Conheca-nosso-acervo-de-fontes-digitais-19.png?resize=400%2C400&amp;ssl=1 400w, https:\/\/i0.wp.com\/wp.ufpel.edu.br\/cliohd\/files\/2024\/06\/Conheca-nosso-acervo-de-fontes-digitais-19.png?resize=1024%2C1024&amp;ssl=1 1024w, https:\/\/i0.wp.com\/wp.ufpel.edu.br\/cliohd\/files\/2024\/06\/Conheca-nosso-acervo-de-fontes-digitais-19.png?resize=768%2C768&amp;ssl=1 768w, https:\/\/i0.wp.com\/wp.ufpel.edu.br\/cliohd\/files\/2024\/06\/Conheca-nosso-acervo-de-fontes-digitais-19.png?resize=750%2C750&amp;ssl=1 750w, https:\/\/i0.wp.com\/wp.ufpel.edu.br\/cliohd\/files\/2024\/06\/Conheca-nosso-acervo-de-fontes-digitais-19.png?w=1080&amp;ssl=1 1080w\" sizes=\"auto, (max-width: 200px) 100vw, 200px\" \/><\/a><\/p>\n<p>&nbsp;<\/p>\n<p><a href=\"http:\/\/lattes.cnpq.br\/1148619985538727\">\u00a0<img data-recalc-dims=\"1\" loading=\"lazy\" decoding=\"async\" class=\"alignnone size-thumbnail wp-image-671\" src=\"https:\/\/i0.wp.com\/wp.ufpel.edu.br\/cliohd\/files\/2024\/06\/Conheca-nosso-acervo-de-fontes-digitais-16.png?resize=200%2C200&#038;ssl=1\" alt=\"\" width=\"200\" height=\"200\" srcset=\"https:\/\/i0.wp.com\/wp.ufpel.edu.br\/cliohd\/files\/2024\/06\/Conheca-nosso-acervo-de-fontes-digitais-16.png?resize=200%2C200&amp;ssl=1 200w, https:\/\/i0.wp.com\/wp.ufpel.edu.br\/cliohd\/files\/2024\/06\/Conheca-nosso-acervo-de-fontes-digitais-16.png?resize=400%2C400&amp;ssl=1 400w, https:\/\/i0.wp.com\/wp.ufpel.edu.br\/cliohd\/files\/2024\/06\/Conheca-nosso-acervo-de-fontes-digitais-16.png?resize=1024%2C1024&amp;ssl=1 1024w, https:\/\/i0.wp.com\/wp.ufpel.edu.br\/cliohd\/files\/2024\/06\/Conheca-nosso-acervo-de-fontes-digitais-16.png?resize=768%2C768&amp;ssl=1 768w, https:\/\/i0.wp.com\/wp.ufpel.edu.br\/cliohd\/files\/2024\/06\/Conheca-nosso-acervo-de-fontes-digitais-16.png?resize=750%2C750&amp;ssl=1 750w, https:\/\/i0.wp.com\/wp.ufpel.edu.br\/cliohd\/files\/2024\/06\/Conheca-nosso-acervo-de-fontes-digitais-16.png?w=1080&amp;ssl=1 1080w\" sizes=\"auto, (max-width: 200px) 100vw, 200px\" \/>\u00a0\u00a0 <img data-recalc-dims=\"1\" loading=\"lazy\" decoding=\"async\" class=\"alignnone size-thumbnail wp-image-672\" src=\"https:\/\/i0.wp.com\/wp.ufpel.edu.br\/cliohd\/files\/2024\/06\/Conheca-nosso-acervo-de-fontes-digitais-14-1.png?resize=200%2C200&#038;ssl=1\" alt=\"\" width=\"200\" height=\"200\" srcset=\"https:\/\/i0.wp.com\/wp.ufpel.edu.br\/cliohd\/files\/2024\/06\/Conheca-nosso-acervo-de-fontes-digitais-14-1.png?resize=200%2C200&amp;ssl=1 200w, https:\/\/i0.wp.com\/wp.ufpel.edu.br\/cliohd\/files\/2024\/06\/Conheca-nosso-acervo-de-fontes-digitais-14-1.png?resize=400%2C400&amp;ssl=1 400w, https:\/\/i0.wp.com\/wp.ufpel.edu.br\/cliohd\/files\/2024\/06\/Conheca-nosso-acervo-de-fontes-digitais-14-1.png?resize=1024%2C1024&amp;ssl=1 1024w, https:\/\/i0.wp.com\/wp.ufpel.edu.br\/cliohd\/files\/2024\/06\/Conheca-nosso-acervo-de-fontes-digitais-14-1.png?resize=768%2C768&amp;ssl=1 768w, https:\/\/i0.wp.com\/wp.ufpel.edu.br\/cliohd\/files\/2024\/06\/Conheca-nosso-acervo-de-fontes-digitais-14-1.png?resize=750%2C750&amp;ssl=1 750w, https:\/\/i0.wp.com\/wp.ufpel.edu.br\/cliohd\/files\/2024\/06\/Conheca-nosso-acervo-de-fontes-digitais-14-1.png?w=1080&amp;ssl=1 1080w\" sizes=\"auto, (max-width: 200px) 100vw, 200px\" \/>\u00a0\u00a0 <img data-recalc-dims=\"1\" loading=\"lazy\" decoding=\"async\" class=\"alignnone size-thumbnail wp-image-673\" src=\"https:\/\/i0.wp.com\/wp.ufpel.edu.br\/cliohd\/files\/2024\/06\/Conheca-nosso-acervo-de-fontes-digitais-15.png?resize=200%2C200&#038;ssl=1\" alt=\"\" width=\"200\" height=\"200\" srcset=\"https:\/\/i0.wp.com\/wp.ufpel.edu.br\/cliohd\/files\/2024\/06\/Conheca-nosso-acervo-de-fontes-digitais-15.png?resize=200%2C200&amp;ssl=1 200w, https:\/\/i0.wp.com\/wp.ufpel.edu.br\/cliohd\/files\/2024\/06\/Conheca-nosso-acervo-de-fontes-digitais-15.png?resize=400%2C400&amp;ssl=1 400w, https:\/\/i0.wp.com\/wp.ufpel.edu.br\/cliohd\/files\/2024\/06\/Conheca-nosso-acervo-de-fontes-digitais-15.png?resize=1024%2C1024&amp;ssl=1 1024w, https:\/\/i0.wp.com\/wp.ufpel.edu.br\/cliohd\/files\/2024\/06\/Conheca-nosso-acervo-de-fontes-digitais-15.png?resize=768%2C768&amp;ssl=1 768w, https:\/\/i0.wp.com\/wp.ufpel.edu.br\/cliohd\/files\/2024\/06\/Conheca-nosso-acervo-de-fontes-digitais-15.png?resize=750%2C750&amp;ssl=1 750w, https:\/\/i0.wp.com\/wp.ufpel.edu.br\/cliohd\/files\/2024\/06\/Conheca-nosso-acervo-de-fontes-digitais-15.png?w=1080&amp;ssl=1 1080w\" sizes=\"auto, (max-width: 200px) 100vw, 200px\" \/><\/a><\/p>\n<p><a href=\"http:\/\/lattes.cnpq.br\/7825184324339975\">\u00a0<\/a><\/p>\n<p><a href=\"http:\/\/lattes.cnpq.br\/7825184324339975\"><img data-recalc-dims=\"1\" loading=\"lazy\" decoding=\"async\" class=\"alignnone size-thumbnail wp-image-674\" src=\"https:\/\/i0.wp.com\/wp.ufpel.edu.br\/cliohd\/files\/2024\/06\/Conheca-nosso-acervo-de-fontes-digitais-17.png?resize=200%2C200&#038;ssl=1\" alt=\"\" width=\"200\" height=\"200\" srcset=\"https:\/\/i0.wp.com\/wp.ufpel.edu.br\/cliohd\/files\/2024\/06\/Conheca-nosso-acervo-de-fontes-digitais-17.png?resize=200%2C200&amp;ssl=1 200w, https:\/\/i0.wp.com\/wp.ufpel.edu.br\/cliohd\/files\/2024\/06\/Conheca-nosso-acervo-de-fontes-digitais-17.png?resize=400%2C400&amp;ssl=1 400w, https:\/\/i0.wp.com\/wp.ufpel.edu.br\/cliohd\/files\/2024\/06\/Conheca-nosso-acervo-de-fontes-digitais-17.png?resize=1024%2C1024&amp;ssl=1 1024w, https:\/\/i0.wp.com\/wp.ufpel.edu.br\/cliohd\/files\/2024\/06\/Conheca-nosso-acervo-de-fontes-digitais-17.png?resize=768%2C768&amp;ssl=1 768w, https:\/\/i0.wp.com\/wp.ufpel.edu.br\/cliohd\/files\/2024\/06\/Conheca-nosso-acervo-de-fontes-digitais-17.png?resize=750%2C750&amp;ssl=1 750w, https:\/\/i0.wp.com\/wp.ufpel.edu.br\/cliohd\/files\/2024\/06\/Conheca-nosso-acervo-de-fontes-digitais-17.png?w=1080&amp;ssl=1 1080w\" sizes=\"auto, (max-width: 200px) 100vw, 200px\" \/><\/a>\u00a0 <img data-recalc-dims=\"1\" loading=\"lazy\" decoding=\"async\" class=\"alignnone size-thumbnail wp-image-675\" src=\"https:\/\/i0.wp.com\/wp.ufpel.edu.br\/cliohd\/files\/2024\/06\/48.jpg?resize=200%2C200&#038;ssl=1\" alt=\"\" width=\"200\" height=\"200\" srcset=\"https:\/\/i0.wp.com\/wp.ufpel.edu.br\/cliohd\/files\/2024\/06\/48.jpg?resize=200%2C200&amp;ssl=1 200w, https:\/\/i0.wp.com\/wp.ufpel.edu.br\/cliohd\/files\/2024\/06\/48.jpg?resize=400%2C400&amp;ssl=1 400w, https:\/\/i0.wp.com\/wp.ufpel.edu.br\/cliohd\/files\/2024\/06\/48.jpg?resize=1024%2C1024&amp;ssl=1 1024w, https:\/\/i0.wp.com\/wp.ufpel.edu.br\/cliohd\/files\/2024\/06\/48.jpg?resize=768%2C768&amp;ssl=1 768w, https:\/\/i0.wp.com\/wp.ufpel.edu.br\/cliohd\/files\/2024\/06\/48.jpg?resize=750%2C750&amp;ssl=1 750w, https:\/\/i0.wp.com\/wp.ufpel.edu.br\/cliohd\/files\/2024\/06\/48.jpg?w=1215&amp;ssl=1 1215w\" sizes=\"auto, (max-width: 200px) 100vw, 200px\" \/>\u00a0 \u00a0 <img data-recalc-dims=\"1\" loading=\"lazy\" decoding=\"async\" class=\"alignnone size-thumbnail wp-image-676\" src=\"https:\/\/i0.wp.com\/wp.ufpel.edu.br\/cliohd\/files\/2024\/06\/49-1.jpg?resize=200%2C200&#038;ssl=1\" alt=\"\" width=\"200\" height=\"200\" srcset=\"https:\/\/i0.wp.com\/wp.ufpel.edu.br\/cliohd\/files\/2024\/06\/49-1.jpg?resize=200%2C200&amp;ssl=1 200w, https:\/\/i0.wp.com\/wp.ufpel.edu.br\/cliohd\/files\/2024\/06\/49-1.jpg?resize=400%2C400&amp;ssl=1 400w, https:\/\/i0.wp.com\/wp.ufpel.edu.br\/cliohd\/files\/2024\/06\/49-1.jpg?resize=1024%2C1024&amp;ssl=1 1024w, https:\/\/i0.wp.com\/wp.ufpel.edu.br\/cliohd\/files\/2024\/06\/49-1.jpg?resize=768%2C768&amp;ssl=1 768w, https:\/\/i0.wp.com\/wp.ufpel.edu.br\/cliohd\/files\/2024\/06\/49-1.jpg?resize=750%2C750&amp;ssl=1 750w, https:\/\/i0.wp.com\/wp.ufpel.edu.br\/cliohd\/files\/2024\/06\/49-1.jpg?w=1215&amp;ssl=1 1215w\" sizes=\"auto, (max-width: 200px) 100vw, 200px\" \/><\/p>\n<p>&nbsp;<\/p>\n<p>Ex-integrantes:<\/p>\n<p>Dora de S\u00e1 Gallindo (UFPB).<\/p>\n<p>Vit\u00f3ria Gon\u00e7alves Nascimento (UFES).<\/p>\n<p>Cyro Rosa Silva (UFPEL).<\/p>\n<p>Bruno Bengoch\u00eaa (PPGH\/UFPEL).<\/p>\n<p>Gl\u00eania Alves (FURG).<\/p>\n<p>&nbsp;<\/p>\n","protected":false},"excerpt":{"rendered":"<p>Clique sobre a imagem para acessar o curr\u00edculo lattes dos\/as pesquisadores\/as integrantes do Portal Clio HD: \u00a0 \u00a0 \u00a0 &nbsp; \u00a0\u00a0\u00a0 \u00a0\u00a0 \u00a0 \u00a0 \u00a0 \u00a0 &nbsp; Ex-integrantes: Dora de S\u00e1 Gallindo (UFPB). Vit\u00f3ria Gon\u00e7alves Nascimento (UFES). Cyro Rosa Silva (UFPEL). Bruno Bengoch\u00eaa (PPGH\/UFPEL). Gl\u00eania Alves (FURG). &nbsp;<\/p>\n","protected":false},"author":1274,"featured_media":0,"parent":0,"menu_order":2,"comment_status":"closed","ping_status":"closed","template":"","meta":{"advanced_seo_description":"","jetpack_seo_html_title":"","jetpack_seo_noindex":false,"jetpack_post_was_ever_published":false,"footnotes":""},"class_list":["post-20","page","type-page","status-publish","hentry","nodate","item-wrap"],"jetpack-related-posts":[{"id":510,"url":"https:\/\/wp.ufpel.edu.br\/cliohd\/publicacoes-da-equipe\/","url_meta":{"origin":20,"position":0},"title":"Publica\u00e7\u00f5es da equipe","author":"cliohd","date":"22\/11\/2023","format":false,"excerpt":"Artigos e entrevistas BONETE, Wilian Junior; DALSASSO, Thayna L. Uhde. \u201cG\u00eanero\u201d e \u201cIdeologia de G\u00eanero\u201d na internet: uma an\u00e1lise inicial a partir de publica\u00e7\u00f5es na imprensa online brasileira (2019 -2022). 29 de Abril, v. 5, n.8, p. 92-114, jun.2025 (Clique aqui para acessar) BONETE, Wilian Junior; BAGESTEIRO, Maria Portilho. Portal\u2026","rel":"","context":"Post similar","block_context":{"text":"Post similar","link":""},"img":{"alt_text":"","src":"","width":0,"height":0},"classes":[]},{"id":680,"url":"https:\/\/wp.ufpel.edu.br\/cliohd\/artigos-clio-hd\/objetos-digitais-de-aprendizagem-websites-enquanto-oda\/","url_meta":{"origin":20,"position":1},"title":"Objetos Digitais de Aprendizagem: websites enquanto ODA","author":"cliohd","date":"08\/08\/2024","format":false,"excerpt":"\u00a0 Thalis Figueiredo Sart\u00f3rio (Mestrando em Hist\u00f3ria\/UFPEL) \u00a0 Os encontros da Hist\u00f3ria com o Digital e a Internet permeiam uma hist\u00f3ria do historiador com a m\u00e1quina e nessa hist\u00f3ria, momentos distintos se perpassam, como o de preserva\u00e7\u00e3o de fontes hist\u00f3ricas, por meio da digitaliza\u00e7\u00e3o ou coleta de dados no espa\u00e7o\u2026","rel":"","context":"Post similar","block_context":{"text":"Post similar","link":""},"img":{"alt_text":"","src":"https:\/\/i0.wp.com\/wp.ufpel.edu.br\/cliohd\/files\/2024\/08\/Oxygen480-apps-preferences-desktop-screensaver.svg_-200x200.png?resize=350%2C200&ssl=1","width":350,"height":200},"classes":[]},{"id":67,"url":"https:\/\/wp.ufpel.edu.br\/cliohd\/instituicoes-e-laboratorios-parceiros\/","url_meta":{"origin":20,"position":2},"title":"Institui\u00e7\u00f5es e Laborat\u00f3rios parceiros","author":"cliohd","date":"08\/01\/2023","format":false,"excerpt":"Laborat\u00f3rios e institui\u00e7\u00f5es parceiras do Portal Clio HD: Grupo de Pesquisa HEDUCA: Hist\u00f3ria e Educa\u00e7\u00e3o - Textos, Escritas e Leituras (CNPq\/UFPEL) Coordenador\/a: Prof. Dr.\u00aa Lisiane Sias Manke Clique aqui para acessar a p\u00e1gina oficial. ________________________________________________ \u00a0 Laborat\u00f3rio de Ensino de Hist\u00f3ria- LEH \/ UFPEL Coordenador\/a: Prof. Dr.\u00aa Lisiane Sias Manke\u2026","rel":"","context":"Post similar","block_context":{"text":"Post similar","link":""},"img":{"alt_text":"","src":"https:\/\/i0.wp.com\/wp.ufpel.edu.br\/cliohd\/files\/2023\/11\/LOGO-HEDUCA-400x202.png?resize=350%2C200&ssl=1","width":350,"height":200},"classes":[]},{"id":17,"url":"https:\/\/wp.ufpel.edu.br\/cliohd\/sobre-cliohd\/","url_meta":{"origin":20,"position":3},"title":"Sobre o Portal CLIO HD","author":"cliohd","date":"07\/01\/2023","format":false,"excerpt":"O que \u00e9 o Portal Clio HD? O projeto nasceu durante o ano de 2022, a partir de discuss\u00f5es gestadas no \u00e2mbito do grupo de pesquisa\u00a0 \"HEDUCA: Hist\u00f3ria e Educa\u00e7\u00e3o - textos, escritas e leituras\" (CNPQ) e do \"Laborat\u00f3rio de Ensino de Hist\u00f3ria (LEH), situados no departamento de Hist\u00f3ria da\u2026","rel":"","context":"Post similar","block_context":{"text":"Post similar","link":""},"img":{"alt_text":"","src":"","width":0,"height":0},"classes":[]},{"id":35,"url":"https:\/\/wp.ufpel.edu.br\/cliohd\/projetos\/","url_meta":{"origin":20,"position":4},"title":"Projetos","author":"cliohd","date":"08\/01\/2023","format":false,"excerpt":"Confira abaixo os projetos de pesquisa em andamento da equipe do Portal Clio HD: Wilian Bonete Desenvolve diferentes a\u00e7\u00f5es de ensino e pesquisa que envolvem o Portal Clio HD: coleta e tratamento da fontes digitais, reuni\u00f5es peri\u00f3dicas para debates e estudos sobre referenciais te\u00f3ricos e metodol\u00f3gicos. Thayn\u00e1 Luiza Uhde Dalsasso\u2026","rel":"","context":"Post similar","block_context":{"text":"Post similar","link":""},"img":{"alt_text":"","src":"","width":0,"height":0},"classes":[]},{"id":571,"url":"https:\/\/wp.ufpel.edu.br\/cliohd\/artigos-clio-hd\/artigo-1-ivanir-alves\/","url_meta":{"origin":20,"position":5},"title":"Museus virtuais: o que s\u00e3o? Onde acessar? Por que us\u00e1-los no ensino de Hist\u00f3ria?","author":"cliohd","date":"25\/02\/2024","format":false,"excerpt":"Alvanir Ivaneide Alves da Silva (Doutoranda em Hist\u00f3ria\/UFRPE) \u00a0 Ao longo da minha pesquisa de Mestrado no PGH-UFRPE, cuja tem estado vinculada ao campo do Ensino de Hist\u00f3ria, tenho debru\u00e7ado minhas analises acerca dos Museus Virtuais e seus poss\u00edveis usos para o Ensino de Hist\u00f3ria, assim sendo, antes de pensarmos\u2026","rel":"","context":"Post similar","block_context":{"text":"Post similar","link":""},"img":{"alt_text":"","src":"https:\/\/i0.wp.com\/wp.ufpel.edu.br\/cliohd\/files\/2024\/02\/Virtual_Exhibition_The_House_of_Fame_Convened_by_Linder_Produced_by_V21_Artspace-1-400x289.jpg?resize=350%2C200&ssl=1","width":350,"height":200},"classes":[]}],"jetpack_sharing_enabled":true,"_links":{"self":[{"href":"https:\/\/wp.ufpel.edu.br\/cliohd\/wp-json\/wp\/v2\/pages\/20","targetHints":{"allow":["GET"]}}],"collection":[{"href":"https:\/\/wp.ufpel.edu.br\/cliohd\/wp-json\/wp\/v2\/pages"}],"about":[{"href":"https:\/\/wp.ufpel.edu.br\/cliohd\/wp-json\/wp\/v2\/types\/page"}],"author":[{"embeddable":true,"href":"https:\/\/wp.ufpel.edu.br\/cliohd\/wp-json\/wp\/v2\/users\/1274"}],"replies":[{"embeddable":true,"href":"https:\/\/wp.ufpel.edu.br\/cliohd\/wp-json\/wp\/v2\/comments?post=20"}],"version-history":[{"count":18,"href":"https:\/\/wp.ufpel.edu.br\/cliohd\/wp-json\/wp\/v2\/pages\/20\/revisions"}],"predecessor-version":[{"id":684,"href":"https:\/\/wp.ufpel.edu.br\/cliohd\/wp-json\/wp\/v2\/pages\/20\/revisions\/684"}],"wp:attachment":[{"href":"https:\/\/wp.ufpel.edu.br\/cliohd\/wp-json\/wp\/v2\/media?parent=20"}],"curies":[{"name":"wp","href":"https:\/\/api.w.org\/{rel}","templated":true}]}}