{"id":17,"date":"2023-01-07T23:57:40","date_gmt":"2023-01-08T02:57:40","guid":{"rendered":"https:\/\/wp.ufpel.edu.br\/cliohd\/?page_id=17"},"modified":"2023-11-12T20:55:56","modified_gmt":"2023-11-12T23:55:56","slug":"sobre-cliohd","status":"publish","type":"page","link":"https:\/\/wp.ufpel.edu.br\/cliohd\/sobre-cliohd\/","title":{"rendered":"Sobre o Portal CLIO HD"},"content":{"rendered":"<p><span style=\"font-family: arial, helvetica, sans-serif;\"><strong>O que \u00e9 o Portal Clio HD?<\/strong><\/span><\/p>\n<p style=\"text-align: justify;\"><span style=\"font-family: arial, helvetica, sans-serif;\">O projeto nasceu durante o ano de 2022, a partir de discuss\u00f5es gestadas no \u00e2mbito do grupo de pesquisa\u00a0 &#8220;HEDUCA: Hist\u00f3ria e Educa\u00e7\u00e3o &#8211; textos, escritas e leituras&#8221; (CNPQ) e do &#8220;Laborat\u00f3rio de Ensino de Hist\u00f3ria (LEH), situados no departamento de Hist\u00f3ria da Universidade Federal de Pelotas (UFPEL) e coordenado pelos docentes: Lisiane Sias Manke e Wilian Junior Bonete. O objetivo central \u00e9 constituir um acervo de fontes e objetos digitais para o desenvolvimento de pesquisas e para o trabalho com o ensino de Hist\u00f3ria nas escolas. Temos percebido cada vez mais a presen\u00e7a de fontes digitais no universo do historiador e existem in\u00fameras demandas sobre procedimentos metodol\u00f3gicos, sobre os novos debates te\u00f3ricos e as possibilidades do uso dessas fontes na investiga\u00e7\u00e3o hist\u00f3rica e nos processos de aprendizagem hist\u00f3rica.<\/span><\/p>\n<p style=\"text-align: justify;\"><span style=\"font-family: arial, helvetica, sans-serif;\">Desse modo, o<strong> Portal CLIO HD<\/strong> conta, atualmente, com 5 (cinco) eixos tem\u00e1ticos de coleta de fontes, a partir de um recorte temporal que inicia-se em 2019 e segue at\u00e9 o presente:<\/span><\/p>\n<ul>\n<li><span style=\"font-family: arial, helvetica, sans-serif;\">Conflitos contempor\u00e2neos.<\/span><\/li>\n<li><span style=\"font-family: arial, helvetica, sans-serif;\">Educa\u00e7\u00e3o.<\/span><\/li>\n<li><span style=\"font-family: arial, helvetica, sans-serif;\">Direitos Humanos.<\/span><\/li>\n<li><span style=\"font-family: arial, helvetica, sans-serif;\">Diversidade.<\/span><\/li>\n<li><span style=\"font-family: arial, helvetica, sans-serif;\">Negacionismos hist\u00f3ricos e cient\u00edficos.<\/span><\/li>\n<\/ul>\n<p>&nbsp;<\/p>\n<p><strong><span style=\"font-family: arial, helvetica, sans-serif;\">Como \u00e9 feito o processo de coleta e o tratamento das fontes digitais?<\/span><\/strong><\/p>\n<p style=\"text-align: justify;\"><span style=\"font-family: arial, helvetica, sans-serif;\">O <strong>Portal CLIO HD<\/strong> n\u00e3o se apropria dos conte\u00fados publicados na internet ou no ciberespa\u00e7o. O trabalho da equipe \u00e9 fazer a curadoria das publica\u00e7\u00f5es relevantes, em cada eixo, de modo a preservar digitalmente essas publica\u00e7\u00f5es, uma vez que sabemos dos riscos das p\u00e1ginas estarem indispon\u00edveis no futuro. Portanto, o\/a pesquisador\/a ser\u00e1 redirecionado para o link e p\u00e1gina original. <\/span><\/p>\n<p><strong><span style=\"font-family: arial, helvetica, sans-serif;\">E se o link ou p\u00e1gina estiverem indispon\u00edveis?<\/span><\/strong><\/p>\n<p style=\"text-align: justify;\"><span style=\"font-family: arial, helvetica, sans-serif;\">Se o link ou a p\u00e1gina consultada n\u00e3o estiverem dispon\u00edveis, o\/a pesquisador\/a poder\u00e1 utilizar o link alternativo (dispon\u00edvel na planilha do Excel) que redirecionar\u00e1 para um arquivo em PDF da publica\u00e7\u00e3o. Outra alternativa \u00e9\u00a0 consultar o website <a href=\"https:\/\/archive.org\/\">https:\/\/archive.org\/<\/a>, cuja finalidade \u00e9 salvaguardar os links para que estejam acess\u00edveis no futuro.<\/span><\/p>\n<p><strong><span style=\"font-family: arial, helvetica, sans-serif;\">O que irei encontrar no Portal Clio HD al\u00e9m das fontes digitais?<\/span><\/strong><\/p>\n<p style=\"text-align: justify;\"><span style=\"font-family: arial, helvetica, sans-serif;\">Al\u00e9m das fontes digitais catalogadas por eixos tem\u00e1ticos, o <strong>Portal Clio HD<\/strong> contempla espa\u00e7os para a divulga\u00e7\u00e3o de diferentes livros, artigos, dossi\u00eas e objetos digitais como podcast, v\u00eddeos, hipertextos, softwares educacionais, jogos, dentre outros links que podem ser utilizados para a realiza\u00e7\u00e3o de pr\u00e1ticas de ensino de Hist\u00f3ria.\u00a0<\/span><\/p>\n<p><strong><span style=\"font-family: arial, helvetica, sans-serif;\">Como \u00e9 composta a equipe do Portal Clio HD?<\/span><\/strong><\/p>\n<p style=\"text-align: justify;\"><span style=\"font-family: arial, helvetica, sans-serif; font-size: 12pt;\">A equipe \u00e9 constitu\u00edda por docentes do Departamento de Hist\u00f3ria da Universidade Federal de Pelotas (UFPEL), estudantes de gradua\u00e7\u00e3o da mesma universidade, de mestrandos e doutorandos e colabores de outras institui\u00e7\u00f5es de ensino, e re\u00fane-se periodicamente para debater textos e teorias sobre Hist\u00f3ria Digital, Humanidades Digitais e Ensino de Hist\u00f3ria.<\/span><\/p>\n<p style=\"text-align: justify;\"><span style=\"font-family: arial, helvetica, sans-serif;\">Se voc\u00ea deseja colaborar com o projeto e participar do grupo de discuss\u00f5es, entre em contato pelo e-mail: acervodigital.lehufpel@gmail.com<\/span><\/p>\n","protected":false},"excerpt":{"rendered":"<p>O que \u00e9 o Portal Clio HD? O projeto nasceu durante o ano de 2022, a partir de discuss\u00f5es gestadas no \u00e2mbito do grupo de pesquisa\u00a0 &#8220;HEDUCA: Hist\u00f3ria e Educa\u00e7\u00e3o &#8211; textos, escritas e leituras&#8221; (CNPQ) e do &#8220;Laborat\u00f3rio de Ensino de Hist\u00f3ria (LEH), situados no departamento de Hist\u00f3ria da Universidade Federal de Pelotas (UFPEL) &hellip; <\/p>\n<p><a class=\"more-link btn\" href=\"https:\/\/wp.ufpel.edu.br\/cliohd\/sobre-cliohd\/\">Continue lendo<\/a><\/p>\n","protected":false},"author":1274,"featured_media":0,"parent":0,"menu_order":2,"comment_status":"closed","ping_status":"closed","template":"","meta":{"advanced_seo_description":"","jetpack_seo_html_title":"","jetpack_seo_noindex":false,"jetpack_post_was_ever_published":false,"footnotes":""},"class_list":["post-17","page","type-page","status-publish","hentry","nodate","item-wrap"],"jetpack-related-posts":[{"id":35,"url":"https:\/\/wp.ufpel.edu.br\/cliohd\/projetos\/","url_meta":{"origin":17,"position":0},"title":"Projetos","author":"cliohd","date":"08\/01\/2023","format":false,"excerpt":"Confira abaixo os projetos de pesquisa em andamento da equipe do Portal Clio HD: Wilian Bonete Desenvolve diferentes a\u00e7\u00f5es de ensino e pesquisa que envolvem o Portal Clio HD: coleta e tratamento da fontes digitais, reuni\u00f5es peri\u00f3dicas para debates e estudos sobre referenciais te\u00f3ricos e metodol\u00f3gicos. Thayn\u00e1 Luiza Uhde Dalsasso\u2026","rel":"","context":"Post similar","block_context":{"text":"Post similar","link":""},"img":{"alt_text":"","src":"","width":0,"height":0},"classes":[]},{"id":680,"url":"https:\/\/wp.ufpel.edu.br\/cliohd\/artigos-clio-hd\/objetos-digitais-de-aprendizagem-websites-enquanto-oda\/","url_meta":{"origin":17,"position":1},"title":"Objetos Digitais de Aprendizagem: websites enquanto ODA","author":"cliohd","date":"08\/08\/2024","format":false,"excerpt":"\u00a0 Thalis Figueiredo Sart\u00f3rio (Mestrando em Hist\u00f3ria\/UFPEL) \u00a0 Os encontros da Hist\u00f3ria com o Digital e a Internet permeiam uma hist\u00f3ria do historiador com a m\u00e1quina e nessa hist\u00f3ria, momentos distintos se perpassam, como o de preserva\u00e7\u00e3o de fontes hist\u00f3ricas, por meio da digitaliza\u00e7\u00e3o ou coleta de dados no espa\u00e7o\u2026","rel":"","context":"Post similar","block_context":{"text":"Post similar","link":""},"img":{"alt_text":"","src":"https:\/\/i0.wp.com\/wp.ufpel.edu.br\/cliohd\/files\/2024\/08\/Oxygen480-apps-preferences-desktop-screensaver.svg_-200x200.png?resize=350%2C200&ssl=1","width":350,"height":200},"classes":[]},{"id":510,"url":"https:\/\/wp.ufpel.edu.br\/cliohd\/publicacoes-da-equipe\/","url_meta":{"origin":17,"position":2},"title":"Publica\u00e7\u00f5es da equipe","author":"cliohd","date":"22\/11\/2023","format":false,"excerpt":"Artigos e entrevistas BONETE, Wilian Junior; DALSASSO, Thayna L. Uhde. \u201cG\u00eanero\u201d e \u201cIdeologia de G\u00eanero\u201d na internet: uma an\u00e1lise inicial a partir de publica\u00e7\u00f5es na imprensa online brasileira (2019 -2022). 29 de Abril, v. 5, n.8, p. 92-114, jun.2025 (Clique aqui para acessar) BONETE, Wilian Junior; BAGESTEIRO, Maria Portilho. Portal\u2026","rel":"","context":"Post similar","block_context":{"text":"Post similar","link":""},"img":{"alt_text":"","src":"","width":0,"height":0},"classes":[]},{"id":571,"url":"https:\/\/wp.ufpel.edu.br\/cliohd\/artigos-clio-hd\/artigo-1-ivanir-alves\/","url_meta":{"origin":17,"position":3},"title":"Museus virtuais: o que s\u00e3o? Onde acessar? Por que us\u00e1-los no ensino de Hist\u00f3ria?","author":"cliohd","date":"25\/02\/2024","format":false,"excerpt":"Alvanir Ivaneide Alves da Silva (Doutoranda em Hist\u00f3ria\/UFRPE) \u00a0 Ao longo da minha pesquisa de Mestrado no PGH-UFRPE, cuja tem estado vinculada ao campo do Ensino de Hist\u00f3ria, tenho debru\u00e7ado minhas analises acerca dos Museus Virtuais e seus poss\u00edveis usos para o Ensino de Hist\u00f3ria, assim sendo, antes de pensarmos\u2026","rel":"","context":"Post similar","block_context":{"text":"Post similar","link":""},"img":{"alt_text":"","src":"https:\/\/i0.wp.com\/wp.ufpel.edu.br\/cliohd\/files\/2024\/02\/Virtual_Exhibition_The_House_of_Fame_Convened_by_Linder_Produced_by_V21_Artspace-1-400x289.jpg?resize=350%2C200&ssl=1","width":350,"height":200},"classes":[]},{"id":566,"url":"https:\/\/wp.ufpel.edu.br\/cliohd\/artigos-clio-hd\/","url_meta":{"origin":17,"position":4},"title":"Artigos Clio HD","author":"cliohd","date":"25\/02\/2024","format":false,"excerpt":"Nesta se\u00e7\u00e3o, voc\u00ea encontra artigos, textos e resenhas originais publicados pelos colaboradores do Portal Clio HD ou por convidados(as). S\u00e3o materiais escritos em linguagem objetiva, did\u00e1tica, por\u00e9m com rigor acad\u00eamico. Os temas est\u00e3o relacionados \u00e0 Hist\u00f3ria Digital, \u00e0s humanidades digitais, \u00e0s tecnologias digitais e \u00e0s suas rela\u00e7\u00f5es com o ensino\u2026","rel":"","context":"Post similar","block_context":{"text":"Post similar","link":""},"img":{"alt_text":"","src":"https:\/\/i0.wp.com\/wp.ufpel.edu.br\/cliohd\/files\/2024\/02\/Conheca-nosso-acervo-de-fontes-digitais-5-400x400.png?resize=350%2C200&ssl=1","width":350,"height":200},"classes":[]},{"id":635,"url":"https:\/\/wp.ufpel.edu.br\/cliohd\/artigos-clio-hd\/narrativas-revisionistas-e-negacionismos-historicos-no-governo-de-jair-bolsonaro-possibilidades-de-pesquisa-com-interfaces-da-historia-digital\/","url_meta":{"origin":17,"position":5},"title":"Narrativas revisionistas e negacionismos hist\u00f3ricos no governo de Jair Bolsonaro: possibilidades de pesquisa com interfaces da Hist\u00f3ria Digital","author":"cliohd","date":"09\/05\/2024","format":false,"excerpt":"Maria Portilho Bagesteiro (Mestranda em Hist\u00f3ria\/PPGH\/UFPel) \u00a0 O debate em torno do negacionismo e revisionismo hist\u00f3rico ganhou uma relev\u00e2ncia ineg\u00e1vel durante o per\u00edodo do governo de Jair Bolsonaro (2019-2022), extrapolando os limites de recortes hist\u00f3ricos utilizados em seu discurso. Al\u00e9m do frequente discurso enaltecedor do passado ditatorial do pa\u00eds e\u2026","rel":"","context":"Post similar","block_context":{"text":"Post similar","link":""},"img":{"alt_text":"","src":"https:\/\/i0.wp.com\/wp.ufpel.edu.br\/cliohd\/files\/2024\/05\/Palacio_do_Planalto_destruicao_Atos_golpistas_8_de_janeiro_52755321774-400x267.jpg?resize=350%2C200&ssl=1","width":350,"height":200},"classes":[]}],"jetpack_sharing_enabled":true,"_links":{"self":[{"href":"https:\/\/wp.ufpel.edu.br\/cliohd\/wp-json\/wp\/v2\/pages\/17","targetHints":{"allow":["GET"]}}],"collection":[{"href":"https:\/\/wp.ufpel.edu.br\/cliohd\/wp-json\/wp\/v2\/pages"}],"about":[{"href":"https:\/\/wp.ufpel.edu.br\/cliohd\/wp-json\/wp\/v2\/types\/page"}],"author":[{"embeddable":true,"href":"https:\/\/wp.ufpel.edu.br\/cliohd\/wp-json\/wp\/v2\/users\/1274"}],"replies":[{"embeddable":true,"href":"https:\/\/wp.ufpel.edu.br\/cliohd\/wp-json\/wp\/v2\/comments?post=17"}],"version-history":[{"count":13,"href":"https:\/\/wp.ufpel.edu.br\/cliohd\/wp-json\/wp\/v2\/pages\/17\/revisions"}],"predecessor-version":[{"id":499,"href":"https:\/\/wp.ufpel.edu.br\/cliohd\/wp-json\/wp\/v2\/pages\/17\/revisions\/499"}],"wp:attachment":[{"href":"https:\/\/wp.ufpel.edu.br\/cliohd\/wp-json\/wp\/v2\/media?parent=17"}],"curies":[{"name":"wp","href":"https:\/\/api.w.org\/{rel}","templated":true}]}}