{"id":158,"date":"2023-01-21T01:32:40","date_gmt":"2023-01-21T04:32:40","guid":{"rendered":"https:\/\/wp.ufpel.edu.br\/cliohd\/?page_id=158"},"modified":"2025-11-10T17:15:03","modified_gmt":"2025-11-10T20:15:03","slug":"indicacao-de-artigos","status":"publish","type":"page","link":"https:\/\/wp.ufpel.edu.br\/cliohd\/historia-digital-e-ensino-de-historia\/indicacao-de-artigos\/","title":{"rendered":"Indica\u00e7\u00e3o de artigos\/dossi\u00eas"},"content":{"rendered":"<p style=\"text-align: justify;\"><span style=\"font-family: arial, helvetica, sans-serif;\">Esta se\u00e7\u00e3o cont\u00e9m artigos e dossi\u00eas publicados em peri\u00f3dicos ou anais de eventos, relacionados ao campo da Hist\u00f3ria Digital, tecnologias digitais e o Ensino de Hist\u00f3ria.<\/span><\/p>\n<p><span style=\"font-family: arial, helvetica, sans-serif;\"><strong>Artigos:<\/strong><\/span><\/p>\n<p>VALLE VASCO PEREIRA, <span style=\"font-weight: 400;\">A. R. A .Autenticidade Do Inaut\u00eantico: Arquivos Digitais No Estudo Do Tempo Presente<\/span>. <b>Converg\u00eancias: estudos em Humanidades Digitais<\/b>,\u00a0<i>[S. l.]<\/i>, v. 1, n. 03, p. 4\u201326, 2023.<\/p>\n<p style=\"text-align: center;\"><a href=\"https:\/\/doi.org\/10.59616\/cehd.v1i03.615\">(Acesse aqui)<\/a><\/p>\n<p>______________________________________________________________________________________________________________________<\/p>\n<p>ROSADO, A. M. da C. <span style=\"font-weight: 400;\">O Futuro Das Pesquisas Acad\u00eamicas: Fontes Digitais, Historiografias Nas M\u00eddias E O Passado Nas Redes<\/span>. <b>Converg\u00eancias: estudos em Humanidades Digitais<\/b>,\u00a0<i>[S. l.]<\/i>, v. 1, n. 03, p. 169\u2013186, 2023.<\/p>\n<p style=\"text-align: center;\"><a href=\"https:\/\/periodicos.ifg.edu.br\/cehd\/article\/view\/240\">(Acesse aqui)<\/a><\/p>\n<p>______________________________________________________________________________________________________________________<\/p>\n<p>MENDES COELHO, F.<span style=\"font-weight: 400;\">\u00a0Hipertexto E O Trabalho Do Historiador: Possibilidades De Investiga\u00e7\u00e3o Mediante Fontes Virtuais<\/span>. <b>Converg\u00eancias: estudos em Humanidades Digitais<\/b>,\u00a0<i>[S. l.]<\/i>, v. 1, n. 03, p. 116\u2013132, 2023.<\/p>\n<p style=\"text-align: center;\"><a href=\"https:\/\/periodicos.ifg.edu.br\/cehd\/article\/view\/237\">(Acesse aqui)<\/a><\/p>\n<p>______________________________________________________________________________________________________________________<\/p>\n<p>REIS, A. F. As humanidades digitais no Brasil e no mundo: o estado da arte.\u00a0<b>Converg\u00eancias: estudos em Humanidades Digitais<\/b>,\u00a0<i>[S. l.]<\/i>, v. 1, n. 01, p. 32\u201348, 2023.<\/p>\n<p style=\"text-align: center;\"><a href=\"https:\/\/periodicos.ifg.edu.br\/cehd\/article\/view\/47\">(Acesse aqui)<\/a><\/p>\n<p style=\"text-align: center;\">______________________________________________________________________________________________________________________<\/p>\n<p style=\"text-align: justify;\"><span style=\"font-family: arial, helvetica, sans-serif;\">BONETE, W. J.; MANKE, L. S. Sobre os sentidos e os efeitos do passado no presente: a presen\u00e7a da tem\u00e1tica nazista em uma conversa no epis\u00f3dio 545 do programa Flow Podcast.\u00a0<b>Revista Aedos<\/b>,\u00a0<i>[S. l.]<\/i>, v. 15, n. 34, 2023.<\/span><\/p>\n<p style=\"text-align: center;\"><a href=\"https:\/\/seer.ufrgs.br\/index.php\/aedos\/article\/view\/128270\">(Acesse aqui)<\/a><\/p>\n<p><strong><span style=\"font-family: arial, helvetica, sans-serif;\"><img data-recalc-dims=\"1\" loading=\"lazy\" decoding=\"async\" class=\"wp-image-354 aligncenter\" src=\"https:\/\/i0.wp.com\/wp.ufpel.edu.br\/cliohd\/files\/2023\/09\/c93286e2837dfd1c91ef15292bd2b0ab.jpg?resize=750%2C96&#038;ssl=1\" alt=\"\" width=\"750\" height=\"96\" srcset=\"https:\/\/i0.wp.com\/wp.ufpel.edu.br\/cliohd\/files\/2023\/09\/c93286e2837dfd1c91ef15292bd2b0ab.jpg?resize=400%2C51&amp;ssl=1 400w, https:\/\/i0.wp.com\/wp.ufpel.edu.br\/cliohd\/files\/2023\/09\/c93286e2837dfd1c91ef15292bd2b0ab.jpg?resize=1024%2C131&amp;ssl=1 1024w, https:\/\/i0.wp.com\/wp.ufpel.edu.br\/cliohd\/files\/2023\/09\/c93286e2837dfd1c91ef15292bd2b0ab.jpg?resize=768%2C98&amp;ssl=1 768w, https:\/\/i0.wp.com\/wp.ufpel.edu.br\/cliohd\/files\/2023\/09\/c93286e2837dfd1c91ef15292bd2b0ab.jpg?resize=1536%2C197&amp;ssl=1 1536w, https:\/\/i0.wp.com\/wp.ufpel.edu.br\/cliohd\/files\/2023\/09\/c93286e2837dfd1c91ef15292bd2b0ab.jpg?resize=750%2C96&amp;ssl=1 750w, https:\/\/i0.wp.com\/wp.ufpel.edu.br\/cliohd\/files\/2023\/09\/c93286e2837dfd1c91ef15292bd2b0ab.jpg?w=1920&amp;ssl=1 1920w\" sizes=\"auto, (max-width: 750px) 100vw, 750px\" \/><\/span><\/strong><\/p>\n<p><span style=\"font-family: arial, helvetica, sans-serif; font-size: 12pt;\"><strong>Dossi\u00eas:<\/strong><\/span><\/p>\n<p>Editorial \u2013 Revista Brasileira de Hist\u00f3ria. S\u00e3o Paulo, v. 45, n\u00ba 99, 2025.<\/p>\n<p style=\"text-align: center;\"><a href=\"https:\/\/www.scielo.br\/j\/rbh\/i\/2025.v45n99\/\">(Acesse aqui)<\/a><\/p>\n<p><strong>_____________________________________________________________________________________________________________________<\/strong><\/p>\n<p>v. 1 n. 8 (2025): DOSSI\u00ca &#8211; HUMANIDADES DIGITAIS E INTELIG\u00caNCIA ARTIFICIAL<\/p>\n<p style=\"text-align: center;\"><a href=\"https:\/\/periodicos.ifg.edu.br\/cehd\/issue\/view\/80\">(Acesse aqui)<\/a><\/p>\n<p><strong>_____________________________________________________________________________________________________________________<\/strong><\/p>\n<p>v. 20 n. 2 (2024): T\u00edtulo do Dossi\u00ea: IA e a Quest\u00e3o da Soberania<\/p>\n<p style=\"text-align: center;\"><a href=\"https:\/\/revista.ibict.br\/liinc\/article\/view\/7546\">(Acesse aqui)<\/a><\/p>\n<p><strong>_____________________________________________________________________________________________________________________<\/strong><\/p>\n<p>v. 19 n. 1 (2023): O digital, o tradicional, o novo normal? Espa\u00e7os, pol\u00edticas e agentes de leitura<\/p>\n<p style=\"text-align: center;\"><a href=\"https:\/\/revista.ibict.br\/liinc\/issue\/view\/335\">(Acesse aqui)<\/a><\/p>\n<p><strong>_____________________________________________________________________________________________________________________<\/strong><\/p>\n<p>v. 18 n. 2 (2022): O papel dos algoritmos e das plataformas digitais em contextos sociopol\u00edticos<\/p>\n<p style=\"text-align: center;\"><a href=\"https:\/\/revista.ibict.br\/liinc\/issue\/view\/319\">(Acesse aqui)<\/a><\/p>\n<p><strong>_____________________________________________________________________________________________________________________<\/strong><\/p>\n<p>&nbsp;<\/p>\n<p><span style=\"font-weight: 400;\">LUCCHESI, Anita. OLIVEIRA, M\u00f4nica Ribeiro De. Hist\u00f3ria digital: tecnologia e fazer historiogr\u00e1fico entre teoria e pr\u00e1tica. <\/span><b>Locus Revista de Hist\u00f3ria<\/b><span style=\"font-weight: 400;\">, v. 30 n.1, 2024.\u00a0<\/span><\/p>\n<p style=\"text-align: center;\"><a href=\"https:\/\/periodicos.ufjf.br\/index.php\/locus\/\">(Acesse aqui)<\/a><\/p>\n<p>______________________________________________________________________________________________________________________<\/p>\n<p><span style=\"font-weight: 400;\">LUCCHESI, Anita. GON\u00c7ALVES,\u00a0 Murilo. NICODEMO, Thiago.Hist\u00f3ria Digital: arquivo, mem\u00f3ria e narrativa na Era do Big Data. <\/span><b>Revista De Teoria da Hist\u00f3ria<\/b><span style=\"font-weight: 400;\">, v. 27 n. 1, julho, 2024.\u00a0\u00a0<\/span><\/p>\n<p style=\"text-align: center;\"><a href=\"https:\/\/revistas.ufg.br\/teoria\/issue\/view\/2443\">(Acesse aqui)<\/a><\/p>\n<p>______________________________________________________________________________________________________________________<\/p>\n<p><span style=\"font-weight: 400;\">Dossi\u00ea: Hist\u00f3ria Digital e Tecnologia: Modificando a Sociedade e a Narrativa Hist\u00f3rica. <\/span><b>Revista Hydra<\/b><span style=\"font-weight: 400;\">. 7 n. 14, setembro, 2023.<\/span><\/p>\n<p style=\"text-align: center;\"><a href=\"https:\/\/periodicos.unifesp.br\/index.php\/hydra\/issue\/view\/991\">(Acesse aqui)<\/a><\/p>\n<p>______________________________________________________________________________________________________________________<\/p>\n<p><span style=\"font-weight: 400;\">Dossi\u00ea: Jogos Eletr\u00f4nicos E Videogames Como Campo De Estudo. <\/span><b>Converg\u00eancias; Estudos em Humanidades Digitais<\/b><span style=\"font-weight: 400;\">. v. 1 n. 5, agosto, 2024.<\/span><\/p>\n<p style=\"text-align: center;\"><a href=\"https:\/\/periodicos.ifg.edu.br\/cehd\/issue\/view\/66\">(Acesse aqui)<\/a><\/p>\n<p>______________________________________________________________________________________________________________________<\/p>\n<p><span style=\"font-weight: 400;\">Dossi\u00ea: Autenticidade Dos Arquivos Digitais Em Pesquisas Hist\u00f3ricas. <\/span><b>Converg\u00eancias; Estudos em Humanidades Digitais.<\/b><span style=\"font-weight: 400;\"> v. 1 n. 03, 2023.\u00a0<\/span><\/p>\n<p style=\"text-align: center;\"><a href=\"https:\/\/periodicos.ifg.edu.br\/cehd\/issue\/view\/52\">(Acesse aqui)<\/a><\/p>\n<p>______________________________________________________________________________________________________________________<\/p>\n<p><span style=\"font-weight: 400;\">\u00a0Dossi\u00ea: O Impacto Social E Cultural Das Plataformas De M\u00eddia Digital. <\/span><b>Converg\u00eancias; Estudos em Humanidades Digitais. <\/b><span style=\"font-weight: 400;\">v. 1 n. 04. maio, 2024.<\/span><\/p>\n<p style=\"text-align: center;\"><a href=\"https:\/\/periodicos.ifg.edu.br\/cehd\/issue\/view\/65\"><span style=\"font-weight: 400;\">(Acesse aqui)<\/span><\/a><\/p>\n<p>______________________________________________________________________________________________________________________<\/p>\n<div id=\"_yKp4ZfiAC5nd1sQPmZmMuAQ_28\" class=\"bCOlv\" data-ved=\"2ahUKEwj4hLTfx4qDAxWZrpUCHZkMA0cQ7NUEegQIDxAE\">\n<div class=\"IZE3Td\">\n<div class=\"t0bRye r2fjmd\" data-hveid=\"CA8QBQ\" data-ved=\"2ahUKEwj4hLTfx4qDAxWZrpUCHZkMA0cQu04oAHoECA8QBQ\">\n<div id=\"yKp4ZfiAC5nd1sQPmZmMuAQ__4\">\n<div class=\"wDYxhc\" data-md=\"61\">\n<div class=\"LGOjhe\" role=\"heading\" data-attrid=\"wa:\/description\" aria-level=\"3\" data-hveid=\"CBQQAA\">\n<p><span style=\"font-size: 12pt; font-family: arial, helvetica, sans-serif;\">Dossi\u00ea: <\/span><span style=\"font-weight: 400;\">Autenticidade Dos Arquivos Digitais Em Pesquisas Hist\u00f3ricas<\/span><span style=\"font-size: 12pt; font-family: arial, helvetica, sans-serif;\">. CONEHD \u2013 Converg\u00eancias: estudos em Humanidades Digitais Goi\u00e2nia (GO), v. 1, n. 3, set.\/dez, 2023.<\/span><\/p>\n<p style=\"text-align: center;\"><a href=\"https:\/\/doi.org\/10.59616\/cehd.v1i03\">(Acesse aqui)<\/a><\/p>\n<\/div>\n<\/div>\n<\/div>\n<\/div>\n<\/div>\n<\/div>\n<p>______________________________________________________________________________________________________________________<\/p>\n<p style=\"text-align: justify;\"><span style=\"font-family: arial, helvetica, sans-serif;\">BONETE, Wilian; SZLACHTA JUNIOR, Arnaldo; RODRIGUES JUNIOR, Osvaldo.\u00a0 Ensino de Hist\u00f3ria na ponta dos dedos: tecnologias, narrativas e viv\u00eancias (Dossi\u00ea). <strong>Revista Hist\u00f3ria Hoje<\/strong>, v. 11, n.23, jul-dez, 2022.<\/span><\/p>\n<p style=\"text-align: center;\"><span style=\"font-family: arial, helvetica, sans-serif;\"><a href=\"https:\/\/rhhj.anpuh.org\/RHHJ\/issue\/view\/24\">(Acesse aqui).<\/a><\/span><\/p>\n<p style=\"text-align: center;\">______________________________________________________________________________________________________________________<\/p>\n<p style=\"text-align: justify;\"><span style=\"font-family: arial, helvetica, sans-serif;\">SOARES, Fagno; ROVAI, Marta; CARVALHO, Bruno; PORTO JUNIOR, Francisco.\u00a0 Hist\u00f3ria Digital: perspectivas, experi\u00eancias e tend\u00eancias (Dossi\u00ea) <strong>Revista Observat\u00f3rio<\/strong>, v. 3 n. 5 (2017): v. 3 n. 5 (2017).<\/span><\/p>\n<p style=\"text-align: center;\"><span style=\"font-family: arial, helvetica, sans-serif;\"><a href=\"https:\/\/sistemas.uft.edu.br\/periodicos\/index.php\/observatorio\/issue\/view\/180\">(Acesse aqui)<\/a><\/span><\/p>\n<p>______________________________________________________________________________________________________________________<\/p>\n<p style=\"text-align: justify;\"><span style=\"font-family: arial, helvetica, sans-serif;\">LUCCHESI, Anita; SILVEIRA, Pedro Telles; NICODEMO, Thiago Lima. Hist\u00f3ria global e digital: novos horizontes para a investiga\u00e7\u00e3o hist\u00f3rica (Dossi\u00ea), <strong>Revista Esbo\u00e7os,<\/strong> v. 27 n. 45 (2020).<\/span><\/p>\n<p style=\"text-align: center;\"><span style=\"font-family: arial, helvetica, sans-serif;\"><a href=\"https:\/\/periodicos.ufsc.br\/index.php\/esbocos\/issue\/view\/3086\">(Acesse aqui)<\/a><\/span><\/p>\n<p>______________________________________________________________________________________________________________________<\/p>\n<p><span style=\"font-family: arial, helvetica, sans-serif;\">GALLINI, Stefani; NOIRET, Serge. Hist\u00f3ria Digital (Dossi\u00ea). <strong>Historia Critica<\/strong> No. 43, Bogot\u00e1, enero-abril 2011<\/span><\/p>\n<p style=\"text-align: center;\"><span style=\"font-family: arial, helvetica, sans-serif;\"><a href=\"http:\/\/www.scielo.org.co\/cgi-bin\/wxis.exe\/iah\/\">(Acesse aqui)<\/a><\/span><\/p>\n<p>______________________________________________________________________________________________________________________<\/p>\n<p>&nbsp;<\/p>\n","protected":false},"excerpt":{"rendered":"<p>Esta se\u00e7\u00e3o cont\u00e9m artigos e dossi\u00eas publicados em peri\u00f3dicos ou anais de eventos, relacionados ao campo da Hist\u00f3ria Digital, tecnologias digitais e o Ensino de Hist\u00f3ria. Artigos: VALLE VASCO PEREIRA, A. R. A .Autenticidade Do Inaut\u00eantico: Arquivos Digitais No Estudo Do Tempo Presente. Converg\u00eancias: estudos em Humanidades Digitais,\u00a0[S. l.], v. 1, n. 03, p. 4\u201326, &hellip; <\/p>\n<p><a class=\"more-link btn\" href=\"https:\/\/wp.ufpel.edu.br\/cliohd\/historia-digital-e-ensino-de-historia\/indicacao-de-artigos\/\">Continue lendo<\/a><\/p>\n","protected":false},"author":1274,"featured_media":0,"parent":71,"menu_order":0,"comment_status":"closed","ping_status":"closed","template":"","meta":{"advanced_seo_description":"","jetpack_seo_html_title":"","jetpack_seo_noindex":false,"jetpack_post_was_ever_published":false,"footnotes":""},"class_list":["post-158","page","type-page","status-publish","hentry","nodate","item-wrap"],"jetpack-related-posts":[{"id":510,"url":"https:\/\/wp.ufpel.edu.br\/cliohd\/publicacoes-da-equipe\/","url_meta":{"origin":158,"position":0},"title":"Publica\u00e7\u00f5es da equipe","author":"cliohd","date":"22\/11\/2023","format":false,"excerpt":"Artigos e entrevistas BONETE, Wilian Junior; DALSASSO, Thayna L. Uhde. \u201cG\u00eanero\u201d e \u201cIdeologia de G\u00eanero\u201d na internet: uma an\u00e1lise inicial a partir de publica\u00e7\u00f5es na imprensa online brasileira (2019 -2022). 29 de Abril, v. 5, n.8, p. 92-114, jun.2025 (Clique aqui para acessar) BONETE, Wilian Junior; BAGESTEIRO, Maria Portilho. Portal\u2026","rel":"","context":"Post similar","block_context":{"text":"Post similar","link":""},"img":{"alt_text":"","src":"","width":0,"height":0},"classes":[]},{"id":615,"url":"https:\/\/wp.ufpel.edu.br\/cliohd\/artigos-clio-hd\/fontes-digitais-e-a-organizacao-de-uma-pesquisa-em-historia\/","url_meta":{"origin":158,"position":1},"title":"Fontes digitais e a organiza\u00e7\u00e3o de uma pesquisa em Hist\u00f3ria","author":"cliohd","date":"13\/03\/2024","format":false,"excerpt":"Prof. Dr. Jo\u00e3o J\u00falio Gomes dos Santos J\u00fanior* (Universidade do Estado de Santa Catarina\/UDESC) \u00a0 Trabalhar com fontes digitais j\u00e1 n\u00e3o \u00e9 mais uma novidade para os historiadores na atualidade. O pr\u00f3prio desenvolvimento da inform\u00e1tica levou a profiss\u00e3o a se adequar ao r\u00e1pido desenvolvimento de equipamentos e recursos digitais. Essas\u2026","rel":"","context":"Post similar","block_context":{"text":"Post similar","link":""},"img":{"alt_text":"","src":"https:\/\/i0.wp.com\/wp.ufpel.edu.br\/cliohd\/files\/2024\/03\/800px-Exampleofdigitalhoarding_cluttereddesktop001-400x300.jpg?resize=350%2C200&ssl=1","width":350,"height":200},"classes":[]},{"id":71,"url":"https:\/\/wp.ufpel.edu.br\/cliohd\/historia-digital-e-ensino-de-historia\/","url_meta":{"origin":158,"position":2},"title":"Hist\u00f3ria Digital e Ensino de Hist\u00f3ria","author":"cliohd","date":"08\/01\/2023","format":false,"excerpt":"Nesta se\u00e7\u00e3o voc\u00ea encontrar\u00e1 sugest\u00f5es de livros, dossi\u00eas e artigos relacionados \u00e0 Hist\u00f3ria Digital, \u00e0s tecnologias digitais e ao ensino de Hist\u00f3ria. Tamb\u00e9m encontrar\u00e1 uma diversidade de objetos digitais para o ensino e a pesquisa em Hist\u00f3ria. Navegue \u00e0 vontade!","rel":"","context":"Post similar","block_context":{"text":"Post similar","link":""},"img":{"alt_text":"","src":"","width":0,"height":0},"classes":[]},{"id":680,"url":"https:\/\/wp.ufpel.edu.br\/cliohd\/artigos-clio-hd\/objetos-digitais-de-aprendizagem-websites-enquanto-oda\/","url_meta":{"origin":158,"position":3},"title":"Objetos Digitais de Aprendizagem: websites enquanto ODA","author":"cliohd","date":"08\/08\/2024","format":false,"excerpt":"\u00a0 Thalis Figueiredo Sart\u00f3rio (Mestrando em Hist\u00f3ria\/UFPEL) \u00a0 Os encontros da Hist\u00f3ria com o Digital e a Internet permeiam uma hist\u00f3ria do historiador com a m\u00e1quina e nessa hist\u00f3ria, momentos distintos se perpassam, como o de preserva\u00e7\u00e3o de fontes hist\u00f3ricas, por meio da digitaliza\u00e7\u00e3o ou coleta de dados no espa\u00e7o\u2026","rel":"","context":"Post similar","block_context":{"text":"Post similar","link":""},"img":{"alt_text":"","src":"https:\/\/i0.wp.com\/wp.ufpel.edu.br\/cliohd\/files\/2024\/08\/Oxygen480-apps-preferences-desktop-screensaver.svg_-200x200.png?resize=350%2C200&ssl=1","width":350,"height":200},"classes":[]},{"id":17,"url":"https:\/\/wp.ufpel.edu.br\/cliohd\/sobre-cliohd\/","url_meta":{"origin":158,"position":4},"title":"Sobre o Portal CLIO HD","author":"cliohd","date":"07\/01\/2023","format":false,"excerpt":"O que \u00e9 o Portal Clio HD? O projeto nasceu durante o ano de 2022, a partir de discuss\u00f5es gestadas no \u00e2mbito do grupo de pesquisa\u00a0 \"HEDUCA: Hist\u00f3ria e Educa\u00e7\u00e3o - textos, escritas e leituras\" (CNPQ) e do \"Laborat\u00f3rio de Ensino de Hist\u00f3ria (LEH), situados no departamento de Hist\u00f3ria da\u2026","rel":"","context":"Post similar","block_context":{"text":"Post similar","link":""},"img":{"alt_text":"","src":"","width":0,"height":0},"classes":[]},{"id":635,"url":"https:\/\/wp.ufpel.edu.br\/cliohd\/artigos-clio-hd\/narrativas-revisionistas-e-negacionismos-historicos-no-governo-de-jair-bolsonaro-possibilidades-de-pesquisa-com-interfaces-da-historia-digital\/","url_meta":{"origin":158,"position":5},"title":"Narrativas revisionistas e negacionismos hist\u00f3ricos no governo de Jair Bolsonaro: possibilidades de pesquisa com interfaces da Hist\u00f3ria Digital","author":"cliohd","date":"09\/05\/2024","format":false,"excerpt":"Maria Portilho Bagesteiro (Mestranda em Hist\u00f3ria\/PPGH\/UFPel) \u00a0 O debate em torno do negacionismo e revisionismo hist\u00f3rico ganhou uma relev\u00e2ncia ineg\u00e1vel durante o per\u00edodo do governo de Jair Bolsonaro (2019-2022), extrapolando os limites de recortes hist\u00f3ricos utilizados em seu discurso. Al\u00e9m do frequente discurso enaltecedor do passado ditatorial do pa\u00eds e\u2026","rel":"","context":"Post similar","block_context":{"text":"Post similar","link":""},"img":{"alt_text":"","src":"https:\/\/i0.wp.com\/wp.ufpel.edu.br\/cliohd\/files\/2024\/05\/Palacio_do_Planalto_destruicao_Atos_golpistas_8_de_janeiro_52755321774-400x267.jpg?resize=350%2C200&ssl=1","width":350,"height":200},"classes":[]}],"jetpack_sharing_enabled":true,"_links":{"self":[{"href":"https:\/\/wp.ufpel.edu.br\/cliohd\/wp-json\/wp\/v2\/pages\/158","targetHints":{"allow":["GET"]}}],"collection":[{"href":"https:\/\/wp.ufpel.edu.br\/cliohd\/wp-json\/wp\/v2\/pages"}],"about":[{"href":"https:\/\/wp.ufpel.edu.br\/cliohd\/wp-json\/wp\/v2\/types\/page"}],"author":[{"embeddable":true,"href":"https:\/\/wp.ufpel.edu.br\/cliohd\/wp-json\/wp\/v2\/users\/1274"}],"replies":[{"embeddable":true,"href":"https:\/\/wp.ufpel.edu.br\/cliohd\/wp-json\/wp\/v2\/comments?post=158"}],"version-history":[{"count":3,"href":"https:\/\/wp.ufpel.edu.br\/cliohd\/wp-json\/wp\/v2\/pages\/158\/revisions"}],"predecessor-version":[{"id":778,"href":"https:\/\/wp.ufpel.edu.br\/cliohd\/wp-json\/wp\/v2\/pages\/158\/revisions\/778"}],"up":[{"embeddable":true,"href":"https:\/\/wp.ufpel.edu.br\/cliohd\/wp-json\/wp\/v2\/pages\/71"}],"wp:attachment":[{"href":"https:\/\/wp.ufpel.edu.br\/cliohd\/wp-json\/wp\/v2\/media?parent=158"}],"curies":[{"name":"wp","href":"https:\/\/api.w.org\/{rel}","templated":true}]}}