{"id":9,"date":"2013-05-17T15:24:34","date_gmt":"2013-05-17T18:24:34","guid":{"rendered":"https:\/\/wp.ufpel.edu.br\/clinpet\/?page_id=9"},"modified":"2013-05-28T17:13:38","modified_gmt":"2013-05-28T20:13:38","slug":"publicacoes","status":"publish","type":"page","link":"https:\/\/wp.ufpel.edu.br\/clinpet\/publicacoes\/","title":{"rendered":"Publica\u00e7\u00f5es"},"content":{"rendered":"<p>Site em constru\u00e7\u00e3o&#8230;<\/p>\n","protected":false},"excerpt":{"rendered":"<p>Site em constru\u00e7\u00e3o&#8230;<\/p>\n","protected":false},"author":231,"featured_media":0,"parent":0,"menu_order":4,"comment_status":"closed","ping_status":"closed","template":"","meta":{"footnotes":""},"class_list":["post-9","page","type-page","status-publish","hentry","nodate","item-wrap"],"_links":{"self":[{"href":"https:\/\/wp.ufpel.edu.br\/clinpet\/wp-json\/wp\/v2\/pages\/9","targetHints":{"allow":["GET"]}}],"collection":[{"href":"https:\/\/wp.ufpel.edu.br\/clinpet\/wp-json\/wp\/v2\/pages"}],"about":[{"href":"https:\/\/wp.ufpel.edu.br\/clinpet\/wp-json\/wp\/v2\/types\/page"}],"author":[{"embeddable":true,"href":"https:\/\/wp.ufpel.edu.br\/clinpet\/wp-json\/wp\/v2\/users\/231"}],"replies":[{"embeddable":true,"href":"https:\/\/wp.ufpel.edu.br\/clinpet\/wp-json\/wp\/v2\/comments?post=9"}],"version-history":[{"count":2,"href":"https:\/\/wp.ufpel.edu.br\/clinpet\/wp-json\/wp\/v2\/pages\/9\/revisions"}],"predecessor-version":[{"id":74,"href":"https:\/\/wp.ufpel.edu.br\/clinpet\/wp-json\/wp\/v2\/pages\/9\/revisions\/74"}],"wp:attachment":[{"href":"https:\/\/wp.ufpel.edu.br\/clinpet\/wp-json\/wp\/v2\/media?parent=9"}],"curies":[{"name":"wp","href":"https:\/\/api.w.org\/{rel}","templated":true}]}}