{"id":76,"date":"2013-05-28T17:15:04","date_gmt":"2013-05-28T20:15:04","guid":{"rendered":"https:\/\/wp.ufpel.edu.br\/clinpet\/?page_id=76"},"modified":"2013-05-28T17:15:16","modified_gmt":"2013-05-28T20:15:16","slug":"historico","status":"publish","type":"page","link":"https:\/\/wp.ufpel.edu.br\/clinpet\/historico\/","title":{"rendered":"Hist\u00f3rico"},"content":{"rendered":"<p>Site em constru\u00e7\u00e3o&#8230;<\/p>\n","protected":false},"excerpt":{"rendered":"<p>Site em constru\u00e7\u00e3o&#8230;<\/p>\n","protected":false},"author":272,"featured_media":0,"parent":0,"menu_order":6,"comment_status":"closed","ping_status":"closed","template":"","meta":{"footnotes":""},"class_list":["post-76","page","type-page","status-publish","hentry","nodate","item-wrap"],"_links":{"self":[{"href":"https:\/\/wp.ufpel.edu.br\/clinpet\/wp-json\/wp\/v2\/pages\/76","targetHints":{"allow":["GET"]}}],"collection":[{"href":"https:\/\/wp.ufpel.edu.br\/clinpet\/wp-json\/wp\/v2\/pages"}],"about":[{"href":"https:\/\/wp.ufpel.edu.br\/clinpet\/wp-json\/wp\/v2\/types\/page"}],"author":[{"embeddable":true,"href":"https:\/\/wp.ufpel.edu.br\/clinpet\/wp-json\/wp\/v2\/users\/272"}],"replies":[{"embeddable":true,"href":"https:\/\/wp.ufpel.edu.br\/clinpet\/wp-json\/wp\/v2\/comments?post=76"}],"version-history":[{"count":2,"href":"https:\/\/wp.ufpel.edu.br\/clinpet\/wp-json\/wp\/v2\/pages\/76\/revisions"}],"predecessor-version":[{"id":78,"href":"https:\/\/wp.ufpel.edu.br\/clinpet\/wp-json\/wp\/v2\/pages\/76\/revisions\/78"}],"wp:attachment":[{"href":"https:\/\/wp.ufpel.edu.br\/clinpet\/wp-json\/wp\/v2\/media?parent=76"}],"curies":[{"name":"wp","href":"https:\/\/api.w.org\/{rel}","templated":true}]}}