{"id":66,"date":"2013-05-28T17:07:05","date_gmt":"2013-05-28T20:07:05","guid":{"rendered":"https:\/\/wp.ufpel.edu.br\/clinpet\/?page_id=66"},"modified":"2014-02-19T14:58:06","modified_gmt":"2014-02-19T17:58:06","slug":"em-andamento","status":"publish","type":"page","link":"https:\/\/wp.ufpel.edu.br\/clinpet\/projetos\/em-andamento\/","title":{"rendered":"Em andamento"},"content":{"rendered":"<h3><\/h3>\n<h3><span style=\"color: #0000ff\">Avalia\u00e7\u00e3o do uso de extratos vegetais e de adesivos cir\u00fargicos na terapia de feridas cut\u00e2neas e da otite externa<\/span><\/h3>\n<p>A cicatriza\u00e7\u00e3o compreende um din\u00e2mico processo celular e molecular que garante a restaura\u00e7\u00e3o tissular. Este projeto tem como objetivo geral determinar a efic\u00e1cia de extratos vegetais no tratamento da otite externa e na cicatriza\u00e7\u00e3o de feridas cut\u00e2neas.<\/p>\n<h3><span style=\"color: #0000ff\">Avalia\u00e7\u00e3o do metabolismo de carboidratos e lip\u00eddios de animais experimentais submetidos a dieta hipercal\u00f3rica tratados com o extrato Hibiscus rosa-sinensis<\/span><\/h3>\n<p><span style=\"color: #000000\">A obesidade e o aumento dos \u00e1cidos graxos livres resultam na indu\u00e7\u00e3o de estresse oxidativo, inflama\u00e7\u00e3o, reatividade vascular subnormal e resist\u00eancia a insulina. A utiliza\u00e7\u00e3o do hibisco demonstrou atividade anti-diab\u00e9tica em humanos e resultados similares foram obtidos em ratos hiperglic\u00eamicos. A obesidade \u00e9 uma epidemia mundial e quanto antes tratarmos, menos danos ocorrer\u00e3o ao organismo. O objetivo deste projeto \u00e9 avaliar o metabolismo dos carboidratos e lip\u00eddios frente a dieta hipercal\u00f3rica em animais experimentais, utilizando como tratamento o Hibiscus rosa-sinensis.<\/span><\/p>\n<h3><span style=\"color: #0000ff\">Avalia\u00e7\u00f5es ecocardiogr\u00e1ficas e radiogr\u00e1ficas do cora\u00e7\u00e3o de c\u00e3es relacionando com os sinais cl\u00ednicos e eletrocardiogr\u00e1ficos<\/span><\/h3>\n<p><span style=\"color: #000000\">\u00a0Manifesta\u00e7\u00f5es de doen\u00e7as card\u00edacas podem estar presentes mesmo que o animal n\u00e3o se apresente num quadro de insufici\u00eancia card\u00edaca. Uma avalia\u00e7\u00e3o complementar, utilizando radiografia tor\u00e1cica, eletrocardiografia, ecocardiografia e algumas vezes outros testes, s\u00e3o geralmente indicados quando os sinais sugestivos de doen\u00e7a card\u00edaca est\u00e3o presentes.<\/span><\/p>\n<h3><span style=\"color: #0000ff\">Atividade cicatricial da Copaifera sp, Croton Lecheleri e Bixa Orellana L.<\/span><\/h3>\n<p><span style=\"color: #000000\">\u00a0Os fitoter\u00e1picos s\u00e3o utilizados desde os tempos ancestrais para a cura de diversas enfermidades, sendo nesse per\u00edodo utilizado empiricamente. A vasta quantidade de plantas com propriedades farmacol\u00f3gicas dispon\u00edvel no Brasil estimula o interesse cient\u00edfico sobre o potencial destes compostos, sendo importante determinar a presen\u00e7a e intensidade desses nos extratos vegetais.O objetivo desse trabalho ser\u00e1 avaliar o efeito cicatricial do \u00f3leo de copa\u00edba (Copaifera sp), sangue de drag\u00e3o (Croton lechleri) e do urucum (Bixa orellana L.).<\/span><\/p>\n<h3><span style=\"color: #0000ff\">Comportamento de neoplasmas mam\u00e1rios frente ao uso de antioxidantes<\/span><\/h3>\n<p><span style=\"color: #000000\">Os tumores mam\u00e1rios s\u00e3o as neoplasias mais freq\u00fcentes em cadelas e t\u00eam sidorelacionados com uma alta percentagem de causa de morte em animais idosos. Os antioxidantes exercem papel fundamental na terapia adjuvante de pacientes oncol\u00f3gicos. O sel\u00eanio j\u00e1 demonstrou boa capacidade como auxiliar no tratamento destes pacientes. A copa\u00edba \u00e9 utilizadaem larga escala para tratamento de feridas cut\u00e2neas, alergias, entre outros.Por\u00e9m estudos comprovando suas propriedades ainda s\u00e3o escassos.Considerando estes aspectos, objetivou-se estudar o comportamento deneoplasmas mam\u00e1rios, induzidos quimicamente em modelos experimentais,utilizando o sel\u00eanio e o \u00f3leo de copa\u00edba como tratamento.<\/span><\/p>\n<h3><span style=\"color: #0000ff\">Avalia\u00e7\u00e3o do efeito cicatrizante de Carapaguianensis e Caesalpiniaferrea Mart. exTul<\/span><\/h3>\n<p><span style=\"color: #000000\">\u00a0A pele serve como uma barreira protetora ao exterior e na presen\u00e7a de qualquer ruptura, essa deve ser r\u00e1pida e eficientemente reparada. O processo cicatricial acontece para que haja restaura\u00e7\u00e3o da fun\u00e7\u00e3o e da continuidade anat\u00f4mica do tecido epitelial. Os extratos de plantas t\u00eam sido utilizados na cicatriza\u00e7\u00e3o para v\u00e1rios tipos de tecido, por\u00e9m \u00e9 dado ao tecido epitelial maior import\u00e2ncia, certamente pela maior propor\u00e7\u00e3o de les\u00f5es em rela\u00e7\u00e3o aos demais tecidos e por este ser o tecido prefer\u00edvel de elei\u00e7\u00e3o para o estudo da cicatriza\u00e7\u00e3o.\u00a0<\/span><\/p>\n","protected":false},"excerpt":{"rendered":"<p>Avalia\u00e7\u00e3o do uso de extratos vegetais e de adesivos cir\u00fargicos na terapia de feridas cut\u00e2neas e da otite externa A cicatriza\u00e7\u00e3o compreende um din\u00e2mico processo celular e molecular que garante a restaura\u00e7\u00e3o tissular. Este projeto tem como objetivo geral determinar a efic\u00e1cia de extratos vegetais no tratamento da otite externa e na cicatriza\u00e7\u00e3o de feridas &hellip; <\/p>\n<p><a class=\"more-link btn\" href=\"https:\/\/wp.ufpel.edu.br\/clinpet\/projetos\/em-andamento\/\">Continue lendo<\/a><\/p>\n","protected":false},"author":272,"featured_media":0,"parent":7,"menu_order":0,"comment_status":"closed","ping_status":"closed","template":"","meta":{"footnotes":""},"class_list":["post-66","page","type-page","status-publish","hentry","nodate","item-wrap"],"_links":{"self":[{"href":"https:\/\/wp.ufpel.edu.br\/clinpet\/wp-json\/wp\/v2\/pages\/66","targetHints":{"allow":["GET"]}}],"collection":[{"href":"https:\/\/wp.ufpel.edu.br\/clinpet\/wp-json\/wp\/v2\/pages"}],"about":[{"href":"https:\/\/wp.ufpel.edu.br\/clinpet\/wp-json\/wp\/v2\/types\/page"}],"author":[{"embeddable":true,"href":"https:\/\/wp.ufpel.edu.br\/clinpet\/wp-json\/wp\/v2\/users\/272"}],"replies":[{"embeddable":true,"href":"https:\/\/wp.ufpel.edu.br\/clinpet\/wp-json\/wp\/v2\/comments?post=66"}],"version-history":[{"count":3,"href":"https:\/\/wp.ufpel.edu.br\/clinpet\/wp-json\/wp\/v2\/pages\/66\/revisions"}],"predecessor-version":[{"id":127,"href":"https:\/\/wp.ufpel.edu.br\/clinpet\/wp-json\/wp\/v2\/pages\/66\/revisions\/127"}],"up":[{"embeddable":true,"href":"https:\/\/wp.ufpel.edu.br\/clinpet\/wp-json\/wp\/v2\/pages\/7"}],"wp:attachment":[{"href":"https:\/\/wp.ufpel.edu.br\/clinpet\/wp-json\/wp\/v2\/media?parent=66"}],"curies":[{"name":"wp","href":"https:\/\/api.w.org\/{rel}","templated":true}]}}