{"id":59,"date":"2013-05-28T16:33:42","date_gmt":"2013-05-28T19:33:42","guid":{"rendered":"https:\/\/wp.ufpel.edu.br\/clinpet\/?page_id=59"},"modified":"2015-06-03T11:43:59","modified_gmt":"2015-06-03T14:43:59","slug":"pos-graduacao-2","status":"publish","type":"page","link":"https:\/\/wp.ufpel.edu.br\/clinpet\/pagina-exemplo\/pos-graduacao-2\/","title":{"rendered":"P\u00f3s-Gradua\u00e7\u00e3o"},"content":{"rendered":"<h2><\/h2>\n<h2><span style=\"color: #0000ff\">Ciciane Pereira Marten Fernandes<\/span>\u00a0<a title=\"Ciciane\" href=\"http:\/\/buscatextual.cnpq.br\/buscatextual\/visualizacv.do?id=K4221956J6\"><img loading=\"lazy\" decoding=\"async\" class=\"alignnone size-full wp-image-60\" src=\"https:\/\/wp.ufpel.edu.br\/clinpet\/files\/2013\/05\/logolattes.gif\" alt=\"logolattes\" width=\"17\" height=\"16\" \/><\/a><\/h2>\n<p>Graduada em Medicina Veterin\u00e1ria pela Universidade Federal de Pelotas (2009). Foi residente do Hospital de Cl\u00ednicas Veterin\u00e1ria da Universidade Federal de Pelotas HCV\/UFPel na \u00e1rea de Cl\u00ednica M\u00e9dica de pequenos animais (2009-2010). Mestrado pelo Programa de P\u00f3s Gradua\u00e7\u00e3o em Veterin\u00e1ria FV\/ PPGV\/ UFPEL (2011-2013). Atualmente \u00e9 doutoranda do Programa de P\u00f3s Gradua\u00e7\u00e3o em Veterin\u00e1ria FV\/ PPGV\/ UFPEL, desenvolvendo atividades de pesquisa relacionadas \u00e0 cl\u00ednica m\u00e9dica de pequenos animais com \u00eanfase em cicatriza\u00e7\u00e3o de feridas, repel\u00eancia de fitoter\u00e1picos e cardiologia.<\/p>\n<h2><span style=\"color: #0000ff\">Eduardo Garcia Fontoura<\/span>\u00a0<a title=\"Eduardo\" href=\"http:\/\/buscatextual.cnpq.br\/buscatextual\/visualizacv.do?id=K4359378P5\"><img loading=\"lazy\" decoding=\"async\" class=\"alignnone size-full wp-image-60\" src=\"https:\/\/wp.ufpel.edu.br\/clinpet\/files\/2013\/05\/logolattes.gif\" alt=\"logolattes\" width=\"17\" height=\"16\" \/><\/a><\/h2>\n<p>Possui gradua\u00e7\u00e3o pela Universidade Federal de Pelotas (2011). Tem experi\u00eancia na \u00e1rea de Medicina Veterin\u00e1ria, com \u00eanfase em cl\u00ednica m\u00e9dica de pequenos animais. Atualmente \u00e9 aluno de mestrado do Programa de P\u00f3s Gradua\u00e7\u00e3o em Veterin\u00e1ria (FV\/PPGV\/UFPel) desenvolvendo atividades de pesquisa relacionadas \u00e0 \u00e1rea de cl\u00ednica m\u00e9dica de pequenos animais.<\/p>\n<h2 class=\"name\"><span style=\"color: #0000ff\">Fernanda Dagmar Martins Krug\u00a0<\/span><a title=\"Patricia\" href=\"http:\/\/buscatextual.cnpq.br\/buscatextual\/visualizacv.do?id=K4294168T4\"><img loading=\"lazy\" decoding=\"async\" src=\"https:\/\/wp.ufpel.edu.br\/clinpet\/files\/2013\/05\/logolattes.gif\" alt=\"logolattes\" width=\"17\" height=\"16\" \/><\/a><\/h2>\n<h2 class=\"name\"><\/h2>\n<p>M\u00e9dica Veterin\u00e1ria formada pela Universidade de Cruz Alta &#8211; RS e com especializa\u00e7\u00e3o em cl\u00ednica e cirurgia de animais de companhia pela Universidade de Cruz Alta. Possui experi\u00eancia de quase quatro anos em cl\u00ednica de pequenos animais, onde trabalhou na Toca dos Bichos Pet Shop de Panambi &#8211; RS. Atualmente aluna especial do programa de p\u00f3s gradua\u00e7\u00e3o em medicina veterin\u00e1ria da Universidade Federal de Pelotas &#8211; RS.<\/p>\n<h2 class=\"name\"><span style=\"color: #0000ff\">Gustavo Forlani Soares\u00a0<\/span><a title=\"Patricia\" href=\"http:\/\/buscatextual.cnpq.br\/buscatextual\/visualizacv.do?id=K4294168T4\"><img loading=\"lazy\" decoding=\"async\" src=\"https:\/\/wp.ufpel.edu.br\/clinpet\/files\/2013\/05\/logolattes.gif\" alt=\"logolattes\" width=\"17\" height=\"16\" \/><\/a><\/h2>\n<h2 class=\"name\"><\/h2>\n<p>Possui gradua\u00e7\u00e3o pela Universidade Federal do Paran\u00e1 (2011). Tem experi\u00eancia na \u00e1rea de Medicina Veterin\u00e1ria, em cl\u00ednica m\u00e9dica de pequenos animais com \u00eanfase em Medicina interna de Felinos e Cardiologia cl\u00ednica de Pequenos Animais. Atualmente \u00e9 aluno do programa de especializa\u00e7\u00e3o em Medicina Interna de Felinos pela Universidade Federal do Rio Grande do Sul e aluno de Mestrado do Programa de P\u00f3s Gradua\u00e7\u00e3o em Veterin\u00e1ria (FV\/PPGV\/UFPel) desenvolvendo atividades de pesquisa relacionadas \u00e0 \u00e1rea de cl\u00ednica m\u00e9dica de pequenos animais.<\/p>\n<h2><\/h2>\n<h2><span style=\"color: #0000ff\">Patricia Almeida Ferreira\u00a0<\/span><a title=\"Patricia\" href=\"http:\/\/buscatextual.cnpq.br\/buscatextual\/visualizacv.do?id=K4294168T4\"><img loading=\"lazy\" decoding=\"async\" src=\"https:\/\/wp.ufpel.edu.br\/clinpet\/files\/2013\/05\/logolattes.gif\" alt=\"logolattes\" width=\"17\" height=\"16\" \/><\/a><\/h2>\n<p>Possui gradua\u00e7\u00e3o em Medicina Veterin\u00e1ria pela Universidade Federal de Santa Maria (2005). Concluiu mestrado na \u00e1rea de Sanidade Animal &#8211; Cl\u00ednica M\u00e9dica de Pequenos Animais e atualmente \u00e9 doutoranda na Universidade Federal de Pelotas, na \u00e1rea de Cl\u00ednica M\u00e9dica de Pequenos Animais.<\/p>\n<h2 class=\"name\"><span style=\"color: #0000ff\">Paula Diele Pereira Fonseca Lages\u00a0\u00a0<\/span><span style=\"color: #333399\"><a style=\"color: #333399\" title=\"Sabrina\" href=\"http:\/\/buscatextual.cnpq.br\/buscatextual\/visualizacv.do?id=K4437813T6\"><img loading=\"lazy\" decoding=\"async\" src=\"https:\/\/wp.ufpel.edu.br\/clinpet\/files\/2013\/05\/logolattes.gif\" alt=\"logolattes\" width=\"17\" height=\"16\" \/><\/a><\/span><\/h2>\n<p>Possui gradua\u00e7\u00e3o em Medicina Veterin\u00e1ria pela Universidade da Regi\u00e3o da Campanha (2012) e ensino-m\u00e9dio pela Escola Estadual de Ensino M\u00e9dio Dr. Carlos Kluwe (2003) . Tem experi\u00eancia na \u00e1rea de Medicina Veterin\u00e1ria , com \u00eanfase em Cl\u00ednica e Cirurgia Animal.<\/p>\n<h2><span style=\"color: #333399\"><span style=\"color: #0000ff\">Sabrina de Oliveira Capella<\/span>\u00a0<a style=\"color: #333399\" title=\"Sabrina\" href=\"http:\/\/buscatextual.cnpq.br\/buscatextual\/visualizacv.do?id=K4437813T6\"><img loading=\"lazy\" decoding=\"async\" src=\"https:\/\/wp.ufpel.edu.br\/clinpet\/files\/2013\/05\/logolattes.gif\" alt=\"logolattes\" width=\"17\" height=\"16\" \/><\/a><\/span><\/h2>\n<p>M\u00e9dica Veterin\u00e1ria, atualmente cursando o mestrado na \u00e1rea de dermatologia cl\u00ednica de pequenos animais na Universidade Federal de Pelotas<\/p>\n<h2><\/h2>\n","protected":false},"excerpt":{"rendered":"<p>Ciciane Pereira Marten Fernandes\u00a0 Graduada em Medicina Veterin\u00e1ria pela Universidade Federal de Pelotas (2009). Foi residente do Hospital de Cl\u00ednicas Veterin\u00e1ria da Universidade Federal de Pelotas HCV\/UFPel na \u00e1rea de Cl\u00ednica M\u00e9dica de pequenos animais (2009-2010). Mestrado pelo Programa de P\u00f3s Gradua\u00e7\u00e3o em Veterin\u00e1ria FV\/ PPGV\/ UFPEL (2011-2013). Atualmente \u00e9 doutoranda do Programa de P\u00f3s &hellip; <\/p>\n<p><a class=\"more-link btn\" href=\"https:\/\/wp.ufpel.edu.br\/clinpet\/pagina-exemplo\/pos-graduacao-2\/\">Continue lendo<\/a><\/p>\n","protected":false},"author":272,"featured_media":0,"parent":2,"menu_order":0,"comment_status":"closed","ping_status":"closed","template":"","meta":{"footnotes":""},"class_list":["post-59","page","type-page","status-publish","hentry","nodate","item-wrap"],"_links":{"self":[{"href":"https:\/\/wp.ufpel.edu.br\/clinpet\/wp-json\/wp\/v2\/pages\/59","targetHints":{"allow":["GET"]}}],"collection":[{"href":"https:\/\/wp.ufpel.edu.br\/clinpet\/wp-json\/wp\/v2\/pages"}],"about":[{"href":"https:\/\/wp.ufpel.edu.br\/clinpet\/wp-json\/wp\/v2\/types\/page"}],"author":[{"embeddable":true,"href":"https:\/\/wp.ufpel.edu.br\/clinpet\/wp-json\/wp\/v2\/users\/272"}],"replies":[{"embeddable":true,"href":"https:\/\/wp.ufpel.edu.br\/clinpet\/wp-json\/wp\/v2\/comments?post=59"}],"version-history":[{"count":5,"href":"https:\/\/wp.ufpel.edu.br\/clinpet\/wp-json\/wp\/v2\/pages\/59\/revisions"}],"predecessor-version":[{"id":132,"href":"https:\/\/wp.ufpel.edu.br\/clinpet\/wp-json\/wp\/v2\/pages\/59\/revisions\/132"}],"up":[{"embeddable":true,"href":"https:\/\/wp.ufpel.edu.br\/clinpet\/wp-json\/wp\/v2\/pages\/2"}],"wp:attachment":[{"href":"https:\/\/wp.ufpel.edu.br\/clinpet\/wp-json\/wp\/v2\/media?parent=59"}],"curies":[{"name":"wp","href":"https:\/\/api.w.org\/{rel}","templated":true}]}}