{"id":4,"date":"2013-05-17T15:23:49","date_gmt":"2013-05-17T18:23:49","guid":{"rendered":"https:\/\/wp.ufpel.edu.br\/clinpet\/?page_id=4"},"modified":"2015-06-03T11:18:06","modified_gmt":"2015-06-03T14:18:06","slug":"inicio","status":"publish","type":"page","link":"https:\/\/wp.ufpel.edu.br\/clinpet\/","title":{"rendered":"Inicio"},"content":{"rendered":"<p>O ClinPet &#8211; grupo de pesquisa, ensino e extens\u00e3o em cl\u00ednica de pequenos animais foi fundado em 2006 pela professora Dr. M\u00e1rcia de Oliveira Nobre. Temos\u00a0o objetivo de favorecer a forma\u00e7\u00e3o t\u00e9cnica de estudantes em n\u00edvel de gradua\u00e7\u00e3o e p\u00f3s-gradua\u00e7\u00e3o com interesse em pequenos animais atrav\u00e9s do desenvolvimento de diversas atividades. Hoje conta com uma equipe de mais de 30 colaboradores entre alunos de gradua\u00e7\u00e3o, p\u00f3s-gradua\u00e7\u00e3o, servidores e docentes.<\/p>\n<p>&nbsp;<\/p>\n","protected":false},"excerpt":{"rendered":"<p>O ClinPet &#8211; grupo de pesquisa, ensino e extens\u00e3o em cl\u00ednica de pequenos animais foi fundado em 2006 pela professora Dr. M\u00e1rcia de Oliveira Nobre. Temos\u00a0o objetivo de favorecer a forma\u00e7\u00e3o t\u00e9cnica de estudantes em n\u00edvel de gradua\u00e7\u00e3o e p\u00f3s-gradua\u00e7\u00e3o com interesse em pequenos animais atrav\u00e9s do desenvolvimento de diversas atividades. Hoje conta com uma &hellip; <\/p>\n<p><a class=\"more-link btn\" href=\"https:\/\/wp.ufpel.edu.br\/clinpet\/\">Continue lendo<\/a><\/p>\n","protected":false},"author":231,"featured_media":27,"parent":0,"menu_order":1,"comment_status":"closed","ping_status":"closed","template":"","meta":{"footnotes":""},"class_list":["post-4","page","type-page","status-publish","has-post-thumbnail","hentry","nodate","item-wrap"],"_links":{"self":[{"href":"https:\/\/wp.ufpel.edu.br\/clinpet\/wp-json\/wp\/v2\/pages\/4","targetHints":{"allow":["GET"]}}],"collection":[{"href":"https:\/\/wp.ufpel.edu.br\/clinpet\/wp-json\/wp\/v2\/pages"}],"about":[{"href":"https:\/\/wp.ufpel.edu.br\/clinpet\/wp-json\/wp\/v2\/types\/page"}],"author":[{"embeddable":true,"href":"https:\/\/wp.ufpel.edu.br\/clinpet\/wp-json\/wp\/v2\/users\/231"}],"replies":[{"embeddable":true,"href":"https:\/\/wp.ufpel.edu.br\/clinpet\/wp-json\/wp\/v2\/comments?post=4"}],"version-history":[{"count":11,"href":"https:\/\/wp.ufpel.edu.br\/clinpet\/wp-json\/wp\/v2\/pages\/4\/revisions"}],"predecessor-version":[{"id":130,"href":"https:\/\/wp.ufpel.edu.br\/clinpet\/wp-json\/wp\/v2\/pages\/4\/revisions\/130"}],"wp:featuredmedia":[{"embeddable":true,"href":"https:\/\/wp.ufpel.edu.br\/clinpet\/wp-json\/wp\/v2\/media\/27"}],"wp:attachment":[{"href":"https:\/\/wp.ufpel.edu.br\/clinpet\/wp-json\/wp\/v2\/media?parent=4"}],"curies":[{"name":"wp","href":"https:\/\/api.w.org\/{rel}","templated":true}]}}