{"id":8,"date":"2009-07-28T10:21:41","date_gmt":"2009-07-28T13:21:41","guid":{"rendered":"https:\/\/wp.ufpel.edu.br\/clineq\/?page_id=8"},"modified":"2016-03-01T09:34:36","modified_gmt":"2016-03-01T12:34:36","slug":"quem-somos","status":"publish","type":"page","link":"https:\/\/wp.ufpel.edu.br\/clineq\/quem-somos\/","title":{"rendered":"Quem somos"},"content":{"rendered":"<p><a href=\"https:\/\/wp.ufpel.edu.br\/clineq\/files\/2015\/11\/clineq31.png\" rel=\"attachment wp-att-62\"><img class=\"aligncenter wp-image-62\" src=\"https:\/\/wp.ufpel.edu.br\/clineq\/files\/2015\/11\/clineq31-424x248.png\" alt=\"clineq3\" width=\"787\" height=\"460\" srcset=\"https:\/\/wp.ufpel.edu.br\/clineq\/files\/2015\/11\/clineq31-424x248.png 424w, https:\/\/wp.ufpel.edu.br\/clineq\/files\/2015\/11\/clineq31-212x124.png 212w, https:\/\/wp.ufpel.edu.br\/clineq\/files\/2015\/11\/clineq31.png 721w\" sizes=\"(max-width: 787px) 100vw, 787px\" \/><\/a><\/p>\n<p>O ClinEq &#8211; Grupo de Ensino Pesquisa e Extens\u00e3o em Cl\u00ednica M\u00e9dica de Eq\u00fcinos, \u00e9 um grupo formado por alunos da gradua\u00e7\u00e3o e p\u00f3s-gradua\u00e7\u00e3o, orientados pelo Prof. Dr. Carlos Eduardo Wayne Nogueira e Prof. Dra. Bruna Curcio.<\/p>\n<p>O grupo realiza pesquisa cient\u00edfica e projetos nas \u00e1reas de cl\u00ednica, ortopedia, neonatologia e reprodu\u00e7\u00e3o. Sendo esses projetos, de pesquisa e extens\u00e3o, al\u00e9m de cursos t\u00e9cnicos de curta dura\u00e7\u00e3o voltados para estudantes, profissionais e criadores de cavalos.<\/p>\n<p>Nosso grupo tem por objetivo desenvolver trabalhos cient\u00edficos com responsabilidade e qualidade que sirvam de refer\u00eancia para os profissionais da \u00e1rea e formar m\u00e9dicos veterin\u00e1rios qualificados para o mercado eq\u00fcino, com a miss\u00e3o de trabalhar de maneira correta assegurando a sa\u00fade e bem-estar dos eq\u00fcinos.<\/p>\n<p>&nbsp;<\/p>\n<p>Sejam todos bem-vindos e sintam-se a vontade para entrar em contato&#8230;.<\/p>\n","protected":false},"excerpt":{"rendered":"<p>O ClinEq &#8211; Grupo de Ensino Pesquisa e Extens\u00e3o em Cl\u00ednica M\u00e9dica de Eq\u00fcinos, \u00e9 um grupo formado por alunos da gradua\u00e7\u00e3o e p\u00f3s-gradua\u00e7\u00e3o, orientados pelo Prof. Dr. Carlos Eduardo Wayne Nogueira e Prof. Dra. Bruna Curcio. O grupo realiza pesquisa cient\u00edfica e projetos nas \u00e1reas de cl\u00ednica, ortopedia, neonatologia e reprodu\u00e7\u00e3o. Sendo esses projetos, [&hellip;]<\/p>\n","protected":false},"author":22,"featured_media":0,"parent":0,"menu_order":0,"comment_status":"closed","ping_status":"closed","template":"","meta":{"footnotes":""},"class_list":["post-8","page","type-page","status-publish","hentry"],"_links":{"self":[{"href":"https:\/\/wp.ufpel.edu.br\/clineq\/wp-json\/wp\/v2\/pages\/8","targetHints":{"allow":["GET"]}}],"collection":[{"href":"https:\/\/wp.ufpel.edu.br\/clineq\/wp-json\/wp\/v2\/pages"}],"about":[{"href":"https:\/\/wp.ufpel.edu.br\/clineq\/wp-json\/wp\/v2\/types\/page"}],"author":[{"embeddable":true,"href":"https:\/\/wp.ufpel.edu.br\/clineq\/wp-json\/wp\/v2\/users\/22"}],"replies":[{"embeddable":true,"href":"https:\/\/wp.ufpel.edu.br\/clineq\/wp-json\/wp\/v2\/comments?post=8"}],"version-history":[{"count":9,"href":"https:\/\/wp.ufpel.edu.br\/clineq\/wp-json\/wp\/v2\/pages\/8\/revisions"}],"predecessor-version":[{"id":108,"href":"https:\/\/wp.ufpel.edu.br\/clineq\/wp-json\/wp\/v2\/pages\/8\/revisions\/108"}],"wp:attachment":[{"href":"https:\/\/wp.ufpel.edu.br\/clineq\/wp-json\/wp\/v2\/media?parent=8"}],"curies":[{"name":"wp","href":"https:\/\/api.w.org\/{rel}","templated":true}]}}