{"id":43,"date":"2015-11-24T12:15:56","date_gmt":"2015-11-24T14:15:56","guid":{"rendered":"https:\/\/wp.ufpel.edu.br\/clineq\/?page_id=43"},"modified":"2017-05-25T16:17:26","modified_gmt":"2017-05-25T19:17:26","slug":"equipe","status":"publish","type":"page","link":"https:\/\/wp.ufpel.edu.br\/clineq\/equipe\/","title":{"rendered":"Equipe"},"content":{"rendered":"<p style=\"text-align: center\"><a href=\"https:\/\/wp.ufpel.edu.br\/clineq\/files\/2015\/11\/11081327_837211316352210_5016797968650253176_n.jpg\"><img class=\"alignnone wp-image-44\" src=\"https:\/\/wp.ufpel.edu.br\/clineq\/files\/2015\/11\/11081327_837211316352210_5016797968650253176_n-424x288.jpg\" alt=\"11081327_837211316352210_5016797968650253176_n\" width=\"766\" height=\"520\" srcset=\"https:\/\/wp.ufpel.edu.br\/clineq\/files\/2015\/11\/11081327_837211316352210_5016797968650253176_n-424x288.jpg 424w, https:\/\/wp.ufpel.edu.br\/clineq\/files\/2015\/11\/11081327_837211316352210_5016797968650253176_n-212x144.jpg 212w, https:\/\/wp.ufpel.edu.br\/clineq\/files\/2015\/11\/11081327_837211316352210_5016797968650253176_n.jpg 552w\" sizes=\"(max-width: 766px) 100vw, 766px\" \/><\/a><\/p>\n<p style=\"text-align: center\"><em><strong>Coordenadores:\u00a0<\/strong><\/em><\/p>\n<p style=\"text-align: center\">Professor Carlos Eduardo Wayne Nogueira<\/p>\n<p style=\"text-align: center\">Professora Bruna da Rosa Curcio<\/p>\n<p style=\"text-align: center\"><em><strong>P\u00f3s Graduandos:<\/strong><\/em><\/p>\n<p style=\"text-align: center\">Fernanda Maria Pazinato<\/p>\n<p style=\"text-align: center\">Vit\u00f3ria M\u00fcller<\/p>\n<p style=\"text-align: center\">Bruna dos Santos Su\u00f1\u00e9<\/p>\n<p style=\"text-align: center\">Carolina Litchina Brasil<\/p>\n<p style=\"text-align: center\">Alice Correa dos Santos<\/p>\n<p style=\"text-align: center\">Luciana Oliveira de Araujo<\/p>\n<p style=\"text-align: center\">Lorena Feij\u00f3<\/p>\n<p style=\"text-align: center\">Mariana Andrade Mousquer<\/p>\n<p style=\"text-align: center\">Fernanda Timb\u00f3 Dantas<\/p>\n<p style=\"text-align: center\"><strong><em>Residentes:<\/em><\/strong><\/p>\n<p style=\"text-align: center\">Let\u00edcia Souza<\/p>\n<p style=\"text-align: center\">Jemhally Dillenburg Hack<\/p>\n<p style=\"text-align: center\">D\u00e9bora Machado Noguera<\/p>\n<p style=\"text-align: center\">Rafaela Pinto de Souza<\/p>\n<p style=\"text-align: center\"><em><strong>Graduandos:<\/strong><\/em><\/p>\n<p style=\"text-align: center\">Camila Gervini Wendt<\/p>\n<p style=\"text-align: center\">Leonardo Motta<\/p>\n<p style=\"text-align: center\">Cassiano Moraes Dorneles<\/p>\n<p style=\"text-align: center\">Vin\u00edcius de Souza Izquierdo<\/p>\n<p style=\"text-align: center\">Pl\u00ednio Am\u00e9lio Ocanha \u00c1vila<\/p>\n<p style=\"text-align: center\">Jo\u00e3o Pedro Hubner Etges<\/p>\n<p style=\"text-align: center\">Tha\u00eds Scheffer Del Pino<\/p>\n<p style=\"text-align: center\">William Augusto D\u00f6rr<\/p>\n<p style=\"text-align: center\">Gabriela Castro Da Silva<\/p>\n<p style=\"text-align: center\">Nat\u00e1lia Ribeiro<\/p>\n<p style=\"text-align: center\">Marco Aur\u00e9lio Filho<\/p>\n<p style=\"text-align: center\">Tamara Ortiz<\/p>\n<p style=\"text-align: center\">Luzia Leon Coelho Leal<\/p>\n<p style=\"text-align: center\">Francine Dequech Belem<\/p>\n<p style=\"text-align: center\">Rebeca Scalco<\/p>\n<p style=\"text-align: center\">Augusto Postal Dalcin<\/p>\n<p style=\"text-align: center\">J\u00falia Lignon<\/p>\n<p style=\"text-align: center\">Nathalia Ferreira<\/p>\n<p style=\"text-align: center\">Giovana Pivato<\/p>\n<p style=\"text-align: center\">Gabriela Fuentes<\/p>\n<p style=\"text-align: center\">Eduardo Griebeler<\/p>\n<p style=\"text-align: center\">Tatiane Almeida<\/p>\n","protected":false},"excerpt":{"rendered":"<p>Coordenadores:\u00a0 Professor Carlos Eduardo Wayne Nogueira Professora Bruna da Rosa Curcio P\u00f3s Graduandos: Fernanda Maria Pazinato Vit\u00f3ria M\u00fcller Bruna dos Santos Su\u00f1\u00e9 Carolina Litchina Brasil Alice Correa dos Santos Luciana Oliveira de Araujo Lorena Feij\u00f3 Mariana Andrade Mousquer Fernanda Timb\u00f3 Dantas Residentes: Let\u00edcia Souza Jemhally Dillenburg Hack D\u00e9bora Machado Noguera Rafaela Pinto de Souza Graduandos: [&hellip;]<\/p>\n","protected":false},"author":22,"featured_media":0,"parent":0,"menu_order":0,"comment_status":"closed","ping_status":"closed","template":"","meta":{"footnotes":""},"class_list":["post-43","page","type-page","status-publish","hentry"],"_links":{"self":[{"href":"https:\/\/wp.ufpel.edu.br\/clineq\/wp-json\/wp\/v2\/pages\/43","targetHints":{"allow":["GET"]}}],"collection":[{"href":"https:\/\/wp.ufpel.edu.br\/clineq\/wp-json\/wp\/v2\/pages"}],"about":[{"href":"https:\/\/wp.ufpel.edu.br\/clineq\/wp-json\/wp\/v2\/types\/page"}],"author":[{"embeddable":true,"href":"https:\/\/wp.ufpel.edu.br\/clineq\/wp-json\/wp\/v2\/users\/22"}],"replies":[{"embeddable":true,"href":"https:\/\/wp.ufpel.edu.br\/clineq\/wp-json\/wp\/v2\/comments?post=43"}],"version-history":[{"count":8,"href":"https:\/\/wp.ufpel.edu.br\/clineq\/wp-json\/wp\/v2\/pages\/43\/revisions"}],"predecessor-version":[{"id":332,"href":"https:\/\/wp.ufpel.edu.br\/clineq\/wp-json\/wp\/v2\/pages\/43\/revisions\/332"}],"wp:attachment":[{"href":"https:\/\/wp.ufpel.edu.br\/clineq\/wp-json\/wp\/v2\/media?parent=43"}],"curies":[{"name":"wp","href":"https:\/\/api.w.org\/{rel}","templated":true}]}}