{"id":324,"date":"2017-05-25T14:36:51","date_gmt":"2017-05-25T17:36:51","guid":{"rendered":"https:\/\/wp.ufpel.edu.br\/clineq\/?page_id=324"},"modified":"2017-08-16T11:30:21","modified_gmt":"2017-08-16T14:30:21","slug":"downloads","status":"publish","type":"page","link":"https:\/\/wp.ufpel.edu.br\/clineq\/downloads\/","title":{"rendered":"Downloads"},"content":{"rendered":"<p>\u201cA\u00e7\u00e3o Interdisciplinar a Carroceiros e Charreteiros na Periferia de Pelotas\u201d<\/p>\n<p><a href=\"https:\/\/wp.ufpel.edu.br\/clineq\/files\/2017\/05\/Edital-sele\u00e7\u00e3o-bolsistas_CEVAL.pdf\">Edital-sele\u00e7\u00e3o-bolsistas_CEVAL<\/a><\/p>\n<p>\u201cClinEq \u2013 Grupo de Ensino, Pesquisa e Extens\u00e3o em Cl\u00ednica M\u00e9dica de Equinos\u201d<\/p>\n<p><a href=\"https:\/\/wp.ufpel.edu.br\/clineq\/files\/2017\/05\/Edital-sele\u00e7\u00e3o-bolsistas_CLINEQ.pdf\">Edital-sele\u00e7\u00e3o-bolsistas_CLINEQ<\/a><\/p>\n<p>\u201cCentro de Ensino e Experimenta\u00e7\u00e3o em Equinocultura da Palma (CEEP)\u201d<\/p>\n<p><a href=\"https:\/\/wp.ufpel.edu.br\/clineq\/files\/2017\/05\/Edital-sele\u00e7\u00e3o-bolsistas_PALMA.pdf\">Edital-sele\u00e7\u00e3o-bolsistas_PALMA<\/a><\/p>\n<p>&#8220;Edital Sele\u00e7\u00e3o Bolsista Monitoria&#8221;<\/p>\n<p><a href=\"https:\/\/wp.ufpel.edu.br\/clineq\/files\/2017\/05\/Edital-Monitoria-Cl\u00ednica-de-Grandes-II.pdf\">Edital Monitoria Cl\u00ednica de Grandes II<\/a><\/p>\n","protected":false},"excerpt":{"rendered":"<p>\u201cA\u00e7\u00e3o Interdisciplinar a Carroceiros e Charreteiros na Periferia de Pelotas\u201d Edital-sele\u00e7\u00e3o-bolsistas_CEVAL \u201cClinEq \u2013 Grupo de Ensino, Pesquisa e Extens\u00e3o em Cl\u00ednica M\u00e9dica de Equinos\u201d Edital-sele\u00e7\u00e3o-bolsistas_CLINEQ \u201cCentro de Ensino e Experimenta\u00e7\u00e3o em Equinocultura da Palma (CEEP)\u201d Edital-sele\u00e7\u00e3o-bolsistas_PALMA &#8220;Edital Sele\u00e7\u00e3o Bolsista Monitoria&#8221; Edital Monitoria Cl\u00ednica de Grandes II<\/p>\n","protected":false},"author":22,"featured_media":0,"parent":0,"menu_order":5,"comment_status":"closed","ping_status":"closed","template":"","meta":{"footnotes":""},"class_list":["post-324","page","type-page","status-publish","hentry"],"_links":{"self":[{"href":"https:\/\/wp.ufpel.edu.br\/clineq\/wp-json\/wp\/v2\/pages\/324","targetHints":{"allow":["GET"]}}],"collection":[{"href":"https:\/\/wp.ufpel.edu.br\/clineq\/wp-json\/wp\/v2\/pages"}],"about":[{"href":"https:\/\/wp.ufpel.edu.br\/clineq\/wp-json\/wp\/v2\/types\/page"}],"author":[{"embeddable":true,"href":"https:\/\/wp.ufpel.edu.br\/clineq\/wp-json\/wp\/v2\/users\/22"}],"replies":[{"embeddable":true,"href":"https:\/\/wp.ufpel.edu.br\/clineq\/wp-json\/wp\/v2\/comments?post=324"}],"version-history":[{"count":2,"href":"https:\/\/wp.ufpel.edu.br\/clineq\/wp-json\/wp\/v2\/pages\/324\/revisions"}],"predecessor-version":[{"id":421,"href":"https:\/\/wp.ufpel.edu.br\/clineq\/wp-json\/wp\/v2\/pages\/324\/revisions\/421"}],"wp:attachment":[{"href":"https:\/\/wp.ufpel.edu.br\/clineq\/wp-json\/wp\/v2\/media?parent=324"}],"curies":[{"name":"wp","href":"https:\/\/api.w.org\/{rel}","templated":true}]}}