{"id":266,"date":"2016-12-15T11:27:33","date_gmt":"2016-12-15T13:27:33","guid":{"rendered":"https:\/\/wp.ufpel.edu.br\/clineq\/?page_id=266"},"modified":"2018-02-16T11:15:53","modified_gmt":"2018-02-16T13:15:53","slug":"estagios","status":"publish","type":"page","link":"https:\/\/wp.ufpel.edu.br\/clineq\/estagios\/","title":{"rendered":"EST\u00c1GIOS"},"content":{"rendered":"<p><a href=\"https:\/\/wp.ufpel.edu.br\/clineq\/files\/2015\/10\/Imagem11.png\"><img class=\"aligncenter wp-image-27\" src=\"https:\/\/wp.ufpel.edu.br\/clineq\/files\/2015\/10\/Imagem11.png\" alt=\"Imagem1\" width=\"280\" height=\"280\" srcset=\"https:\/\/wp.ufpel.edu.br\/clineq\/files\/2015\/10\/Imagem11.png 188w, https:\/\/wp.ufpel.edu.br\/clineq\/files\/2015\/10\/Imagem11-150x150.png 150w\" sizes=\"(max-width: 280px) 100vw, 280px\" \/><\/a><a href=\"https:\/\/wp.ufpel.edu.br\/clineq\/files\/2015\/11\/DSC_7892.jpg\"><img class=\"aligncenter size-full wp-image-88\" src=\"https:\/\/wp.ufpel.edu.br\/clineq\/files\/2015\/11\/DSC_7892.jpg\" alt=\"\" width=\"4928\" height=\"3264\" srcset=\"https:\/\/wp.ufpel.edu.br\/clineq\/files\/2015\/11\/DSC_7892.jpg 4928w, https:\/\/wp.ufpel.edu.br\/clineq\/files\/2015\/11\/DSC_7892-212x140.jpg 212w, https:\/\/wp.ufpel.edu.br\/clineq\/files\/2015\/11\/DSC_7892-424x281.jpg 424w\" sizes=\"(max-width: 4928px) 100vw, 4928px\" \/><\/a><\/p>\n<h3>PARA SOLICITA\u00c7\u00c3O DE TREINAMENTO (EST\u00c1GIOS) ACESSE O LINK:\u00a0https: wp.ufpel.edu.br\/hcv\/estagios\/<\/h3>\n<p>&nbsp;<\/p>\n<h3><\/h3>\n<p>&nbsp;<\/p>\n","protected":false},"excerpt":{"rendered":"<p>PARA SOLICITA\u00c7\u00c3O DE TREINAMENTO (EST\u00c1GIOS) ACESSE O LINK:\u00a0https: wp.ufpel.edu.br\/hcv\/estagios\/ &nbsp; &nbsp;<\/p>\n","protected":false},"author":22,"featured_media":0,"parent":0,"menu_order":0,"comment_status":"closed","ping_status":"closed","template":"","meta":{"footnotes":""},"class_list":["post-266","page","type-page","status-publish","hentry"],"_links":{"self":[{"href":"https:\/\/wp.ufpel.edu.br\/clineq\/wp-json\/wp\/v2\/pages\/266","targetHints":{"allow":["GET"]}}],"collection":[{"href":"https:\/\/wp.ufpel.edu.br\/clineq\/wp-json\/wp\/v2\/pages"}],"about":[{"href":"https:\/\/wp.ufpel.edu.br\/clineq\/wp-json\/wp\/v2\/types\/page"}],"author":[{"embeddable":true,"href":"https:\/\/wp.ufpel.edu.br\/clineq\/wp-json\/wp\/v2\/users\/22"}],"replies":[{"embeddable":true,"href":"https:\/\/wp.ufpel.edu.br\/clineq\/wp-json\/wp\/v2\/comments?post=266"}],"version-history":[{"count":6,"href":"https:\/\/wp.ufpel.edu.br\/clineq\/wp-json\/wp\/v2\/pages\/266\/revisions"}],"predecessor-version":[{"id":532,"href":"https:\/\/wp.ufpel.edu.br\/clineq\/wp-json\/wp\/v2\/pages\/266\/revisions\/532"}],"wp:attachment":[{"href":"https:\/\/wp.ufpel.edu.br\/clineq\/wp-json\/wp\/v2\/media?parent=266"}],"curies":[{"name":"wp","href":"https:\/\/api.w.org\/{rel}","templated":true}]}}