{"id":47,"date":"2021-02-27T16:54:11","date_gmt":"2021-02-27T19:54:11","guid":{"rendered":"https:\/\/wp.ufpel.edu.br\/clhd\/?page_id=47"},"modified":"2023-10-29T23:29:43","modified_gmt":"2023-10-30T02:29:43","slug":"links","status":"publish","type":"page","link":"https:\/\/wp.ufpel.edu.br\/clhd\/links\/","title":{"rendered":"Links"},"content":{"rendered":"<p>Universidade Federal de Pelotas: <a href=\"https:\/\/portal.ufpel.edu.br\/\">https:\/\/portal.ufpel.edu.br\/<\/a><\/p>\n<p>Instituto de Ci\u00eancias Humanas &#8211; ICH\/UFPel: <a href=\"https:\/\/wp.ufpel.edu.br\/ich\/\">https:\/\/wp.ufpel.edu.br\/ich\/<\/a><\/p>\n<p>Coordena\u00e7\u00e3o de Registros Acad\u00eamicos &#8211; CRA\/UFPel: <a href=\"https:\/\/wp.ufpel.edu.br\/cra\/\">https:\/\/wp.ufpel.edu.br\/cra\/<\/a><\/p>\n<p>Pr\u00f3-Reitoria de Assuntos Estudantis &#8211; PRAE\/UFPel: <a href=\"https:\/\/wp.ufpel.edu.br\/prae\/\">https:\/\/wp.ufpel.edu.br\/prae\/<\/a><\/p>\n<p>Associa\u00e7\u00e3o Nacional de Hist\u00f3ria &#8211; ANPUH: <a href=\"https:\/\/anpuh.org.br\/\">https:\/\/anpuh.org.br\/<\/a><\/p>\n<p>&nbsp;<\/p>\n","protected":false},"excerpt":{"rendered":"<p>Universidade Federal de Pelotas: https:\/\/portal.ufpel.edu.br\/ Instituto de Ci\u00eancias Humanas &#8211; ICH\/UFPel: https:\/\/wp.ufpel.edu.br\/ich\/ Coordena\u00e7\u00e3o de Registros Acad\u00eamicos &#8211; CRA\/UFPel: https:\/\/wp.ufpel.edu.br\/cra\/ Pr\u00f3-Reitoria de Assuntos Estudantis &#8211; PRAE\/UFPel: https:\/\/wp.ufpel.edu.br\/prae\/ Associa\u00e7\u00e3o Nacional de Hist\u00f3ria &#8211; ANPUH: https:\/\/anpuh.org.br\/ &nbsp;<\/p>\n","protected":false},"author":1090,"featured_media":0,"parent":0,"menu_order":0,"comment_status":"closed","ping_status":"closed","template":"","meta":{"footnotes":""},"class_list":["post-47","page","type-page","status-publish","hentry"],"_links":{"self":[{"href":"https:\/\/wp.ufpel.edu.br\/clhd\/wp-json\/wp\/v2\/pages\/47","targetHints":{"allow":["GET"]}}],"collection":[{"href":"https:\/\/wp.ufpel.edu.br\/clhd\/wp-json\/wp\/v2\/pages"}],"about":[{"href":"https:\/\/wp.ufpel.edu.br\/clhd\/wp-json\/wp\/v2\/types\/page"}],"author":[{"embeddable":true,"href":"https:\/\/wp.ufpel.edu.br\/clhd\/wp-json\/wp\/v2\/users\/1090"}],"replies":[{"embeddable":true,"href":"https:\/\/wp.ufpel.edu.br\/clhd\/wp-json\/wp\/v2\/comments?post=47"}],"version-history":[{"count":2,"href":"https:\/\/wp.ufpel.edu.br\/clhd\/wp-json\/wp\/v2\/pages\/47\/revisions"}],"predecessor-version":[{"id":51,"href":"https:\/\/wp.ufpel.edu.br\/clhd\/wp-json\/wp\/v2\/pages\/47\/revisions\/51"}],"wp:attachment":[{"href":"https:\/\/wp.ufpel.edu.br\/clhd\/wp-json\/wp\/v2\/media?parent=47"}],"curies":[{"name":"wp","href":"https:\/\/api.w.org\/{rel}","templated":true}]}}