{"id":44,"date":"2021-02-27T16:48:10","date_gmt":"2021-02-27T19:48:10","guid":{"rendered":"https:\/\/wp.ufpel.edu.br\/clhd\/?page_id=44"},"modified":"2024-04-18T21:07:48","modified_gmt":"2024-04-19T00:07:48","slug":"polos-uab","status":"publish","type":"page","link":"https:\/\/wp.ufpel.edu.br\/clhd\/polos-uab\/","title":{"rendered":"Polos UAB"},"content":{"rendered":"<p>Atualmente, o Curso de Licenciatura em Hist\u00f3ria \u00e0 Dist\u00e2ncia (CLHD) atende os seguintes Polos EAD vinculados ao Sistema Universidade Aberta do Brasil &#8211; UAB no Rio Grande do Sul:<\/p>\n<ul>\n<li>Agudo<\/li>\n<li>Arroio dos Ratos<\/li>\n<li>Balne\u00e1rio Pinhal<\/li>\n<li>Constantina<\/li>\n<li>Cruz Alta<\/li>\n<li>Gramado<\/li>\n<li>Herval<\/li>\n<li>Hulha Negra<\/li>\n<li>Jacuizinho<\/li>\n<li>Mostardas<\/li>\n<li>Panambi<\/li>\n<li>Picada Caf\u00e9<\/li>\n<li>Quara\u00ed<\/li>\n<li>Ros\u00e1rio do Sul<\/li>\n<li>Santana da Boa Vista<\/li>\n<li>Santana do Livramento<\/li>\n<li>Sapiranga<\/li>\n<li>Sapucaia do Sul<\/li>\n<li>S\u00e3o Francisco de Paula<\/li>\n<li>Sobradinho<\/li>\n<li>Tr\u00eas Passos<\/li>\n<\/ul>\n","protected":false},"excerpt":{"rendered":"<p>Atualmente, o Curso de Licenciatura em Hist\u00f3ria \u00e0 Dist\u00e2ncia (CLHD) atende os seguintes Polos EAD vinculados ao Sistema Universidade Aberta do Brasil &#8211; UAB no Rio Grande do Sul: Agudo Arroio dos Ratos Balne\u00e1rio Pinhal Constantina Cruz Alta Gramado Herval Hulha Negra Jacuizinho Mostardas Panambi Picada Caf\u00e9 Quara\u00ed Ros\u00e1rio do Sul Santana da Boa Vista [&hellip;]<\/p>\n","protected":false},"author":1090,"featured_media":0,"parent":0,"menu_order":0,"comment_status":"closed","ping_status":"closed","template":"","meta":{"footnotes":""},"class_list":["post-44","page","type-page","status-publish","hentry"],"_links":{"self":[{"href":"https:\/\/wp.ufpel.edu.br\/clhd\/wp-json\/wp\/v2\/pages\/44","targetHints":{"allow":["GET"]}}],"collection":[{"href":"https:\/\/wp.ufpel.edu.br\/clhd\/wp-json\/wp\/v2\/pages"}],"about":[{"href":"https:\/\/wp.ufpel.edu.br\/clhd\/wp-json\/wp\/v2\/types\/page"}],"author":[{"embeddable":true,"href":"https:\/\/wp.ufpel.edu.br\/clhd\/wp-json\/wp\/v2\/users\/1090"}],"replies":[{"embeddable":true,"href":"https:\/\/wp.ufpel.edu.br\/clhd\/wp-json\/wp\/v2\/comments?post=44"}],"version-history":[{"count":3,"href":"https:\/\/wp.ufpel.edu.br\/clhd\/wp-json\/wp\/v2\/pages\/44\/revisions"}],"predecessor-version":[{"id":1925,"href":"https:\/\/wp.ufpel.edu.br\/clhd\/wp-json\/wp\/v2\/pages\/44\/revisions\/1925"}],"wp:attachment":[{"href":"https:\/\/wp.ufpel.edu.br\/clhd\/wp-json\/wp\/v2\/media?parent=44"}],"curies":[{"name":"wp","href":"https:\/\/api.w.org\/{rel}","templated":true}]}}