{"id":2243,"date":"2025-01-22T22:46:49","date_gmt":"2025-01-23T01:46:49","guid":{"rendered":"https:\/\/wp.ufpel.edu.br\/clhd\/?page_id=2243"},"modified":"2025-01-22T22:46:53","modified_gmt":"2025-01-23T01:46:53","slug":"calendario","status":"publish","type":"page","link":"https:\/\/wp.ufpel.edu.br\/clhd\/calendario\/","title":{"rendered":"CALEND\u00c1RIO"},"content":{"rendered":"<blockquote class=\"wp-embedded-content\" data-secret=\"jJ6AHlgb5Z\"><p><a href=\"https:\/\/wp.ufpel.edu.br\/cra\/calendarios-academicos\/calendario-academico-2025-cursos-ead\/\">Calend\u00e1rio Acad\u00eamico 2025 \u2013 Cursos EAD<\/a><\/p><\/blockquote>\n<p><iframe class=\"wp-embedded-content\" sandbox=\"allow-scripts\" security=\"restricted\" style=\"position: absolute; visibility: hidden;\" title=\"&#8220;Calend\u00e1rio Acad\u00eamico 2025 \u2013 Cursos EAD&#8221; &#8212; Coordena\u00e7\u00e3o de Registros Acad\u00eamicos\" src=\"https:\/\/wp.ufpel.edu.br\/cra\/calendarios-academicos\/calendario-academico-2025-cursos-ead\/embed\/#?secret=NHELOvPYhe#?secret=jJ6AHlgb5Z\" data-secret=\"jJ6AHlgb5Z\" width=\"500\" height=\"282\" frameborder=\"0\" marginwidth=\"0\" marginheight=\"0\" scrolling=\"no\"><\/iframe><\/p>\n","protected":false},"excerpt":{"rendered":"<p>Calend\u00e1rio Acad\u00eamico 2025 \u2013 Cursos EAD<\/p>\n","protected":false},"author":1090,"featured_media":0,"parent":0,"menu_order":0,"comment_status":"closed","ping_status":"closed","template":"","meta":{"footnotes":""},"class_list":["post-2243","page","type-page","status-publish","hentry"],"_links":{"self":[{"href":"https:\/\/wp.ufpel.edu.br\/clhd\/wp-json\/wp\/v2\/pages\/2243","targetHints":{"allow":["GET"]}}],"collection":[{"href":"https:\/\/wp.ufpel.edu.br\/clhd\/wp-json\/wp\/v2\/pages"}],"about":[{"href":"https:\/\/wp.ufpel.edu.br\/clhd\/wp-json\/wp\/v2\/types\/page"}],"author":[{"embeddable":true,"href":"https:\/\/wp.ufpel.edu.br\/clhd\/wp-json\/wp\/v2\/users\/1090"}],"replies":[{"embeddable":true,"href":"https:\/\/wp.ufpel.edu.br\/clhd\/wp-json\/wp\/v2\/comments?post=2243"}],"version-history":[{"count":1,"href":"https:\/\/wp.ufpel.edu.br\/clhd\/wp-json\/wp\/v2\/pages\/2243\/revisions"}],"predecessor-version":[{"id":2246,"href":"https:\/\/wp.ufpel.edu.br\/clhd\/wp-json\/wp\/v2\/pages\/2243\/revisions\/2246"}],"wp:attachment":[{"href":"https:\/\/wp.ufpel.edu.br\/clhd\/wp-json\/wp\/v2\/media?parent=2243"}],"curies":[{"name":"wp","href":"https:\/\/api.w.org\/{rel}","templated":true}]}}