{"id":1573,"date":"2023-10-27T14:52:39","date_gmt":"2023-10-27T17:52:39","guid":{"rendered":"https:\/\/wp.ufpel.edu.br\/clhd\/?page_id=1573"},"modified":"2023-10-27T15:40:45","modified_gmt":"2023-10-27T18:40:45","slug":"normativas-para-tcc","status":"publish","type":"page","link":"https:\/\/wp.ufpel.edu.br\/clhd\/normativas-para-tcc\/","title":{"rendered":"Normativas para TCC"},"content":{"rendered":"<p style=\"text-align: center;\"><strong>Trabalho de Conclus\u00e3o de Curso<\/strong><\/p>\n<p><strong>\u00a0<\/strong><\/p>\n<p>Na medida em que se entende a forma\u00e7\u00e3o do professor de hist\u00f3ria como a forma\u00e7\u00e3o de um professor-historiador, torna-se relevante a exig\u00eancia de um Trabalho de Conclus\u00e3o de Curso como requisito para a integraliza\u00e7\u00e3o curricular do Curso de Licenciatura em Hist\u00f3ria a Dist\u00e2ncia da UFPel.<\/p>\n<p><a href=\"https:\/\/wp.ufpel.edu.br\/clhd\/files\/2023\/10\/Normativa-para-TCC-1.docx\">Normativa para TCC<\/a><\/p>\n","protected":false},"excerpt":{"rendered":"<p>Trabalho de Conclus\u00e3o de Curso \u00a0 Na medida em que se entende a forma\u00e7\u00e3o do professor de hist\u00f3ria como a forma\u00e7\u00e3o de um professor-historiador, torna-se relevante a exig\u00eancia de um Trabalho de Conclus\u00e3o de Curso como requisito para a integraliza\u00e7\u00e3o curricular do Curso de Licenciatura em Hist\u00f3ria a Dist\u00e2ncia da UFPel. Normativa para TCC<\/p>\n","protected":false},"author":126,"featured_media":0,"parent":0,"menu_order":0,"comment_status":"closed","ping_status":"closed","template":"","meta":{"footnotes":""},"class_list":["post-1573","page","type-page","status-publish","hentry"],"_links":{"self":[{"href":"https:\/\/wp.ufpel.edu.br\/clhd\/wp-json\/wp\/v2\/pages\/1573","targetHints":{"allow":["GET"]}}],"collection":[{"href":"https:\/\/wp.ufpel.edu.br\/clhd\/wp-json\/wp\/v2\/pages"}],"about":[{"href":"https:\/\/wp.ufpel.edu.br\/clhd\/wp-json\/wp\/v2\/types\/page"}],"author":[{"embeddable":true,"href":"https:\/\/wp.ufpel.edu.br\/clhd\/wp-json\/wp\/v2\/users\/126"}],"replies":[{"embeddable":true,"href":"https:\/\/wp.ufpel.edu.br\/clhd\/wp-json\/wp\/v2\/comments?post=1573"}],"version-history":[{"count":3,"href":"https:\/\/wp.ufpel.edu.br\/clhd\/wp-json\/wp\/v2\/pages\/1573\/revisions"}],"predecessor-version":[{"id":1593,"href":"https:\/\/wp.ufpel.edu.br\/clhd\/wp-json\/wp\/v2\/pages\/1573\/revisions\/1593"}],"wp:attachment":[{"href":"https:\/\/wp.ufpel.edu.br\/clhd\/wp-json\/wp\/v2\/media?parent=1573"}],"curies":[{"name":"wp","href":"https:\/\/api.w.org\/{rel}","templated":true}]}}