{"id":1566,"date":"2023-10-27T11:38:05","date_gmt":"2023-10-27T14:38:05","guid":{"rendered":"https:\/\/wp.ufpel.edu.br\/clhd\/?page_id=1566"},"modified":"2025-07-31T16:18:07","modified_gmt":"2025-07-31T19:18:07","slug":"documentacao","status":"publish","type":"page","link":"https:\/\/wp.ufpel.edu.br\/clhd\/documentacao\/","title":{"rendered":"Documenta\u00e7\u00e3o"},"content":{"rendered":"<p><a href=\"https:\/\/wp.ufpel.edu.br\/clhd\/files\/2025\/02\/DECLARACAO-DE-PERTENCIMENTO-ETNICO-E-DE-RESIDENCIA-Quilombolas.pdf\">DECLARACAO-DE-PERTENCIMENTO-ETNICO-E-DE-RESIDENCIA-Quilombolas<\/a><\/p>\n<p>&nbsp;<\/p>\n<p><a href=\"https:\/\/wp.ufpel.edu.br\/clhd\/files\/2025\/02\/DECLARACAO-DE-PERTENCIMENTO-ETNICO-E-RESIDENCIA-Indigenas.pdf\">DECLARACAO-DE-PERTENCIMENTO-ETNICO-E-RESIDENCIA-Indigenas<\/a><\/p>\n<p>&nbsp;<\/p>\n<p><a href=\"https:\/\/wp.ufpel.edu.br\/clhd\/files\/2025\/02\/AUTODECLARACAO_DE_QUILOMBOLA.pdf\">AUTODECLARACAO_DE_QUILOMBOLA<\/a><\/p>\n<p>&nbsp;<\/p>\n<p><a href=\"https:\/\/wp.ufpel.edu.br\/clhd\/files\/2025\/02\/AUTODECLARACAO_ETNICO_RACIAL_INDIGENA.pdf\">AUTODECLARACAO_ETNICO_RACIAL_INDIGENA<\/a><\/p>\n<p>&nbsp;<\/p>\n<p><a href=\"https:\/\/wp.ufpel.edu.br\/clhd\/files\/2025\/02\/AUTODECLARACAO_DE_IDENTIDADE_TRANS.pdf\">AUTODECLARACAO_DE_IDENTIDADE_TRANS<\/a><\/p>\n<p>&nbsp;<\/p>\n<p><a href=\"https:\/\/wp.ufpel.edu.br\/clhd\/files\/2025\/02\/AUTODECLARACAO_DE_PESSOA_COM_DEFICIENCIA.pdf\">AUTODECLARACAO_DE_PESSOA_COM_DEFICIENCIA<\/a><\/p>\n<p>&nbsp;<\/p>\n<p><a href=\"https:\/\/wp.ufpel.edu.br\/clhd\/files\/2025\/02\/AUTODECLARACAO-ETNICO-RACIAL-NOVO.pdf\">AUTODECLARACAO-ETNICO-RACIAL-NOVO<\/a><\/p>\n<p>&nbsp;<\/p>\n<p><a href=\"https:\/\/wp.ufpel.edu.br\/clhd\/files\/2025\/07\/Requerimento-de-regime-concentrado.pdf\">REQUERIMENTO DE DISCIPLINA CONCENTRADA<\/a><\/p>\n<p>&nbsp;<\/p>\n<p><a href=\"https:\/\/wp.ufpel.edu.br\/clhd\/files\/2025\/07\/Requerimento-de-troca-de-polo-EAD-1.pdf\">REQUERIMENTO TROCA DE POLO (EAD)<\/a><\/p>\n<p>&nbsp;<\/p>\n<blockquote class=\"wp-embedded-content\" data-secret=\"B0a3hc8xUo\"><p><a href=\"https:\/\/wp.ufpel.edu.br\/clhd\/ppc\/\">PPC<\/a><\/p><\/blockquote>\n<p><iframe class=\"wp-embedded-content\" sandbox=\"allow-scripts\" security=\"restricted\" style=\"position: absolute; visibility: hidden;\" title=\"&#8220;PPC&#8221; &#8212; Curso de Licenciatura em Hist\u00f3ria a Dist\u00e2ncia CLHD\" src=\"https:\/\/wp.ufpel.edu.br\/clhd\/ppc\/embed\/#?secret=mUPAPzvY3M#?secret=B0a3hc8xUo\" data-secret=\"B0a3hc8xUo\" width=\"500\" height=\"282\" frameborder=\"0\" marginwidth=\"0\" marginheight=\"0\" scrolling=\"no\"><\/iframe><\/p>\n<blockquote class=\"wp-embedded-content\" data-secret=\"Kguu1LgY8x\"><p><a href=\"https:\/\/wp.ufpel.edu.br\/clhd\/normativas-para-realizacao-de-estagios-clhd\/\">Normativas para realiza\u00e7\u00e3o de est\u00e1gios<\/a><\/p><\/blockquote>\n<p><iframe class=\"wp-embedded-content\" sandbox=\"allow-scripts\" security=\"restricted\" style=\"position: absolute; visibility: hidden;\" title=\"&#8220;Normativas para realiza\u00e7\u00e3o de est\u00e1gios&#8221; &#8212; Curso de Licenciatura em Hist\u00f3ria a Dist\u00e2ncia CLHD\" src=\"https:\/\/wp.ufpel.edu.br\/clhd\/normativas-para-realizacao-de-estagios-clhd\/embed\/#?secret=6nkePOoy9B#?secret=Kguu1LgY8x\" data-secret=\"Kguu1LgY8x\" width=\"500\" height=\"282\" frameborder=\"0\" marginwidth=\"0\" marginheight=\"0\" scrolling=\"no\"><\/iframe><\/p>\n<blockquote class=\"wp-embedded-content\" data-secret=\"IptlLlMUSX\"><p><a href=\"https:\/\/wp.ufpel.edu.br\/clhd\/normativas-para-segunda-chamada\/\">Normativas para segunda chamada<\/a><\/p><\/blockquote>\n<p><iframe class=\"wp-embedded-content\" sandbox=\"allow-scripts\" security=\"restricted\" style=\"position: absolute; visibility: hidden;\" title=\"&#8220;Normativas para segunda chamada&#8221; &#8212; Curso de Licenciatura em Hist\u00f3ria a Dist\u00e2ncia CLHD\" src=\"https:\/\/wp.ufpel.edu.br\/clhd\/normativas-para-segunda-chamada\/embed\/#?secret=D7QWYxqYRJ#?secret=IptlLlMUSX\" data-secret=\"IptlLlMUSX\" width=\"500\" height=\"282\" frameborder=\"0\" marginwidth=\"0\" marginheight=\"0\" scrolling=\"no\"><\/iframe><\/p>\n<blockquote class=\"wp-embedded-content\" data-secret=\"iPyCiBDfQR\"><p><a href=\"https:\/\/wp.ufpel.edu.br\/clhd\/normativas-para-tcc\/\">Normativas para TCC<\/a><\/p><\/blockquote>\n<p><iframe class=\"wp-embedded-content\" sandbox=\"allow-scripts\" security=\"restricted\" style=\"position: absolute; visibility: hidden;\" title=\"&#8220;Normativas para TCC&#8221; &#8212; Curso de Licenciatura em Hist\u00f3ria a Dist\u00e2ncia CLHD\" src=\"https:\/\/wp.ufpel.edu.br\/clhd\/normativas-para-tcc\/embed\/#?secret=uXPjQmtxWl#?secret=iPyCiBDfQR\" data-secret=\"iPyCiBDfQR\" width=\"500\" height=\"282\" frameborder=\"0\" marginwidth=\"0\" marginheight=\"0\" scrolling=\"no\"><\/iframe><\/p>\n<blockquote class=\"wp-embedded-content\" data-secret=\"Xv5xmENzm8\"><p><a href=\"https:\/\/wp.ufpel.edu.br\/clhd\/2023\/10\/24\/formacao-complementar-estudos-integradores-clhd\/\">Forma\u00e7\u00e3o complementar (estudos integradores) CLHD<\/a><\/p><\/blockquote>\n<p><iframe class=\"wp-embedded-content\" sandbox=\"allow-scripts\" security=\"restricted\" style=\"position: absolute; visibility: hidden;\" title=\"&#8220;Forma\u00e7\u00e3o complementar (estudos integradores) CLHD&#8221; &#8212; Curso de Licenciatura em Hist\u00f3ria a Dist\u00e2ncia CLHD\" src=\"https:\/\/wp.ufpel.edu.br\/clhd\/2023\/10\/24\/formacao-complementar-estudos-integradores-clhd\/embed\/#?secret=rmuGbS12kN#?secret=Xv5xmENzm8\" data-secret=\"Xv5xmENzm8\" width=\"500\" height=\"282\" frameborder=\"0\" marginwidth=\"0\" marginheight=\"0\" scrolling=\"no\"><\/iframe><\/p>\n<blockquote class=\"wp-embedded-content\" data-secret=\"wX5R3LtvJJ\"><p><a href=\"https:\/\/wp.ufpel.edu.br\/clhd\/disciplinas\/\">Matriz curricular<\/a><\/p><\/blockquote>\n<p><iframe class=\"wp-embedded-content\" sandbox=\"allow-scripts\" security=\"restricted\" style=\"position: absolute; visibility: hidden;\" title=\"&#8220;Matriz curricular&#8221; &#8212; Curso de Licenciatura em Hist\u00f3ria a Dist\u00e2ncia CLHD\" src=\"https:\/\/wp.ufpel.edu.br\/clhd\/disciplinas\/embed\/#?secret=e6IEW6auvk#?secret=wX5R3LtvJJ\" data-secret=\"wX5R3LtvJJ\" width=\"500\" height=\"282\" frameborder=\"0\" marginwidth=\"0\" marginheight=\"0\" scrolling=\"no\"><\/iframe><\/p>\n<blockquote class=\"wp-embedded-content\" data-secret=\"nRHDWdo5zt\"><p><a href=\"https:\/\/wp.ufpel.edu.br\/clhd\/ppi\/\">PPI<\/a><\/p><\/blockquote>\n<p><iframe class=\"wp-embedded-content\" sandbox=\"allow-scripts\" security=\"restricted\" style=\"position: absolute; visibility: hidden;\" title=\"&#8220;PPI&#8221; &#8212; Curso de Licenciatura em Hist\u00f3ria a Dist\u00e2ncia CLHD\" src=\"https:\/\/wp.ufpel.edu.br\/clhd\/ppi\/embed\/#?secret=wd6oy8SKXA#?secret=nRHDWdo5zt\" data-secret=\"nRHDWdo5zt\" width=\"500\" height=\"282\" frameborder=\"0\" marginwidth=\"0\" marginheight=\"0\" scrolling=\"no\"><\/iframe><\/p>\n","protected":false},"excerpt":{"rendered":"<p>DECLARACAO-DE-PERTENCIMENTO-ETNICO-E-DE-RESIDENCIA-Quilombolas &nbsp; DECLARACAO-DE-PERTENCIMENTO-ETNICO-E-RESIDENCIA-Indigenas &nbsp; AUTODECLARACAO_DE_QUILOMBOLA &nbsp; AUTODECLARACAO_ETNICO_RACIAL_INDIGENA &nbsp; AUTODECLARACAO_DE_IDENTIDADE_TRANS &nbsp; AUTODECLARACAO_DE_PESSOA_COM_DEFICIENCIA &nbsp; AUTODECLARACAO-ETNICO-RACIAL-NOVO &nbsp; REQUERIMENTO DE DISCIPLINA CONCENTRADA &nbsp; REQUERIMENTO TROCA DE POLO (EAD) &nbsp; PPC Normativas para realiza\u00e7\u00e3o de est\u00e1gios Normativas para segunda chamada Normativas para TCC Forma\u00e7\u00e3o complementar (estudos integradores) CLHD Matriz curricular PPI<\/p>\n","protected":false},"author":126,"featured_media":0,"parent":0,"menu_order":0,"comment_status":"closed","ping_status":"closed","template":"","meta":{"footnotes":""},"class_list":["post-1566","page","type-page","status-publish","hentry"],"_links":{"self":[{"href":"https:\/\/wp.ufpel.edu.br\/clhd\/wp-json\/wp\/v2\/pages\/1566","targetHints":{"allow":["GET"]}}],"collection":[{"href":"https:\/\/wp.ufpel.edu.br\/clhd\/wp-json\/wp\/v2\/pages"}],"about":[{"href":"https:\/\/wp.ufpel.edu.br\/clhd\/wp-json\/wp\/v2\/types\/page"}],"author":[{"embeddable":true,"href":"https:\/\/wp.ufpel.edu.br\/clhd\/wp-json\/wp\/v2\/users\/126"}],"replies":[{"embeddable":true,"href":"https:\/\/wp.ufpel.edu.br\/clhd\/wp-json\/wp\/v2\/comments?post=1566"}],"version-history":[{"count":17,"href":"https:\/\/wp.ufpel.edu.br\/clhd\/wp-json\/wp\/v2\/pages\/1566\/revisions"}],"predecessor-version":[{"id":2456,"href":"https:\/\/wp.ufpel.edu.br\/clhd\/wp-json\/wp\/v2\/pages\/1566\/revisions\/2456"}],"wp:attachment":[{"href":"https:\/\/wp.ufpel.edu.br\/clhd\/wp-json\/wp\/v2\/media?parent=1566"}],"curies":[{"name":"wp","href":"https:\/\/api.w.org\/{rel}","templated":true}]}}