{"id":9486,"date":"2019-05-31T17:19:47","date_gmt":"2019-05-31T20:19:47","guid":{"rendered":"https:\/\/wp.ufpel.edu.br\/clc\/?page_id=9486"},"modified":"2024-08-14T15:45:59","modified_gmt":"2024-08-14T18:45:59","slug":"videos-do-clc","status":"publish","type":"page","link":"https:\/\/wp.ufpel.edu.br\/clc\/sobre\/videos-do-clc\/","title":{"rendered":"V\u00eddeos do CLC"},"content":{"rendered":"<p><a href=\"https:\/\/www.youtube.com\/channel\/UCuddFLwdH9X8P-FbLWDQ-Dg\/featured\" rel=\"attachment wp-att-9488\"><img loading=\"lazy\" decoding=\"async\" class=\"alignleft wp-image-9488 size-full\" src=\"https:\/\/wp.ufpel.edu.br\/clc\/files\/2019\/05\/youtube-CLC.png\" alt=\"\" width=\"266\" height=\"120\" srcset=\"https:\/\/wp.ufpel.edu.br\/clc\/files\/2019\/05\/youtube-CLC.png 266w, https:\/\/wp.ufpel.edu.br\/clc\/files\/2019\/05\/youtube-CLC-212x96.png 212w\" sizes=\"auto, (max-width: 266px) 100vw, 266px\" \/><\/a><\/p>\n<p><strong>\u00a0Siga nosso canal no <a href=\"https:\/\/www.youtube.com\/channel\/UCuddFLwdH9X8P-FbLWDQ-Dg\/featured\" target=\"_blank\" rel=\"noopener noreferrer\">Youtube<\/a> e confira mais v\u00eddeos (formaturas, acolhidas etc.).<\/strong><\/p>\n<p>&nbsp;<\/p>\n<p>&nbsp;<\/p>\n<p><iframe loading=\"lazy\" title=\"40 anos do Centro de Letras e Comunica\u00e7\u00e3o UFPel\" width=\"640\" height=\"360\" src=\"https:\/\/www.youtube.com\/embed\/NZjVQ-YlY4g?feature=oembed\" frameborder=\"0\" allow=\"accelerometer; autoplay; clipboard-write; encrypted-media; gyroscope; picture-in-picture; web-share\" referrerpolicy=\"strict-origin-when-cross-origin\" allowfullscreen><\/iframe><\/p>\n<p style=\"text-align: justify;\">V\u00eddeo em comemora\u00e7\u00e3o aos 40 anos dos cursos de Letras e 14 anos do curso de Jornalismo da Universidade Federal de Pelotas.<\/p>\n<p><iframe loading=\"lazy\" title=\"Homenagem da Comunidade CLC aos estudantes.\" width=\"640\" height=\"360\" src=\"https:\/\/www.youtube.com\/embed\/pHN0nX_1QkU?feature=oembed\" frameborder=\"0\" allow=\"accelerometer; autoplay; clipboard-write; encrypted-media; gyroscope; picture-in-picture; web-share\" referrerpolicy=\"strict-origin-when-cross-origin\" allowfullscreen><\/iframe><\/p>\n<p>Homenagem do CLC aos estudantes no per\u00edodo da pandemia de Covid-19, quando os encontros presenciais foram suspensos.<\/p>\n<p><iframe loading=\"lazy\" title=\"CLC - Fim de Ano 2019\" width=\"640\" height=\"360\" src=\"https:\/\/www.youtube.com\/embed\/Z9d-Jt28WGo?feature=oembed\" frameborder=\"0\" allow=\"accelerometer; autoplay; clipboard-write; encrypted-media; gyroscope; picture-in-picture; web-share\" referrerpolicy=\"strict-origin-when-cross-origin\" allowfullscreen><\/iframe><\/p>\n<p>Homenagem de fim de ano (2019)<\/p>\n<p><iframe loading=\"lazy\" title=\"CLC - Infogr\u00e1fico\" width=\"640\" height=\"360\" src=\"https:\/\/www.youtube.com\/embed\/r9oey0YgA9Q?start=106&#038;feature=oembed\" frameborder=\"0\" allow=\"accelerometer; autoplay; clipboard-write; encrypted-media; gyroscope; picture-in-picture; web-share\" referrerpolicy=\"strict-origin-when-cross-origin\" allowfullscreen><\/iframe><\/p>\n<p>O objetivo do v\u00eddeo \u00e9 divulgar o Centro de Letras e Comunica\u00e7\u00e3o, os seus diversos setores e sua intera\u00e7\u00e3o com a comunidade.<\/p>\n<p><iframe loading=\"lazy\" title=\"V\u00eddeo Institucional CLC | UFPEL\" width=\"640\" height=\"360\" src=\"https:\/\/www.youtube.com\/embed\/d4r25VYhZiM?feature=oembed\" frameborder=\"0\" allow=\"accelerometer; autoplay; clipboard-write; encrypted-media; gyroscope; picture-in-picture; web-share\" referrerpolicy=\"strict-origin-when-cross-origin\" allowfullscreen><\/iframe><\/p>\n<h1 class=\"title style-scope ytd-video-primary-info-renderer\"><span style=\"font-size: 12pt;\">V\u00eddeo Institucional CLC | UFPEL<\/span><\/h1>\n","protected":false},"excerpt":{"rendered":"<p>\u00a0Siga nosso canal no Youtube e confira mais v\u00eddeos (formaturas, acolhidas etc.). &nbsp; &nbsp; V\u00eddeo em comemora\u00e7\u00e3o aos 40 anos dos cursos de Letras e 14 anos do curso de Jornalismo da Universidade Federal de Pelotas. Homenagem do CLC aos &hellip; <a href=\"https:\/\/wp.ufpel.edu.br\/clc\/sobre\/videos-do-clc\/\">Continue lendo <span class=\"meta-nav\">&rarr;<\/span><\/a><\/p>\n","protected":false},"author":50,"featured_media":0,"parent":2,"menu_order":0,"comment_status":"closed","ping_status":"closed","template":"","meta":{"footnotes":""},"class_list":["post-9486","page","type-page","status-publish","hentry"],"_links":{"self":[{"href":"https:\/\/wp.ufpel.edu.br\/clc\/wp-json\/wp\/v2\/pages\/9486","targetHints":{"allow":["GET"]}}],"collection":[{"href":"https:\/\/wp.ufpel.edu.br\/clc\/wp-json\/wp\/v2\/pages"}],"about":[{"href":"https:\/\/wp.ufpel.edu.br\/clc\/wp-json\/wp\/v2\/types\/page"}],"author":[{"embeddable":true,"href":"https:\/\/wp.ufpel.edu.br\/clc\/wp-json\/wp\/v2\/users\/50"}],"replies":[{"embeddable":true,"href":"https:\/\/wp.ufpel.edu.br\/clc\/wp-json\/wp\/v2\/comments?post=9486"}],"version-history":[{"count":6,"href":"https:\/\/wp.ufpel.edu.br\/clc\/wp-json\/wp\/v2\/pages\/9486\/revisions"}],"predecessor-version":[{"id":16999,"href":"https:\/\/wp.ufpel.edu.br\/clc\/wp-json\/wp\/v2\/pages\/9486\/revisions\/16999"}],"up":[{"embeddable":true,"href":"https:\/\/wp.ufpel.edu.br\/clc\/wp-json\/wp\/v2\/pages\/2"}],"wp:attachment":[{"href":"https:\/\/wp.ufpel.edu.br\/clc\/wp-json\/wp\/v2\/media?parent=9486"}],"curies":[{"name":"wp","href":"https:\/\/api.w.org\/{rel}","templated":true}]}}