{"id":71,"date":"2011-11-11T09:52:01","date_gmt":"2011-11-11T12:52:01","guid":{"rendered":"https:\/\/wp.ufpel.edu.br\/letras\/"},"modified":"2022-10-19T17:40:21","modified_gmt":"2022-10-19T20:40:21","slug":"contato","status":"publish","type":"page","link":"https:\/\/wp.ufpel.edu.br\/clc\/contato\/","title":{"rendered":"Contatos"},"content":{"rendered":"<p style=\"text-align: justify\"><b><span style=\"text-decoration: underline\">Portal do CLC<\/span><\/b><b>: <\/b><a href=\"mailto:ascomclc@gmail.com\" target=\"_blank\" rel=\"noopener noreferrer\">ascomclc@gmail.com<br \/>\n<\/a>Respons\u00e1vel: Daniela Agendes (Assistente em Administra\u00e7\u00e3o e jornalista)<\/p>\n<p style=\"text-align: justify\"><b><span style=\"text-decoration: underline\">Setores administrativos<\/span><\/b><b>:<\/b><\/p>\n<p style=\"text-align: justify\"><strong>Dire\u00e7\u00e3o<\/strong>: (53) 3284-3813 \/ sala 109<br \/>\nE-mail: <a href=\"mailto:direcao.clc@gmail.com\">direcao.clc@gmail.com<\/a><\/p>\n<p style=\"text-align: justify\"><strong>Secretaria da Dire\u00e7\u00e3o<\/strong>: (53) 3284-3810 \/ sala 109<br \/>\nE-mail:<br \/>\n<a href=\"mailto:seccentrodeletrasecomunicacao@gmail.com\">seccentrodeletrasecomunicacao@gmail.com<\/a><\/p>\n<p style=\"text-align: justify\"><strong>C\u00e2mara de Ensino<\/strong>: (53)\u00a03284-3814<br \/>\nSecretaria e chefia: sala 102<br \/>\nE-mail:\u00a0<a href=\"mailto:ensino.clc@gmail.com\">ensino.clc@gmail.com<\/a><\/p>\n<p style=\"text-align: justify\"><strong>C\u00e2mara de Extens\u00e3o<\/strong>: (53) \u00a03284-3811 \/\u00a0sala 102<br \/>\nE-mail\u00a0<a href=\"mailto:caextufpel@gmail.com\">caextufpel@gmail.com<\/a><\/p>\n<p style=\"text-align: justify\"><strong>C\u00e2mara de Pesquisa<\/strong>: (53) 3284-3814 \/ sala 102<\/p>\n<p style=\"text-align: justify\"><strong>Programa de P\u00f3s-Gradua\u00e7\u00e3o em Letras<\/strong>: (53) 3284-3812 \/ sala 101 &#8211; fundos.<br \/>\nE-mail:\u00a0<a href=\"mailto:ppgl.ufpel@gmail.com\">ppgl.ufpel@gmail.com<\/a><\/p>\n<p style=\"text-align: justify\"><strong>Colegiados<\/strong>: (53) 3284-3815 \/ sala 107<br \/>\nE-mails: Licenciaturas &#8211; <a href=\"mailto:letras_colegiado@ufpel.edu.br\">letras_colegiado@ufpel.edu.br<\/a><br \/>\nBacharelados &#8211; <a href=\"mailto:bacharelados.clc@ufpel.edu.br\">bacharelados.clc@ufpel.edu.br<\/a><\/p>\n<p style=\"text-align: justify\"><strong><span style=\"text-decoration: underline\">Endere\u00e7o do Centro de Letras e Comunica\u00e7\u00e3o<\/span><\/strong><span style=\"text-decoration: underline\">:<br \/>\n<\/span>Rua Gomes Carneiro, n\u00ba 1 &#8211; CEP 96010-610 &#8211; Pelotas\/RS &#8211; Brasil<br \/>\nBloco B, andar t\u00e9rreo<\/p>\n","protected":false},"excerpt":{"rendered":"<p>Portal do CLC: ascomclc@gmail.com Respons\u00e1vel: Daniela Agendes (Assistente em Administra\u00e7\u00e3o e jornalista) Setores administrativos: Dire\u00e7\u00e3o: (53) 3284-3813 \/ sala 109 E-mail: direcao.clc@gmail.com Secretaria da Dire\u00e7\u00e3o: (53) 3284-3810 \/ sala 109 E-mail: seccentrodeletrasecomunicacao@gmail.com C\u00e2mara de Ensino: (53)\u00a03284-3814 Secretaria e chefia: sala &hellip; <a href=\"https:\/\/wp.ufpel.edu.br\/clc\/contato\/\">Continue lendo <span class=\"meta-nav\">&rarr;<\/span><\/a><\/p>\n","protected":false},"author":143,"featured_media":0,"parent":0,"menu_order":0,"comment_status":"closed","ping_status":"closed","template":"","meta":{"footnotes":""},"class_list":["post-71","page","type-page","status-publish","hentry"],"_links":{"self":[{"href":"https:\/\/wp.ufpel.edu.br\/clc\/wp-json\/wp\/v2\/pages\/71","targetHints":{"allow":["GET"]}}],"collection":[{"href":"https:\/\/wp.ufpel.edu.br\/clc\/wp-json\/wp\/v2\/pages"}],"about":[{"href":"https:\/\/wp.ufpel.edu.br\/clc\/wp-json\/wp\/v2\/types\/page"}],"author":[{"embeddable":true,"href":"https:\/\/wp.ufpel.edu.br\/clc\/wp-json\/wp\/v2\/users\/143"}],"replies":[{"embeddable":true,"href":"https:\/\/wp.ufpel.edu.br\/clc\/wp-json\/wp\/v2\/comments?post=71"}],"version-history":[{"count":36,"href":"https:\/\/wp.ufpel.edu.br\/clc\/wp-json\/wp\/v2\/pages\/71\/revisions"}],"predecessor-version":[{"id":13927,"href":"https:\/\/wp.ufpel.edu.br\/clc\/wp-json\/wp\/v2\/pages\/71\/revisions\/13927"}],"wp:attachment":[{"href":"https:\/\/wp.ufpel.edu.br\/clc\/wp-json\/wp\/v2\/media?parent=71"}],"curies":[{"name":"wp","href":"https:\/\/api.w.org\/{rel}","templated":true}]}}